{"id":1639,"date":"2019-10-10T12:41:50","date_gmt":"2019-10-10T10:41:50","guid":{"rendered":"https:\/\/pvgroup.pl\/?page_id=1639"},"modified":"2022-01-25T09:28:15","modified_gmt":"2022-01-25T08:28:15","slug":"polityka-prywatnosci-2","status":"publish","type":"page","link":"https:\/\/pvgroup.pl\/index.php\/polityka-prywatnosci-2\/","title":{"rendered":"Polityka prywatno\u015bci"},"content":{"rendered":"\n<p><strong>OCHRONA PRYWATNO\u015aCI I DANYCH OSOBOWYCH RODO<\/strong><\/p>\n\n\n\n<p>Nasz\u0105 trosk\u0105 jest ochrona Twej prywatno\u015bci. Dlatego te\u017c dok\u0142adamy wszelkich stara\u0144, aby dane przez nas gromadzone by\u0142y bezpieczne. Zbieramy tylko niezb\u0119dne dane konieczne do finalizacji transakcji. Dane te wpisujesz osobi\u015bcie i TYLKO Ty masz prawo je modyfikowa\u0107 lub usuwa\u0107. Twoje dane osobowe przechowujemy w bazie zabezpieczonej has\u0142em dost\u0119powym. Dane te r\u00f3wnie\u017c s\u0105 zabezpieczane kopiami bezpiecze\u0144stwa.<\/p>\n\n\n\n<p>Stosujemy procedury zgodne z ustaw\u0105 o ochronie danych osobowych i nasze zbiory s\u0105 zarejestrowane w GIODO. Dane naszych klient\u00f3w wykorzystywane s\u0105 tylko do przeprowadzania transakcji handlowych i nie s\u0142u\u017c\u0105 do \u017cadnych akcji marketingowych, ani nie s\u0105 przekazywane jakimkolwiek podmiotom trzecim.<\/p>\n\n\n\n<p>Swoje dane podajesz dobrowolnie i wpisujesz samodzielnie. Wszelkie ich modyfikacje i usuwanie r\u00f3wnie\u017c wykonujesz samodzielnie. Nasi pracownicy w \u017caden spos\u00f3b nie ingeruj\u0105 w Twe dane. Je\u015bli chcesz otrzyma\u0107 towar na inny adres ni\u017c podany w danych teleadresowych prosimy aby\u015b sam je sam uaktualni\u0142 ! Nie wysy\u0142amy towaru na inny ni\u017c podany w naszej bazie adres.<\/p>\n\n\n\n<p>Zgodnie z art. 13 og\u00f3lnego rozporz\u0105dzenia o ochronie danych osobowych z dnia 27 kwietnia 2016r. informujemy, \u017ce:<\/p>\n\n\n\n<p>1. Administratorem Pani\/Pana danych osobowych jest firma: <\/p>\n\n\n\n<p>PVGroup.pl sp\u00f3\u0142ka z ograniczon\u0105 odpowiedzialno\u015bci\u0105<\/p>\n\n\n\n<p>ul. Azotowa 21<\/p>\n\n\n\n<p>41-503 Chorz\u00f3w<\/p>\n\n\n\n<p>KRS : 0000867516 NIP: 6272769605&nbsp; REGON: 387423284<\/p>\n\n\n\n<p><\/p>\n\n\n\n<p>2. Kontakt z Inspektorem Danych Osobowych: info@pvgroup.pl <\/p>\n\n\n\n<p>Inspektorem Ochrony Danych jest: PVGroup.pl sp\u00f3\u0142ka z ograniczon\u0105 odpowiedzialno\u015bci\u0105 <\/p>\n\n\n\n<p>3. Dane osobowe przetwarzane b\u0119d\u0105 w celu realizacji zam\u00f3wienia &#8211; na podstawie Art. 6 ust. 1 lit. b og\u00f3lnego rozporz\u0105dzenia o ochronie danych osobowych z dnia 27 kwietnia 2016r.<\/p>\n\n\n\n<p>4. Odbiorcami danych osobowych b\u0119d\u0105 podmioty uczestnicz\u0105ce w realizacji zam\u00f3wienia tj. firma przewozowa, firma hostuj\u0105ca sklep internetowy, firma Sewer &#8211; po\u015brednicz\u0105ca w elektronicznej obs\u0142udze zam\u00f3wie\u0144, firma fakturownia.pl wystawiaj\u0105ca faktury, biuro rachunkowe obs\u0142uguj\u0105ce firm\u0119 PVGroup.pl sp\u00f3\u0142ka z ograniczon\u0105 odpowiedzialno\u015bci\u0105. Zam\u00f3wienia realizowane s\u0105 fizycznie tylko przez upowa\u017cnionych pracownik\u00f3w firmy PVGrpup.pl sp\u00f3\u0142ka z ograniczon\u0105 odpowiedzialno\u015bci\u0105 . Odbiorcy danych osobowych przetwarzaj\u0105 je tylko w celu realizacji zam\u00f3wienia i nie udost\u0119pniaj\u0105 podmiotom trzecim w innych celach.<\/p>\n\n\n\n<p>5 Dane osobowe b\u0119d\u0105 przechowywane a\u017c do chwili kiedy osoba za\u017c\u0105da ich usuni\u0119cia.<\/p>\n\n\n\n<p>6. Posiada Pan\/Pani prawdo \u017c\u0105dania dost\u0119pu do danych osobowych, prawo ich sprostowania lub ich usuni\u0119cia, a tak\u017ce do przenoszenia.<\/p>\n\n\n\n<p>7. Ma Pani\/Pan prawo do wniesienia skargi do prezesa Urz\u0119du Ochrony Danych Osobowych ul. Stawki 2, 00-193 Warszawa<\/p>\n\n\n\n<p>8. Podanie danych osobowych jest dobrowolne i niezb\u0119dne do realizacji zam\u00f3wienia. W przypadku odmowy ich podania zam\u00f3wienie mo\u017ce nie zosta\u0107 zrealizowane.<\/p>\n\n\n\n<p>9. Dane osobowe s\u0105 zabezpieczone poprzez szyfrowanie transmisji danych, dost\u0119p do baz danych na podstawie has\u0142a, dost\u0119p do system\u00f3w sklepu na podstawie has\u0142a.<br><\/p>\n","protected":false},"excerpt":{"rendered":"<p>OCHRONA PRYWATNO\u015aCI I DANYCH OSOBOWYCH RODO Nasz\u0105 trosk\u0105 jest ochrona Twej prywatno\u015bci. Dlatego te\u017c dok\u0142adamy wszelkich stara\u0144, aby dane przez nas gromadzone by\u0142y bezpieczne. Zbieramy tylko niezb\u0119dne dane konieczne do finalizacji transakcji. Dane te wpisujesz osobi\u015bcie i TYLKO Ty masz prawo je modyfikowa\u0107 lub usuwa\u0107. Twoje dane osobowe przechowujemy w bazie zabezpieczonej has\u0142em dost\u0119powym. Dane [&hellip;]<\/p>\n","protected":false},"author":2,"featured_media":0,"parent":0,"menu_order":0,"comment_status":"closed","ping_status":"closed","template":"","meta":{"site-sidebar-layout":"default","site-content-layout":"default","ast-site-content-layout":"default","site-content-style":"default","site-sidebar-style":"default","ast-global-header-display":"","ast-banner-title-visibility":"","ast-main-header-display":"","ast-hfb-above-header-display":"","ast-hfb-below-header-display":"","ast-hfb-mobile-header-display":"","site-post-title":"","ast-breadcrumbs-content":"","ast-featured-img":"","footer-sml-layout":"disabled","ast-disable-related-posts":"","theme-transparent-header-meta":"default","adv-header-id-meta":"","stick-header-meta":"","header-above-stick-meta":"","header-main-stick-meta":"","header-below-stick-meta":"","astra-migrate-meta-layouts":"default","ast-page-background-enabled":"default","ast-page-background-meta":{"desktop":{"background-color":"","background-image":"","background-repeat":"repeat","background-position":"center center","background-size":"auto","background-attachment":"scroll","background-type":"","background-media":"","overlay-type":"","overlay-color":"","overlay-opacity":"","overlay-gradient":""},"tablet":{"background-color":"","background-image":"","background-repeat":"repeat","background-position":"center center","background-size":"auto","background-attachment":"scroll","background-type":"","background-media":"","overlay-type":"","overlay-color":"","overlay-opacity":"","overlay-gradient":""},"mobile":{"background-color":"","background-image":"","background-repeat":"repeat","background-position":"center center","background-size":"auto","background-attachment":"scroll","background-type":"","background-media":"","overlay-type":"","overlay-color":"","overlay-opacity":"","overlay-gradient":""}},"ast-content-background-meta":{"desktop":{"background-color":"var(--ast-global-color-5)","background-image":"","background-repeat":"repeat","background-position":"center center","background-size":"auto","background-attachment":"scroll","background-type":"","background-media":"","overlay-type":"","overlay-color":"","overlay-opacity":"","overlay-gradient":""},"tablet":{"background-color":"var(--ast-global-color-5)","background-image":"","background-repeat":"repeat","background-position":"center center","background-size":"auto","background-attachment":"scroll","background-type":"","background-media":"","overlay-type":"","overlay-color":"","overlay-opacity":"","overlay-gradient":""},"mobile":{"background-color":"var(--ast-global-color-5)","background-image":"","background-repeat":"repeat","background-position":"center center","background-size":"auto","background-attachment":"scroll","background-type":"","background-media":"","overlay-type":"","overlay-color":"","overlay-opacity":"","overlay-gradient":""}},"footnotes":""},"class_list":["post-1639","page","type-page","status-publish","hentry"],"yoast_head":"<!-- This site is optimized with the Yoast SEO plugin v23.1 - https:\/\/yoast.com\/wordpress\/plugins\/seo\/ -->\n<title>Gotowe zestawy fotowoltaikiPolityka prywatno\u015bci - PVGroup.pl - Wszystko do fotowoltaiki<\/title>\n<meta name=\"description\" content=\"Zestawy fotowoltaiczne do samodzielnego monta\u017cu, zestaw mikroelektrowni s\u0142onecznej w cenie: 3kW \u2013 9 770 z\u0142, 5kW \u2013 16 493 z\u0142! Wejdz do sklepu i sprawd\u017a!\" \/>\n<meta name=\"robots\" content=\"index, follow, max-snippet:-1, max-image-preview:large, max-video-preview:-1\" \/>\n<link rel=\"canonical\" href=\"https:\/\/pvgroup.pl\/index.php\/polityka-prywatnosci-2\/\" \/>\n<meta property=\"og:locale\" content=\"pl_PL\" \/>\n<meta property=\"og:type\" content=\"article\" \/>\n<meta property=\"og:title\" content=\"Gotowe zestawy fotowoltaikiPolityka prywatno\u015bci - PVGroup.pl - Wszystko do fotowoltaiki\" \/>\n<meta property=\"og:description\" content=\"Zestawy fotowoltaiczne do samodzielnego monta\u017cu, zestaw mikroelektrowni s\u0142onecznej w cenie: 3kW \u2013 9 770 z\u0142, 5kW \u2013 16 493 z\u0142! Wejdz do sklepu i sprawd\u017a!\" \/>\n<meta property=\"og:url\" content=\"https:\/\/pvgroup.pl\/index.php\/polityka-prywatnosci-2\/\" \/>\n<meta property=\"og:site_name\" content=\"PVGroup.pl - Wszystko do fotowoltaiki\" \/>\n<meta property=\"article:publisher\" content=\"https:\/\/www.facebook.com\/pvgrouppl\/\" \/>\n<meta property=\"article:modified_time\" content=\"2022-01-25T08:28:15+00:00\" \/>\n<meta name=\"twitter:card\" content=\"summary_large_image\" \/>\n<meta name=\"twitter:label1\" content=\"Szacowany czas czytania\" \/>\n\t<meta name=\"twitter:data1\" content=\"3 minuty\" \/>\n<script type=\"application\/ld+json\" class=\"yoast-schema-graph\">{\"@context\":\"https:\/\/schema.org\",\"@graph\":[{\"@type\":\"WebPage\",\"@id\":\"https:\/\/pvgroup.pl\/index.php\/polityka-prywatnosci-2\/\",\"url\":\"https:\/\/pvgroup.pl\/index.php\/polityka-prywatnosci-2\/\",\"name\":\"Gotowe zestawy fotowoltaikiPolityka prywatno\u015bci - PVGroup.pl - Wszystko do fotowoltaiki\",\"isPartOf\":{\"@id\":\"https:\/\/pvgroup.pl\/#website\"},\"datePublished\":\"2019-10-10T10:41:50+00:00\",\"dateModified\":\"2022-01-25T08:28:15+00:00\",\"description\":\"Zestawy fotowoltaiczne do samodzielnego monta\u017cu, zestaw mikroelektrowni s\u0142onecznej w cenie: 3kW \u2013 9 770 z\u0142, 5kW \u2013 16 493 z\u0142! Wejdz do sklepu i sprawd\u017a!\",\"breadcrumb\":{\"@id\":\"https:\/\/pvgroup.pl\/index.php\/polityka-prywatnosci-2\/#breadcrumb\"},\"inLanguage\":\"pl-PL\",\"potentialAction\":[{\"@type\":\"ReadAction\",\"target\":[\"https:\/\/pvgroup.pl\/index.php\/polityka-prywatnosci-2\/\"]}]},{\"@type\":\"BreadcrumbList\",\"@id\":\"https:\/\/pvgroup.pl\/index.php\/polityka-prywatnosci-2\/#breadcrumb\",\"itemListElement\":[{\"@type\":\"ListItem\",\"position\":1,\"name\":\"Strona g\u0142\u00f3wna\",\"item\":\"https:\/\/pvgroup.pl\/\"},{\"@type\":\"ListItem\",\"position\":2,\"name\":\"Polityka prywatno\u015bci\"}]},{\"@type\":\"WebSite\",\"@id\":\"https:\/\/pvgroup.pl\/#website\",\"url\":\"https:\/\/pvgroup.pl\/\",\"name\":\"PVGroup.pl - Wszystko do fotowoltaiki\",\"description\":\"Zestawy fotowoltaiczne , Panele s\u0142oneczne,  Fotowoltaika. Zestawy fotowoltaiki,  sklep stacjonarny i OnLine\",\"publisher\":{\"@id\":\"https:\/\/pvgroup.pl\/#organization\"},\"potentialAction\":[{\"@type\":\"SearchAction\",\"target\":{\"@type\":\"EntryPoint\",\"urlTemplate\":\"https:\/\/pvgroup.pl\/?s={search_term_string}\"},\"query-input\":\"required name=search_term_string\"}],\"inLanguage\":\"pl-PL\"},{\"@type\":\"Organization\",\"@id\":\"https:\/\/pvgroup.pl\/#organization\",\"name\":\"PVGroup.pl\",\"url\":\"https:\/\/pvgroup.pl\/\",\"logo\":{\"@type\":\"ImageObject\",\"inLanguage\":\"pl-PL\",\"@id\":\"https:\/\/pvgroup.pl\/#\/schema\/logo\/image\/\",\"url\":\"https:\/\/pvgroup.pl\/wp-content\/uploads\/2019\/10\/PVGroup-logotyp_RGB-kolor-01.png\",\"contentUrl\":\"https:\/\/pvgroup.pl\/wp-content\/uploads\/2019\/10\/PVGroup-logotyp_RGB-kolor-01.png\",\"width\":2415,\"height\":1002,\"caption\":\"PVGroup.pl\"},\"image\":{\"@id\":\"https:\/\/pvgroup.pl\/#\/schema\/logo\/image\/\"},\"sameAs\":[\"https:\/\/www.facebook.com\/pvgrouppl\/\"]}]}<\/script>\n<!-- \/ Yoast SEO plugin. -->","yoast_head_json":{"title":"Gotowe zestawy fotowoltaikiPolityka prywatno\u015bci - PVGroup.pl - Wszystko do fotowoltaiki","description":"Zestawy fotowoltaiczne do samodzielnego monta\u017cu, zestaw mikroelektrowni s\u0142onecznej w cenie: 3kW \u2013 9 770 z\u0142, 5kW \u2013 16 493 z\u0142! Wejdz do sklepu i sprawd\u017a!","robots":{"index":"index","follow":"follow","max-snippet":"max-snippet:-1","max-image-preview":"max-image-preview:large","max-video-preview":"max-video-preview:-1"},"canonical":"https:\/\/pvgroup.pl\/index.php\/polityka-prywatnosci-2\/","og_locale":"pl_PL","og_type":"article","og_title":"Gotowe zestawy fotowoltaikiPolityka prywatno\u015bci - PVGroup.pl - Wszystko do fotowoltaiki","og_description":"Zestawy fotowoltaiczne do samodzielnego monta\u017cu, zestaw mikroelektrowni s\u0142onecznej w cenie: 3kW \u2013 9 770 z\u0142, 5kW \u2013 16 493 z\u0142! Wejdz do sklepu i sprawd\u017a!","og_url":"https:\/\/pvgroup.pl\/index.php\/polityka-prywatnosci-2\/","og_site_name":"PVGroup.pl - Wszystko do fotowoltaiki","article_publisher":"https:\/\/www.facebook.com\/pvgrouppl\/","article_modified_time":"2022-01-25T08:28:15+00:00","twitter_card":"summary_large_image","twitter_misc":{"Szacowany czas czytania":"3 minuty"},"schema":{"@context":"https:\/\/schema.org","@graph":[{"@type":"WebPage","@id":"https:\/\/pvgroup.pl\/index.php\/polityka-prywatnosci-2\/","url":"https:\/\/pvgroup.pl\/index.php\/polityka-prywatnosci-2\/","name":"Gotowe zestawy fotowoltaikiPolityka prywatno\u015bci - PVGroup.pl - Wszystko do fotowoltaiki","isPartOf":{"@id":"https:\/\/pvgroup.pl\/#website"},"datePublished":"2019-10-10T10:41:50+00:00","dateModified":"2022-01-25T08:28:15+00:00","description":"Zestawy fotowoltaiczne do samodzielnego monta\u017cu, zestaw mikroelektrowni s\u0142onecznej w cenie: 3kW \u2013 9 770 z\u0142, 5kW \u2013 16 493 z\u0142! Wejdz do sklepu i sprawd\u017a!","breadcrumb":{"@id":"https:\/\/pvgroup.pl\/index.php\/polityka-prywatnosci-2\/#breadcrumb"},"inLanguage":"pl-PL","potentialAction":[{"@type":"ReadAction","target":["https:\/\/pvgroup.pl\/index.php\/polityka-prywatnosci-2\/"]}]},{"@type":"BreadcrumbList","@id":"https:\/\/pvgroup.pl\/index.php\/polityka-prywatnosci-2\/#breadcrumb","itemListElement":[{"@type":"ListItem","position":1,"name":"Strona g\u0142\u00f3wna","item":"https:\/\/pvgroup.pl\/"},{"@type":"ListItem","position":2,"name":"Polityka prywatno\u015bci"}]},{"@type":"WebSite","@id":"https:\/\/pvgroup.pl\/#website","url":"https:\/\/pvgroup.pl\/","name":"PVGroup.pl - Wszystko do fotowoltaiki","description":"Zestawy fotowoltaiczne , Panele s\u0142oneczne,  Fotowoltaika. Zestawy fotowoltaiki,  sklep stacjonarny i OnLine","publisher":{"@id":"https:\/\/pvgroup.pl\/#organization"},"potentialAction":[{"@type":"SearchAction","target":{"@type":"EntryPoint","urlTemplate":"https:\/\/pvgroup.pl\/?s={search_term_string}"},"query-input":"required name=search_term_string"}],"inLanguage":"pl-PL"},{"@type":"Organization","@id":"https:\/\/pvgroup.pl\/#organization","name":"PVGroup.pl","url":"https:\/\/pvgroup.pl\/","logo":{"@type":"ImageObject","inLanguage":"pl-PL","@id":"https:\/\/pvgroup.pl\/#\/schema\/logo\/image\/","url":"https:\/\/pvgroup.pl\/wp-content\/uploads\/2019\/10\/PVGroup-logotyp_RGB-kolor-01.png","contentUrl":"https:\/\/pvgroup.pl\/wp-content\/uploads\/2019\/10\/PVGroup-logotyp_RGB-kolor-01.png","width":2415,"height":1002,"caption":"PVGroup.pl"},"image":{"@id":"https:\/\/pvgroup.pl\/#\/schema\/logo\/image\/"},"sameAs":["https:\/\/www.facebook.com\/pvgrouppl\/"]}]}},"_links":{"self":[{"href":"https:\/\/pvgroup.pl\/index.php\/wp-json\/wp\/v2\/pages\/1639","targetHints":{"allow":["GET"]}}],"collection":[{"href":"https:\/\/pvgroup.pl\/index.php\/wp-json\/wp\/v2\/pages"}],"about":[{"href":"https:\/\/pvgroup.pl\/index.php\/wp-json\/wp\/v2\/types\/page"}],"author":[{"embeddable":true,"href":"https:\/\/pvgroup.pl\/index.php\/wp-json\/wp\/v2\/users\/2"}],"replies":[{"embeddable":true,"href":"https:\/\/pvgroup.pl\/index.php\/wp-json\/wp\/v2\/comments?post=1639"}],"version-history":[{"count":6,"href":"https:\/\/pvgroup.pl\/index.php\/wp-json\/wp\/v2\/pages\/1639\/revisions"}],"predecessor-version":[{"id":17227,"href":"https:\/\/pvgroup.pl\/index.php\/wp-json\/wp\/v2\/pages\/1639\/revisions\/17227"}],"wp:attachment":[{"href":"https:\/\/pvgroup.pl\/index.php\/wp-json\/wp\/v2\/media?parent=1639"}],"curies":[{"name":"wp","href":"https:\/\/api.w.org\/{rel}","templated":true}]}}