{"id":19333,"date":"2022-10-22T16:35:13","date_gmt":"2022-10-22T14:35:13","guid":{"rendered":"https:\/\/pvgroup.pl\/?page_id=19333"},"modified":"2023-01-21T16:34:30","modified_gmt":"2023-01-21T15:34:30","slug":"panele-fotowoltaiczne-solar-panels","status":"publish","type":"page","link":"https:\/\/pvgroup.pl\/index.php\/panele-fotowoltaiczne-solar-panels\/","title":{"rendered":""},"content":{"rendered":"\n<h3 class=\"wp-block-heading\" id=\"h-panele-fotowoltaiczne-dokumenty-do-pobrania-solar-panels-documents-to-download\"><strong>Panele fotowoltaiczne dokumenty do pobrania \/ Solar panels documents to download<\/strong><\/h3>\n\n\n\n<p class=\"has-text-align-center has-medium-font-size\"><strong><span style=\"color:#0a8aa0\" class=\"has-inline-color\">Wybierz mark\u0119 \/ Select the brand<\/span><\/strong>:<\/p>\n\n\n\n<div class=\"wp-block-media-text alignwide is-stacked-on-mobile is-vertically-aligned-center\" style=\"grid-template-columns:41% auto\"><figure class=\"wp-block-media-text__media\"><a href=\"https:\/\/pvgroup.pl\/index.php\/panele-fotowoltaiczne-longi-solar-panels-longi\/\" target=\"_blank\" rel=\"noopener\"><img decoding=\"async\" src=\"https:\/\/nanosun.cz\/images\/producers\/longi-logo.svg\" alt=\"nanosun | Dystrybucja paneli s\u0142onecznych LONGI\" \/><\/a><\/figure><div class=\"wp-block-media-text__content\">\n<p><strong>Za\u0142o\u017cona w 2000 roku firma LONGi Green Energy Technology Co., Ltd. (LONGi) stara si\u0119 by\u0107 najcenniejsz\u0105 firm\u0105 zajmuj\u0105c\u0105 si\u0119 technologiami s\u0142onecznymi na \u015bwiecie.<\/strong><\/p>\n\n\n\n<p style=\"font-size:15px\"><strong>Founded in 2000, LONGi Green Energy Technology Co., Ltd. (LONGi) is committed to being the most valuable solar technology company in the world. <\/strong><\/p>\n<\/div><\/div>\n\n\n\n<figure class=\"wp-block-image\"><img decoding=\"async\" src=\"https:\/\/pvgroup.pl\/wp-content\/uploads\/2022\/10\/prosta-linia-1024x79.png\" alt=\"Obrazek posiada pusty atrybut alt; plik o nazwie prosta-linia-1024x79.png\" \/><\/figure>\n\n\n\n<figure class=\"wp-block-image alignright size-large is-resized\"><a href=\"https:\/\/pvgroup.pl\/index.php\/panele-fotowoltaiczne-just-solar-panels-just\/\" target=\"_blank\" rel=\"noopener\"><img loading=\"lazy\" decoding=\"async\" src=\"https:\/\/pvgroup.pl\/wp-content\/uploads\/2022\/10\/tILsR4P8SmyphEC6atxIGw.png\" alt=\"\" class=\"wp-image-19337\" width=\"484\" height=\"136\" srcset=\"https:\/\/pvgroup.pl\/wp-content\/uploads\/2022\/10\/tILsR4P8SmyphEC6atxIGw.png 633w, https:\/\/pvgroup.pl\/wp-content\/uploads\/2022\/10\/tILsR4P8SmyphEC6atxIGw-300x84.png 300w, https:\/\/pvgroup.pl\/wp-content\/uploads\/2022\/10\/tILsR4P8SmyphEC6atxIGw-600x169.png 600w\" sizes=\"auto, (max-width: 484px) 100vw, 484px\" \/><\/a><\/figure>\n\n\n\n<div class=\"inherit-container-width wp-block-group is-layout-constrained wp-block-group-is-layout-constrained\"><div class=\"wp-block-group__inner-container\">\n<p><strong>Just Solar Co., Limited, za\u0142o\u017cona w 2010 roku, jako g\u0142\u00f3wne przedsi\u0119biorstwo JUST SOLAR GROUP, jest po\u015bwi\u0119cona sprawie zielonej energii, kt\u00f3ra integruje badania i rozw\u00f3j<\/strong><\/p>\n\n\n\n<p><strong>Just Solar Co., Limited founded in 2010, as the core enterprise of JUST SOLAR<\/strong> <strong>GROUP, is devoted to the cause of green energy that integrates R &amp; D<\/strong><\/p>\n<\/div><\/div>\n\n\n\n<div class=\"wp-block-columns is-layout-flex wp-container-core-columns-is-layout-28f84493 wp-block-columns-is-layout-flex\">\n<div class=\"wp-block-column is-layout-flow wp-block-column-is-layout-flow\" style=\"flex-basis:100%\"><\/div>\n<\/div>\n\n\n\n<figure class=\"wp-block-image\"><img decoding=\"async\" src=\"https:\/\/pvgroup.pl\/wp-content\/uploads\/2022\/10\/prosta-linia-1024x79.png\" alt=\"Obrazek posiada pusty atrybut alt; plik o nazwie prosta-linia-1024x79.png\" \/><\/figure>\n\n\n\n<p><\/p>\n\n\n\n<div class=\"wp-block-columns is-layout-flex wp-container-core-columns-is-layout-28f84493 wp-block-columns-is-layout-flex\">\n<div class=\"wp-block-column is-layout-flow wp-block-column-is-layout-flow\" style=\"flex-basis:50%\">\n<div class=\"wp-block-columns is-layout-flex wp-container-core-columns-is-layout-28f84493 wp-block-columns-is-layout-flex\">\n<div class=\"wp-block-column is-layout-flow wp-block-column-is-layout-flow\">\n<figure class=\"wp-block-image size-large is-resized\"><a href=\"https:\/\/pvgroup.pl\/index.php\/panele-fotowoltaiczne-jinko-solar-panels-jinko\/\" target=\"_blank\" rel=\"noopener\"><img loading=\"lazy\" decoding=\"async\" src=\"https:\/\/pvgroup.pl\/wp-content\/uploads\/2022\/10\/image.png\" alt=\"\" class=\"wp-image-19338\" width=\"519\" height=\"172\" srcset=\"https:\/\/pvgroup.pl\/wp-content\/uploads\/2022\/10\/image.png 389w, https:\/\/pvgroup.pl\/wp-content\/uploads\/2022\/10\/image-300x99.png 300w\" sizes=\"auto, (max-width: 519px) 100vw, 519px\" \/><\/a><\/figure>\n<\/div>\n<\/div>\n<\/div>\n\n\n\n<div class=\"wp-block-column is-layout-flow wp-block-column-is-layout-flow\"><\/div>\n\n\n\n<div class=\"wp-block-column is-layout-flow wp-block-column-is-layout-flow\" style=\"flex-basis:50%\">\n<p class=\"has-text-align-left\"><strong>Jinko Solar Co to jedna z najbardziej znanych i innowacyjnych firm zajmuj\u0105cych si\u0119 technologi\u0105 solarn\u0105 na \u015bwiecie. Jej dzia\u0142alno\u015b\u0107 obejmuje podstawowe ogniwa \u0142a\u0144cucha przemys\u0142u fotowoltaicznego.<\/strong><\/p>\n\n\n\n<p class=\"has-text-align-left\"><strong>Jinko Solar Co is one of the most famous and innovative solar technology companies in the world. Its business covers the core links of the photovoltaic industry chain.<\/strong><\/p>\n<\/div>\n<\/div>\n\n\n\n<figure class=\"wp-block-image is-resized\"><img loading=\"lazy\" decoding=\"async\" src=\"https:\/\/pvgroup.pl\/wp-content\/uploads\/2022\/10\/prosta-linia-1024x79.png\" alt=\"Obrazek posiada pusty atrybut alt; plik o nazwie prosta-linia-1024x79.png\" width=\"1024\" height=\"79\" \/><\/figure>\n\n\n\n<div class=\"inherit-container-width wp-block-group is-layout-constrained wp-block-group-is-layout-constrained\"><div class=\"wp-block-group__inner-container\">\n<p><\/p>\n<\/div><\/div>\n\n\n\n<div class=\"wp-block-columns is-layout-flex wp-container-core-columns-is-layout-28f84493 wp-block-columns-is-layout-flex\">\n<div class=\"wp-block-column is-layout-flow wp-block-column-is-layout-flow\" style=\"flex-basis:100%\">\n<figure class=\"wp-block-image alignright size-large is-resized\"><a href=\"https:\/\/pvgroup.pl\/index.php\/panele-fotowoltaiczne-risen-solar-panel-risen\/\" target=\"_blank\" rel=\"noopener\"><img loading=\"lazy\" decoding=\"async\" src=\"https:\/\/pvgroup.pl\/wp-content\/uploads\/2022\/11\/f28fc3f80a62fbd1d864c02f80481c95_o-1.png\" alt=\"\" class=\"wp-image-19974\" width=\"326\" height=\"311\" srcset=\"https:\/\/pvgroup.pl\/wp-content\/uploads\/2022\/11\/f28fc3f80a62fbd1d864c02f80481c95_o-1.png 419w, https:\/\/pvgroup.pl\/wp-content\/uploads\/2022\/11\/f28fc3f80a62fbd1d864c02f80481c95_o-1-300x286.png 300w\" sizes=\"auto, (max-width: 326px) 100vw, 326px\" \/><\/a><\/figure>\n\n\n\n<p><strong>Risen Energy to jedno z najstarszych przedsi\u0119biorstw dzia\u0142aj\u0105cych w bran\u017cy fotowoltaicznej. Zosta\u0142o za\u0142o\u017cone w 1986 roku w Chinach. Od 2010 roku jest sp\u00f3\u0142k\u0105 publiczn\u0105, notowan\u0105 na gie\u0142dzie. Zatrudnia ok. 8.000 pracownik\u00f3w i mo\u017ce pochwali\u0107 si\u0119 zdolno\u015bciami produkcyjnymi na poziomie 11.1 GW rocznie. To czyni j\u0105 r\u00f3wnie\u017c jedn\u0105 z najwi\u0119kszych firm produkcyjnych na \u015bwiecie<\/strong><\/p>\n\n\n\n<p><strong>Risen Energy is one of the oldest companies operating in the photovoltaic industry. It was founded in 1986 in China. It has been a publicly traded company since 2010. It has about 8,000 employees and boasts a production capacity of 11.1 GW per year. This also makes it one of the largest manufacturing companies in the world<\/strong><\/p>\n<\/div>\n<\/div>\n\n\n\n<figure class=\"wp-block-image\"><img decoding=\"async\" src=\"https:\/\/pvgroup.pl\/wp-content\/uploads\/2022\/10\/prosta-linia-1024x79.png\" alt=\"Obrazek posiada pusty atrybut alt; plik o nazwie prosta-linia-1024x79.png\" \/><\/figure>\n\n\n\n<p class=\"has-text-align-center\"><strong>Odwied\u017a nasz\u0105 stron\u0119\/ Visit our website<\/strong><\/p>\n\n\n\n<figure class=\"wp-block-image aligncenter size-large is-resized\"><a href=\"https:\/\/pvgroup.pl\/\"><img loading=\"lazy\" decoding=\"async\" src=\"https:\/\/pvgroup.pl\/wp-content\/uploads\/2022\/10\/image-1.png\" alt=\"Sam buduje elektrownie s\u0142oneczn\u0105 - poradnik instalatora\" class=\"wp-image-19478\" width=\"574\" height=\"190\" srcset=\"https:\/\/pvgroup.pl\/wp-content\/uploads\/2022\/10\/image-1.png 390w, https:\/\/pvgroup.pl\/wp-content\/uploads\/2022\/10\/image-1-300x99.png 300w\" sizes=\"auto, (max-width: 574px) 100vw, 574px\" \/><\/a><\/figure>\n","protected":false},"excerpt":{"rendered":"<p>Panele fotowoltaiczne dokumenty do pobrania \/ Solar panels documents to download Wybierz mark\u0119 \/ Select the brand: Za\u0142o\u017cona w 2000 roku firma LONGi Green Energy Technology Co., Ltd. (LONGi) stara si\u0119 by\u0107 najcenniejsz\u0105 firm\u0105 zajmuj\u0105c\u0105 si\u0119 technologiami s\u0142onecznymi na \u015bwiecie. Founded in 2000, LONGi Green Energy Technology Co., Ltd. (LONGi) is committed to being the [&hellip;]<\/p>\n","protected":false},"author":1806,"featured_media":0,"parent":0,"menu_order":0,"comment_status":"closed","ping_status":"closed","template":"","meta":{"site-sidebar-layout":"default","site-content-layout":"","ast-site-content-layout":"default","site-content-style":"default","site-sidebar-style":"default","ast-global-header-display":"","ast-banner-title-visibility":"","ast-main-header-display":"","ast-hfb-above-header-display":"","ast-hfb-below-header-display":"","ast-hfb-mobile-header-display":"","site-post-title":"","ast-breadcrumbs-content":"","ast-featured-img":"","footer-sml-layout":"","ast-disable-related-posts":"","theme-transparent-header-meta":"","adv-header-id-meta":"","stick-header-meta":"","header-above-stick-meta":"","header-main-stick-meta":"","header-below-stick-meta":"","astra-migrate-meta-layouts":"default","ast-page-background-enabled":"default","ast-page-background-meta":{"desktop":{"background-color":"","background-image":"","background-repeat":"repeat","background-position":"center center","background-size":"auto","background-attachment":"scroll","background-type":"","background-media":"","overlay-type":"","overlay-color":"","overlay-opacity":"","overlay-gradient":""},"tablet":{"background-color":"","background-image":"","background-repeat":"repeat","background-position":"center center","background-size":"auto","background-attachment":"scroll","background-type":"","background-media":"","overlay-type":"","overlay-color":"","overlay-opacity":"","overlay-gradient":""},"mobile":{"background-color":"","background-image":"","background-repeat":"repeat","background-position":"center center","background-size":"auto","background-attachment":"scroll","background-type":"","background-media":"","overlay-type":"","overlay-color":"","overlay-opacity":"","overlay-gradient":""}},"ast-content-background-meta":{"desktop":{"background-color":"var(--ast-global-color-5)","background-image":"","background-repeat":"repeat","background-position":"center center","background-size":"auto","background-attachment":"scroll","background-type":"","background-media":"","overlay-type":"","overlay-color":"","overlay-opacity":"","overlay-gradient":""},"tablet":{"background-color":"var(--ast-global-color-5)","background-image":"","background-repeat":"repeat","background-position":"center center","background-size":"auto","background-attachment":"scroll","background-type":"","background-media":"","overlay-type":"","overlay-color":"","overlay-opacity":"","overlay-gradient":""},"mobile":{"background-color":"var(--ast-global-color-5)","background-image":"","background-repeat":"repeat","background-position":"center center","background-size":"auto","background-attachment":"scroll","background-type":"","background-media":"","overlay-type":"","overlay-color":"","overlay-opacity":"","overlay-gradient":""}},"footnotes":""},"class_list":["post-19333","page","type-page","status-publish","hentry"],"yoast_head":"<!-- This site is optimized with the Yoast SEO plugin v23.1 - https:\/\/yoast.com\/wordpress\/plugins\/seo\/ -->\n<title>- PVGroup.pl<\/title>\n<meta name=\"description\" content=\"Wszystkie niezb\u0119dne dokumentacje\/certyfikaty paneli (LONGI, JINKO, JUST) fotowoltaicznych znajdziesz tutaj. PVGroup.pl\" \/>\n<meta name=\"robots\" content=\"index, follow, max-snippet:-1, max-image-preview:large, max-video-preview:-1\" \/>\n<link rel=\"canonical\" href=\"https:\/\/pvgroup.pl\/index.php\/panele-fotowoltaiczne-solar-panels\/\" \/>\n<meta property=\"og:locale\" content=\"pl_PL\" \/>\n<meta property=\"og:type\" content=\"article\" \/>\n<meta property=\"og:title\" content=\"- PVGroup.pl\" \/>\n<meta property=\"og:description\" content=\"Wszystkie niezb\u0119dne dokumentacje\/certyfikaty paneli (LONGI, JINKO, JUST) fotowoltaicznych znajdziesz tutaj. PVGroup.pl\" \/>\n<meta property=\"og:url\" content=\"https:\/\/pvgroup.pl\/index.php\/panele-fotowoltaiczne-solar-panels\/\" \/>\n<meta property=\"og:site_name\" content=\"PVGroup.pl - Wszystko do fotowoltaiki\" \/>\n<meta property=\"article:publisher\" content=\"https:\/\/www.facebook.com\/pvgrouppl\/\" \/>\n<meta property=\"article:modified_time\" content=\"2023-01-21T15:34:30+00:00\" \/>\n<meta property=\"og:image\" content=\"https:\/\/nanosun.cz\/images\/producers\/longi-logo.svg\" \/>\n<meta name=\"twitter:card\" content=\"summary_large_image\" \/>\n<meta name=\"twitter:label1\" content=\"Szacowany czas czytania\" \/>\n\t<meta name=\"twitter:data1\" content=\"4 minuty\" \/>\n<script type=\"application\/ld+json\" class=\"yoast-schema-graph\">{\"@context\":\"https:\/\/schema.org\",\"@graph\":[{\"@type\":\"WebPage\",\"@id\":\"https:\/\/pvgroup.pl\/index.php\/panele-fotowoltaiczne-solar-panels\/\",\"url\":\"https:\/\/pvgroup.pl\/index.php\/panele-fotowoltaiczne-solar-panels\/\",\"name\":\"- PVGroup.pl\",\"isPartOf\":{\"@id\":\"https:\/\/pvgroup.pl\/#website\"},\"primaryImageOfPage\":{\"@id\":\"https:\/\/pvgroup.pl\/index.php\/panele-fotowoltaiczne-solar-panels\/#primaryimage\"},\"image\":{\"@id\":\"https:\/\/pvgroup.pl\/index.php\/panele-fotowoltaiczne-solar-panels\/#primaryimage\"},\"thumbnailUrl\":\"https:\/\/nanosun.cz\/images\/producers\/longi-logo.svg\",\"datePublished\":\"2022-10-22T14:35:13+00:00\",\"dateModified\":\"2023-01-21T15:34:30+00:00\",\"description\":\"Wszystkie niezb\u0119dne dokumentacje\/certyfikaty paneli (LONGI, JINKO, JUST) fotowoltaicznych znajdziesz tutaj. PVGroup.pl\",\"inLanguage\":\"pl-PL\",\"potentialAction\":[{\"@type\":\"ReadAction\",\"target\":[\"https:\/\/pvgroup.pl\/index.php\/panele-fotowoltaiczne-solar-panels\/\"]}]},{\"@type\":\"ImageObject\",\"inLanguage\":\"pl-PL\",\"@id\":\"https:\/\/pvgroup.pl\/index.php\/panele-fotowoltaiczne-solar-panels\/#primaryimage\",\"url\":\"https:\/\/nanosun.cz\/images\/producers\/longi-logo.svg\",\"contentUrl\":\"https:\/\/nanosun.cz\/images\/producers\/longi-logo.svg\"},{\"@type\":\"WebSite\",\"@id\":\"https:\/\/pvgroup.pl\/#website\",\"url\":\"https:\/\/pvgroup.pl\/\",\"name\":\"PVGroup.pl - Wszystko do fotowoltaiki\",\"description\":\"Zestawy fotowoltaiczne , Panele s\u0142oneczne,  Fotowoltaika. Zestawy fotowoltaiki,  sklep stacjonarny i OnLine\",\"publisher\":{\"@id\":\"https:\/\/pvgroup.pl\/#organization\"},\"potentialAction\":[{\"@type\":\"SearchAction\",\"target\":{\"@type\":\"EntryPoint\",\"urlTemplate\":\"https:\/\/pvgroup.pl\/?s={search_term_string}\"},\"query-input\":\"required name=search_term_string\"}],\"inLanguage\":\"pl-PL\"},{\"@type\":\"Organization\",\"@id\":\"https:\/\/pvgroup.pl\/#organization\",\"name\":\"PVGroup.pl\",\"url\":\"https:\/\/pvgroup.pl\/\",\"logo\":{\"@type\":\"ImageObject\",\"inLanguage\":\"pl-PL\",\"@id\":\"https:\/\/pvgroup.pl\/#\/schema\/logo\/image\/\",\"url\":\"https:\/\/pvgroup.pl\/wp-content\/uploads\/2019\/10\/PVGroup-logotyp_RGB-kolor-01.png\",\"contentUrl\":\"https:\/\/pvgroup.pl\/wp-content\/uploads\/2019\/10\/PVGroup-logotyp_RGB-kolor-01.png\",\"width\":2415,\"height\":1002,\"caption\":\"PVGroup.pl\"},\"image\":{\"@id\":\"https:\/\/pvgroup.pl\/#\/schema\/logo\/image\/\"},\"sameAs\":[\"https:\/\/www.facebook.com\/pvgrouppl\/\"]}]}<\/script>\n<!-- \/ Yoast SEO plugin. -->","yoast_head_json":{"title":"- PVGroup.pl","description":"Wszystkie niezb\u0119dne dokumentacje\/certyfikaty paneli (LONGI, JINKO, JUST) fotowoltaicznych znajdziesz tutaj. PVGroup.pl","robots":{"index":"index","follow":"follow","max-snippet":"max-snippet:-1","max-image-preview":"max-image-preview:large","max-video-preview":"max-video-preview:-1"},"canonical":"https:\/\/pvgroup.pl\/index.php\/panele-fotowoltaiczne-solar-panels\/","og_locale":"pl_PL","og_type":"article","og_title":"- PVGroup.pl","og_description":"Wszystkie niezb\u0119dne dokumentacje\/certyfikaty paneli (LONGI, JINKO, JUST) fotowoltaicznych znajdziesz tutaj. PVGroup.pl","og_url":"https:\/\/pvgroup.pl\/index.php\/panele-fotowoltaiczne-solar-panels\/","og_site_name":"PVGroup.pl - Wszystko do fotowoltaiki","article_publisher":"https:\/\/www.facebook.com\/pvgrouppl\/","article_modified_time":"2023-01-21T15:34:30+00:00","og_image":[{"url":"https:\/\/nanosun.cz\/images\/producers\/longi-logo.svg"}],"twitter_card":"summary_large_image","twitter_misc":{"Szacowany czas czytania":"4 minuty"},"schema":{"@context":"https:\/\/schema.org","@graph":[{"@type":"WebPage","@id":"https:\/\/pvgroup.pl\/index.php\/panele-fotowoltaiczne-solar-panels\/","url":"https:\/\/pvgroup.pl\/index.php\/panele-fotowoltaiczne-solar-panels\/","name":"- PVGroup.pl","isPartOf":{"@id":"https:\/\/pvgroup.pl\/#website"},"primaryImageOfPage":{"@id":"https:\/\/pvgroup.pl\/index.php\/panele-fotowoltaiczne-solar-panels\/#primaryimage"},"image":{"@id":"https:\/\/pvgroup.pl\/index.php\/panele-fotowoltaiczne-solar-panels\/#primaryimage"},"thumbnailUrl":"https:\/\/nanosun.cz\/images\/producers\/longi-logo.svg","datePublished":"2022-10-22T14:35:13+00:00","dateModified":"2023-01-21T15:34:30+00:00","description":"Wszystkie niezb\u0119dne dokumentacje\/certyfikaty paneli (LONGI, JINKO, JUST) fotowoltaicznych znajdziesz tutaj. PVGroup.pl","inLanguage":"pl-PL","potentialAction":[{"@type":"ReadAction","target":["https:\/\/pvgroup.pl\/index.php\/panele-fotowoltaiczne-solar-panels\/"]}]},{"@type":"ImageObject","inLanguage":"pl-PL","@id":"https:\/\/pvgroup.pl\/index.php\/panele-fotowoltaiczne-solar-panels\/#primaryimage","url":"https:\/\/nanosun.cz\/images\/producers\/longi-logo.svg","contentUrl":"https:\/\/nanosun.cz\/images\/producers\/longi-logo.svg"},{"@type":"WebSite","@id":"https:\/\/pvgroup.pl\/#website","url":"https:\/\/pvgroup.pl\/","name":"PVGroup.pl - Wszystko do fotowoltaiki","description":"Zestawy fotowoltaiczne , Panele s\u0142oneczne,  Fotowoltaika. Zestawy fotowoltaiki,  sklep stacjonarny i OnLine","publisher":{"@id":"https:\/\/pvgroup.pl\/#organization"},"potentialAction":[{"@type":"SearchAction","target":{"@type":"EntryPoint","urlTemplate":"https:\/\/pvgroup.pl\/?s={search_term_string}"},"query-input":"required name=search_term_string"}],"inLanguage":"pl-PL"},{"@type":"Organization","@id":"https:\/\/pvgroup.pl\/#organization","name":"PVGroup.pl","url":"https:\/\/pvgroup.pl\/","logo":{"@type":"ImageObject","inLanguage":"pl-PL","@id":"https:\/\/pvgroup.pl\/#\/schema\/logo\/image\/","url":"https:\/\/pvgroup.pl\/wp-content\/uploads\/2019\/10\/PVGroup-logotyp_RGB-kolor-01.png","contentUrl":"https:\/\/pvgroup.pl\/wp-content\/uploads\/2019\/10\/PVGroup-logotyp_RGB-kolor-01.png","width":2415,"height":1002,"caption":"PVGroup.pl"},"image":{"@id":"https:\/\/pvgroup.pl\/#\/schema\/logo\/image\/"},"sameAs":["https:\/\/www.facebook.com\/pvgrouppl\/"]}]}},"_links":{"self":[{"href":"https:\/\/pvgroup.pl\/index.php\/wp-json\/wp\/v2\/pages\/19333","targetHints":{"allow":["GET"]}}],"collection":[{"href":"https:\/\/pvgroup.pl\/index.php\/wp-json\/wp\/v2\/pages"}],"about":[{"href":"https:\/\/pvgroup.pl\/index.php\/wp-json\/wp\/v2\/types\/page"}],"author":[{"embeddable":true,"href":"https:\/\/pvgroup.pl\/index.php\/wp-json\/wp\/v2\/users\/1806"}],"replies":[{"embeddable":true,"href":"https:\/\/pvgroup.pl\/index.php\/wp-json\/wp\/v2\/comments?post=19333"}],"version-history":[{"count":16,"href":"https:\/\/pvgroup.pl\/index.php\/wp-json\/wp\/v2\/pages\/19333\/revisions"}],"predecessor-version":[{"id":20829,"href":"https:\/\/pvgroup.pl\/index.php\/wp-json\/wp\/v2\/pages\/19333\/revisions\/20829"}],"wp:attachment":[{"href":"https:\/\/pvgroup.pl\/index.php\/wp-json\/wp\/v2\/media?parent=19333"}],"curies":[{"name":"wp","href":"https:\/\/api.w.org\/{rel}","templated":true}]}}