{"id":19446,"date":"2022-10-25T22:38:23","date_gmt":"2022-10-25T20:38:23","guid":{"rendered":"https:\/\/pvgroup.pl\/?page_id=19446"},"modified":"2022-11-22T21:02:09","modified_gmt":"2022-11-22T20:02:09","slug":"afore-dokumenty-do-pobrania","status":"publish","type":"page","link":"https:\/\/pvgroup.pl\/index.php\/afore-dokumenty-do-pobrania\/","title":{"rendered":"Afore dokument do pobrania \/ documents to download"},"content":{"rendered":"\n<h2 class=\"wp-block-heading\" id=\"h-afore-dokument-do-pobrania-documents-to-download\"><strong>Afore dokument do pobrania \/ documents to download<\/strong><\/h2>\n\n\n\n<div class=\"wp-block-image\"><figure class=\"aligncenter size-large is-resized\"><img loading=\"lazy\" decoding=\"async\" src=\"https:\/\/pvgroup.pl\/wp-content\/uploads\/2020\/02\/afore-logo.png\" alt=\"\" class=\"wp-image-6400\" width=\"345\" height=\"345\" srcset=\"https:\/\/pvgroup.pl\/wp-content\/uploads\/2020\/02\/afore-logo.png 225w, https:\/\/pvgroup.pl\/wp-content\/uploads\/2020\/02\/afore-logo-150x150.png 150w, https:\/\/pvgroup.pl\/wp-content\/uploads\/2020\/02\/afore-logo-20x20.png 20w, https:\/\/pvgroup.pl\/wp-content\/uploads\/2020\/02\/afore-logo-100x100.png 100w\" sizes=\"auto, (max-width: 345px) 100vw, 345px\" \/><\/figure><\/div>\n\n\n\n<h3 class=\"has-text-align-center wp-block-heading\" id=\"h-dostepne-modele-available-models\"><strong>Dost\u0119pne modele\/Available models<\/strong><\/h3>\n\n\n\n<figure class=\"wp-block-image\"><img decoding=\"async\" src=\"https:\/\/pvgroup.pl\/wp-content\/uploads\/2022\/10\/prosta-linia-1024x79.png\" alt=\"Obrazek posiada pusty atrybut alt; plik o nazwie prosta-linia-1024x79.png\" \/><\/figure>\n\n\n\n<h4 class=\"wp-block-heading\" id=\"h-afore-hns-1-3kw-inwertery-1-fazowe-1-phase-inverters\"><strong>Afore HNS 1-3kW<\/strong> <strong>inwertery 1-fazowe \/ 1-phase inverters<\/strong><\/h4>\n\n\n\n<h4 class=\"wp-block-heading\" id=\"h-cerifikaty-certificate\"><strong>Cerifikaty \/ Certificate:<\/strong><\/h4>\n\n\n\n<p><a href=\"https:\/\/afore.com.pl\/centrum-pobierania\/\" target=\"_blank\" rel=\"noreferrer noopener\">Pobierz<\/a> \/ <a href=\"https:\/\/www.aforenergy.com\/service\/download\/m\/2\/c\/1\" target=\"_blank\" rel=\"noreferrer noopener\">Download<\/a><\/p>\n\n\n\n<h4 class=\"wp-block-heading\" id=\"h-karty-katalogowe-data-sheets\"><strong>Karty katalogowe \/  Data sheets<\/strong>:<\/h4>\n\n\n\n<p><a href=\"https:\/\/afore.com.pl\/download\/karty-katalogowe-inwerterow-jednofazowych-afore-hns\/?wpdmdl=220594&amp;refresh=62739f746e4021651744628\" target=\"_blank\" rel=\"noreferrer noopener\">Pobierz <\/a><a href=\"#\" target=\"_blank\" rel=\"noreferrer noopener\">\/<\/a><a href=\"https:\/\/afore.com.pl\/download\/karty-katalogowe-inwerterow-jednofazowych-afore-hns\/?wpdmdl=220594&amp;refresh=62739f746e4021651744628\" target=\"_blank\" rel=\"noreferrer noopener\"> <\/a><a href=\"http:\/\/images.51microshop.com\/10694\/Afore-Solar%20PV%20Inverter%20Product%20Brochure.pdf\" target=\"_blank\" rel=\"noreferrer noopener\">Download<\/a><\/p>\n\n\n\n<h4 class=\"wp-block-heading\" id=\"h-instrukcje-obslugi-user-manuals\"><strong>Instrukcje obs\u0142ugi \/ User manuals:<\/strong><\/h4>\n\n\n\n<p><a href=\"https:\/\/afore.com.pl\/download\/instrukcja-obslugi-inwertera-jednofazowego-o-mocy-1-3kw-z-jednym-mppt-2\/?wpdmdl=221961&amp;refresh=620237e01bed21644312544\" target=\"_blank\" rel=\"noreferrer noopener\">Pobierz <\/a><a href=\"#\" target=\"_blank\" rel=\"noreferrer noopener\">\/<\/a><a href=\"https:\/\/afore.com.pl\/download\/instrukcja-obslugi-inwertera-jednofazowego-o-mocy-1-3kw-z-jednym-mppt-2\/?wpdmdl=221961&amp;refresh=620237e01bed21644312544\" target=\"_blank\" rel=\"noreferrer noopener\"> <\/a><a href=\"https:\/\/www.aforenergy.com\/uploads\/203010312.zip\" target=\"_blank\" rel=\"noreferrer noopener\">Download<\/a><\/p>\n\n\n\n<figure class=\"wp-block-image\"><img decoding=\"async\" src=\"https:\/\/pvgroup.pl\/wp-content\/uploads\/2022\/10\/prosta-linia-1024x79.png\" alt=\"Obrazek posiada pusty atrybut alt; plik o nazwie prosta-linia-1024x79.png\" \/><\/figure>\n\n\n\n<h4 class=\"has-text-align-center wp-block-heading\" id=\"h-odwiedz-nasza-strone-vist-our-website\"><strong>Odwied\u017a nasz\u0105 stron\u0119\/ Vist our website<\/strong><\/h4>\n\n\n\n<div class=\"wp-block-image\"><figure class=\"aligncenter size-medium is-resized\"><a href=\"https:\/\/pvgroup.pl\/\" target=\"_blank\" rel=\"noopener\"><img loading=\"lazy\" decoding=\"async\" src=\"https:\/\/pvgroup.pl\/wp-content\/uploads\/2022\/10\/pvgrouppllogo-300x100.png\" alt=\"\" class=\"wp-image-19346\" width=\"600\" height=\"200\" srcset=\"https:\/\/pvgroup.pl\/wp-content\/uploads\/2022\/10\/pvgrouppllogo-300x100.png 300w, https:\/\/pvgroup.pl\/wp-content\/uploads\/2022\/10\/pvgrouppllogo.png 400w\" sizes=\"auto, (max-width: 600px) 100vw, 600px\" \/><\/a><\/figure><\/div>\n","protected":false},"excerpt":{"rendered":"<p>Afore dokument do pobrania \/ documents to download Dost\u0119pne modele\/Available models Afore HNS 1-3kW inwertery 1-fazowe \/ 1-phase inverters Cerifikaty \/ Certificate: Pobierz \/ Download Karty katalogowe \/ Data sheets: Pobierz \/ Download Instrukcje obs\u0142ugi \/ User manuals: Pobierz \/ Download Odwied\u017a nasz\u0105 stron\u0119\/ Vist our website<\/p>\n","protected":false},"author":1805,"featured_media":0,"parent":0,"menu_order":0,"comment_status":"closed","ping_status":"closed","template":"","meta":{"site-sidebar-layout":"default","site-content-layout":"","ast-site-content-layout":"default","site-content-style":"default","site-sidebar-style":"default","ast-global-header-display":"","ast-banner-title-visibility":"","ast-main-header-display":"","ast-hfb-above-header-display":"","ast-hfb-below-header-display":"","ast-hfb-mobile-header-display":"","site-post-title":"","ast-breadcrumbs-content":"","ast-featured-img":"","footer-sml-layout":"","ast-disable-related-posts":"","theme-transparent-header-meta":"","adv-header-id-meta":"","stick-header-meta":"","header-above-stick-meta":"","header-main-stick-meta":"","header-below-stick-meta":"","astra-migrate-meta-layouts":"default","ast-page-background-enabled":"default","ast-page-background-meta":{"desktop":{"background-color":"","background-image":"","background-repeat":"repeat","background-position":"center center","background-size":"auto","background-attachment":"scroll","background-type":"","background-media":"","overlay-type":"","overlay-color":"","overlay-opacity":"","overlay-gradient":""},"tablet":{"background-color":"","background-image":"","background-repeat":"repeat","background-position":"center center","background-size":"auto","background-attachment":"scroll","background-type":"","background-media":"","overlay-type":"","overlay-color":"","overlay-opacity":"","overlay-gradient":""},"mobile":{"background-color":"","background-image":"","background-repeat":"repeat","background-position":"center center","background-size":"auto","background-attachment":"scroll","background-type":"","background-media":"","overlay-type":"","overlay-color":"","overlay-opacity":"","overlay-gradient":""}},"ast-content-background-meta":{"desktop":{"background-color":"var(--ast-global-color-5)","background-image":"","background-repeat":"repeat","background-position":"center center","background-size":"auto","background-attachment":"scroll","background-type":"","background-media":"","overlay-type":"","overlay-color":"","overlay-opacity":"","overlay-gradient":""},"tablet":{"background-color":"var(--ast-global-color-5)","background-image":"","background-repeat":"repeat","background-position":"center center","background-size":"auto","background-attachment":"scroll","background-type":"","background-media":"","overlay-type":"","overlay-color":"","overlay-opacity":"","overlay-gradient":""},"mobile":{"background-color":"var(--ast-global-color-5)","background-image":"","background-repeat":"repeat","background-position":"center center","background-size":"auto","background-attachment":"scroll","background-type":"","background-media":"","overlay-type":"","overlay-color":"","overlay-opacity":"","overlay-gradient":""}},"footnotes":""},"class_list":["post-19446","page","type-page","status-publish","hentry"],"yoast_head":"<!-- This site is optimized with the Yoast SEO plugin v23.1 - https:\/\/yoast.com\/wordpress\/plugins\/seo\/ -->\n<title>Afore dokumenty do pobrania - PVGroup.pl - Wszystko do fotowoltaiki<\/title>\n<meta name=\"description\" content=\"Afore dokumenty do pobrania - wszystkie niezb\u0119dne dokumentacje\/certyfikaty inwerter\u00f3w Afore znajdziesz tutaj. Hurtownia PVGroup.pl\" \/>\n<meta name=\"robots\" content=\"index, follow, max-snippet:-1, max-image-preview:large, max-video-preview:-1\" \/>\n<link rel=\"canonical\" href=\"https:\/\/pvgroup.pl\/index.php\/afore-dokumenty-do-pobrania\/\" \/>\n<meta property=\"og:locale\" content=\"pl_PL\" \/>\n<meta property=\"og:type\" content=\"article\" \/>\n<meta property=\"og:title\" content=\"Afore dokumenty do pobrania - PVGroup.pl - Wszystko do fotowoltaiki\" \/>\n<meta property=\"og:description\" content=\"Afore dokumenty do pobrania - wszystkie niezb\u0119dne dokumentacje\/certyfikaty inwerter\u00f3w Afore znajdziesz tutaj. Hurtownia PVGroup.pl\" \/>\n<meta property=\"og:url\" content=\"https:\/\/pvgroup.pl\/index.php\/afore-dokumenty-do-pobrania\/\" \/>\n<meta property=\"og:site_name\" content=\"PVGroup.pl - Wszystko do fotowoltaiki\" \/>\n<meta property=\"article:publisher\" content=\"https:\/\/www.facebook.com\/pvgrouppl\/\" \/>\n<meta property=\"article:modified_time\" content=\"2022-11-22T20:02:09+00:00\" \/>\n<meta property=\"og:image\" content=\"https:\/\/pvgroup.pl\/wp-content\/uploads\/2020\/02\/afore-logo.png\" \/>\n<meta name=\"twitter:card\" content=\"summary_large_image\" \/>\n<meta name=\"twitter:label1\" content=\"Szacowany czas czytania\" \/>\n\t<meta name=\"twitter:data1\" content=\"2 minuty\" \/>\n<script type=\"application\/ld+json\" class=\"yoast-schema-graph\">{\"@context\":\"https:\/\/schema.org\",\"@graph\":[{\"@type\":\"WebPage\",\"@id\":\"https:\/\/pvgroup.pl\/index.php\/afore-dokumenty-do-pobrania\/\",\"url\":\"https:\/\/pvgroup.pl\/index.php\/afore-dokumenty-do-pobrania\/\",\"name\":\"Afore dokumenty do pobrania - PVGroup.pl - Wszystko do fotowoltaiki\",\"isPartOf\":{\"@id\":\"https:\/\/pvgroup.pl\/#website\"},\"primaryImageOfPage\":{\"@id\":\"https:\/\/pvgroup.pl\/index.php\/afore-dokumenty-do-pobrania\/#primaryimage\"},\"image\":{\"@id\":\"https:\/\/pvgroup.pl\/index.php\/afore-dokumenty-do-pobrania\/#primaryimage\"},\"thumbnailUrl\":\"https:\/\/pvgroup.pl\/wp-content\/uploads\/2020\/02\/afore-logo.png\",\"datePublished\":\"2022-10-25T20:38:23+00:00\",\"dateModified\":\"2022-11-22T20:02:09+00:00\",\"description\":\"Afore dokumenty do pobrania - wszystkie niezb\u0119dne dokumentacje\/certyfikaty inwerter\u00f3w Afore znajdziesz tutaj. Hurtownia PVGroup.pl\",\"breadcrumb\":{\"@id\":\"https:\/\/pvgroup.pl\/index.php\/afore-dokumenty-do-pobrania\/#breadcrumb\"},\"inLanguage\":\"pl-PL\",\"potentialAction\":[{\"@type\":\"ReadAction\",\"target\":[\"https:\/\/pvgroup.pl\/index.php\/afore-dokumenty-do-pobrania\/\"]}]},{\"@type\":\"ImageObject\",\"inLanguage\":\"pl-PL\",\"@id\":\"https:\/\/pvgroup.pl\/index.php\/afore-dokumenty-do-pobrania\/#primaryimage\",\"url\":\"https:\/\/pvgroup.pl\/wp-content\/uploads\/2020\/02\/afore-logo.png\",\"contentUrl\":\"https:\/\/pvgroup.pl\/wp-content\/uploads\/2020\/02\/afore-logo.png\",\"width\":225,\"height\":225,\"caption\":\"afore logo\"},{\"@type\":\"BreadcrumbList\",\"@id\":\"https:\/\/pvgroup.pl\/index.php\/afore-dokumenty-do-pobrania\/#breadcrumb\",\"itemListElement\":[{\"@type\":\"ListItem\",\"position\":1,\"name\":\"Strona g\u0142\u00f3wna\",\"item\":\"https:\/\/pvgroup.pl\/\"},{\"@type\":\"ListItem\",\"position\":2,\"name\":\"Afore dokument do pobrania \/ documents to download\"}]},{\"@type\":\"WebSite\",\"@id\":\"https:\/\/pvgroup.pl\/#website\",\"url\":\"https:\/\/pvgroup.pl\/\",\"name\":\"PVGroup.pl - Wszystko do fotowoltaiki\",\"description\":\"Zestawy fotowoltaiczne , Panele s\u0142oneczne,  Fotowoltaika. Zestawy fotowoltaiki,  sklep stacjonarny i OnLine\",\"publisher\":{\"@id\":\"https:\/\/pvgroup.pl\/#organization\"},\"potentialAction\":[{\"@type\":\"SearchAction\",\"target\":{\"@type\":\"EntryPoint\",\"urlTemplate\":\"https:\/\/pvgroup.pl\/?s={search_term_string}\"},\"query-input\":\"required name=search_term_string\"}],\"inLanguage\":\"pl-PL\"},{\"@type\":\"Organization\",\"@id\":\"https:\/\/pvgroup.pl\/#organization\",\"name\":\"PVGroup.pl\",\"url\":\"https:\/\/pvgroup.pl\/\",\"logo\":{\"@type\":\"ImageObject\",\"inLanguage\":\"pl-PL\",\"@id\":\"https:\/\/pvgroup.pl\/#\/schema\/logo\/image\/\",\"url\":\"https:\/\/pvgroup.pl\/wp-content\/uploads\/2019\/10\/PVGroup-logotyp_RGB-kolor-01.png\",\"contentUrl\":\"https:\/\/pvgroup.pl\/wp-content\/uploads\/2019\/10\/PVGroup-logotyp_RGB-kolor-01.png\",\"width\":2415,\"height\":1002,\"caption\":\"PVGroup.pl\"},\"image\":{\"@id\":\"https:\/\/pvgroup.pl\/#\/schema\/logo\/image\/\"},\"sameAs\":[\"https:\/\/www.facebook.com\/pvgrouppl\/\"]}]}<\/script>\n<!-- \/ Yoast SEO plugin. -->","yoast_head_json":{"title":"Afore dokumenty do pobrania - PVGroup.pl - Wszystko do fotowoltaiki","description":"Afore dokumenty do pobrania - wszystkie niezb\u0119dne dokumentacje\/certyfikaty inwerter\u00f3w Afore znajdziesz tutaj. Hurtownia PVGroup.pl","robots":{"index":"index","follow":"follow","max-snippet":"max-snippet:-1","max-image-preview":"max-image-preview:large","max-video-preview":"max-video-preview:-1"},"canonical":"https:\/\/pvgroup.pl\/index.php\/afore-dokumenty-do-pobrania\/","og_locale":"pl_PL","og_type":"article","og_title":"Afore dokumenty do pobrania - PVGroup.pl - Wszystko do fotowoltaiki","og_description":"Afore dokumenty do pobrania - wszystkie niezb\u0119dne dokumentacje\/certyfikaty inwerter\u00f3w Afore znajdziesz tutaj. Hurtownia PVGroup.pl","og_url":"https:\/\/pvgroup.pl\/index.php\/afore-dokumenty-do-pobrania\/","og_site_name":"PVGroup.pl - Wszystko do fotowoltaiki","article_publisher":"https:\/\/www.facebook.com\/pvgrouppl\/","article_modified_time":"2022-11-22T20:02:09+00:00","og_image":[{"url":"https:\/\/pvgroup.pl\/wp-content\/uploads\/2020\/02\/afore-logo.png"}],"twitter_card":"summary_large_image","twitter_misc":{"Szacowany czas czytania":"2 minuty"},"schema":{"@context":"https:\/\/schema.org","@graph":[{"@type":"WebPage","@id":"https:\/\/pvgroup.pl\/index.php\/afore-dokumenty-do-pobrania\/","url":"https:\/\/pvgroup.pl\/index.php\/afore-dokumenty-do-pobrania\/","name":"Afore dokumenty do pobrania - PVGroup.pl - Wszystko do fotowoltaiki","isPartOf":{"@id":"https:\/\/pvgroup.pl\/#website"},"primaryImageOfPage":{"@id":"https:\/\/pvgroup.pl\/index.php\/afore-dokumenty-do-pobrania\/#primaryimage"},"image":{"@id":"https:\/\/pvgroup.pl\/index.php\/afore-dokumenty-do-pobrania\/#primaryimage"},"thumbnailUrl":"https:\/\/pvgroup.pl\/wp-content\/uploads\/2020\/02\/afore-logo.png","datePublished":"2022-10-25T20:38:23+00:00","dateModified":"2022-11-22T20:02:09+00:00","description":"Afore dokumenty do pobrania - wszystkie niezb\u0119dne dokumentacje\/certyfikaty inwerter\u00f3w Afore znajdziesz tutaj. Hurtownia PVGroup.pl","breadcrumb":{"@id":"https:\/\/pvgroup.pl\/index.php\/afore-dokumenty-do-pobrania\/#breadcrumb"},"inLanguage":"pl-PL","potentialAction":[{"@type":"ReadAction","target":["https:\/\/pvgroup.pl\/index.php\/afore-dokumenty-do-pobrania\/"]}]},{"@type":"ImageObject","inLanguage":"pl-PL","@id":"https:\/\/pvgroup.pl\/index.php\/afore-dokumenty-do-pobrania\/#primaryimage","url":"https:\/\/pvgroup.pl\/wp-content\/uploads\/2020\/02\/afore-logo.png","contentUrl":"https:\/\/pvgroup.pl\/wp-content\/uploads\/2020\/02\/afore-logo.png","width":225,"height":225,"caption":"afore logo"},{"@type":"BreadcrumbList","@id":"https:\/\/pvgroup.pl\/index.php\/afore-dokumenty-do-pobrania\/#breadcrumb","itemListElement":[{"@type":"ListItem","position":1,"name":"Strona g\u0142\u00f3wna","item":"https:\/\/pvgroup.pl\/"},{"@type":"ListItem","position":2,"name":"Afore dokument do pobrania \/ documents to download"}]},{"@type":"WebSite","@id":"https:\/\/pvgroup.pl\/#website","url":"https:\/\/pvgroup.pl\/","name":"PVGroup.pl - Wszystko do fotowoltaiki","description":"Zestawy fotowoltaiczne , Panele s\u0142oneczne,  Fotowoltaika. Zestawy fotowoltaiki,  sklep stacjonarny i OnLine","publisher":{"@id":"https:\/\/pvgroup.pl\/#organization"},"potentialAction":[{"@type":"SearchAction","target":{"@type":"EntryPoint","urlTemplate":"https:\/\/pvgroup.pl\/?s={search_term_string}"},"query-input":"required name=search_term_string"}],"inLanguage":"pl-PL"},{"@type":"Organization","@id":"https:\/\/pvgroup.pl\/#organization","name":"PVGroup.pl","url":"https:\/\/pvgroup.pl\/","logo":{"@type":"ImageObject","inLanguage":"pl-PL","@id":"https:\/\/pvgroup.pl\/#\/schema\/logo\/image\/","url":"https:\/\/pvgroup.pl\/wp-content\/uploads\/2019\/10\/PVGroup-logotyp_RGB-kolor-01.png","contentUrl":"https:\/\/pvgroup.pl\/wp-content\/uploads\/2019\/10\/PVGroup-logotyp_RGB-kolor-01.png","width":2415,"height":1002,"caption":"PVGroup.pl"},"image":{"@id":"https:\/\/pvgroup.pl\/#\/schema\/logo\/image\/"},"sameAs":["https:\/\/www.facebook.com\/pvgrouppl\/"]}]}},"_links":{"self":[{"href":"https:\/\/pvgroup.pl\/index.php\/wp-json\/wp\/v2\/pages\/19446","targetHints":{"allow":["GET"]}}],"collection":[{"href":"https:\/\/pvgroup.pl\/index.php\/wp-json\/wp\/v2\/pages"}],"about":[{"href":"https:\/\/pvgroup.pl\/index.php\/wp-json\/wp\/v2\/types\/page"}],"author":[{"embeddable":true,"href":"https:\/\/pvgroup.pl\/index.php\/wp-json\/wp\/v2\/users\/1805"}],"replies":[{"embeddable":true,"href":"https:\/\/pvgroup.pl\/index.php\/wp-json\/wp\/v2\/comments?post=19446"}],"version-history":[{"count":4,"href":"https:\/\/pvgroup.pl\/index.php\/wp-json\/wp\/v2\/pages\/19446\/revisions"}],"predecessor-version":[{"id":19963,"href":"https:\/\/pvgroup.pl\/index.php\/wp-json\/wp\/v2\/pages\/19446\/revisions\/19963"}],"wp:attachment":[{"href":"https:\/\/pvgroup.pl\/index.php\/wp-json\/wp\/v2\/media?parent=19446"}],"curies":[{"name":"wp","href":"https:\/\/api.w.org\/{rel}","templated":true}]}}