{"id":468,"date":"2018-08-17T13:20:28","date_gmt":"2018-08-17T13:20:28","guid":{"rendered":"https:\/\/websitedemos.net\/brandstore\/?page_id=468"},"modified":"2024-07-04T08:57:21","modified_gmt":"2024-07-04T06:57:21","slug":"contact-us","status":"publish","type":"page","link":"https:\/\/pvgroup.pl\/index.php\/contact-us\/","title":{"rendered":"Contact Us"},"content":{"rendered":"<div class=\"brz-root__container brz-reset-all\">\n<section id=\"nurjzoircm\" class=\"brz-section brz-css-pilvb\" data-uid=\"nurjzoircm\">\n<div class=\"brz-section__content brz-section--boxed brz-css-ljohl brz-css-awcph\" data-custom-id=\"mojnbwaapt\">\n<div class=\"brz-bg\">\n<div class=\"brz-bg-color\"><\/div>\n<\/div>\n<div class=\"brz-container brz-css-bxgkc\">\n<div class=\"brz-row__container brz-css-ihumh\" data-custom-id=\"bcmxrzpwgs\">\n<div class=\"brz-row brz-css-ibchm brz-css-iqxwe\">\n<div class=\"brz-columns brz-css-yfzxs brz-css-bxyrm\" data-custom-id=\"qsncawitxl\">\n<div class=\"brz-bg\"><\/div>\n<div class=\"brz-column__items brz-css-rnhrs brz-css-yzizv\">\n<div class=\"brz-css-iqycs brz-wrapper\">\n<div class=\"brz-rich-text brz-css-hhadj\" data-custom-id=\"mengesirta\">\n<h4><img decoding=\"async\" class=\"aligncenter\" src=\"https:\/\/pvgroup.pl\/wp-content\/uploads\/2022\/10\/prosta-linia-1024x79.png\" alt=\"Obrazek posiada pusty atrybut alt; plik o nazwie prosta-linia-1024x79.png\" \/><\/h4>\n<\/div>\n<\/div>\n<div class=\"brz-css-iqycs brz-wrapper\" style=\"text-align: center;\">\n<div class=\"brz-image brz-css-oemvc\"><img loading=\"lazy\" decoding=\"async\" class=\"brz-img brz-p-absolute aligncenter\" src=\"https:\/\/pvgroup.pl\/wp-content\/uploads\/brizy\/468\/assets\/images\/iW=459&amp;iH=153&amp;oX=0&amp;oY=9&amp;cW=459&amp;cH=134\/pvgrouppllogo.png\" alt=\"Logo PVGROUP\" width=\"593\" height=\"172\" \/><\/div>\n<div><\/div>\n<\/div>\n<\/div>\n<div>\n<div class=\"brz-css-iqycs brz-wrapper\">\n<div class=\"brz-rich-text brz-css-hhadj\" data-custom-id=\"mengesirta\">\n<h1 class=\"brz-bcp-color2 brz-tp-heading2 brz-text-lg-center\" style=\"text-align: center;\"><strong class=\"brz-cp-color2\">Kontakt<\/strong><\/h1>\n<\/div>\n<\/div>\n<\/div>\n<div><\/div>\n<h3 style=\"text-align: center;\"><img decoding=\"async\" src=\"https:\/\/pvgroup.pl\/wp-content\/uploads\/2022\/10\/prosta-linia-1024x79.png\" alt=\"Obrazek posiada pusty atrybut alt; plik o nazwie prosta-linia-1024x79.png\" \/><\/h3>\n<div class=\"brz-column__items brz-css-rnhrs brz-css-yzizv\">\n<div class=\"brz-css-iqycs brz-wrapper\" style=\"text-align: center;\">\n<div class=\"brz-rich-text brz-css-hhadj\" data-custom-id=\"pmgwkzqsaq\">\n<h3 class=\"brz-tp-heading5 brz-text-lg-center\"><span class=\"brz-cp-color2\">Biuro obs\u0142ugi klienta: <\/span><\/h3>\n<\/div>\n<\/div>\n<div class=\"brz-css-iqycs brz-wrapper\" style=\"text-align: center;\">\n<div class=\"brz-rich-text brz-css-hhadj\" data-custom-id=\"akbxbflkgk\">\n<p class=\"brz-text-lg-center brz-tp-paragraph\"><strong class=\"brz-cp-color7\">Biuro obs\u0142ugi czynne :\u00a0 <\/strong><span class=\"brz-cp-color7\">Poniedzia\u0142ek &#8211; pi\u0105tek 8:00 &#8211; 16:00 <\/span><\/p>\n<p class=\"brz-text-lg-center brz-tp-paragraph\"><a class=\"link--external brz-cp-color7\" href=\"mailto:info@pvgroup.pl\" data-brz-link-type=\"external\">info@pvgroup.pl<\/a><\/p>\n<p class=\"brz-text-lg-center brz-tp-paragraph\"><img decoding=\"async\" src=\"https:\/\/pvgroup.pl\/wp-content\/uploads\/2022\/10\/prosta-linia-1024x79.png\" alt=\"Obrazek posiada pusty atrybut alt; plik o nazwie prosta-linia-1024x79.png\" \/><\/p>\n<h3 class=\"brz-text-lg-center brz-tp-paragraph\"><strong>Dzia\u0142 handlowy: <\/strong><\/h3>\n<p style=\"text-align: center;\"><strong><span class=\"brz-cp-color7\">+48 516 758 217<\/span><\/strong><\/p>\n<p style=\"text-align: center;\"><strong><span class=\"brz-cp-color7\"> +48 737 185 830<\/span><\/strong><\/p>\n<p style=\"text-align: center;\"><strong><span class=\"brz-cp-color7\"> +48 787 626 168<\/span><\/strong><\/p>\n<\/div>\n<p class=\"brz-text-lg-center brz-tp-paragraph brz-bcp-color7\"><img decoding=\"async\" src=\"https:\/\/pvgroup.pl\/wp-content\/uploads\/2022\/10\/prosta-linia-1024x79.png\" alt=\"Obrazek posiada pusty atrybut alt; plik o nazwie prosta-linia-1024x79.png\" \/><\/p>\n<div class=\"brz-rich-text brz-css-hhadj\" data-custom-id=\"akbxbflkgk\">\n<h3 class=\"brz-text-lg-center brz-tp-paragraph brz-bcp-color7\"><strong class=\"brz-cp-color7\">Dzia\u0142 logistyki i przesy\u0142ek: <\/strong><\/h3>\n<p><a href=\"mailto:m.banz@pvgroup.pl\">logistyka@pvgroup.pl<\/a><\/p>\n<p><span class=\"brz-cp-color7\"> <img decoding=\"async\" src=\"https:\/\/pvgroup.pl\/wp-content\/uploads\/2022\/10\/prosta-linia-1024x79.png\" alt=\"Obrazek posiada pusty atrybut alt; plik o nazwie prosta-linia-1024x79.png\" \/><\/span><\/p>\n<\/div>\n<\/div>\n<div class=\"brz-css-iqycs brz-wrapper\" style=\"text-align: center;\">\n<div class=\"brz-rich-text brz-css-hhadj\" data-custom-id=\"akbxbflkgk\">\n<h3 class=\"brz-text-lg-center brz-tp-paragraph brz-bcp-color7\"><strong class=\"brz-cp-color7\">Dzia\u0142 zam\u00f3wie<\/strong>\u0144<strong class=\"brz-cp-color7\"> hurtowych : <\/strong><\/h3>\n<p class=\"brz-text-lg-center brz-tp-paragraph brz-bcp-color7\"><a class=\"link--external brz-cp-color7\" href=\"mailto:wholesale@pvgroup.pl\" data-brz-link-type=\"external\">wholesale@pvgroup.pl<\/a><\/p>\n<p>+48 787 626 168<\/p>\n<p><img decoding=\"async\" src=\"https:\/\/pvgroup.pl\/wp-content\/uploads\/2022\/10\/prosta-linia-1024x79.png\" alt=\"Obrazek posiada pusty atrybut alt; plik o nazwie prosta-linia-1024x79.png\" \/><\/p>\n<\/div>\n<\/div>\n<\/div>\n<\/div>\n<div class=\"brz-columns brz-css-yfzxs brz-css-bxyrm\" data-custom-id=\"qsncawitxl\">\n<div class=\"brz-column__items brz-css-rnhrs brz-css-yzizv\">\n<div class=\"brz-css-iqycs brz-wrapper\" style=\"text-align: center;\">\n<div class=\"brz-rich-text brz-css-hhadj\" data-custom-id=\"akbxbflkgk\">\n<h3 class=\"brz-text-lg-center brz-tp-paragraph brz-bcp-color7\"><strong class=\"brz-cp-color7\"> Faktury oraz rozliczenia: <\/strong><\/h3>\n<p class=\"brz-text-lg-center brz-tp-paragraph brz-bcp-color7\"><a href=\"mailto:a.zurawska@pvgroup.pl\">a.zurawska@pvgroup.pl<\/a><\/p>\n<p class=\"brz-text-lg-center brz-tp-paragraph brz-bcp-color7\"><span class=\"brz-cp-color7\">tel.+48 660 200 013<br \/>\n<\/span><\/p>\n<p><img decoding=\"async\" src=\"https:\/\/pvgroup.pl\/wp-content\/uploads\/2022\/10\/prosta-linia-1024x79.png\" alt=\"Obrazek posiada pusty atrybut alt; plik o nazwie prosta-linia-1024x79.png\" \/><\/p>\n<\/div>\n<\/div>\n<\/div>\n<\/div>\n<div class=\"brz-columns brz-css-yfzxs brz-css-bxyrm\" data-custom-id=\"qsncawitxl\">\n<div class=\"brz-column__items brz-css-rnhrs brz-css-yzizv\">\n<div class=\"brz-css-iqycs brz-wrapper\" style=\"text-align: center;\">\n<div class=\"brz-rich-text brz-css-hhadj\" data-custom-id=\"akbxbflkgk\">\n<h3 class=\"brz-text-lg-center brz-tp-paragraph brz-bcp-color7\"><strong class=\"brz-cp-color7\">Dzia\u0142 techniczny : <\/strong><\/h3>\n<p class=\"brz-text-lg-center brz-tp-paragraph brz-bcp-color7\"><a class=\"link--external brz-cp-color7\" href=\"mailto:service@pvgroup.pl\" data-brz-link-type=\"external\">service@pvgroup.pl<\/a><\/p>\n<p class=\"brz-text-lg-center brz-tp-paragraph brz-bcp-color7\"><img decoding=\"async\" src=\"https:\/\/pvgroup.pl\/wp-content\/uploads\/2022\/10\/prosta-linia-1024x79.png\" alt=\"Obrazek posiada pusty atrybut alt; plik o nazwie prosta-linia-1024x79.png\" \/><\/p>\n<h3 class=\"brz-text-lg-center brz-tp-paragraph brz-bcp-color7\"><strong class=\"brz-cp-color7\">Dzia\u0142 reklamacji: <\/strong><\/h3>\n<p class=\"brz-text-lg-center brz-tp-paragraph brz-bcp-color7\"><a class=\"link--external brz-cp-color7\" href=\"mailto:reklamacje@pvgroup.pl\" data-brz-link-type=\"external\">reklamacje@pvgroup.pl <\/a><\/p>\n<p class=\"brz-text-lg-center brz-tp-paragraph brz-bcp-color7\"><img decoding=\"async\" src=\"https:\/\/pvgroup.pl\/wp-content\/uploads\/2022\/10\/prosta-linia-1024x79.png\" alt=\"Obrazek posiada pusty atrybut alt; plik o nazwie prosta-linia-1024x79.png\" \/><\/p>\n<h3 class=\"brz-text-lg-center brz-tp-paragraph brz-bcp-color7\"><strong class=\"brz-cp-color7\">Dzia\u0142 wsp\u00f3\u0142pracy z mediami : <\/strong><\/h3>\n<p class=\"brz-text-lg-center brz-tp-paragraph brz-bcp-color7\"><a class=\"link--external brz-cp-color7\" href=\"mailto:media@pvgroup.pl\" data-brz-link-type=\"external\">media@pvgroup.pl<\/a><\/p>\n<p class=\"brz-text-lg-center brz-tp-paragraph brz-bcp-color7\"><img decoding=\"async\" src=\"https:\/\/pvgroup.pl\/wp-content\/uploads\/2022\/10\/prosta-linia-1024x79.png\" alt=\"Obrazek posiada pusty atrybut alt; plik o nazwie prosta-linia-1024x79.png\" \/><\/p>\n<h3 class=\"brz-text-lg-center brz-tp-paragraph brz-bcp-color7\"><strong class=\"brz-cp-color7\">Dzia\u0142 ksi\u0119gowo\u015bci : <\/strong><\/h3>\n<p class=\"brz-text-lg-center brz-tp-paragraph brz-bcp-color7\"><a class=\"link--external brz-cp-color7\" href=\"mailto:ksiegowosc@pvgroup.pl\" data-brz-link-type=\"external\">ksiegowosc@pvgroup.pl<\/a><\/p>\n<p class=\"brz-text-lg-center brz-tp-paragraph\"><img decoding=\"async\" src=\"https:\/\/pvgroup.pl\/wp-content\/uploads\/2022\/10\/prosta-linia-1024x79.png\" alt=\"Obrazek posiada pusty atrybut alt; plik o nazwie prosta-linia-1024x79.png\" \/><\/p>\n<\/div>\n<\/div>\n<div class=\"brz-css-iqycs brz-wrapper\" style=\"text-align: center;\">\n<div class=\"brz-rich-text brz-css-hhadj\" data-custom-id=\"jcnautfnzxofqahchlqnzabaiqrclktczhdf\">\n<h3 class=\"brz-text-lg-center brz-lh-lg-1_7 brz-lh-sm-im-undefined brz-lh-xs-im-1_6 brz-ls-lg-0 brz-ls-sm-im-undefined brz-ls-xs-im-0 brz-ff-lato brz-ft-google brz-fw-lg-400 brz-fw-sm-im-undefined brz-fw-xs-im-300 brz-fs-lg-21 brz-fs-sm-im-22 brz-fs-xs-im-20\"><strong class=\"brz-cp-color1\"> Punkty odbioru osobistego : <\/strong><\/h3>\n<\/div>\n<\/div>\n<div class=\"brz-css-iqycs brz-wrapper\" style=\"text-align: center;\">\n<div class=\"brz-rich-text brz-css-hhadj\" data-custom-id=\"fctdrxjnstinbdfcofmskecxycqojzxqdwwt\">\n<p class=\"brz-text-lg-center brz-tp-paragraph\"><strong class=\"brz-cp-color7\">Odbiory osobiste od poniedzia\u0142ku do pi\u0105tku w godzinach: 12:00 &#8211; 15:00<\/strong><\/p>\n<p class=\"brz-tp-paragraph\"><img decoding=\"async\" src=\"https:\/\/pvgroup.pl\/wp-content\/uploads\/2022\/10\/prosta-linia-1024x79.png\" alt=\"Obrazek posiada pusty atrybut alt; plik o nazwie prosta-linia-1024x79.png\" \/><\/p>\n<h3 class=\"brz-text-lg-center brz-tp-paragraph\"><strong style=\"color: #7a7a7a;\">Wojew\u00f3dztwo \u015al\u0105skie :<\/strong><\/h3>\n<p class=\"brz-text-lg-center brz-tp-paragraph\"><span style=\"color: #7a7a7a;\">41-503 Chorz\u00f3w <\/span><\/p>\n<p class=\"brz-text-lg-center brz-tp-paragraph\"><span style=\"color: #7a7a7a;\">ul. Azotowa 21 <\/span><\/p>\n<p class=\"brz-tp-paragraph\"><img decoding=\"async\" src=\"https:\/\/pvgroup.pl\/wp-content\/uploads\/2022\/10\/prosta-linia-1024x79.png\" alt=\"Obrazek posiada pusty atrybut alt; plik o nazwie prosta-linia-1024x79.png\" \/><\/p>\n<p class=\"brz-text-lg-center brz-tp-paragraph\"><a class=\"link--external\" style=\"color: #7a7a7a;\" href=\"https:\/\/www.google.pl\/maps\/place\/Azotowa,+41-503+Chorz%C3%B3w\/@50.312377,18.9773001,3a,75y,78.39h,97.8t\/data=!3m6!1e1!3m4!1sT98owTuab-JQ1O9rTEO_NQ!2e0!7i13312!8i6656!4m5!3m4!1s0x4716d240937b37a7:0xb2b514391e0b3011!8m2!3d50.3125326!4d18.9759038\" target=\"_blank\" rel=\"noopener\" data-brz-link-type=\"external\">Lokalizacja Google maps kliknij tutaj <\/a><\/p>\n<p class=\"brz-tp-paragraph\"><img loading=\"lazy\" decoding=\"async\" class=\"alignnone  wp-image-16394\" src=\"https:\/\/pvgroup.pl\/wp-content\/uploads\/2021\/08\/Zrzut-ekranu-2021-08-10-o-12.54.32.png\" alt=\"\" width=\"750\" height=\"481\" \/><\/p>\n<p class=\"brz-text-lg-center brz-tp-paragraph\"><strong style=\"color: #7a7a7a;\">Wojew\u00f3dztwo Mazowieckie : <\/strong><\/p>\n<p class=\"brz-text-lg-center brz-tp-paragraph\"><span style=\"color: #7a7a7a;\">ul. Moniuszki 2<\/span><\/p>\n<p class=\"brz-text-lg-center brz-tp-paragraph\"><span style=\"color: #7a7a7a;\">05-270 Marki <\/span><\/p>\n<p class=\"brz-text-lg-center brz-tp-paragraph\"><a class=\"link--external brz-cp-color7\" href=\"https:\/\/www.google.pl\/maps\/place\/Stanis%C5%82awa+Moniuszki+2,+05-270+Marki\/@52.3416448,21.1226752,17.97z\/data=!4m5!3m4!1s0x471ecf7982d63977:0x5f9dd465e967ae5!8m2!3d52.3416431!4d21.1237897\" target=\"_blank\" rel=\"noopener\" data-brz-link-type=\"external\">Lokalizacja Google maps kliknij tutaj <\/a><\/p>\n<\/div>\n<\/div>\n<div class=\"brz-css-iqycs brz-wrapper\" style=\"text-align: center;\">\n<div class=\"brz-map brz-css-nbnio\" data-custom-id=\"bmjxravipidwjogmhhjexmtjlzqinlkujjlr\">\n<div class=\"brz-map-content\"><\/div>\n<\/div>\n<\/div>\n<div class=\"brz-css-iqycs brz-wrapper\" style=\"text-align: center;\">\n<div class=\"brz-rich-text brz-css-hhadj\" data-custom-id=\"uqvjvmrtzq\">\n<p class=\"brz-tp-paragraph brz-text-lg-center\"><img decoding=\"async\" src=\"https:\/\/pvgroup.pl\/wp-content\/uploads\/2022\/10\/prosta-linia-1024x79.png\" alt=\"Obrazek posiada pusty atrybut alt; plik o nazwie prosta-linia-1024x79.png\" \/><\/p>\n<h3 class=\"brz-tp-paragraph brz-text-lg-center\"><strong>Dane rejestracyjne firmy : <\/strong><\/h3>\n<\/div>\n<\/div>\n<div class=\"brz-css-iqycs brz-wrapper\">\n<div class=\"brz-rich-text brz-css-hhadj\" data-custom-id=\"kornlutegkyfiycptoueddlqhqcbvaugdiqc\">\n<p class=\"brz-text-lg-center brz-bcp-color7 brz-tp-paragraph\" style=\"text-align: center;\"><span class=\"brz-cp-color7\">PVGroup.pl sp\u00f3\u0142ka z ograniczon\u0105 odpowiedzialno\u015bci\u0105<\/span><\/p>\n<p class=\"brz-text-lg-center brz-bcp-color7 brz-tp-paragraph\" style=\"text-align: center;\"><span class=\"brz-cp-color7\">ul. Azotowa 21 <\/span><\/p>\n<p class=\"brz-text-lg-center brz-bcp-color7 brz-tp-paragraph\" style=\"text-align: center;\"><span class=\"brz-cp-color7\">41-503 Chorz\u00f3w <\/span><\/p>\n<p class=\"brz-text-lg-center brz-bcp-color7 brz-tp-paragraph\" style=\"text-align: center;\"><span class=\"brz-cp-color7\">KRS : 0000867516 NIP: <\/span>6272769605<span class=\"brz-cp-color7\">\u00a0 REGON: <\/span>387423284<\/p>\n<p class=\"brz-text-lg-center brz-bcp-color7 brz-tp-paragraph\" style=\"text-align: center;\">Kapita\u0142 zak\u0142adowy 10000.00 z\u0142otych.<\/p>\n<\/div>\n<h3 class=\"brz-tp-paragraph brz-text-lg-center\" style=\"text-align: center;\"><strong>Zapisz si\u0119 do newsletter<br \/>\n<\/strong><\/h3>\n<p><code>[newsletter_form]<\/code><\/p>\n<\/div>\n<\/div>\n<\/div>\n<\/div>\n<\/div>\n<\/div>\n<\/div>\n<\/section>\n<\/div>\n<p><!-- version:1626433781 --><\/p>\n","protected":false},"excerpt":{"rendered":"<p>Kontakt Biuro obs\u0142ugi klienta: Biuro obs\u0142ugi czynne :\u00a0 Poniedzia\u0142ek &#8211; pi\u0105tek 8:00 &#8211; 16:00 info@pvgroup.pl Dzia\u0142 handlowy: +48 516 758 217 +48 737 185 830 +48 787 626 168 Dzia\u0142 logistyki i przesy\u0142ek: logistyka@pvgroup.pl Dzia\u0142 zam\u00f3wie\u0144 hurtowych : wholesale@pvgroup.pl +48 787 626 168 Faktury oraz rozliczenia: a.zurawska@pvgroup.pl tel.+48 660 200 013 Dzia\u0142 techniczny : service@pvgroup.pl [&hellip;]<\/p>\n","protected":false},"author":1,"featured_media":0,"parent":0,"menu_order":0,"comment_status":"closed","ping_status":"closed","template":"","meta":{"site-sidebar-layout":"no-sidebar","site-content-layout":"page-builder","ast-site-content-layout":"full-width-container","site-content-style":"unboxed","site-sidebar-style":"unboxed","ast-global-header-display":"","ast-banner-title-visibility":"","ast-main-header-display":"","ast-hfb-above-header-display":"","ast-hfb-below-header-display":"","ast-hfb-mobile-header-display":"","site-post-title":"disabled","ast-breadcrumbs-content":"","ast-featured-img":"disabled","footer-sml-layout":"","ast-disable-related-posts":"","theme-transparent-header-meta":"default","adv-header-id-meta":"","stick-header-meta":"","header-above-stick-meta":"","header-main-stick-meta":"","header-below-stick-meta":"","astra-migrate-meta-layouts":"set","ast-page-background-enabled":"default","ast-page-background-meta":{"desktop":{"background-color":"","background-image":"","background-repeat":"repeat","background-position":"center center","background-size":"auto","background-attachment":"scroll","background-type":"","background-media":"","overlay-type":"","overlay-color":"","overlay-opacity":"","overlay-gradient":""},"tablet":{"background-color":"","background-image":"","background-repeat":"repeat","background-position":"center center","background-size":"auto","background-attachment":"scroll","background-type":"","background-media":"","overlay-type":"","overlay-color":"","overlay-opacity":"","overlay-gradient":""},"mobile":{"background-color":"","background-image":"","background-repeat":"repeat","background-position":"center center","background-size":"auto","background-attachment":"scroll","background-type":"","background-media":"","overlay-type":"","overlay-color":"","overlay-opacity":"","overlay-gradient":""}},"ast-content-background-meta":{"desktop":{"background-color":"var(--ast-global-color-5)","background-image":"","background-repeat":"repeat","background-position":"center center","background-size":"auto","background-attachment":"scroll","background-type":"","background-media":"","overlay-type":"","overlay-color":"","overlay-opacity":"","overlay-gradient":""},"tablet":{"background-color":"var(--ast-global-color-5)","background-image":"","background-repeat":"repeat","background-position":"center center","background-size":"auto","background-attachment":"scroll","background-type":"","background-media":"","overlay-type":"","overlay-color":"","overlay-opacity":"","overlay-gradient":""},"mobile":{"background-color":"var(--ast-global-color-5)","background-image":"","background-repeat":"repeat","background-position":"center center","background-size":"auto","background-attachment":"scroll","background-type":"","background-media":"","overlay-type":"","overlay-color":"","overlay-opacity":"","overlay-gradient":""}},"footnotes":""},"class_list":["post-468","page","type-page","status-publish","hentry"],"yoast_head":"<!-- This site is optimized with the Yoast SEO plugin v23.1 - https:\/\/yoast.com\/wordpress\/plugins\/seo\/ -->\n<title>PVGroup.pl dane kontaktowe - Hurtownia fotowoltaiczna \u015al\u0105sk Katowice<\/title>\n<meta name=\"description\" content=\"Gotowe zestawy fotowoltaiczne do samodzielnego monta\u017cu. Hurtownia fotowoltaiczna. Szybka dostawa, Dane kontaktowe PVGroup.pl\" \/>\n<meta name=\"robots\" content=\"index, follow, max-snippet:-1, max-image-preview:large, max-video-preview:-1\" \/>\n<link rel=\"canonical\" href=\"https:\/\/pvgroup.pl\/index.php\/contact-us\/\" \/>\n<meta property=\"og:locale\" content=\"pl_PL\" \/>\n<meta property=\"og:type\" content=\"article\" \/>\n<meta property=\"og:title\" content=\"PVGroup.pl dane kontaktowe - Hurtownia fotowoltaiczna \u015al\u0105sk Katowice\" \/>\n<meta property=\"og:description\" content=\"Gotowe zestawy fotowoltaiczne do samodzielnego monta\u017cu. Hurtownia fotowoltaiczna. Szybka dostawa, Dane kontaktowe PVGroup.pl\" \/>\n<meta property=\"og:url\" content=\"https:\/\/pvgroup.pl\/index.php\/contact-us\/\" \/>\n<meta property=\"og:site_name\" content=\"PVGroup.pl - Wszystko do fotowoltaiki\" \/>\n<meta property=\"article:publisher\" content=\"https:\/\/www.facebook.com\/pvgrouppl\/\" \/>\n<meta property=\"article:modified_time\" content=\"2024-07-04T06:57:21+00:00\" \/>\n<meta property=\"og:image\" content=\"https:\/\/pvgroup.pl\/wp-content\/uploads\/2022\/10\/prosta-linia-1024x79.png\" \/>\n<meta name=\"twitter:card\" content=\"summary_large_image\" \/>\n<meta name=\"twitter:label1\" content=\"Szacowany czas czytania\" \/>\n\t<meta name=\"twitter:data1\" content=\"4 minuty\" \/>\n<script type=\"application\/ld+json\" class=\"yoast-schema-graph\">{\"@context\":\"https:\/\/schema.org\",\"@graph\":[{\"@type\":\"WebPage\",\"@id\":\"https:\/\/pvgroup.pl\/index.php\/contact-us\/\",\"url\":\"https:\/\/pvgroup.pl\/index.php\/contact-us\/\",\"name\":\"PVGroup.pl dane kontaktowe - Hurtownia fotowoltaiczna \u015al\u0105sk Katowice\",\"isPartOf\":{\"@id\":\"https:\/\/pvgroup.pl\/#website\"},\"primaryImageOfPage\":{\"@id\":\"https:\/\/pvgroup.pl\/index.php\/contact-us\/#primaryimage\"},\"image\":{\"@id\":\"https:\/\/pvgroup.pl\/index.php\/contact-us\/#primaryimage\"},\"thumbnailUrl\":\"https:\/\/pvgroup.pl\/wp-content\/uploads\/2022\/10\/prosta-linia-1024x79.png\",\"datePublished\":\"2018-08-17T13:20:28+00:00\",\"dateModified\":\"2024-07-04T06:57:21+00:00\",\"description\":\"Gotowe zestawy fotowoltaiczne do samodzielnego monta\u017cu. Hurtownia fotowoltaiczna. Szybka dostawa, Dane kontaktowe PVGroup.pl\",\"breadcrumb\":{\"@id\":\"https:\/\/pvgroup.pl\/index.php\/contact-us\/#breadcrumb\"},\"inLanguage\":\"pl-PL\",\"potentialAction\":[{\"@type\":\"ReadAction\",\"target\":[\"https:\/\/pvgroup.pl\/index.php\/contact-us\/\"]}]},{\"@type\":\"ImageObject\",\"inLanguage\":\"pl-PL\",\"@id\":\"https:\/\/pvgroup.pl\/index.php\/contact-us\/#primaryimage\",\"url\":\"https:\/\/pvgroup.pl\/wp-content\/uploads\/2022\/10\/prosta-linia.png\",\"contentUrl\":\"https:\/\/pvgroup.pl\/wp-content\/uploads\/2022\/10\/prosta-linia.png\",\"width\":1914,\"height\":148},{\"@type\":\"BreadcrumbList\",\"@id\":\"https:\/\/pvgroup.pl\/index.php\/contact-us\/#breadcrumb\",\"itemListElement\":[{\"@type\":\"ListItem\",\"position\":1,\"name\":\"Strona g\u0142\u00f3wna\",\"item\":\"https:\/\/pvgroup.pl\/\"},{\"@type\":\"ListItem\",\"position\":2,\"name\":\"Contact Us\"}]},{\"@type\":\"WebSite\",\"@id\":\"https:\/\/pvgroup.pl\/#website\",\"url\":\"https:\/\/pvgroup.pl\/\",\"name\":\"PVGroup.pl - Wszystko do fotowoltaiki\",\"description\":\"Zestawy fotowoltaiczne , Panele s\u0142oneczne,  Fotowoltaika. Zestawy fotowoltaiki,  sklep stacjonarny i OnLine\",\"publisher\":{\"@id\":\"https:\/\/pvgroup.pl\/#organization\"},\"potentialAction\":[{\"@type\":\"SearchAction\",\"target\":{\"@type\":\"EntryPoint\",\"urlTemplate\":\"https:\/\/pvgroup.pl\/?s={search_term_string}\"},\"query-input\":\"required name=search_term_string\"}],\"inLanguage\":\"pl-PL\"},{\"@type\":\"Organization\",\"@id\":\"https:\/\/pvgroup.pl\/#organization\",\"name\":\"PVGroup.pl\",\"url\":\"https:\/\/pvgroup.pl\/\",\"logo\":{\"@type\":\"ImageObject\",\"inLanguage\":\"pl-PL\",\"@id\":\"https:\/\/pvgroup.pl\/#\/schema\/logo\/image\/\",\"url\":\"https:\/\/pvgroup.pl\/wp-content\/uploads\/2019\/10\/PVGroup-logotyp_RGB-kolor-01.png\",\"contentUrl\":\"https:\/\/pvgroup.pl\/wp-content\/uploads\/2019\/10\/PVGroup-logotyp_RGB-kolor-01.png\",\"width\":2415,\"height\":1002,\"caption\":\"PVGroup.pl\"},\"image\":{\"@id\":\"https:\/\/pvgroup.pl\/#\/schema\/logo\/image\/\"},\"sameAs\":[\"https:\/\/www.facebook.com\/pvgrouppl\/\"]}]}<\/script>\n<!-- \/ Yoast SEO plugin. -->","yoast_head_json":{"title":"PVGroup.pl dane kontaktowe - Hurtownia fotowoltaiczna \u015al\u0105sk Katowice","description":"Gotowe zestawy fotowoltaiczne do samodzielnego monta\u017cu. Hurtownia fotowoltaiczna. Szybka dostawa, Dane kontaktowe PVGroup.pl","robots":{"index":"index","follow":"follow","max-snippet":"max-snippet:-1","max-image-preview":"max-image-preview:large","max-video-preview":"max-video-preview:-1"},"canonical":"https:\/\/pvgroup.pl\/index.php\/contact-us\/","og_locale":"pl_PL","og_type":"article","og_title":"PVGroup.pl dane kontaktowe - Hurtownia fotowoltaiczna \u015al\u0105sk Katowice","og_description":"Gotowe zestawy fotowoltaiczne do samodzielnego monta\u017cu. Hurtownia fotowoltaiczna. Szybka dostawa, Dane kontaktowe PVGroup.pl","og_url":"https:\/\/pvgroup.pl\/index.php\/contact-us\/","og_site_name":"PVGroup.pl - Wszystko do fotowoltaiki","article_publisher":"https:\/\/www.facebook.com\/pvgrouppl\/","article_modified_time":"2024-07-04T06:57:21+00:00","og_image":[{"url":"https:\/\/pvgroup.pl\/wp-content\/uploads\/2022\/10\/prosta-linia-1024x79.png"}],"twitter_card":"summary_large_image","twitter_misc":{"Szacowany czas czytania":"4 minuty"},"schema":{"@context":"https:\/\/schema.org","@graph":[{"@type":"WebPage","@id":"https:\/\/pvgroup.pl\/index.php\/contact-us\/","url":"https:\/\/pvgroup.pl\/index.php\/contact-us\/","name":"PVGroup.pl dane kontaktowe - Hurtownia fotowoltaiczna \u015al\u0105sk Katowice","isPartOf":{"@id":"https:\/\/pvgroup.pl\/#website"},"primaryImageOfPage":{"@id":"https:\/\/pvgroup.pl\/index.php\/contact-us\/#primaryimage"},"image":{"@id":"https:\/\/pvgroup.pl\/index.php\/contact-us\/#primaryimage"},"thumbnailUrl":"https:\/\/pvgroup.pl\/wp-content\/uploads\/2022\/10\/prosta-linia-1024x79.png","datePublished":"2018-08-17T13:20:28+00:00","dateModified":"2024-07-04T06:57:21+00:00","description":"Gotowe zestawy fotowoltaiczne do samodzielnego monta\u017cu. Hurtownia fotowoltaiczna. Szybka dostawa, Dane kontaktowe PVGroup.pl","breadcrumb":{"@id":"https:\/\/pvgroup.pl\/index.php\/contact-us\/#breadcrumb"},"inLanguage":"pl-PL","potentialAction":[{"@type":"ReadAction","target":["https:\/\/pvgroup.pl\/index.php\/contact-us\/"]}]},{"@type":"ImageObject","inLanguage":"pl-PL","@id":"https:\/\/pvgroup.pl\/index.php\/contact-us\/#primaryimage","url":"https:\/\/pvgroup.pl\/wp-content\/uploads\/2022\/10\/prosta-linia.png","contentUrl":"https:\/\/pvgroup.pl\/wp-content\/uploads\/2022\/10\/prosta-linia.png","width":1914,"height":148},{"@type":"BreadcrumbList","@id":"https:\/\/pvgroup.pl\/index.php\/contact-us\/#breadcrumb","itemListElement":[{"@type":"ListItem","position":1,"name":"Strona g\u0142\u00f3wna","item":"https:\/\/pvgroup.pl\/"},{"@type":"ListItem","position":2,"name":"Contact Us"}]},{"@type":"WebSite","@id":"https:\/\/pvgroup.pl\/#website","url":"https:\/\/pvgroup.pl\/","name":"PVGroup.pl - Wszystko do fotowoltaiki","description":"Zestawy fotowoltaiczne , Panele s\u0142oneczne,  Fotowoltaika. Zestawy fotowoltaiki,  sklep stacjonarny i OnLine","publisher":{"@id":"https:\/\/pvgroup.pl\/#organization"},"potentialAction":[{"@type":"SearchAction","target":{"@type":"EntryPoint","urlTemplate":"https:\/\/pvgroup.pl\/?s={search_term_string}"},"query-input":"required name=search_term_string"}],"inLanguage":"pl-PL"},{"@type":"Organization","@id":"https:\/\/pvgroup.pl\/#organization","name":"PVGroup.pl","url":"https:\/\/pvgroup.pl\/","logo":{"@type":"ImageObject","inLanguage":"pl-PL","@id":"https:\/\/pvgroup.pl\/#\/schema\/logo\/image\/","url":"https:\/\/pvgroup.pl\/wp-content\/uploads\/2019\/10\/PVGroup-logotyp_RGB-kolor-01.png","contentUrl":"https:\/\/pvgroup.pl\/wp-content\/uploads\/2019\/10\/PVGroup-logotyp_RGB-kolor-01.png","width":2415,"height":1002,"caption":"PVGroup.pl"},"image":{"@id":"https:\/\/pvgroup.pl\/#\/schema\/logo\/image\/"},"sameAs":["https:\/\/www.facebook.com\/pvgrouppl\/"]}]}},"_links":{"self":[{"href":"https:\/\/pvgroup.pl\/index.php\/wp-json\/wp\/v2\/pages\/468","targetHints":{"allow":["GET"]}}],"collection":[{"href":"https:\/\/pvgroup.pl\/index.php\/wp-json\/wp\/v2\/pages"}],"about":[{"href":"https:\/\/pvgroup.pl\/index.php\/wp-json\/wp\/v2\/types\/page"}],"author":[{"embeddable":true,"href":"https:\/\/pvgroup.pl\/index.php\/wp-json\/wp\/v2\/users\/1"}],"replies":[{"embeddable":true,"href":"https:\/\/pvgroup.pl\/index.php\/wp-json\/wp\/v2\/comments?post=468"}],"version-history":[{"count":104,"href":"https:\/\/pvgroup.pl\/index.php\/wp-json\/wp\/v2\/pages\/468\/revisions"}],"predecessor-version":[{"id":34243,"href":"https:\/\/pvgroup.pl\/index.php\/wp-json\/wp\/v2\/pages\/468\/revisions\/34243"}],"wp:attachment":[{"href":"https:\/\/pvgroup.pl\/index.php\/wp-json\/wp\/v2\/media?parent=468"}],"curies":[{"name":"wp","href":"https:\/\/api.w.org\/{rel}","templated":true}]}}