{"id":17154,"date":"2022-01-11T12:15:50","date_gmt":"2022-01-11T11:15:50","guid":{"rendered":"https:\/\/pvgroup.pl\/?post_type=product&#038;p=17154"},"modified":"2026-04-13T14:38:55","modified_gmt":"2026-04-13T12:38:55","slug":"inwerter-hydrydowy-growatt-min-2500tl-xh","status":"publish","type":"product","link":"https:\/\/pvgroup.pl\/index.php\/produkt\/inwerter-hydrydowy-growatt-min-2500tl-xh\/","title":{"rendered":"Inwerter hydrydowy Growatt MIN 2500TL-XH"},"content":{"rendered":"<h1 style=\"text-align: center;\"><strong>Inwerter hybrydowy Growatt MIN 2500TL-XH 1 Fazowy<\/strong><\/h1>\n<p>&nbsp;<\/p>\n<h3 style=\"text-align: center;\">Inwerter renomowanej marki GROWATT<\/h3>\n<h3 style=\"text-align: center;\">z Polskiej dystrybucji &#8211; 10 lat gwarancji<\/h3>\n<p>&nbsp;<\/p>\n<h6 style=\"text-align: center;\"><strong>Zapytaj o dost\u0119pno\u015b\u0107 wybranego modelu<\/strong><strong>\u00a0<a href=\"mailto:wholesale@pvgroup.pl\">tutaj.<\/a><\/strong><\/h6>\n<p>&nbsp;<\/p>\n<p>&nbsp;<\/p>\n<h4 style=\"text-align: center;\">\u00a0Autoryzowany partner handlowy:<\/h4>\n<p><a href=\"https:\/\/pvgroup.pl\/wp-content\/uploads\/2022\/10\/pvgrouppllogo.png\"><img loading=\"lazy\" decoding=\"async\" class=\"aligncenter size-full wp-image-26182\" src=\"https:\/\/pvgroup.pl\/wp-content\/uploads\/2022\/10\/pvgrouppllogo.png\" alt=\"pvgrouppllogo\" width=\"400\" height=\"133\" srcset=\"https:\/\/pvgroup.pl\/wp-content\/uploads\/2022\/10\/pvgrouppllogo.png 400w, https:\/\/pvgroup.pl\/wp-content\/uploads\/2022\/10\/pvgrouppllogo-300x100.png 300w\" sizes=\"auto, (max-width: 400px) 100vw, 400px\" \/><\/a><\/p>\n<p>&nbsp;<\/p>\n<h4 style=\"text-align: center;\"><strong>Je\u015bli jeste\u015b zainteresowany kupnem wybranego inwertera w ilo\u015bciach hurtowych skontaktuj si\u0119 z naszym zespo\u0142em <a href=\"mailto:wholesale@pvgroup.pl\">tutaj<em>.<\/em><\/a><\/strong><\/h4>\n<p>&nbsp;<\/p>\n<p><img loading=\"lazy\" decoding=\"async\" class=\"aligncenter\" src=\"https:\/\/pvgroup.pl\/wp-content\/uploads\/2020\/04\/growatt-X-2500.jpg\" width=\"476\" height=\"442\" \/><\/p>\n<p style=\"text-align: center;\"><strong>Inwertery<\/strong> Hybrydowe cechuje przyst\u0119pna cena i wysoka jako\u015b\u0107. Posiadaj\u0105 certyfikaty na rynek polski i s\u0105 cz\u0119sto stosowane w instalacjach prokonsumenckich. Producent posiada w Polsce przedstawicielstwo co gwarantuje dost\u0119pno\u015b\u0107 serwisow\u0105 i \u015bwiadczy o mocnej pozycji na polskim rynku.<br \/>\nDo<strong> inwerter\u00f3w Growatt<\/strong> mo\u017cna dokupi\u0107 urz\u0105dzenia wizualizuj\u0105ce wytwarzanie pr\u0105du o nazwie <strong>Shine Vision<\/strong>. Jest to niezwykle wygodne rozwi\u0105zanie kiedy <strong>inwerter<\/strong> jest umiejscowiony gdzie\u015b na zapleczu, w pomieszczeniu technicznym a sam wy\u015bwietlacz mo\u017cna umie\u015bci\u0107 w salonie (ma kszta\u0142t i wygl\u0105d typowej stacji pogodowej) i wygodnie obserwowa\u0107 produkcj\u0119 energii.<\/p>\n<p>&nbsp;<\/p>\n<p><img decoding=\"async\" class=\"aligncenter\" src=\"https:\/\/pvgroup.pl\/wp-content\/uploads\/2021\/02\/GrowattPVGroup.pl_.png\" \/><\/p>\n<h5 style=\"text-align: center;\">Za bezpiecze\u0144stwo przesy\u0142ek inwerter\u00f3w odpowiada :<\/h5>\n<p>&nbsp;<\/p>\n<p><img loading=\"lazy\" decoding=\"async\" class=\"aligncenter\" src=\"https:\/\/pvgroup.pl\/wp-content\/uploads\/2020\/11\/dpd_big-300x300-1.jpg\" width=\"347\" height=\"347\" \/><\/p>\n<p>&nbsp;<\/p>\n<h3><\/h3>\n<h2 style=\"text-align: center;\"><strong>Podstawowe dane techniczne<\/strong> Inwerter hydrydowy Growatt MIN 2500TL-XH<strong>:<\/strong><\/h2>\n<p>&nbsp;<\/p>\n<ul>\n<li>Cz\u0119stotliwo\u015b\u0107 nominalna[Hz]: 50\/ 60<\/li>\n<li>Maksymalna moc wyj\u015bciowa[W]: 2500<\/li>\n<li>Maksymalna sprawno\u015b\u0107 inwertera [%]: 98,2<\/li>\n<li>Maksymalne nat\u0119\u017cenie pr\u0105du DC: 13.5 A<\/li>\n<li>Pr\u0105d wyj\u015bciowy AC [A]: 11,3<\/li>\n<li>Maksymalne napi\u0119cie wej\u015bciowe [V]: 360-500<\/li>\n<li>Wy\u015bwietlacz: OLED+LED\/WiFi+APP<\/li>\n<li>Komunikacja: USB\/RS485\/WiFi\/4G\/GPRS\/RF<\/li>\n<li>Temperatura otoczenia inwertera[C]: -25 do +60<\/li>\n<li>Waga [kg]: 10,8<\/li>\n<li>Poziom ha\u0142asu[dB]: &lt;25<\/li>\n<li>Stopie\u0144 ochrony: IP65<\/li>\n<li>Wymiary: 375\/350\/160<\/li>\n<\/ul>\n<h4><strong><a href=\"https:\/\/pvgroup.pl\/index.php\/inwertery-growatt-inverters-growatt\/\">Pe\u0142n\u0105 dokumentacj\u0119, certyfikaty oraz instrukcje obs\u0142ugi znajdziesz tutaj.<\/a><\/strong><\/h4>\n<p>&nbsp;<\/p>\n<h4>Falownik fotowoltaiczny z oficjalnej dystrybucji \/ gwarancji firmy Growatt w Polsce \u2013 <span role=\"gridcell\"><a class=\"x1i10hfl xjbqb8w x6umtig x1b1mbwd xaqea5y xav7gou x9f619 x1ypdohk xt0psk2 xe8uvvx xdj266r x11i5rnm xat24cr x1mh8g0r xexx8yu x4uap5 x18d9i69 xkhd6sd x16tdsg8 xggy1nq x1a2a7pz xt0b8zv x1heor9g x1bvjpef\" role=\"link\" href=\"https:\/\/www.ginverter.com\/?fbclid=IwAR0UicS8ztPPAjSp3VqxwEyrh2jqrhELY75s1Ra-u6s9NzZoBJfjv0YgTSM\" target=\"_blank\" rel=\"nofollow noopener\">https:\/\/www.ginverter.com\/<\/a><\/span><\/h4>\n<p>&nbsp;<\/p>\n<h4><strong>Wi\u0119cej informacji znajdziesz na stronie producenta: <a href=\"https:\/\/www.ginverter.com\/\">tutaj.<\/a><\/strong><\/h4>\n<p>&nbsp;<\/p>\n<p><img loading=\"lazy\" decoding=\"async\" class=\" wp-image-1570 aligncenter\" src=\"https:\/\/pvgroup.pl\/wp-content\/uploads\/2019\/10\/cropped-PVGroup-logotyp_RGB-kolor-01-300x100.png\" alt=\"\" width=\"279\" height=\"93\" srcset=\"https:\/\/pvgroup.pl\/wp-content\/uploads\/2019\/10\/cropped-PVGroup-logotyp_RGB-kolor-01-300x100.png 300w, https:\/\/pvgroup.pl\/wp-content\/uploads\/2019\/10\/cropped-PVGroup-logotyp_RGB-kolor-01-768x256.png 768w, https:\/\/pvgroup.pl\/wp-content\/uploads\/2019\/10\/cropped-PVGroup-logotyp_RGB-kolor-01-1024x341.png 1024w, https:\/\/pvgroup.pl\/wp-content\/uploads\/2019\/10\/cropped-PVGroup-logotyp_RGB-kolor-01-20x7.png 20w, https:\/\/pvgroup.pl\/wp-content\/uploads\/2019\/10\/cropped-PVGroup-logotyp_RGB-kolor-01-600x200.png 600w\" sizes=\"auto, (max-width: 279px) 100vw, 279px\" \/><\/p>\n<h3 style=\"text-align: center;\"><strong>Pytania? Kontakt:<\/strong><\/h3>\n<h3 style=\"text-align: center;\"><a href=\"mailto:info@pvgroup.pl\">info@pvgroup.pl <\/a><strong>, telefon:<\/strong><\/h3>\n<h3 style=\"text-align: center;\"><strong>+48 516758 217<\/strong><\/h3>\n<h3 style=\"text-align: center;\"><strong>+48 737 185 830<\/strong><\/h3>\n<h3 style=\"text-align: center;\"><strong>+48 532 268 607<\/strong><\/h3>\n","protected":false},"excerpt":{"rendered":"<p><b>Falowniki<\/b>\u00a0firmy Growatt s\u0105 produktami z najwy\u017cszej p\u00f3\u0142ki. Firma Growatt jest liderem w produkcji falownik\u00f3w na \u015bwiatowym rynku fotowoltaicznym, \u0142\u0105cz\u0105c w sobie dobr\u0105 cen\u0119 z wysok\u0105 wydajno\u015bci\u0105.\u00a0<b>10 lat podstawowej gwarancji<\/b>\u00a0producenta na inwertery. Falowniki Growatt wsp\u00f3\u0142pracuj\u0105 lokalnie z\u00a0<b>WiFi Shine monitoringiem<\/b>, kt\u00f3ry mo\u017ce by\u0107 do nich doinstalowany tak\u017ce jako zewn\u0119trzny modu\u0142 komunikacji bezprzewodowej.<\/p>\n","protected":false},"featured_media":13318,"template":"","meta":{"site-sidebar-layout":"default","site-content-layout":"default","ast-site-content-layout":"default","site-content-style":"default","site-sidebar-style":"default","ast-global-header-display":"","ast-banner-title-visibility":"","ast-main-header-display":"","ast-hfb-above-header-display":"","ast-hfb-below-header-display":"","ast-hfb-mobile-header-display":"","site-post-title":"","ast-breadcrumbs-content":"","ast-featured-img":"","footer-sml-layout":"","ast-disable-related-posts":"","theme-transparent-header-meta":"default","adv-header-id-meta":"","stick-header-meta":"default","header-above-stick-meta":"","header-main-stick-meta":"","header-below-stick-meta":"","astra-migrate-meta-layouts":"set","ast-page-background-enabled":"default","ast-page-background-meta":{"desktop":{"background-color":"","background-image":"","background-repeat":"repeat","background-position":"center center","background-size":"auto","background-attachment":"scroll","background-type":"","background-media":"","overlay-type":"","overlay-color":"","overlay-opacity":"","overlay-gradient":""},"tablet":{"background-color":"","background-image":"","background-repeat":"repeat","background-position":"center center","background-size":"auto","background-attachment":"scroll","background-type":"","background-media":"","overlay-type":"","overlay-color":"","overlay-opacity":"","overlay-gradient":""},"mobile":{"background-color":"","background-image":"","background-repeat":"repeat","background-position":"center center","background-size":"auto","background-attachment":"scroll","background-type":"","background-media":"","overlay-type":"","overlay-color":"","overlay-opacity":"","overlay-gradient":""}},"ast-content-background-meta":{"desktop":{"background-color":"var(--ast-global-color-5)","background-image":"","background-repeat":"repeat","background-position":"center center","background-size":"auto","background-attachment":"scroll","background-type":"","background-media":"","overlay-type":"","overlay-color":"","overlay-opacity":"","overlay-gradient":""},"tablet":{"background-color":"var(--ast-global-color-5)","background-image":"","background-repeat":"repeat","background-position":"center center","background-size":"auto","background-attachment":"scroll","background-type":"","background-media":"","overlay-type":"","overlay-color":"","overlay-opacity":"","overlay-gradient":""},"mobile":{"background-color":"var(--ast-global-color-5)","background-image":"","background-repeat":"repeat","background-position":"center center","background-size":"auto","background-attachment":"scroll","background-type":"","background-media":"","overlay-type":"","overlay-color":"","overlay-opacity":"","overlay-gradient":""}}},"product_brand":[],"product_cat":[62,153,168],"product_tag":[98,100,97],"woo-feed-brand":[],"class_list":{"0":"post-17154","1":"product","2":"type-product","3":"status-publish","4":"has-post-thumbnail","6":"product_cat-inwertery-fotowoltaiczne-on-grid-230v","7":"product_cat-falowniki-3-fazowe-growatt-2","8":"product_cat-inwertery-hybrydowe-growatt","9":"product_tag-materialy-elektryczne-gt","10":"product_tag-przetwornice-napiecia","11":"product_tag-sprzet-gt","12":"product_shipping_class-paczka-do-30kg","13":"desktop-align-left","14":"tablet-align-left","15":"mobile-align-left","16":"ast-product-gallery-layout-horizontal-slider","17":"ast-product-gallery-with-no-image","18":"ast-product-tabs-layout-horizontal","20":"first","21":"outofstock","22":"taxable","23":"shipping-taxable","24":"purchasable","25":"product-type-simple"},"yoast_head":"<!-- This site is optimized with the Yoast SEO plugin v23.1 - https:\/\/yoast.com\/wordpress\/plugins\/seo\/ -->\n<title>Inwerter hybrydowy Growatt MIN 2500TL-XH<\/title>\n<meta name=\"description\" content=\"Inwerter hybrydowy Growatt MIN 2500TL-XH 10 lat gwarancji w Polsce. Bezposredni przedstawiciel Growatt. Hurtownia fotowoltaiczna\" \/>\n<meta name=\"robots\" content=\"index, follow, max-snippet:-1, max-image-preview:large, max-video-preview:-1\" \/>\n<link rel=\"canonical\" href=\"https:\/\/pvgroup.pl\/index.php\/produkt\/inwerter-hydrydowy-growatt-min-2500tl-xh\/\" \/>\n<meta property=\"og:locale\" content=\"pl_PL\" \/>\n<meta property=\"og:type\" content=\"article\" \/>\n<meta property=\"og:title\" content=\"Inwerter hybrydowy Growatt MIN 2500TL-XH\" \/>\n<meta property=\"og:description\" content=\"Inwerter hybrydowy Growatt MIN 2500TL-XH 10 lat gwarancji w Polsce. Bezposredni przedstawiciel Growatt. Hurtownia fotowoltaiczna\" \/>\n<meta property=\"og:url\" content=\"https:\/\/pvgroup.pl\/index.php\/produkt\/inwerter-hydrydowy-growatt-min-2500tl-xh\/\" \/>\n<meta property=\"og:site_name\" content=\"PVGroup.pl - Wszystko do fotowoltaiki\" \/>\n<meta property=\"article:publisher\" content=\"https:\/\/www.facebook.com\/pvgrouppl\/\" \/>\n<meta property=\"article:modified_time\" content=\"2026-04-13T12:38:55+00:00\" \/>\n<meta property=\"og:image\" content=\"https:\/\/pvgroup.pl\/wp-content\/uploads\/2020\/10\/Growatt-MOD-6000TL3-X.jpg\" \/>\n\t<meta property=\"og:image:width\" content=\"480\" \/>\n\t<meta property=\"og:image:height\" content=\"440\" \/>\n\t<meta property=\"og:image:type\" content=\"image\/jpeg\" \/>\n<meta name=\"twitter:card\" content=\"summary_large_image\" \/>\n<meta name=\"twitter:label1\" content=\"Szacowany czas czytania\" \/>\n\t<meta name=\"twitter:data1\" content=\"3 minuty\" \/>\n<script type=\"application\/ld+json\" class=\"yoast-schema-graph\">{\"@context\":\"https:\/\/schema.org\",\"@graph\":[{\"@type\":\"WebPage\",\"@id\":\"https:\/\/pvgroup.pl\/index.php\/produkt\/inwerter-hydrydowy-growatt-min-2500tl-xh\/\",\"url\":\"https:\/\/pvgroup.pl\/index.php\/produkt\/inwerter-hydrydowy-growatt-min-2500tl-xh\/\",\"name\":\"Inwerter hybrydowy Growatt MIN 2500TL-XH\",\"isPartOf\":{\"@id\":\"https:\/\/pvgroup.pl\/#website\"},\"primaryImageOfPage\":{\"@id\":\"https:\/\/pvgroup.pl\/index.php\/produkt\/inwerter-hydrydowy-growatt-min-2500tl-xh\/#primaryimage\"},\"image\":{\"@id\":\"https:\/\/pvgroup.pl\/index.php\/produkt\/inwerter-hydrydowy-growatt-min-2500tl-xh\/#primaryimage\"},\"thumbnailUrl\":\"https:\/\/pvgroup.pl\/wp-content\/uploads\/2020\/10\/Growatt-MOD-6000TL3-X.jpg\",\"datePublished\":\"2022-01-11T11:15:50+00:00\",\"dateModified\":\"2026-04-13T12:38:55+00:00\",\"description\":\"Inwerter hybrydowy Growatt MIN 2500TL-XH 10 lat gwarancji w Polsce. Bezposredni przedstawiciel Growatt. Hurtownia fotowoltaiczna\",\"breadcrumb\":{\"@id\":\"https:\/\/pvgroup.pl\/index.php\/produkt\/inwerter-hydrydowy-growatt-min-2500tl-xh\/#breadcrumb\"},\"inLanguage\":\"pl-PL\",\"potentialAction\":[{\"@type\":\"ReadAction\",\"target\":[\"https:\/\/pvgroup.pl\/index.php\/produkt\/inwerter-hydrydowy-growatt-min-2500tl-xh\/\"]}]},{\"@type\":\"ImageObject\",\"inLanguage\":\"pl-PL\",\"@id\":\"https:\/\/pvgroup.pl\/index.php\/produkt\/inwerter-hydrydowy-growatt-min-2500tl-xh\/#primaryimage\",\"url\":\"https:\/\/pvgroup.pl\/wp-content\/uploads\/2020\/10\/Growatt-MOD-6000TL3-X.jpg\",\"contentUrl\":\"https:\/\/pvgroup.pl\/wp-content\/uploads\/2020\/10\/Growatt-MOD-6000TL3-X.jpg\",\"width\":480,\"height\":440,\"caption\":\"Growatt seria MOD\"},{\"@type\":\"BreadcrumbList\",\"@id\":\"https:\/\/pvgroup.pl\/index.php\/produkt\/inwerter-hydrydowy-growatt-min-2500tl-xh\/#breadcrumb\",\"itemListElement\":[{\"@type\":\"ListItem\",\"position\":1,\"name\":\"Strona g\u0142\u00f3wna\",\"item\":\"https:\/\/pvgroup.pl\/\"},{\"@type\":\"ListItem\",\"position\":2,\"name\":\"Sklep\",\"item\":\"https:\/\/pvgroup.pl\/index.php\/sklep\/\"},{\"@type\":\"ListItem\",\"position\":3,\"name\":\"Inwerter hydrydowy Growatt MIN 2500TL-XH\"}]},{\"@type\":\"WebSite\",\"@id\":\"https:\/\/pvgroup.pl\/#website\",\"url\":\"https:\/\/pvgroup.pl\/\",\"name\":\"PVGroup.pl - Wszystko do fotowoltaiki\",\"description\":\"Zestawy fotowoltaiczne , Panele s\u0142oneczne,  Fotowoltaika. Zestawy fotowoltaiki,  sklep stacjonarny i OnLine\",\"publisher\":{\"@id\":\"https:\/\/pvgroup.pl\/#organization\"},\"potentialAction\":[{\"@type\":\"SearchAction\",\"target\":{\"@type\":\"EntryPoint\",\"urlTemplate\":\"https:\/\/pvgroup.pl\/?s={search_term_string}\"},\"query-input\":\"required name=search_term_string\"}],\"inLanguage\":\"pl-PL\"},{\"@type\":\"Organization\",\"@id\":\"https:\/\/pvgroup.pl\/#organization\",\"name\":\"PVGroup.pl\",\"url\":\"https:\/\/pvgroup.pl\/\",\"logo\":{\"@type\":\"ImageObject\",\"inLanguage\":\"pl-PL\",\"@id\":\"https:\/\/pvgroup.pl\/#\/schema\/logo\/image\/\",\"url\":\"https:\/\/pvgroup.pl\/wp-content\/uploads\/2019\/10\/PVGroup-logotyp_RGB-kolor-01.png\",\"contentUrl\":\"https:\/\/pvgroup.pl\/wp-content\/uploads\/2019\/10\/PVGroup-logotyp_RGB-kolor-01.png\",\"width\":2415,\"height\":1002,\"caption\":\"PVGroup.pl\"},\"image\":{\"@id\":\"https:\/\/pvgroup.pl\/#\/schema\/logo\/image\/\"},\"sameAs\":[\"https:\/\/www.facebook.com\/pvgrouppl\/\"]}]}<\/script>\n<!-- \/ Yoast SEO plugin. -->","yoast_head_json":{"title":"Inwerter hybrydowy Growatt MIN 2500TL-XH","description":"Inwerter hybrydowy Growatt MIN 2500TL-XH 10 lat gwarancji w Polsce. Bezposredni przedstawiciel Growatt. Hurtownia fotowoltaiczna","robots":{"index":"index","follow":"follow","max-snippet":"max-snippet:-1","max-image-preview":"max-image-preview:large","max-video-preview":"max-video-preview:-1"},"canonical":"https:\/\/pvgroup.pl\/index.php\/produkt\/inwerter-hydrydowy-growatt-min-2500tl-xh\/","og_locale":"pl_PL","og_type":"article","og_title":"Inwerter hybrydowy Growatt MIN 2500TL-XH","og_description":"Inwerter hybrydowy Growatt MIN 2500TL-XH 10 lat gwarancji w Polsce. Bezposredni przedstawiciel Growatt. Hurtownia fotowoltaiczna","og_url":"https:\/\/pvgroup.pl\/index.php\/produkt\/inwerter-hydrydowy-growatt-min-2500tl-xh\/","og_site_name":"PVGroup.pl - Wszystko do fotowoltaiki","article_publisher":"https:\/\/www.facebook.com\/pvgrouppl\/","article_modified_time":"2026-04-13T12:38:55+00:00","og_image":[{"width":480,"height":440,"url":"https:\/\/pvgroup.pl\/wp-content\/uploads\/2020\/10\/Growatt-MOD-6000TL3-X.jpg","type":"image\/jpeg"}],"twitter_card":"summary_large_image","twitter_misc":{"Szacowany czas czytania":"3 minuty"},"schema":{"@context":"https:\/\/schema.org","@graph":[{"@type":"WebPage","@id":"https:\/\/pvgroup.pl\/index.php\/produkt\/inwerter-hydrydowy-growatt-min-2500tl-xh\/","url":"https:\/\/pvgroup.pl\/index.php\/produkt\/inwerter-hydrydowy-growatt-min-2500tl-xh\/","name":"Inwerter hybrydowy Growatt MIN 2500TL-XH","isPartOf":{"@id":"https:\/\/pvgroup.pl\/#website"},"primaryImageOfPage":{"@id":"https:\/\/pvgroup.pl\/index.php\/produkt\/inwerter-hydrydowy-growatt-min-2500tl-xh\/#primaryimage"},"image":{"@id":"https:\/\/pvgroup.pl\/index.php\/produkt\/inwerter-hydrydowy-growatt-min-2500tl-xh\/#primaryimage"},"thumbnailUrl":"https:\/\/pvgroup.pl\/wp-content\/uploads\/2020\/10\/Growatt-MOD-6000TL3-X.jpg","datePublished":"2022-01-11T11:15:50+00:00","dateModified":"2026-04-13T12:38:55+00:00","description":"Inwerter hybrydowy Growatt MIN 2500TL-XH 10 lat gwarancji w Polsce. Bezposredni przedstawiciel Growatt. Hurtownia fotowoltaiczna","breadcrumb":{"@id":"https:\/\/pvgroup.pl\/index.php\/produkt\/inwerter-hydrydowy-growatt-min-2500tl-xh\/#breadcrumb"},"inLanguage":"pl-PL","potentialAction":[{"@type":"ReadAction","target":["https:\/\/pvgroup.pl\/index.php\/produkt\/inwerter-hydrydowy-growatt-min-2500tl-xh\/"]}]},{"@type":"ImageObject","inLanguage":"pl-PL","@id":"https:\/\/pvgroup.pl\/index.php\/produkt\/inwerter-hydrydowy-growatt-min-2500tl-xh\/#primaryimage","url":"https:\/\/pvgroup.pl\/wp-content\/uploads\/2020\/10\/Growatt-MOD-6000TL3-X.jpg","contentUrl":"https:\/\/pvgroup.pl\/wp-content\/uploads\/2020\/10\/Growatt-MOD-6000TL3-X.jpg","width":480,"height":440,"caption":"Growatt seria MOD"},{"@type":"BreadcrumbList","@id":"https:\/\/pvgroup.pl\/index.php\/produkt\/inwerter-hydrydowy-growatt-min-2500tl-xh\/#breadcrumb","itemListElement":[{"@type":"ListItem","position":1,"name":"Strona g\u0142\u00f3wna","item":"https:\/\/pvgroup.pl\/"},{"@type":"ListItem","position":2,"name":"Sklep","item":"https:\/\/pvgroup.pl\/index.php\/sklep\/"},{"@type":"ListItem","position":3,"name":"Inwerter hydrydowy Growatt MIN 2500TL-XH"}]},{"@type":"WebSite","@id":"https:\/\/pvgroup.pl\/#website","url":"https:\/\/pvgroup.pl\/","name":"PVGroup.pl - Wszystko do fotowoltaiki","description":"Zestawy fotowoltaiczne , Panele s\u0142oneczne,  Fotowoltaika. Zestawy fotowoltaiki,  sklep stacjonarny i OnLine","publisher":{"@id":"https:\/\/pvgroup.pl\/#organization"},"potentialAction":[{"@type":"SearchAction","target":{"@type":"EntryPoint","urlTemplate":"https:\/\/pvgroup.pl\/?s={search_term_string}"},"query-input":"required name=search_term_string"}],"inLanguage":"pl-PL"},{"@type":"Organization","@id":"https:\/\/pvgroup.pl\/#organization","name":"PVGroup.pl","url":"https:\/\/pvgroup.pl\/","logo":{"@type":"ImageObject","inLanguage":"pl-PL","@id":"https:\/\/pvgroup.pl\/#\/schema\/logo\/image\/","url":"https:\/\/pvgroup.pl\/wp-content\/uploads\/2019\/10\/PVGroup-logotyp_RGB-kolor-01.png","contentUrl":"https:\/\/pvgroup.pl\/wp-content\/uploads\/2019\/10\/PVGroup-logotyp_RGB-kolor-01.png","width":2415,"height":1002,"caption":"PVGroup.pl"},"image":{"@id":"https:\/\/pvgroup.pl\/#\/schema\/logo\/image\/"},"sameAs":["https:\/\/www.facebook.com\/pvgrouppl\/"]}]}},"_links":{"self":[{"href":"https:\/\/pvgroup.pl\/index.php\/wp-json\/wp\/v2\/product\/17154","targetHints":{"allow":["GET"]}}],"collection":[{"href":"https:\/\/pvgroup.pl\/index.php\/wp-json\/wp\/v2\/product"}],"about":[{"href":"https:\/\/pvgroup.pl\/index.php\/wp-json\/wp\/v2\/types\/product"}],"wp:featuredmedia":[{"embeddable":true,"href":"https:\/\/pvgroup.pl\/index.php\/wp-json\/wp\/v2\/media\/13318"}],"wp:attachment":[{"href":"https:\/\/pvgroup.pl\/index.php\/wp-json\/wp\/v2\/media?parent=17154"}],"wp:term":[{"taxonomy":"product_brand","embeddable":true,"href":"https:\/\/pvgroup.pl\/index.php\/wp-json\/wp\/v2\/product_brand?post=17154"},{"taxonomy":"product_cat","embeddable":true,"href":"https:\/\/pvgroup.pl\/index.php\/wp-json\/wp\/v2\/product_cat?post=17154"},{"taxonomy":"product_tag","embeddable":true,"href":"https:\/\/pvgroup.pl\/index.php\/wp-json\/wp\/v2\/product_tag?post=17154"},{"taxonomy":"woo-feed-brand","embeddable":true,"href":"https:\/\/pvgroup.pl\/index.php\/wp-json\/wp\/v2\/woo-feed-brand?post=17154"}],"curies":[{"name":"wp","href":"https:\/\/api.w.org\/{rel}","templated":true}]}}