{"id":19046,"date":"2022-10-06T09:23:16","date_gmt":"2022-10-06T07:23:16","guid":{"rendered":"https:\/\/pvgroup.pl\/?post_type=product&#038;p=19046"},"modified":"2026-04-10T11:17:29","modified_gmt":"2026-04-10T09:17:29","slug":"growatt-max-70ktl3-lv-inwerter-sieciowy","status":"publish","type":"product","link":"https:\/\/pvgroup.pl\/index.php\/produkt\/growatt-max-70ktl3-lv-inwerter-sieciowy\/","title":{"rendered":"Growatt MAX 70KTL3 LV | Inwerter sieciowy"},"content":{"rendered":"<h1 style=\"text-align: center;\"><strong>INWERTER <\/strong><strong>3-FAZOWY GROWATT MAX 70KTL3 LV<\/strong><\/h1>\n<p>&nbsp;<\/p>\n<h3 style=\"text-align: center;\">Inwerter renomowanej marki GROWATT<\/h3>\n<h3 style=\"text-align: center;\">z Polskiej dystrybucji &#8211; 10 lat gwarancji<\/h3>\n<p>&nbsp;<\/p>\n<h6 style=\"text-align: center;\"><strong>Zapytaj o dost\u0119pno\u015b\u0107 wybranego modelu<\/strong><strong>\u00a0<a href=\"mailto:wholesale@pvgroup.pl\">tutaj.<\/a><\/strong><\/h6>\n<p>&nbsp;<\/p>\n<p>&nbsp;<\/p>\n<h4 style=\"text-align: center;\">\u00a0Autoryzowany partner handlowy:<\/h4>\n<p><a href=\"https:\/\/pvgroup.pl\/wp-content\/uploads\/2022\/10\/pvgrouppllogo.png\"><img loading=\"lazy\" decoding=\"async\" class=\"aligncenter size-full wp-image-26182\" src=\"https:\/\/pvgroup.pl\/wp-content\/uploads\/2022\/10\/pvgrouppllogo.png\" alt=\"pvgrouppllogo\" width=\"400\" height=\"133\" srcset=\"https:\/\/pvgroup.pl\/wp-content\/uploads\/2022\/10\/pvgrouppllogo.png 400w, https:\/\/pvgroup.pl\/wp-content\/uploads\/2022\/10\/pvgrouppllogo-300x100.png 300w\" sizes=\"auto, (max-width: 400px) 100vw, 400px\" \/><\/a><\/p>\n<p>&nbsp;<\/p>\n<h4 style=\"text-align: center;\"><strong>Je\u015bli jeste\u015b zainteresowany kupnem wybranego inwertera w ilo\u015bciach hurtowych skontaktuj si\u0119 z naszym zespo\u0142em <a href=\"mailto:wholesale@pvgroup.pl\">tutaj<em>.<\/em><\/a><\/strong><\/h4>\n<h2 style=\"text-align: center;\"><\/h2>\n<h2 style=\"text-align: center;\"><\/h2>\n<p><img loading=\"lazy\" decoding=\"async\" class=\"aligncenter wp-image-6394 size-full\" src=\"https:\/\/pvgroup.pl\/wp-content\/uploads\/2020\/02\/Growatt-logo.png\" alt=\"\" width=\"444\" height=\"444\" srcset=\"https:\/\/pvgroup.pl\/wp-content\/uploads\/2020\/02\/Growatt-logo.png 444w, https:\/\/pvgroup.pl\/wp-content\/uploads\/2020\/02\/Growatt-logo-150x150.png 150w, https:\/\/pvgroup.pl\/wp-content\/uploads\/2020\/02\/Growatt-logo-300x300.png 300w, https:\/\/pvgroup.pl\/wp-content\/uploads\/2020\/02\/Growatt-logo-20x20.png 20w, https:\/\/pvgroup.pl\/wp-content\/uploads\/2020\/02\/Growatt-logo-100x100.png 100w\" sizes=\"auto, (max-width: 444px) 100vw, 444px\" \/><\/p>\n<p><strong>Inwerter Growatt MAX 70KTL3 LV<\/strong>\u00a0cechuje przyst\u0119pna cena i wysoka jako\u015b\u0107. Posiada certyfikat na rynek polski i jest cz\u0119sto stosowany w instalacjach prokonsumenckich. Producent posiada w Polsce przedstawicielstwo co gwarantuje dost\u0119pno\u015b\u0107 serwisow\u0105 i \u015bwiadczy o mocnej pozycji na polskim rynku.<\/p>\n<p>Do<strong> inwerter\u00f3w Growatt<\/strong> mo\u017cna dokupi\u0107 urz\u0105dzenia wizualizuj\u0105ce wytwarzanie pr\u0105du o nazwie <strong>Shine Vision<\/strong>. Jest to niezwykle wygodne rozwi\u0105zanie kiedy inwerter jest umiejscowiony gdzie\u015b na zapleczu, w pomieszczeniu technicznym a sam wy\u015bwietlacz mo\u017cna umie\u015bci\u0107 w salonie i wygodnie obserwowa\u0107 produkcj\u0119 energii.<\/p>\n<p>&nbsp;<\/p>\n<h2 style=\"text-align: center;\"><strong>Growatt MAX 70KTL3 LV<\/strong><\/h2>\n<p><img loading=\"lazy\" decoding=\"async\" class=\"aligncenter wp-image-8512 size-full\" src=\"https:\/\/pvgroup.pl\/wp-content\/uploads\/2020\/04\/Growatt-50-KTL3-LV.png\" alt=\"Growatt 50 KW\" width=\"500\" height=\"500\" srcset=\"https:\/\/pvgroup.pl\/wp-content\/uploads\/2020\/04\/Growatt-50-KTL3-LV.png 500w, https:\/\/pvgroup.pl\/wp-content\/uploads\/2020\/04\/Growatt-50-KTL3-LV-150x150.png 150w, https:\/\/pvgroup.pl\/wp-content\/uploads\/2020\/04\/Growatt-50-KTL3-LV-300x300.png 300w, https:\/\/pvgroup.pl\/wp-content\/uploads\/2020\/04\/Growatt-50-KTL3-LV-20x20.png 20w, https:\/\/pvgroup.pl\/wp-content\/uploads\/2020\/04\/Growatt-50-KTL3-LV-100x100.png 100w\" sizes=\"auto, (max-width: 500px) 100vw, 500px\" \/><\/p>\n<p>&nbsp;<\/p>\n<p>Tr\u00f3jfazowe inwertery fotowoltaiczne przeznaczone dla zastosowa\u0144 przemys\u0142owych i\u00a0farmowych. Falowniki te posiadaj\u0105 6 wej\u015b\u0107 MPPT (50kW i\u00a060kW) oraz 7 wej\u015b\u0107 MPPT (70kW i\u00a080kW). Prac\u0119 instalacji fotowoltaicznej wyposa\u017conej w\u00a0inwertery MAX mo\u017cna monitorowa\u0107 przez WiFi-X \/ ShineLink-X \/ GPRS-X. Inwertery posiadaj\u0105 5 lat standardowej gwarancji producenta, kt\u00f3r\u0105 mo\u017cna przed\u0142u\u017cy\u0107 za dop\u0142at\u0105.<\/p>\n<p>&nbsp;<\/p>\n<div class=\"first-section-boxes general-info\">\n<h3 style=\"text-align: center;\"><\/h3>\n<h2>INFORMACJE OG\u00d3LNE<\/h2>\n<p>\u2022 Inwertery fotowoltaiczne posiadaj\u0105 sze\u015b\u0107 lub siedem wej\u015b\u0107 MPPT<\/p>\n<p>\u2022 Falowniki posiadaj\u0105 wbudowane zabezpieczenia przed uderzeniem pioruna \u2013 AC\/DC typ II<\/p>\n<p>\u2022 Wbudowana ochrona przed usterkami spowodowanymi zu\u017cyciem materia\u0142u. Ponadto gwarantuj\u0105 bezpiecze\u0144stwo przed wyst\u0119powaniem zjawiska \u0142uku elektrycznego (AFCI)<\/p>\n<p>\u2022 Dzia\u0142 techniczny dost\u0119pny jest 7 dni w\u00a0tygodniu od godziny 8 do 20<\/p>\n<p>\u2022 Mo\u017cliwo\u015b\u0107 zdalnego sprawdzania parametr\u00f3w pracy paneli fotowoltaicznych oraz sieci energetycznej przez wykwalifikowanych monter\u00f3w<\/p>\n<p>\u2022 Aplikacja ShinePhone umo\u017cliwia monitorowanie pracy instalacji fotowoltaicznej<\/p>\n<p>\u2022 Maksymalne napi\u0119cie DC inwerter\u00f3w 1100Vdc<\/p>\n<\/div>\n<p>&nbsp;<\/p>\n<p>&nbsp;<\/p>\n<p>&nbsp;<\/p>\n<h5 style=\"text-align: center;\">Za bezpiecze\u0144stwo przesy\u0142ek inwerter\u00f3w odpowiada:<\/h5>\n<p>&nbsp;<\/p>\n<p><img loading=\"lazy\" decoding=\"async\" class=\"aligncenter\" src=\"https:\/\/pvgroup.pl\/wp-content\/uploads\/2020\/11\/dpd_big-300x300-1.jpg\" width=\"347\" height=\"347\" \/><\/p>\n<p><strong>Inwertery Growatt<\/strong> podr\u00f3\u017cuj\u0105 do Pa\u0144stwa ubezpieczonym transportem. Przesy\u0142ki s\u0105 pakowane z du\u017c\u0105 staranno\u015bci\u0105 w taki spos\u00f3b aby <strong>inwerter <\/strong>dojecha\u0142 do miejsca przeznaczenia w formie nie naruszonej.\u00a0 Pakowanie odbywa si\u0119 pod nadzorem kamer. Je\u017celi jednak wyst\u0105pi problem prosimy o spisanie protoko\u0142u z kurierem, zaznaczenie co dok\u0142adnie jest uszkodzone i na tym odpowiedzialno\u015b\u0107 klienta si\u0119 ko\u0144czy. PVGroup.pl dosy\u0142a nowy towar. <a href=\"https:\/\/pvgroup.pl\/index.php\/zasady-wysylki\/\">Zasady wysy\u0142ek znajdziesz tutaj.<\/a><\/p>\n<p>&nbsp;<\/p>\n<h3 style=\"text-align: left;\"><strong>Podstawowe dane techniczne Growatt MAX 70KTL3 LV<\/strong><strong>:<\/strong><\/h3>\n<ul>\n<li>Cz\u0119stotliwo\u015b\u0107 nominalna[Hz]: 50\/ 60 +-5<\/li>\n<li>Moc nominalna [W]: 70000<\/li>\n<li>Maksymalna moc wyj\u015bciowa [VA]: 77700<\/li>\n<li>Maksymalna sprawno\u015b\u0107 inwertera [%]: 98,6<\/li>\n<li>Pr\u0105d wyj\u015bciowy AC [A]: 112,7<\/li>\n<li>Maksymalny pr\u0105d wej\u015bciowy [A]: 26<\/li>\n<li>Maksymalne napi\u0119cie wej\u015bciowe [V]: 1100<\/li>\n<li>Wy\u015bwietlacz: LED<\/li>\n<li>Komunikacja: USB\/RS485\/WiFi\/4G\/GPRS\/RF<\/li>\n<li>Temperatura otoczenia inwertera[C]: -25 do +60<\/li>\n<li>Waga [kg]: 86<\/li>\n<li>Stopie\u0144 ochrony: IP65<\/li>\n<li>Wymiary [mm]: 860\/600\/300<\/li>\n<\/ul>\n<p>&nbsp;<\/p>\n<h4><strong>Dokumenty do pobrania:<\/strong><\/h4>\n<p>&nbsp;<\/p>\n<h4>Falowniki z oficjalnej dystrybucji \/ gwarancji\u00a0 firmy Growatt w Polsce\u00a0&#8211;\u00a0<strong><a href=\"https:\/\/www.ginverter.com\/\">https:\/\/www.ginverter.com\/<\/a><\/strong><\/h4>\n<h4><\/h4>\n<h4><strong><a href=\"https:\/\/pvgroup.pl\/index.php\/dokumentacja-do-pobrania-documentation-to-downland\/\">Pe\u0142n\u0105 dokumentacj\u0119, certyfikaty oraz instrukcje obs\u0142ugi znajdziesz tutaj.<\/a><\/strong><\/h4>\n<h4><\/h4>\n<h4><strong><a href=\"https:\/\/pvgroup.pl\/index.php\/sklep\/\" target=\"_blank\" rel=\"noopener noreferrer\">Akcesoria oraz inne elementy dost\u0119pne tutaj.<\/a><\/strong><\/h4>\n<p><img loading=\"lazy\" decoding=\"async\" class=\" wp-image-1570 aligncenter\" src=\"https:\/\/pvgroup.pl\/wp-content\/uploads\/2019\/10\/cropped-PVGroup-logotyp_RGB-kolor-01-300x100.png\" alt=\"\" width=\"279\" height=\"93\" srcset=\"https:\/\/pvgroup.pl\/wp-content\/uploads\/2019\/10\/cropped-PVGroup-logotyp_RGB-kolor-01-300x100.png 300w, https:\/\/pvgroup.pl\/wp-content\/uploads\/2019\/10\/cropped-PVGroup-logotyp_RGB-kolor-01-768x256.png 768w, https:\/\/pvgroup.pl\/wp-content\/uploads\/2019\/10\/cropped-PVGroup-logotyp_RGB-kolor-01-1024x341.png 1024w, https:\/\/pvgroup.pl\/wp-content\/uploads\/2019\/10\/cropped-PVGroup-logotyp_RGB-kolor-01-20x7.png 20w, https:\/\/pvgroup.pl\/wp-content\/uploads\/2019\/10\/cropped-PVGroup-logotyp_RGB-kolor-01-600x200.png 600w\" sizes=\"auto, (max-width: 279px) 100vw, 279px\" \/><\/p>\n<h3 style=\"text-align: center;\"><strong>Pytania? Kontakt:<\/strong><\/h3>\n<h3 style=\"text-align: center;\"><a href=\"mailto:info@pvgroup.pl\">info@pvgroup.pl <\/a><strong>, telefon:<\/strong><\/h3>\n<h3 style=\"text-align: center;\"><strong>+48 516758 217<\/strong><\/h3>\n<h3 style=\"text-align: center;\"><strong>+48 737 185 830<\/strong><\/h3>\n<h3 style=\"text-align: center;\"><strong>+48 532 268 607<\/strong><\/h3>\n<p>&nbsp;<\/p>\n","protected":false},"excerpt":{"rendered":"<p>Kupuj bezpo\u015brednio u dystrybutora marki i b\u0105d\u017a pewny solidnej gwarancji. Inwertery marki Growatt wysy\u0142amy z magazynu w Polsce ubezpieczonymi przesy\u0142kami DPD.<\/p>\n","protected":false},"featured_media":8512,"template":"","meta":{"site-sidebar-layout":"default","site-content-layout":"default","ast-site-content-layout":"default","site-content-style":"default","site-sidebar-style":"default","ast-global-header-display":"","ast-banner-title-visibility":"","ast-main-header-display":"","ast-hfb-above-header-display":"","ast-hfb-below-header-display":"","ast-hfb-mobile-header-display":"","site-post-title":"","ast-breadcrumbs-content":"","ast-featured-img":"","footer-sml-layout":"","ast-disable-related-posts":"","theme-transparent-header-meta":"default","adv-header-id-meta":"","stick-header-meta":"default","header-above-stick-meta":"","header-main-stick-meta":"","header-below-stick-meta":"","astra-migrate-meta-layouts":"set","ast-page-background-enabled":"default","ast-page-background-meta":{"desktop":{"background-color":"","background-image":"","background-repeat":"repeat","background-position":"center center","background-size":"auto","background-attachment":"scroll","background-type":"","background-media":"","overlay-type":"","overlay-color":"","overlay-opacity":"","overlay-gradient":""},"tablet":{"background-color":"","background-image":"","background-repeat":"repeat","background-position":"center center","background-size":"auto","background-attachment":"scroll","background-type":"","background-media":"","overlay-type":"","overlay-color":"","overlay-opacity":"","overlay-gradient":""},"mobile":{"background-color":"","background-image":"","background-repeat":"repeat","background-position":"center center","background-size":"auto","background-attachment":"scroll","background-type":"","background-media":"","overlay-type":"","overlay-color":"","overlay-opacity":"","overlay-gradient":""}},"ast-content-background-meta":{"desktop":{"background-color":"var(--ast-global-color-5)","background-image":"","background-repeat":"repeat","background-position":"center center","background-size":"auto","background-attachment":"scroll","background-type":"","background-media":"","overlay-type":"","overlay-color":"","overlay-opacity":"","overlay-gradient":""},"tablet":{"background-color":"var(--ast-global-color-5)","background-image":"","background-repeat":"repeat","background-position":"center center","background-size":"auto","background-attachment":"scroll","background-type":"","background-media":"","overlay-type":"","overlay-color":"","overlay-opacity":"","overlay-gradient":""},"mobile":{"background-color":"var(--ast-global-color-5)","background-image":"","background-repeat":"repeat","background-position":"center center","background-size":"auto","background-attachment":"scroll","background-type":"","background-media":"","overlay-type":"","overlay-color":"","overlay-opacity":"","overlay-gradient":""}}},"product_brand":[],"product_cat":[62,153],"product_tag":[205,98,100,97],"woo-feed-brand":[],"class_list":{"0":"post-19046","1":"product","2":"type-product","3":"status-publish","4":"has-post-thumbnail","6":"product_cat-inwertery-fotowoltaiczne-on-grid-230v","7":"product_cat-falowniki-3-fazowe-growatt-2","8":"product_tag-inverter","9":"product_tag-materialy-elektryczne-gt","10":"product_tag-przetwornice-napiecia","11":"product_tag-sprzet-gt","12":"product_shipping_class-paleta-euro","13":"desktop-align-left","14":"tablet-align-left","15":"mobile-align-left","16":"ast-product-gallery-layout-horizontal-slider","17":"ast-product-gallery-with-no-image","18":"ast-product-tabs-layout-horizontal","20":"first","21":"outofstock","22":"taxable","23":"shipping-taxable","24":"purchasable","25":"product-type-simple"},"yoast_head":"<!-- This site is optimized with the Yoast SEO plugin v23.1 - https:\/\/yoast.com\/wordpress\/plugins\/seo\/ -->\n<title>Growatt MAX 70KTL3 LV | Inwerter sieciowy -<\/title>\n<meta name=\"description\" content=\"Growatt MAX 70KTL3 LV - Hurtownia PVGroup.pl. Dystrybutor firmy Growatt na terenie Polski . Gwarancja 10 lat. Szybka dostawa.\" \/>\n<meta name=\"robots\" content=\"index, follow, max-snippet:-1, max-image-preview:large, max-video-preview:-1\" \/>\n<link rel=\"canonical\" href=\"https:\/\/pvgroup.pl\/index.php\/produkt\/growatt-max-70ktl3-lv-inwerter-sieciowy\/\" \/>\n<meta property=\"og:locale\" content=\"pl_PL\" \/>\n<meta property=\"og:type\" content=\"article\" \/>\n<meta property=\"og:title\" content=\"Growatt MAX 70KTL3 LV | Inwerter sieciowy -\" \/>\n<meta property=\"og:description\" content=\"Growatt MAX 70KTL3 LV - Hurtownia PVGroup.pl. Dystrybutor firmy Growatt na terenie Polski . Gwarancja 10 lat. Szybka dostawa.\" \/>\n<meta property=\"og:url\" content=\"https:\/\/pvgroup.pl\/index.php\/produkt\/growatt-max-70ktl3-lv-inwerter-sieciowy\/\" \/>\n<meta property=\"og:site_name\" content=\"PVGroup.pl - Wszystko do fotowoltaiki\" \/>\n<meta property=\"article:publisher\" content=\"https:\/\/www.facebook.com\/pvgrouppl\/\" \/>\n<meta property=\"article:modified_time\" content=\"2026-04-10T09:17:29+00:00\" \/>\n<meta property=\"og:image\" content=\"https:\/\/pvgroup.pl\/wp-content\/uploads\/2020\/04\/Growatt-50-KTL3-LV.png\" \/>\n\t<meta property=\"og:image:width\" content=\"500\" \/>\n\t<meta property=\"og:image:height\" content=\"500\" \/>\n\t<meta property=\"og:image:type\" content=\"image\/png\" \/>\n<meta name=\"twitter:card\" content=\"summary_large_image\" \/>\n<meta name=\"twitter:label1\" content=\"Szacowany czas czytania\" \/>\n\t<meta name=\"twitter:data1\" content=\"4 minuty\" \/>\n<script type=\"application\/ld+json\" class=\"yoast-schema-graph\">{\"@context\":\"https:\/\/schema.org\",\"@graph\":[{\"@type\":\"WebPage\",\"@id\":\"https:\/\/pvgroup.pl\/index.php\/produkt\/growatt-max-70ktl3-lv-inwerter-sieciowy\/\",\"url\":\"https:\/\/pvgroup.pl\/index.php\/produkt\/growatt-max-70ktl3-lv-inwerter-sieciowy\/\",\"name\":\"Growatt MAX 70KTL3 LV | Inwerter sieciowy -\",\"isPartOf\":{\"@id\":\"https:\/\/pvgroup.pl\/#website\"},\"primaryImageOfPage\":{\"@id\":\"https:\/\/pvgroup.pl\/index.php\/produkt\/growatt-max-70ktl3-lv-inwerter-sieciowy\/#primaryimage\"},\"image\":{\"@id\":\"https:\/\/pvgroup.pl\/index.php\/produkt\/growatt-max-70ktl3-lv-inwerter-sieciowy\/#primaryimage\"},\"thumbnailUrl\":\"https:\/\/pvgroup.pl\/wp-content\/uploads\/2020\/04\/Growatt-50-KTL3-LV.png\",\"datePublished\":\"2022-10-06T07:23:16+00:00\",\"dateModified\":\"2026-04-10T09:17:29+00:00\",\"description\":\"Growatt MAX 70KTL3 LV - Hurtownia PVGroup.pl. Dystrybutor firmy Growatt na terenie Polski . Gwarancja 10 lat. Szybka dostawa.\",\"breadcrumb\":{\"@id\":\"https:\/\/pvgroup.pl\/index.php\/produkt\/growatt-max-70ktl3-lv-inwerter-sieciowy\/#breadcrumb\"},\"inLanguage\":\"pl-PL\",\"potentialAction\":[{\"@type\":\"ReadAction\",\"target\":[\"https:\/\/pvgroup.pl\/index.php\/produkt\/growatt-max-70ktl3-lv-inwerter-sieciowy\/\"]}]},{\"@type\":\"ImageObject\",\"inLanguage\":\"pl-PL\",\"@id\":\"https:\/\/pvgroup.pl\/index.php\/produkt\/growatt-max-70ktl3-lv-inwerter-sieciowy\/#primaryimage\",\"url\":\"https:\/\/pvgroup.pl\/wp-content\/uploads\/2020\/04\/Growatt-50-KTL3-LV.png\",\"contentUrl\":\"https:\/\/pvgroup.pl\/wp-content\/uploads\/2020\/04\/Growatt-50-KTL3-LV.png\",\"width\":500,\"height\":500,\"caption\":\"Growatt 50 KW\"},{\"@type\":\"BreadcrumbList\",\"@id\":\"https:\/\/pvgroup.pl\/index.php\/produkt\/growatt-max-70ktl3-lv-inwerter-sieciowy\/#breadcrumb\",\"itemListElement\":[{\"@type\":\"ListItem\",\"position\":1,\"name\":\"Strona g\u0142\u00f3wna\",\"item\":\"https:\/\/pvgroup.pl\/\"},{\"@type\":\"ListItem\",\"position\":2,\"name\":\"Sklep\",\"item\":\"https:\/\/pvgroup.pl\/index.php\/sklep\/\"},{\"@type\":\"ListItem\",\"position\":3,\"name\":\"Growatt MAX 70KTL3 LV | Inwerter sieciowy\"}]},{\"@type\":\"WebSite\",\"@id\":\"https:\/\/pvgroup.pl\/#website\",\"url\":\"https:\/\/pvgroup.pl\/\",\"name\":\"PVGroup.pl - Wszystko do fotowoltaiki\",\"description\":\"Zestawy fotowoltaiczne , Panele s\u0142oneczne,  Fotowoltaika. Zestawy fotowoltaiki,  sklep stacjonarny i OnLine\",\"publisher\":{\"@id\":\"https:\/\/pvgroup.pl\/#organization\"},\"potentialAction\":[{\"@type\":\"SearchAction\",\"target\":{\"@type\":\"EntryPoint\",\"urlTemplate\":\"https:\/\/pvgroup.pl\/?s={search_term_string}\"},\"query-input\":\"required name=search_term_string\"}],\"inLanguage\":\"pl-PL\"},{\"@type\":\"Organization\",\"@id\":\"https:\/\/pvgroup.pl\/#organization\",\"name\":\"PVGroup.pl\",\"url\":\"https:\/\/pvgroup.pl\/\",\"logo\":{\"@type\":\"ImageObject\",\"inLanguage\":\"pl-PL\",\"@id\":\"https:\/\/pvgroup.pl\/#\/schema\/logo\/image\/\",\"url\":\"https:\/\/pvgroup.pl\/wp-content\/uploads\/2019\/10\/PVGroup-logotyp_RGB-kolor-01.png\",\"contentUrl\":\"https:\/\/pvgroup.pl\/wp-content\/uploads\/2019\/10\/PVGroup-logotyp_RGB-kolor-01.png\",\"width\":2415,\"height\":1002,\"caption\":\"PVGroup.pl\"},\"image\":{\"@id\":\"https:\/\/pvgroup.pl\/#\/schema\/logo\/image\/\"},\"sameAs\":[\"https:\/\/www.facebook.com\/pvgrouppl\/\"]}]}<\/script>\n<!-- \/ Yoast SEO plugin. -->","yoast_head_json":{"title":"Growatt MAX 70KTL3 LV | Inwerter sieciowy -","description":"Growatt MAX 70KTL3 LV - Hurtownia PVGroup.pl. Dystrybutor firmy Growatt na terenie Polski . Gwarancja 10 lat. Szybka dostawa.","robots":{"index":"index","follow":"follow","max-snippet":"max-snippet:-1","max-image-preview":"max-image-preview:large","max-video-preview":"max-video-preview:-1"},"canonical":"https:\/\/pvgroup.pl\/index.php\/produkt\/growatt-max-70ktl3-lv-inwerter-sieciowy\/","og_locale":"pl_PL","og_type":"article","og_title":"Growatt MAX 70KTL3 LV | Inwerter sieciowy -","og_description":"Growatt MAX 70KTL3 LV - Hurtownia PVGroup.pl. Dystrybutor firmy Growatt na terenie Polski . Gwarancja 10 lat. Szybka dostawa.","og_url":"https:\/\/pvgroup.pl\/index.php\/produkt\/growatt-max-70ktl3-lv-inwerter-sieciowy\/","og_site_name":"PVGroup.pl - Wszystko do fotowoltaiki","article_publisher":"https:\/\/www.facebook.com\/pvgrouppl\/","article_modified_time":"2026-04-10T09:17:29+00:00","og_image":[{"width":500,"height":500,"url":"https:\/\/pvgroup.pl\/wp-content\/uploads\/2020\/04\/Growatt-50-KTL3-LV.png","type":"image\/png"}],"twitter_card":"summary_large_image","twitter_misc":{"Szacowany czas czytania":"4 minuty"},"schema":{"@context":"https:\/\/schema.org","@graph":[{"@type":"WebPage","@id":"https:\/\/pvgroup.pl\/index.php\/produkt\/growatt-max-70ktl3-lv-inwerter-sieciowy\/","url":"https:\/\/pvgroup.pl\/index.php\/produkt\/growatt-max-70ktl3-lv-inwerter-sieciowy\/","name":"Growatt MAX 70KTL3 LV | Inwerter sieciowy -","isPartOf":{"@id":"https:\/\/pvgroup.pl\/#website"},"primaryImageOfPage":{"@id":"https:\/\/pvgroup.pl\/index.php\/produkt\/growatt-max-70ktl3-lv-inwerter-sieciowy\/#primaryimage"},"image":{"@id":"https:\/\/pvgroup.pl\/index.php\/produkt\/growatt-max-70ktl3-lv-inwerter-sieciowy\/#primaryimage"},"thumbnailUrl":"https:\/\/pvgroup.pl\/wp-content\/uploads\/2020\/04\/Growatt-50-KTL3-LV.png","datePublished":"2022-10-06T07:23:16+00:00","dateModified":"2026-04-10T09:17:29+00:00","description":"Growatt MAX 70KTL3 LV - Hurtownia PVGroup.pl. Dystrybutor firmy Growatt na terenie Polski . Gwarancja 10 lat. Szybka dostawa.","breadcrumb":{"@id":"https:\/\/pvgroup.pl\/index.php\/produkt\/growatt-max-70ktl3-lv-inwerter-sieciowy\/#breadcrumb"},"inLanguage":"pl-PL","potentialAction":[{"@type":"ReadAction","target":["https:\/\/pvgroup.pl\/index.php\/produkt\/growatt-max-70ktl3-lv-inwerter-sieciowy\/"]}]},{"@type":"ImageObject","inLanguage":"pl-PL","@id":"https:\/\/pvgroup.pl\/index.php\/produkt\/growatt-max-70ktl3-lv-inwerter-sieciowy\/#primaryimage","url":"https:\/\/pvgroup.pl\/wp-content\/uploads\/2020\/04\/Growatt-50-KTL3-LV.png","contentUrl":"https:\/\/pvgroup.pl\/wp-content\/uploads\/2020\/04\/Growatt-50-KTL3-LV.png","width":500,"height":500,"caption":"Growatt 50 KW"},{"@type":"BreadcrumbList","@id":"https:\/\/pvgroup.pl\/index.php\/produkt\/growatt-max-70ktl3-lv-inwerter-sieciowy\/#breadcrumb","itemListElement":[{"@type":"ListItem","position":1,"name":"Strona g\u0142\u00f3wna","item":"https:\/\/pvgroup.pl\/"},{"@type":"ListItem","position":2,"name":"Sklep","item":"https:\/\/pvgroup.pl\/index.php\/sklep\/"},{"@type":"ListItem","position":3,"name":"Growatt MAX 70KTL3 LV | Inwerter sieciowy"}]},{"@type":"WebSite","@id":"https:\/\/pvgroup.pl\/#website","url":"https:\/\/pvgroup.pl\/","name":"PVGroup.pl - Wszystko do fotowoltaiki","description":"Zestawy fotowoltaiczne , Panele s\u0142oneczne,  Fotowoltaika. Zestawy fotowoltaiki,  sklep stacjonarny i OnLine","publisher":{"@id":"https:\/\/pvgroup.pl\/#organization"},"potentialAction":[{"@type":"SearchAction","target":{"@type":"EntryPoint","urlTemplate":"https:\/\/pvgroup.pl\/?s={search_term_string}"},"query-input":"required name=search_term_string"}],"inLanguage":"pl-PL"},{"@type":"Organization","@id":"https:\/\/pvgroup.pl\/#organization","name":"PVGroup.pl","url":"https:\/\/pvgroup.pl\/","logo":{"@type":"ImageObject","inLanguage":"pl-PL","@id":"https:\/\/pvgroup.pl\/#\/schema\/logo\/image\/","url":"https:\/\/pvgroup.pl\/wp-content\/uploads\/2019\/10\/PVGroup-logotyp_RGB-kolor-01.png","contentUrl":"https:\/\/pvgroup.pl\/wp-content\/uploads\/2019\/10\/PVGroup-logotyp_RGB-kolor-01.png","width":2415,"height":1002,"caption":"PVGroup.pl"},"image":{"@id":"https:\/\/pvgroup.pl\/#\/schema\/logo\/image\/"},"sameAs":["https:\/\/www.facebook.com\/pvgrouppl\/"]}]}},"_links":{"self":[{"href":"https:\/\/pvgroup.pl\/index.php\/wp-json\/wp\/v2\/product\/19046","targetHints":{"allow":["GET"]}}],"collection":[{"href":"https:\/\/pvgroup.pl\/index.php\/wp-json\/wp\/v2\/product"}],"about":[{"href":"https:\/\/pvgroup.pl\/index.php\/wp-json\/wp\/v2\/types\/product"}],"wp:featuredmedia":[{"embeddable":true,"href":"https:\/\/pvgroup.pl\/index.php\/wp-json\/wp\/v2\/media\/8512"}],"wp:attachment":[{"href":"https:\/\/pvgroup.pl\/index.php\/wp-json\/wp\/v2\/media?parent=19046"}],"wp:term":[{"taxonomy":"product_brand","embeddable":true,"href":"https:\/\/pvgroup.pl\/index.php\/wp-json\/wp\/v2\/product_brand?post=19046"},{"taxonomy":"product_cat","embeddable":true,"href":"https:\/\/pvgroup.pl\/index.php\/wp-json\/wp\/v2\/product_cat?post=19046"},{"taxonomy":"product_tag","embeddable":true,"href":"https:\/\/pvgroup.pl\/index.php\/wp-json\/wp\/v2\/product_tag?post=19046"},{"taxonomy":"woo-feed-brand","embeddable":true,"href":"https:\/\/pvgroup.pl\/index.php\/wp-json\/wp\/v2\/woo-feed-brand?post=19046"}],"curies":[{"name":"wp","href":"https:\/\/api.w.org\/{rel}","templated":true}]}}