{"id":19077,"date":"2022-10-08T15:41:01","date_gmt":"2022-10-08T13:41:01","guid":{"rendered":"https:\/\/pvgroup.pl\/?post_type=product&#038;p=19077"},"modified":"2026-04-10T13:52:31","modified_gmt":"2026-04-10T11:52:31","slug":"growatt-smart-meter-licznik-1-fazowy","status":"publish","type":"product","link":"https:\/\/pvgroup.pl\/index.php\/produkt\/growatt-smart-meter-licznik-1-fazowy\/","title":{"rendered":"Growatt Smart Meter &#8211; Licznik 1 Fazowy"},"content":{"rendered":"<h1 style=\"text-align: center;\">Growatt Smart Meter &#8211; Licznik 1 Fazowy<\/h1>\n<p>&nbsp;<\/p>\n<h3 style=\"text-align: center;\">Miernik renomowanej marki GROWATT<\/h3>\n<h3 style=\"text-align: center;\">z Polskiej dystrybucji &#8211; 10 lat gwarancji<\/h3>\n<p>&nbsp;<\/p>\n<h6 style=\"text-align: center;\"><strong>Zapytaj o dost\u0119pno\u015b\u0107 wybranego modelu<\/strong><strong>\u00a0<a href=\"mailto:wholesale@pvgroup.pl\">tutaj.<\/a><\/strong><\/h6>\n<p>&nbsp;<\/p>\n<p>&nbsp;<\/p>\n<h4 style=\"text-align: center;\">Autoryzowany partner handlowy:<\/h4>\n<p>&nbsp;<\/p>\n<p><img loading=\"lazy\" decoding=\"async\" class=\"aligncenter\" src=\"https:\/\/cdn.discordapp.com\/attachments\/775453972580139048\/1024013637888782367\/unknown.png\" width=\"565\" height=\"210\" \/><\/p>\n<h4 style=\"text-align: center;\"><strong>Je\u015bli jeste\u015b zainteresowany kupnem wybranego inwertera w ilo\u015bciach hurtowych skontaktuj si\u0119 z naszym zespo\u0142em <a href=\"mailto:wholesale@pvgroup.pl\">tutaj<em>.<\/em><\/a><\/strong><\/h4>\n<p>&nbsp;<\/p>\n<p style=\"text-align: center;\"><strong>Growatt Smart Meter &#8211; Licznik 1 Fazowy<\/strong><\/p>\n<p>&nbsp;<\/p>\n<h3 style=\"text-align: left;\">INFORMACJE OG\u00d3LNE:<\/h3>\n<ul>\n<li>Wysoka precyzja pomiaru<\/li>\n<li>\u00a0Plug-and-play<\/li>\n<li>Licznik energii zar\u00f3wno dla system\u00f3w fotowoltaicznych, jak i akumulatorowych<\/li>\n<li>Funkcja Zero-export z falownikami Growatt<\/li>\n<li>Wsparcie radiowej komunikacji z Raillog<\/li>\n<li>Miernik jednofazowy<\/li>\n<\/ul>\n<p>&nbsp;<\/p>\n<p><a href=\"https:\/\/pvgroup.pl\/wp-content\/uploads\/2022\/10\/Growatt-smart-meter-jednofazowy.webp\"><img loading=\"lazy\" decoding=\"async\" class=\"aligncenter size-full wp-image-32239\" src=\"https:\/\/pvgroup.pl\/wp-content\/uploads\/2022\/10\/Growatt-smart-meter-jednofazowy.webp\" alt=\"Growatt smart meter jednofazowy\" width=\"373\" height=\"486\" srcset=\"https:\/\/pvgroup.pl\/wp-content\/uploads\/2022\/10\/Growatt-smart-meter-jednofazowy.webp 373w, https:\/\/pvgroup.pl\/wp-content\/uploads\/2022\/10\/Growatt-smart-meter-jednofazowy-230x300.webp 230w\" sizes=\"auto, (max-width: 373px) 100vw, 373px\" \/><\/a><\/p>\n<p>&nbsp;<\/p>\n<p><img decoding=\"async\" class=\"aligncenter\" src=\"https:\/\/pvgroup.pl\/wp-content\/uploads\/2021\/02\/GrowattPVGroup.pl_.png\" \/><\/p>\n<h5 style=\"text-align: center;\">Za bezpiecze\u0144stwo przesy\u0142ek inwerter\u00f3w odpowiada :<\/h5>\n<p>&nbsp;<\/p>\n<p><img loading=\"lazy\" decoding=\"async\" class=\"aligncenter\" src=\"https:\/\/pvgroup.pl\/wp-content\/uploads\/2020\/11\/dpd_big-300x300-1.jpg\" width=\"347\" height=\"347\" \/><\/p>\n<p><strong>Produkty Growatt<\/strong>\u00a0podr\u00f3\u017cuj\u0105 do Pa\u0144stwa ubezpieczonym transportem. Przesy\u0142ki s\u0105 pakowane z du\u017c\u0105 staranno\u015bci\u0105 w taki spos\u00f3b aby\u00a0inwerter dojecha\u0142 do miejsca przeznaczenia w formie nie naruszonej.\u00a0 Pakowanie odbywa si\u0119 pod nadzorem kamer. Je\u017celi jednak wyst\u0105pi problem prosimy o spisanie protoko\u0142u z kurierem, zaznaczenie co dok\u0142adnie jest uszkodzone i na tym odpowiedzialno\u015b\u0107 klienta si\u0119 ko\u0144czy. PVGroup.pl dosy\u0142a nowy towar.\u00a0<a href=\"https:\/\/pvgroup.pl\/index.php\/zasady-wysylki\/\">Zasady wysy\u0142ek znajdziesz tutaj.<\/a><\/p>\n<p>&nbsp;<\/p>\n<h3><\/h3>\n<h3 style=\"text-align: center;\"><strong>Podstawowe dane techniczne miernika<\/strong><strong>:<\/strong><\/h3>\n<p>&nbsp;<\/p>\n<ul>\n<li>Rf433: TAK<\/li>\n<li>Liczba faz: 1<\/li>\n<li>RF433(otwarta przestrze\u0144): do 120m<\/li>\n<li>RF433:20m<\/li>\n<li>Zu\u017cycie energii &lt;2W stan czuwania &lt;5W szczyt<\/li>\n<li>Wymiar: 105\/85\/26 [mm]<\/li>\n<li>Waga: &lt;1 [kg]<\/li>\n<li>Wy\u015bwietlacz LED<\/li>\n<li>Stopie\u0144 ochrony: IP30<\/li>\n<li>Graficzny interfejs u\u017cytkownika: Android\/IOS APP<\/li>\n<li>Komunikacja: RS485 \u2013 kabel 5m<\/li>\n<\/ul>\n<h4><a href=\"https:\/\/pvgroup.pl\/index.php\/inwertery-growatt-inverters-growatt\/\">Pe\u0142n\u0105 dokumentacj\u0119, certyfikaty oraz instrukcje obs\u0142ugi znajdziesz tutaj.<\/a><\/h4>\n<p>&nbsp;<\/p>\n<h4>Falownik fotowoltaiczny z oficjalnej dystrybucji \/ gwarancji firmy Growatt w Polsce \u2013 <span role=\"gridcell\"><a class=\"x1i10hfl xjbqb8w x6umtig x1b1mbwd xaqea5y xav7gou x9f619 x1ypdohk xt0psk2 xe8uvvx xdj266r x11i5rnm xat24cr x1mh8g0r xexx8yu x4uap5 x18d9i69 xkhd6sd x16tdsg8 xggy1nq x1a2a7pz xt0b8zv x1heor9g x1bvjpef\" role=\"link\" href=\"https:\/\/www.ginverter.com\/?fbclid=IwAR0UicS8ztPPAjSp3VqxwEyrh2jqrhELY75s1Ra-u6s9NzZoBJfjv0YgTSM\" target=\"_blank\" rel=\"nofollow noopener\">https:\/\/www.ginverter.com\/<\/a><\/span><\/h4>\n<p>&nbsp;<\/p>\n<h4>Wi\u0119cej informacji znajdziesz na stronie producenta: <a href=\"https:\/\/www.ginverter.com\/\">tutaj.<\/a><\/h4>\n<p><img loading=\"lazy\" decoding=\"async\" class=\" wp-image-1570 aligncenter\" src=\"https:\/\/pvgroup.pl\/wp-content\/uploads\/2019\/10\/cropped-PVGroup-logotyp_RGB-kolor-01-300x100.png\" alt=\"\" width=\"279\" height=\"93\" srcset=\"https:\/\/pvgroup.pl\/wp-content\/uploads\/2019\/10\/cropped-PVGroup-logotyp_RGB-kolor-01-300x100.png 300w, https:\/\/pvgroup.pl\/wp-content\/uploads\/2019\/10\/cropped-PVGroup-logotyp_RGB-kolor-01-768x256.png 768w, https:\/\/pvgroup.pl\/wp-content\/uploads\/2019\/10\/cropped-PVGroup-logotyp_RGB-kolor-01-1024x341.png 1024w, https:\/\/pvgroup.pl\/wp-content\/uploads\/2019\/10\/cropped-PVGroup-logotyp_RGB-kolor-01-20x7.png 20w, https:\/\/pvgroup.pl\/wp-content\/uploads\/2019\/10\/cropped-PVGroup-logotyp_RGB-kolor-01-600x200.png 600w\" sizes=\"auto, (max-width: 279px) 100vw, 279px\" \/><\/p>\n<h3 style=\"text-align: center;\"><strong>Pytania? Kontakt:<\/strong><\/h3>\n<h3 style=\"text-align: center;\"><a href=\"mailto:info@pvgroup.pl\">info@pvgroup.pl <\/a><strong>, telefon:<\/strong><\/h3>\n<h3 style=\"text-align: center;\"><strong>+48 516758 217<\/strong><\/h3>\n<h3 style=\"text-align: center;\"><strong>+48 737 185 830<\/strong><\/h3>\n<h3 style=\"text-align: center;\"><strong>+48 532 268 607<\/strong><\/h3>\n","protected":false},"excerpt":{"rendered":"<p style=\"text-align: left;\"><strong>Growatt Smart Meter Licznik 1 Fazowy\u00a0 <\/strong>cechuje si\u0119 wysok\u0105 precyzj\u0105 pomiaru. Zawiera licznik energii dla system\u00f3w fotowoltaicznych jak i akumulatorowych. Wspiera radiowe komunikacje z Raillog.<\/p>\n","protected":false},"featured_media":32239,"template":"","meta":{"site-sidebar-layout":"default","site-content-layout":"default","ast-site-content-layout":"default","site-content-style":"default","site-sidebar-style":"default","ast-global-header-display":"","ast-banner-title-visibility":"","ast-main-header-display":"","ast-hfb-above-header-display":"","ast-hfb-below-header-display":"","ast-hfb-mobile-header-display":"","site-post-title":"","ast-breadcrumbs-content":"","ast-featured-img":"","footer-sml-layout":"","ast-disable-related-posts":"","theme-transparent-header-meta":"default","adv-header-id-meta":"","stick-header-meta":"default","header-above-stick-meta":"","header-main-stick-meta":"","header-below-stick-meta":"","astra-migrate-meta-layouts":"set","ast-page-background-enabled":"default","ast-page-background-meta":{"desktop":{"background-color":"","background-image":"","background-repeat":"repeat","background-position":"center center","background-size":"auto","background-attachment":"scroll","background-type":"","background-media":"","overlay-type":"","overlay-color":"","overlay-opacity":"","overlay-gradient":""},"tablet":{"background-color":"","background-image":"","background-repeat":"repeat","background-position":"center center","background-size":"auto","background-attachment":"scroll","background-type":"","background-media":"","overlay-type":"","overlay-color":"","overlay-opacity":"","overlay-gradient":""},"mobile":{"background-color":"","background-image":"","background-repeat":"repeat","background-position":"center center","background-size":"auto","background-attachment":"scroll","background-type":"","background-media":"","overlay-type":"","overlay-color":"","overlay-opacity":"","overlay-gradient":""}},"ast-content-background-meta":{"desktop":{"background-color":"var(--ast-global-color-5)","background-image":"","background-repeat":"repeat","background-position":"center center","background-size":"auto","background-attachment":"scroll","background-type":"","background-media":"","overlay-type":"","overlay-color":"","overlay-opacity":"","overlay-gradient":""},"tablet":{"background-color":"var(--ast-global-color-5)","background-image":"","background-repeat":"repeat","background-position":"center center","background-size":"auto","background-attachment":"scroll","background-type":"","background-media":"","overlay-type":"","overlay-color":"","overlay-opacity":"","overlay-gradient":""},"mobile":{"background-color":"var(--ast-global-color-5)","background-image":"","background-repeat":"repeat","background-position":"center center","background-size":"auto","background-attachment":"scroll","background-type":"","background-media":"","overlay-type":"","overlay-color":"","overlay-opacity":"","overlay-gradient":""}}},"product_brand":[],"product_cat":[62,153],"product_tag":[205,98,100,97],"woo-feed-brand":[],"class_list":{"0":"post-19077","1":"product","2":"type-product","3":"status-publish","4":"has-post-thumbnail","6":"product_cat-inwertery-fotowoltaiczne-on-grid-230v","7":"product_cat-falowniki-3-fazowe-growatt-2","8":"product_tag-inverter","9":"product_tag-materialy-elektryczne-gt","10":"product_tag-przetwornice-napiecia","11":"product_tag-sprzet-gt","12":"product_shipping_class-paczka-do-30kg","13":"desktop-align-left","14":"tablet-align-left","15":"mobile-align-left","16":"ast-product-gallery-layout-horizontal-slider","17":"ast-product-gallery-with-no-image","18":"ast-product-tabs-layout-horizontal","20":"first","21":"outofstock","22":"taxable","23":"shipping-taxable","24":"purchasable","25":"product-type-simple"},"yoast_head":"<!-- This site is optimized with the Yoast SEO plugin v23.1 - https:\/\/yoast.com\/wordpress\/plugins\/seo\/ -->\n<title>Growatt Smart Meter Licznik 1 Fazowy - Hurtownia fotowoltaiczna<\/title>\n<meta name=\"description\" content=\"Growatt Smart Meter - Licznik 1 Fazowy. Funkcja Miernik renomowanej marki GROWATTz Polskiej dystrybucji - 10 lat gwarancji\" \/>\n<meta name=\"robots\" content=\"index, follow, max-snippet:-1, max-image-preview:large, max-video-preview:-1\" \/>\n<link rel=\"canonical\" href=\"https:\/\/pvgroup.pl\/index.php\/produkt\/growatt-smart-meter-licznik-1-fazowy\/\" \/>\n<meta property=\"og:locale\" content=\"pl_PL\" \/>\n<meta property=\"og:type\" content=\"article\" \/>\n<meta property=\"og:title\" content=\"Growatt Smart Meter Licznik 1 Fazowy - Hurtownia fotowoltaiczna\" \/>\n<meta property=\"og:description\" content=\"Growatt Smart Meter - Licznik 1 Fazowy. Funkcja Miernik renomowanej marki GROWATTz Polskiej dystrybucji - 10 lat gwarancji\" \/>\n<meta property=\"og:url\" content=\"https:\/\/pvgroup.pl\/index.php\/produkt\/growatt-smart-meter-licznik-1-fazowy\/\" \/>\n<meta property=\"og:site_name\" content=\"PVGroup.pl - Wszystko do fotowoltaiki\" \/>\n<meta property=\"article:publisher\" content=\"https:\/\/www.facebook.com\/pvgrouppl\/\" \/>\n<meta property=\"article:modified_time\" content=\"2026-04-10T11:52:31+00:00\" \/>\n<meta property=\"og:image\" content=\"https:\/\/pvgroup.pl\/wp-content\/uploads\/2022\/10\/Growatt-smart-meter-jednofazowy.webp\" \/>\n\t<meta property=\"og:image:width\" content=\"373\" \/>\n\t<meta property=\"og:image:height\" content=\"486\" \/>\n\t<meta property=\"og:image:type\" content=\"image\/webp\" \/>\n<meta name=\"twitter:card\" content=\"summary_large_image\" \/>\n<meta name=\"twitter:label1\" content=\"Szacowany czas czytania\" \/>\n\t<meta name=\"twitter:data1\" content=\"3 minuty\" \/>\n<script type=\"application\/ld+json\" class=\"yoast-schema-graph\">{\"@context\":\"https:\/\/schema.org\",\"@graph\":[{\"@type\":\"WebPage\",\"@id\":\"https:\/\/pvgroup.pl\/index.php\/produkt\/growatt-smart-meter-licznik-1-fazowy\/\",\"url\":\"https:\/\/pvgroup.pl\/index.php\/produkt\/growatt-smart-meter-licznik-1-fazowy\/\",\"name\":\"Growatt Smart Meter Licznik 1 Fazowy - Hurtownia fotowoltaiczna\",\"isPartOf\":{\"@id\":\"https:\/\/pvgroup.pl\/#website\"},\"primaryImageOfPage\":{\"@id\":\"https:\/\/pvgroup.pl\/index.php\/produkt\/growatt-smart-meter-licznik-1-fazowy\/#primaryimage\"},\"image\":{\"@id\":\"https:\/\/pvgroup.pl\/index.php\/produkt\/growatt-smart-meter-licznik-1-fazowy\/#primaryimage\"},\"thumbnailUrl\":\"https:\/\/pvgroup.pl\/wp-content\/uploads\/2022\/10\/Growatt-smart-meter-jednofazowy.webp\",\"datePublished\":\"2022-10-08T13:41:01+00:00\",\"dateModified\":\"2026-04-10T11:52:31+00:00\",\"description\":\"Growatt Smart Meter - Licznik 1 Fazowy. Funkcja Miernik renomowanej marki GROWATTz Polskiej dystrybucji - 10 lat gwarancji\",\"breadcrumb\":{\"@id\":\"https:\/\/pvgroup.pl\/index.php\/produkt\/growatt-smart-meter-licznik-1-fazowy\/#breadcrumb\"},\"inLanguage\":\"pl-PL\",\"potentialAction\":[{\"@type\":\"ReadAction\",\"target\":[\"https:\/\/pvgroup.pl\/index.php\/produkt\/growatt-smart-meter-licznik-1-fazowy\/\"]}]},{\"@type\":\"ImageObject\",\"inLanguage\":\"pl-PL\",\"@id\":\"https:\/\/pvgroup.pl\/index.php\/produkt\/growatt-smart-meter-licznik-1-fazowy\/#primaryimage\",\"url\":\"https:\/\/pvgroup.pl\/wp-content\/uploads\/2022\/10\/Growatt-smart-meter-jednofazowy.webp\",\"contentUrl\":\"https:\/\/pvgroup.pl\/wp-content\/uploads\/2022\/10\/Growatt-smart-meter-jednofazowy.webp\",\"width\":373,\"height\":486,\"caption\":\"Growatt smart meter jednofazowy\"},{\"@type\":\"BreadcrumbList\",\"@id\":\"https:\/\/pvgroup.pl\/index.php\/produkt\/growatt-smart-meter-licznik-1-fazowy\/#breadcrumb\",\"itemListElement\":[{\"@type\":\"ListItem\",\"position\":1,\"name\":\"Strona g\u0142\u00f3wna\",\"item\":\"https:\/\/pvgroup.pl\/\"},{\"@type\":\"ListItem\",\"position\":2,\"name\":\"Sklep\",\"item\":\"https:\/\/pvgroup.pl\/index.php\/sklep\/\"},{\"@type\":\"ListItem\",\"position\":3,\"name\":\"Growatt Smart Meter &#8211; Licznik 1 Fazowy\"}]},{\"@type\":\"WebSite\",\"@id\":\"https:\/\/pvgroup.pl\/#website\",\"url\":\"https:\/\/pvgroup.pl\/\",\"name\":\"PVGroup.pl - Wszystko do fotowoltaiki\",\"description\":\"Zestawy fotowoltaiczne , Panele s\u0142oneczne,  Fotowoltaika. Zestawy fotowoltaiki,  sklep stacjonarny i OnLine\",\"publisher\":{\"@id\":\"https:\/\/pvgroup.pl\/#organization\"},\"potentialAction\":[{\"@type\":\"SearchAction\",\"target\":{\"@type\":\"EntryPoint\",\"urlTemplate\":\"https:\/\/pvgroup.pl\/?s={search_term_string}\"},\"query-input\":\"required name=search_term_string\"}],\"inLanguage\":\"pl-PL\"},{\"@type\":\"Organization\",\"@id\":\"https:\/\/pvgroup.pl\/#organization\",\"name\":\"PVGroup.pl\",\"url\":\"https:\/\/pvgroup.pl\/\",\"logo\":{\"@type\":\"ImageObject\",\"inLanguage\":\"pl-PL\",\"@id\":\"https:\/\/pvgroup.pl\/#\/schema\/logo\/image\/\",\"url\":\"https:\/\/pvgroup.pl\/wp-content\/uploads\/2019\/10\/PVGroup-logotyp_RGB-kolor-01.png\",\"contentUrl\":\"https:\/\/pvgroup.pl\/wp-content\/uploads\/2019\/10\/PVGroup-logotyp_RGB-kolor-01.png\",\"width\":2415,\"height\":1002,\"caption\":\"PVGroup.pl\"},\"image\":{\"@id\":\"https:\/\/pvgroup.pl\/#\/schema\/logo\/image\/\"},\"sameAs\":[\"https:\/\/www.facebook.com\/pvgrouppl\/\"]}]}<\/script>\n<!-- \/ Yoast SEO plugin. -->","yoast_head_json":{"title":"Growatt Smart Meter Licznik 1 Fazowy - Hurtownia fotowoltaiczna","description":"Growatt Smart Meter - Licznik 1 Fazowy. Funkcja Miernik renomowanej marki GROWATTz Polskiej dystrybucji - 10 lat gwarancji","robots":{"index":"index","follow":"follow","max-snippet":"max-snippet:-1","max-image-preview":"max-image-preview:large","max-video-preview":"max-video-preview:-1"},"canonical":"https:\/\/pvgroup.pl\/index.php\/produkt\/growatt-smart-meter-licznik-1-fazowy\/","og_locale":"pl_PL","og_type":"article","og_title":"Growatt Smart Meter Licznik 1 Fazowy - Hurtownia fotowoltaiczna","og_description":"Growatt Smart Meter - Licznik 1 Fazowy. Funkcja Miernik renomowanej marki GROWATTz Polskiej dystrybucji - 10 lat gwarancji","og_url":"https:\/\/pvgroup.pl\/index.php\/produkt\/growatt-smart-meter-licznik-1-fazowy\/","og_site_name":"PVGroup.pl - Wszystko do fotowoltaiki","article_publisher":"https:\/\/www.facebook.com\/pvgrouppl\/","article_modified_time":"2026-04-10T11:52:31+00:00","og_image":[{"width":373,"height":486,"url":"https:\/\/pvgroup.pl\/wp-content\/uploads\/2022\/10\/Growatt-smart-meter-jednofazowy.webp","type":"image\/webp"}],"twitter_card":"summary_large_image","twitter_misc":{"Szacowany czas czytania":"3 minuty"},"schema":{"@context":"https:\/\/schema.org","@graph":[{"@type":"WebPage","@id":"https:\/\/pvgroup.pl\/index.php\/produkt\/growatt-smart-meter-licznik-1-fazowy\/","url":"https:\/\/pvgroup.pl\/index.php\/produkt\/growatt-smart-meter-licznik-1-fazowy\/","name":"Growatt Smart Meter Licznik 1 Fazowy - Hurtownia fotowoltaiczna","isPartOf":{"@id":"https:\/\/pvgroup.pl\/#website"},"primaryImageOfPage":{"@id":"https:\/\/pvgroup.pl\/index.php\/produkt\/growatt-smart-meter-licznik-1-fazowy\/#primaryimage"},"image":{"@id":"https:\/\/pvgroup.pl\/index.php\/produkt\/growatt-smart-meter-licznik-1-fazowy\/#primaryimage"},"thumbnailUrl":"https:\/\/pvgroup.pl\/wp-content\/uploads\/2022\/10\/Growatt-smart-meter-jednofazowy.webp","datePublished":"2022-10-08T13:41:01+00:00","dateModified":"2026-04-10T11:52:31+00:00","description":"Growatt Smart Meter - Licznik 1 Fazowy. Funkcja Miernik renomowanej marki GROWATTz Polskiej dystrybucji - 10 lat gwarancji","breadcrumb":{"@id":"https:\/\/pvgroup.pl\/index.php\/produkt\/growatt-smart-meter-licznik-1-fazowy\/#breadcrumb"},"inLanguage":"pl-PL","potentialAction":[{"@type":"ReadAction","target":["https:\/\/pvgroup.pl\/index.php\/produkt\/growatt-smart-meter-licznik-1-fazowy\/"]}]},{"@type":"ImageObject","inLanguage":"pl-PL","@id":"https:\/\/pvgroup.pl\/index.php\/produkt\/growatt-smart-meter-licznik-1-fazowy\/#primaryimage","url":"https:\/\/pvgroup.pl\/wp-content\/uploads\/2022\/10\/Growatt-smart-meter-jednofazowy.webp","contentUrl":"https:\/\/pvgroup.pl\/wp-content\/uploads\/2022\/10\/Growatt-smart-meter-jednofazowy.webp","width":373,"height":486,"caption":"Growatt smart meter jednofazowy"},{"@type":"BreadcrumbList","@id":"https:\/\/pvgroup.pl\/index.php\/produkt\/growatt-smart-meter-licznik-1-fazowy\/#breadcrumb","itemListElement":[{"@type":"ListItem","position":1,"name":"Strona g\u0142\u00f3wna","item":"https:\/\/pvgroup.pl\/"},{"@type":"ListItem","position":2,"name":"Sklep","item":"https:\/\/pvgroup.pl\/index.php\/sklep\/"},{"@type":"ListItem","position":3,"name":"Growatt Smart Meter &#8211; Licznik 1 Fazowy"}]},{"@type":"WebSite","@id":"https:\/\/pvgroup.pl\/#website","url":"https:\/\/pvgroup.pl\/","name":"PVGroup.pl - Wszystko do fotowoltaiki","description":"Zestawy fotowoltaiczne , Panele s\u0142oneczne,  Fotowoltaika. Zestawy fotowoltaiki,  sklep stacjonarny i OnLine","publisher":{"@id":"https:\/\/pvgroup.pl\/#organization"},"potentialAction":[{"@type":"SearchAction","target":{"@type":"EntryPoint","urlTemplate":"https:\/\/pvgroup.pl\/?s={search_term_string}"},"query-input":"required name=search_term_string"}],"inLanguage":"pl-PL"},{"@type":"Organization","@id":"https:\/\/pvgroup.pl\/#organization","name":"PVGroup.pl","url":"https:\/\/pvgroup.pl\/","logo":{"@type":"ImageObject","inLanguage":"pl-PL","@id":"https:\/\/pvgroup.pl\/#\/schema\/logo\/image\/","url":"https:\/\/pvgroup.pl\/wp-content\/uploads\/2019\/10\/PVGroup-logotyp_RGB-kolor-01.png","contentUrl":"https:\/\/pvgroup.pl\/wp-content\/uploads\/2019\/10\/PVGroup-logotyp_RGB-kolor-01.png","width":2415,"height":1002,"caption":"PVGroup.pl"},"image":{"@id":"https:\/\/pvgroup.pl\/#\/schema\/logo\/image\/"},"sameAs":["https:\/\/www.facebook.com\/pvgrouppl\/"]}]}},"_links":{"self":[{"href":"https:\/\/pvgroup.pl\/index.php\/wp-json\/wp\/v2\/product\/19077","targetHints":{"allow":["GET"]}}],"collection":[{"href":"https:\/\/pvgroup.pl\/index.php\/wp-json\/wp\/v2\/product"}],"about":[{"href":"https:\/\/pvgroup.pl\/index.php\/wp-json\/wp\/v2\/types\/product"}],"wp:featuredmedia":[{"embeddable":true,"href":"https:\/\/pvgroup.pl\/index.php\/wp-json\/wp\/v2\/media\/32239"}],"wp:attachment":[{"href":"https:\/\/pvgroup.pl\/index.php\/wp-json\/wp\/v2\/media?parent=19077"}],"wp:term":[{"taxonomy":"product_brand","embeddable":true,"href":"https:\/\/pvgroup.pl\/index.php\/wp-json\/wp\/v2\/product_brand?post=19077"},{"taxonomy":"product_cat","embeddable":true,"href":"https:\/\/pvgroup.pl\/index.php\/wp-json\/wp\/v2\/product_cat?post=19077"},{"taxonomy":"product_tag","embeddable":true,"href":"https:\/\/pvgroup.pl\/index.php\/wp-json\/wp\/v2\/product_tag?post=19077"},{"taxonomy":"woo-feed-brand","embeddable":true,"href":"https:\/\/pvgroup.pl\/index.php\/wp-json\/wp\/v2\/woo-feed-brand?post=19077"}],"curies":[{"name":"wp","href":"https:\/\/api.w.org\/{rel}","templated":true}]}}