{"id":28593,"date":"2023-07-19T13:49:02","date_gmt":"2023-07-19T11:49:02","guid":{"rendered":"https:\/\/pvgroup.pl\/index.php\/produkt\/growatt-bateria-ark-zestaw-128kwh-dla-falownika-sph\/"},"modified":"2026-04-10T11:18:05","modified_gmt":"2026-04-10T09:18:05","slug":"growatt-bateria-ark-zestaw-128kwh-dla-falownika-sph","status":"publish","type":"product","link":"https:\/\/pvgroup.pl\/index.php\/produkt\/growatt-bateria-ark-zestaw-128kwh-dla-falownika-sph\/","title":{"rendered":"Growatt Bateria ARK Zestaw 12,8kWh dla falownika SPH"},"content":{"rendered":"<h1 style=\"text-align: center\">GROWATT Bateria ARK Zestaw 12,8kWh dla falownika SPH<\/h1>\n<p><img loading=\"lazy\" decoding=\"async\" class=\"size-full wp-image-6394 aligncenter\" src=\"https:\/\/pvgroup.pl\/wp-content\/uploads\/2020\/02\/Growatt-logo.png\" alt=\"Growatt logo\" width=\"444\" height=\"444\" srcset=\"https:\/\/pvgroup.pl\/wp-content\/uploads\/2020\/02\/Growatt-logo.png 444w, https:\/\/pvgroup.pl\/wp-content\/uploads\/2020\/02\/Growatt-logo-150x150.png 150w, https:\/\/pvgroup.pl\/wp-content\/uploads\/2020\/02\/Growatt-logo-300x300.png 300w, https:\/\/pvgroup.pl\/wp-content\/uploads\/2020\/02\/Growatt-logo-20x20.png 20w, https:\/\/pvgroup.pl\/wp-content\/uploads\/2020\/02\/Growatt-logo-100x100.png 100w\" sizes=\"auto, (max-width: 444px) 100vw, 444px\" \/><\/p>\n<p><img loading=\"lazy\" decoding=\"async\" class=\"aligncenter size-full wp-image-18382\" src=\"https:\/\/pvgroup.pl\/wp-content\/uploads\/2022\/08\/baterie-do-fotowoltaika-growatt-SPH-ark-2.5h-a1-pvgroup.pl_.jpg\" alt=\"Bateria Growatt\" width=\"2048\" height=\"1315\" \/><\/p>\n<h2 style=\"text-align: center\">GROWATT Bateria ARK Zestaw 12,8kWh dla falownika SPH. Wsp\u00f3\u0142pracuje z tr\u00f3jfazowymi falownikami hybrydowymi Growatt.<\/h2>\n<p>&nbsp;<\/p>\n<p>GROWATT Bateria ARK Zestaw 12,8kWh zosta\u0142 zaprojektowany specjalnie dla jednego falownika SPH i sk\u0142ada si\u0119 z nast\u0119puj\u0105cych element\u00f3w:<\/p>\n<p>5 x akumulatory ARK: Ten zestaw akumulator\u00f3w zawiera \u0142\u0105cznie 5 akumulatory, ka\u017cdy o pojemno\u015bci 2,5 kWh. Akumulatory te s\u0105 w stanie przechowywa\u0107 znaczn\u0105 ilo\u015b\u0107 energii.<\/p>\n<p>1 x BMS (Battery Management System): BMS s\u0142u\u017cy jako kontroler akumulator\u00f3w. Reguluje proces \u0142adowania i roz\u0142adowywania, monitoruje stan baterii oraz zapewnia optymaln\u0105 wydajno\u015b\u0107 i bezpiecze\u0144stwo.<\/p>\n<p>1 x Kable do po\u0142\u0105czenia BMS z falownikiem &#8211; ARK H &#8211; High Voltage: Kable te s\u0142u\u017c\u0105 do po\u0142\u0105czenia systemu BMS z falownikiem SPH. Zapewniaj\u0105 bezpieczne i niezawodne po\u0142\u0105czenie dla wydajnego transferu energii.<\/p>\n<p>1 x Podstawa baterii &#8211; ARK H: Podstawa baterii jest do\u0142\u0105czona, aby zapewni\u0107 stabilne i uporz\u0105dkowane rozmieszczenie baterii ARK. Zapewniaj\u0105 one prawid\u0142ow\u0105 instalacj\u0119 i bezpieczne pozycjonowanie akumulator\u00f3w.<\/p>\n<p>Og\u00f3lnie rzecz bior\u0105c, zestaw akumulator\u00f3w Growatt oferuje kompleksowe rozwi\u0105zanie do magazynowania energii dzi\u0119ki akumulatorom o du\u017cej pojemno\u015bci, wydajnemu systemowi BMS oraz niezb\u0119dnym kablom i podstawie. Zosta\u0142 on zaprojektowany do p\u0142ynnej integracji z falownikiem SPH, umo\u017cliwiaj\u0105c wydajne zarz\u0105dzanie energi\u0105 w r\u00f3\u017cnych zastosowaniach.<\/p>\n<h3>Zestaw akumulator\u00f3w GROWATT ARK 12,8kWh obejmuje:<\/h3>\n<p>Konfiguracja dla jednego falownika SPH:<\/p>\n<p>5 x akumulatory ARK (5 \u00d7 2,5h kWh)<br \/>\nBMS (kontroler akumulator\u00f3w)<br \/>\n1 x kable do po\u0142\u0105czenia BMS z falownikiem &#8211; ARK H<br \/>\n1 x podstawa baterii &#8211; ARK H<\/p>\n<p>&nbsp;<\/p>\n<h3>INFORMACJE OG\u00d3LNE<\/h3>\n<ul>\n<li>Wsp\u00f3\u0142pracuje z 3-fazowymi falownikami serii SPH<\/li>\n<li>Akumulatory ARK LFP (litowo-\u017celazowo-fosforanowe) nie zawieraj\u0105 kobaltu i zapewniaj\u0105 doskona\u0142y poziom bezpiecze\u0144stwa i niezawodno\u015bci.<\/li>\n<li>\u0141atwa instalacja dzi\u0119ki modu\u0142owej, sztaplowanej konstrukcji<\/li>\n<li>Zdalna aktualizacja oprogramowania sprz\u0119towego<\/li>\n<li>D\u0142uga \u017cywotno\u015b\u0107, 10 lat gwarancji<\/li>\n<li>Do uruchomienia wymagane s\u0105 3\u00a0baterie + kontroler BMS dla falownik\u00f3w 3-fazowych.<\/li>\n<li>Akumulatory ARK posiadaj\u0105 stopie\u0144 ochrony IP65, co zapewnia ich bezawaryjn\u0105 prac\u0119 zar\u00f3wno w pomieszczeniach, jak i na zewn\u0105trz.<\/li>\n<li>Baterie maj\u0105 kompaktow\u0105 obudow\u0119 (650*260*180 mm) i wa\u017c\u0105 tylko 30 kg ka\u017cda.<\/li>\n<li>ARK monitoruj\u0105 nie tylko ca\u0142kowity stan baterii, ale tak\u017ce poszczeg\u00f3lne ogniwa i zapewniaj\u0105 pe\u0142n\u0105 ochron\u0119 systemu baterii.<\/li>\n<li>R\u00f3wnowa\u017cenie napi\u0119cia ogniw pozwala na d\u0142u\u017csz\u0105 \u017cywotno\u015b\u0107 baterii.<\/li>\n<li>Plan gwarancji Growatt<\/li>\n<\/ul>\n<h3 style=\"text-align: center\">Za bezpiecze\u0144stwo przesy\u0142ek z akumulatorami odpowiada firma:<\/h3>\n<p><img loading=\"lazy\" decoding=\"async\" class=\"aligncenter size-full wp-image-17285\" src=\"https:\/\/pvgroup.pl\/wp-content\/uploads\/2022\/02\/Logo-Raben-PVGroup.pl-mi-e1644249674757.jpg\" alt=\"Logo Raben - transport\" width=\"446\" height=\"184\" srcset=\"https:\/\/pvgroup.pl\/wp-content\/uploads\/2022\/02\/Logo-Raben-PVGroup.pl-mi-e1644249674757.jpg 446w, https:\/\/pvgroup.pl\/wp-content\/uploads\/2022\/02\/Logo-Raben-PVGroup.pl-mi-e1644249674757-300x124.jpg 300w\" sizes=\"auto, (max-width: 446px) 100vw, 446px\" \/><\/p>\n<p style=\"text-align: center\">Zestawy akumulator\u00f3w Growatt s\u0105 dostarczane ubezpieczonym transportem. Przesy\u0142ki s\u0105 pakowane z wielk\u0105 staranno\u015bci\u0105 w taki spos\u00f3b, aby bateria dotar\u0142a do miejsca przeznaczenia nieuszkodzona.<\/p>\n<p>&nbsp;<\/p>\n<p><img loading=\"lazy\" decoding=\"async\" class=\"aligncenter size-full wp-image-28666\" src=\"https:\/\/pvgroup.pl\/wp-content\/uploads\/2023\/07\/Growatt-bateria-ARK.png\" alt=\"Growatt bateria ARK\" width=\"617\" height=\"870\" srcset=\"https:\/\/pvgroup.pl\/wp-content\/uploads\/2023\/07\/Growatt-bateria-ARK.png 617w, https:\/\/pvgroup.pl\/wp-content\/uploads\/2023\/07\/Growatt-bateria-ARK-213x300.png 213w, https:\/\/pvgroup.pl\/wp-content\/uploads\/2023\/07\/Growatt-bateria-ARK-600x846.png 600w\" sizes=\"auto, (max-width: 617px) 100vw, 617px\" \/><\/p>\n","protected":false},"excerpt":{"rendered":"<p>GROWATT Bateria ARK Zestaw 12,8kWh dla falownika SPH. Wsp\u00f3\u0142pracuje z tr\u00f3jfazowymi falownikami marki Growatt serii SPH.<\/p>\n","protected":false},"featured_media":18382,"template":"","meta":{"site-sidebar-layout":"default","site-content-layout":"default","ast-site-content-layout":"default","site-content-style":"default","site-sidebar-style":"default","ast-global-header-display":"","ast-banner-title-visibility":"","ast-main-header-display":"","ast-hfb-above-header-display":"","ast-hfb-below-header-display":"","ast-hfb-mobile-header-display":"","site-post-title":"","ast-breadcrumbs-content":"","ast-featured-img":"","footer-sml-layout":"","ast-disable-related-posts":"","theme-transparent-header-meta":"default","adv-header-id-meta":"","stick-header-meta":"default","header-above-stick-meta":"","header-main-stick-meta":"","header-below-stick-meta":"","astra-migrate-meta-layouts":"set","ast-page-background-enabled":"default","ast-page-background-meta":{"desktop":{"background-color":"","background-image":"","background-repeat":"repeat","background-position":"center center","background-size":"auto","background-attachment":"scroll","background-type":"","background-media":"","overlay-type":"","overlay-color":"","overlay-opacity":"","overlay-gradient":""},"tablet":{"background-color":"","background-image":"","background-repeat":"repeat","background-position":"center center","background-size":"auto","background-attachment":"scroll","background-type":"","background-media":"","overlay-type":"","overlay-color":"","overlay-opacity":"","overlay-gradient":""},"mobile":{"background-color":"","background-image":"","background-repeat":"repeat","background-position":"center center","background-size":"auto","background-attachment":"scroll","background-type":"","background-media":"","overlay-type":"","overlay-color":"","overlay-opacity":"","overlay-gradient":""}},"ast-content-background-meta":{"desktop":{"background-color":"var(--ast-global-color-5)","background-image":"","background-repeat":"repeat","background-position":"center center","background-size":"auto","background-attachment":"scroll","background-type":"","background-media":"","overlay-type":"","overlay-color":"","overlay-opacity":"","overlay-gradient":""},"tablet":{"background-color":"var(--ast-global-color-5)","background-image":"","background-repeat":"repeat","background-position":"center center","background-size":"auto","background-attachment":"scroll","background-type":"","background-media":"","overlay-type":"","overlay-color":"","overlay-opacity":"","overlay-gradient":""},"mobile":{"background-color":"var(--ast-global-color-5)","background-image":"","background-repeat":"repeat","background-position":"center center","background-size":"auto","background-attachment":"scroll","background-type":"","background-media":"","overlay-type":"","overlay-color":"","overlay-opacity":"","overlay-gradient":""}}},"product_brand":[],"product_cat":[91],"product_tag":[],"woo-feed-brand":[],"class_list":{"0":"post-28593","1":"product","2":"type-product","3":"status-publish","4":"has-post-thumbnail","6":"product_cat-magazyny-energii-akumulatory","7":"product_shipping_class-przesylka-adr","8":"desktop-align-left","9":"tablet-align-left","10":"mobile-align-left","11":"ast-product-gallery-layout-horizontal-slider","12":"ast-product-tabs-layout-horizontal","14":"first","15":"outofstock","16":"taxable","17":"shipping-taxable","18":"purchasable","19":"product-type-simple"},"yoast_head":"<!-- This site is optimized with the Yoast SEO plugin v23.1 - https:\/\/yoast.com\/wordpress\/plugins\/seo\/ -->\n<title>Growatt Bateria ARK Zestaw 12,8kWh dla falownika SPH - PVGroup.pl - Wszystko do fotowoltaiki<\/title>\n<meta name=\"description\" content=\"GROWATT Bateria ARK Zestaw 12,8kWh\u00a0zosta\u0142 zaprojektowany specjalnie dla jednego falownika SPH tr\u00f3jfazowego. Szybka wysy\u0142ka\" \/>\n<meta name=\"robots\" content=\"index, follow, max-snippet:-1, max-image-preview:large, max-video-preview:-1\" \/>\n<link rel=\"canonical\" href=\"https:\/\/pvgroup.pl\/index.php\/produkt\/growatt-bateria-ark-zestaw-128kwh-dla-falownika-sph\/\" \/>\n<meta property=\"og:locale\" content=\"pl_PL\" \/>\n<meta property=\"og:type\" content=\"article\" \/>\n<meta property=\"og:title\" content=\"Growatt Bateria ARK Zestaw 12,8kWh dla falownika SPH - PVGroup.pl - Wszystko do fotowoltaiki\" \/>\n<meta property=\"og:description\" content=\"GROWATT Bateria ARK Zestaw 12,8kWh\u00a0zosta\u0142 zaprojektowany specjalnie dla jednego falownika SPH tr\u00f3jfazowego. Szybka wysy\u0142ka\" \/>\n<meta property=\"og:url\" content=\"https:\/\/pvgroup.pl\/index.php\/produkt\/growatt-bateria-ark-zestaw-128kwh-dla-falownika-sph\/\" \/>\n<meta property=\"og:site_name\" content=\"PVGroup.pl - Wszystko do fotowoltaiki\" \/>\n<meta property=\"article:publisher\" content=\"https:\/\/www.facebook.com\/pvgrouppl\/\" \/>\n<meta property=\"article:modified_time\" content=\"2026-04-10T09:18:05+00:00\" \/>\n<meta property=\"og:image\" content=\"https:\/\/pvgroup.pl\/wp-content\/uploads\/2022\/08\/baterie-do-fotowoltaika-growatt-SPH-ark-2.5h-a1-pvgroup.pl_.jpg\" \/>\n\t<meta property=\"og:image:width\" content=\"2048\" \/>\n\t<meta property=\"og:image:height\" content=\"1315\" \/>\n\t<meta property=\"og:image:type\" content=\"image\/jpeg\" \/>\n<meta name=\"twitter:card\" content=\"summary_large_image\" \/>\n<meta name=\"twitter:label1\" content=\"Szacowany czas czytania\" \/>\n\t<meta name=\"twitter:data1\" content=\"3 minuty\" \/>\n<script type=\"application\/ld+json\" class=\"yoast-schema-graph\">{\"@context\":\"https:\/\/schema.org\",\"@graph\":[{\"@type\":\"WebPage\",\"@id\":\"https:\/\/pvgroup.pl\/index.php\/produkt\/growatt-bateria-ark-zestaw-128kwh-dla-falownika-sph\/\",\"url\":\"https:\/\/pvgroup.pl\/index.php\/produkt\/growatt-bateria-ark-zestaw-128kwh-dla-falownika-sph\/\",\"name\":\"Growatt Bateria ARK Zestaw 12,8kWh dla falownika SPH - PVGroup.pl - Wszystko do fotowoltaiki\",\"isPartOf\":{\"@id\":\"https:\/\/pvgroup.pl\/#website\"},\"primaryImageOfPage\":{\"@id\":\"https:\/\/pvgroup.pl\/index.php\/produkt\/growatt-bateria-ark-zestaw-128kwh-dla-falownika-sph\/#primaryimage\"},\"image\":{\"@id\":\"https:\/\/pvgroup.pl\/index.php\/produkt\/growatt-bateria-ark-zestaw-128kwh-dla-falownika-sph\/#primaryimage\"},\"thumbnailUrl\":\"https:\/\/pvgroup.pl\/wp-content\/uploads\/2022\/08\/baterie-do-fotowoltaika-growatt-SPH-ark-2.5h-a1-pvgroup.pl_.jpg\",\"datePublished\":\"2023-07-19T11:49:02+00:00\",\"dateModified\":\"2026-04-10T09:18:05+00:00\",\"description\":\"GROWATT Bateria ARK Zestaw 12,8kWh\u00a0zosta\u0142 zaprojektowany specjalnie dla jednego falownika SPH tr\u00f3jfazowego. Szybka wysy\u0142ka\",\"breadcrumb\":{\"@id\":\"https:\/\/pvgroup.pl\/index.php\/produkt\/growatt-bateria-ark-zestaw-128kwh-dla-falownika-sph\/#breadcrumb\"},\"inLanguage\":\"pl-PL\",\"potentialAction\":[{\"@type\":\"ReadAction\",\"target\":[\"https:\/\/pvgroup.pl\/index.php\/produkt\/growatt-bateria-ark-zestaw-128kwh-dla-falownika-sph\/\"]}]},{\"@type\":\"ImageObject\",\"inLanguage\":\"pl-PL\",\"@id\":\"https:\/\/pvgroup.pl\/index.php\/produkt\/growatt-bateria-ark-zestaw-128kwh-dla-falownika-sph\/#primaryimage\",\"url\":\"https:\/\/pvgroup.pl\/wp-content\/uploads\/2022\/08\/baterie-do-fotowoltaika-growatt-SPH-ark-2.5h-a1-pvgroup.pl_.jpg\",\"contentUrl\":\"https:\/\/pvgroup.pl\/wp-content\/uploads\/2022\/08\/baterie-do-fotowoltaika-growatt-SPH-ark-2.5h-a1-pvgroup.pl_.jpg\",\"width\":2048,\"height\":1315,\"caption\":\"Bateria Growatt\"},{\"@type\":\"BreadcrumbList\",\"@id\":\"https:\/\/pvgroup.pl\/index.php\/produkt\/growatt-bateria-ark-zestaw-128kwh-dla-falownika-sph\/#breadcrumb\",\"itemListElement\":[{\"@type\":\"ListItem\",\"position\":1,\"name\":\"Strona g\u0142\u00f3wna\",\"item\":\"https:\/\/pvgroup.pl\/\"},{\"@type\":\"ListItem\",\"position\":2,\"name\":\"Sklep\",\"item\":\"https:\/\/pvgroup.pl\/index.php\/sklep\/\"},{\"@type\":\"ListItem\",\"position\":3,\"name\":\"Growatt Bateria ARK Zestaw 12,8kWh dla falownika SPH\"}]},{\"@type\":\"WebSite\",\"@id\":\"https:\/\/pvgroup.pl\/#website\",\"url\":\"https:\/\/pvgroup.pl\/\",\"name\":\"PVGroup.pl - Wszystko do fotowoltaiki\",\"description\":\"Zestawy fotowoltaiczne , Panele s\u0142oneczne,  Fotowoltaika. Zestawy fotowoltaiki,  sklep stacjonarny i OnLine\",\"publisher\":{\"@id\":\"https:\/\/pvgroup.pl\/#organization\"},\"potentialAction\":[{\"@type\":\"SearchAction\",\"target\":{\"@type\":\"EntryPoint\",\"urlTemplate\":\"https:\/\/pvgroup.pl\/?s={search_term_string}\"},\"query-input\":\"required name=search_term_string\"}],\"inLanguage\":\"pl-PL\"},{\"@type\":\"Organization\",\"@id\":\"https:\/\/pvgroup.pl\/#organization\",\"name\":\"PVGroup.pl\",\"url\":\"https:\/\/pvgroup.pl\/\",\"logo\":{\"@type\":\"ImageObject\",\"inLanguage\":\"pl-PL\",\"@id\":\"https:\/\/pvgroup.pl\/#\/schema\/logo\/image\/\",\"url\":\"https:\/\/pvgroup.pl\/wp-content\/uploads\/2019\/10\/PVGroup-logotyp_RGB-kolor-01.png\",\"contentUrl\":\"https:\/\/pvgroup.pl\/wp-content\/uploads\/2019\/10\/PVGroup-logotyp_RGB-kolor-01.png\",\"width\":2415,\"height\":1002,\"caption\":\"PVGroup.pl\"},\"image\":{\"@id\":\"https:\/\/pvgroup.pl\/#\/schema\/logo\/image\/\"},\"sameAs\":[\"https:\/\/www.facebook.com\/pvgrouppl\/\"]}]}<\/script>\n<!-- \/ Yoast SEO plugin. -->","yoast_head_json":{"title":"Growatt Bateria ARK Zestaw 12,8kWh dla falownika SPH - PVGroup.pl - Wszystko do fotowoltaiki","description":"GROWATT Bateria ARK Zestaw 12,8kWh\u00a0zosta\u0142 zaprojektowany specjalnie dla jednego falownika SPH tr\u00f3jfazowego. Szybka wysy\u0142ka","robots":{"index":"index","follow":"follow","max-snippet":"max-snippet:-1","max-image-preview":"max-image-preview:large","max-video-preview":"max-video-preview:-1"},"canonical":"https:\/\/pvgroup.pl\/index.php\/produkt\/growatt-bateria-ark-zestaw-128kwh-dla-falownika-sph\/","og_locale":"pl_PL","og_type":"article","og_title":"Growatt Bateria ARK Zestaw 12,8kWh dla falownika SPH - PVGroup.pl - Wszystko do fotowoltaiki","og_description":"GROWATT Bateria ARK Zestaw 12,8kWh\u00a0zosta\u0142 zaprojektowany specjalnie dla jednego falownika SPH tr\u00f3jfazowego. Szybka wysy\u0142ka","og_url":"https:\/\/pvgroup.pl\/index.php\/produkt\/growatt-bateria-ark-zestaw-128kwh-dla-falownika-sph\/","og_site_name":"PVGroup.pl - Wszystko do fotowoltaiki","article_publisher":"https:\/\/www.facebook.com\/pvgrouppl\/","article_modified_time":"2026-04-10T09:18:05+00:00","og_image":[{"width":2048,"height":1315,"url":"https:\/\/pvgroup.pl\/wp-content\/uploads\/2022\/08\/baterie-do-fotowoltaika-growatt-SPH-ark-2.5h-a1-pvgroup.pl_.jpg","type":"image\/jpeg"}],"twitter_card":"summary_large_image","twitter_misc":{"Szacowany czas czytania":"3 minuty"},"schema":{"@context":"https:\/\/schema.org","@graph":[{"@type":"WebPage","@id":"https:\/\/pvgroup.pl\/index.php\/produkt\/growatt-bateria-ark-zestaw-128kwh-dla-falownika-sph\/","url":"https:\/\/pvgroup.pl\/index.php\/produkt\/growatt-bateria-ark-zestaw-128kwh-dla-falownika-sph\/","name":"Growatt Bateria ARK Zestaw 12,8kWh dla falownika SPH - PVGroup.pl - Wszystko do fotowoltaiki","isPartOf":{"@id":"https:\/\/pvgroup.pl\/#website"},"primaryImageOfPage":{"@id":"https:\/\/pvgroup.pl\/index.php\/produkt\/growatt-bateria-ark-zestaw-128kwh-dla-falownika-sph\/#primaryimage"},"image":{"@id":"https:\/\/pvgroup.pl\/index.php\/produkt\/growatt-bateria-ark-zestaw-128kwh-dla-falownika-sph\/#primaryimage"},"thumbnailUrl":"https:\/\/pvgroup.pl\/wp-content\/uploads\/2022\/08\/baterie-do-fotowoltaika-growatt-SPH-ark-2.5h-a1-pvgroup.pl_.jpg","datePublished":"2023-07-19T11:49:02+00:00","dateModified":"2026-04-10T09:18:05+00:00","description":"GROWATT Bateria ARK Zestaw 12,8kWh\u00a0zosta\u0142 zaprojektowany specjalnie dla jednego falownika SPH tr\u00f3jfazowego. Szybka wysy\u0142ka","breadcrumb":{"@id":"https:\/\/pvgroup.pl\/index.php\/produkt\/growatt-bateria-ark-zestaw-128kwh-dla-falownika-sph\/#breadcrumb"},"inLanguage":"pl-PL","potentialAction":[{"@type":"ReadAction","target":["https:\/\/pvgroup.pl\/index.php\/produkt\/growatt-bateria-ark-zestaw-128kwh-dla-falownika-sph\/"]}]},{"@type":"ImageObject","inLanguage":"pl-PL","@id":"https:\/\/pvgroup.pl\/index.php\/produkt\/growatt-bateria-ark-zestaw-128kwh-dla-falownika-sph\/#primaryimage","url":"https:\/\/pvgroup.pl\/wp-content\/uploads\/2022\/08\/baterie-do-fotowoltaika-growatt-SPH-ark-2.5h-a1-pvgroup.pl_.jpg","contentUrl":"https:\/\/pvgroup.pl\/wp-content\/uploads\/2022\/08\/baterie-do-fotowoltaika-growatt-SPH-ark-2.5h-a1-pvgroup.pl_.jpg","width":2048,"height":1315,"caption":"Bateria Growatt"},{"@type":"BreadcrumbList","@id":"https:\/\/pvgroup.pl\/index.php\/produkt\/growatt-bateria-ark-zestaw-128kwh-dla-falownika-sph\/#breadcrumb","itemListElement":[{"@type":"ListItem","position":1,"name":"Strona g\u0142\u00f3wna","item":"https:\/\/pvgroup.pl\/"},{"@type":"ListItem","position":2,"name":"Sklep","item":"https:\/\/pvgroup.pl\/index.php\/sklep\/"},{"@type":"ListItem","position":3,"name":"Growatt Bateria ARK Zestaw 12,8kWh dla falownika SPH"}]},{"@type":"WebSite","@id":"https:\/\/pvgroup.pl\/#website","url":"https:\/\/pvgroup.pl\/","name":"PVGroup.pl - Wszystko do fotowoltaiki","description":"Zestawy fotowoltaiczne , Panele s\u0142oneczne,  Fotowoltaika. Zestawy fotowoltaiki,  sklep stacjonarny i OnLine","publisher":{"@id":"https:\/\/pvgroup.pl\/#organization"},"potentialAction":[{"@type":"SearchAction","target":{"@type":"EntryPoint","urlTemplate":"https:\/\/pvgroup.pl\/?s={search_term_string}"},"query-input":"required name=search_term_string"}],"inLanguage":"pl-PL"},{"@type":"Organization","@id":"https:\/\/pvgroup.pl\/#organization","name":"PVGroup.pl","url":"https:\/\/pvgroup.pl\/","logo":{"@type":"ImageObject","inLanguage":"pl-PL","@id":"https:\/\/pvgroup.pl\/#\/schema\/logo\/image\/","url":"https:\/\/pvgroup.pl\/wp-content\/uploads\/2019\/10\/PVGroup-logotyp_RGB-kolor-01.png","contentUrl":"https:\/\/pvgroup.pl\/wp-content\/uploads\/2019\/10\/PVGroup-logotyp_RGB-kolor-01.png","width":2415,"height":1002,"caption":"PVGroup.pl"},"image":{"@id":"https:\/\/pvgroup.pl\/#\/schema\/logo\/image\/"},"sameAs":["https:\/\/www.facebook.com\/pvgrouppl\/"]}]}},"_links":{"self":[{"href":"https:\/\/pvgroup.pl\/index.php\/wp-json\/wp\/v2\/product\/28593","targetHints":{"allow":["GET"]}}],"collection":[{"href":"https:\/\/pvgroup.pl\/index.php\/wp-json\/wp\/v2\/product"}],"about":[{"href":"https:\/\/pvgroup.pl\/index.php\/wp-json\/wp\/v2\/types\/product"}],"wp:featuredmedia":[{"embeddable":true,"href":"https:\/\/pvgroup.pl\/index.php\/wp-json\/wp\/v2\/media\/18382"}],"wp:attachment":[{"href":"https:\/\/pvgroup.pl\/index.php\/wp-json\/wp\/v2\/media?parent=28593"}],"wp:term":[{"taxonomy":"product_brand","embeddable":true,"href":"https:\/\/pvgroup.pl\/index.php\/wp-json\/wp\/v2\/product_brand?post=28593"},{"taxonomy":"product_cat","embeddable":true,"href":"https:\/\/pvgroup.pl\/index.php\/wp-json\/wp\/v2\/product_cat?post=28593"},{"taxonomy":"product_tag","embeddable":true,"href":"https:\/\/pvgroup.pl\/index.php\/wp-json\/wp\/v2\/product_tag?post=28593"},{"taxonomy":"woo-feed-brand","embeddable":true,"href":"https:\/\/pvgroup.pl\/index.php\/wp-json\/wp\/v2\/woo-feed-brand?post=28593"}],"curies":[{"name":"wp","href":"https:\/\/api.w.org\/{rel}","templated":true}]}}