{"id":29055,"date":"2023-08-30T11:09:44","date_gmt":"2023-08-30T09:09:44","guid":{"rendered":"https:\/\/pvgroup.pl\/index.php\/produkt\/growatt-shine-gprs-x\/"},"modified":"2026-04-10T11:17:10","modified_gmt":"2026-04-10T09:17:10","slug":"growatt-shine-gprs-x","status":"publish","type":"product","link":"https:\/\/pvgroup.pl\/index.php\/produkt\/growatt-shine-gprs-x\/","title":{"rendered":"Growatt Shine GPRS-X"},"content":{"rendered":"<h1 style=\"text-align: center\">GROWATT Shine GPRS-X Monitoring<\/h1>\n<h2 style=\"text-align: center\"><\/h2>\n<h2 style=\"text-align: center\"><em>Bezprzewodowa, \u0142atwa instalacja, port komunikacyjny USB, wbudowana pami\u0119\u0107, 1 miesi\u0105c danych, monitorowanie i zarz\u0105dzanie online<\/em><\/h2>\n<p>&nbsp;<\/p>\n<p><img loading=\"lazy\" decoding=\"async\" class=\"aligncenter size-full wp-image-29143\" src=\"https:\/\/pvgroup.pl\/wp-content\/uploads\/2023\/08\/Growatt-Shine-Wifi-X.webp\" alt=\"Growatt Shine Wifi-X\" width=\"461\" height=\"435\" \/><\/p>\n<p>&nbsp;<\/p>\n<h4 style=\"text-align: center\">\u00a0Autoryzowany partner handlowy:<\/h4>\n<p>&nbsp;<\/p>\n<p><img loading=\"lazy\" decoding=\"async\" class=\"aligncenter\" src=\"https:\/\/cdn.discordapp.com\/attachments\/775453972580139048\/1024013637888782367\/unknown.png\" width=\"565\" height=\"210\" \/><\/p>\n<p style=\"text-align: left\"><strong>GROWATT Shine GPRS-X opis produktu:<\/strong><\/p>\n<ul>\n<li>Bezprzewodowy monitoring GPRS inwerter\u00f3w sieciowych oraz hybrydowych, m.in. seria SPH, MOD, MIC, MIN, MID, MAX<\/li>\n<li>\u0141atwy w obs\u0142udze oraz monta\u017cu<\/li>\n<li>Interfejs w j\u0119zyku polskim przyjazny u\u017cytkownikowi<\/li>\n<li>Zdalna aktualizacja oprogramowania<\/li>\n<li>Zasi\u0119g dzia\u0142ania do 100m<\/li>\n<li>Dost\u0119pno\u015b\u0107 danych poprzez stron\u0119 www b\u0105d\u017a smartphonem<\/li>\n<li>Umo\u017cliwia monitorowanie pracy inwertera ze smartfona poprzez aplikacj\u0119 Shine dost\u0119pn\u0105 na Google play.<\/li>\n<\/ul>\n<p>&nbsp;<\/p>\n<p><img decoding=\"async\" class=\"aligncenter\" src=\"https:\/\/pvgroup.pl\/wp-content\/uploads\/2021\/02\/GrowattPVGroup.pl_.png\" \/><\/p>\n<h5 style=\"text-align: center\">Za bezpiecze\u0144stwo przesy\u0142ek inwerter\u00f3w odpowiada :<\/h5>\n<p>&nbsp;<\/p>\n<p><img loading=\"lazy\" decoding=\"async\" class=\"aligncenter\" src=\"https:\/\/pvgroup.pl\/wp-content\/uploads\/2020\/11\/dpd_big-300x300-1.jpg\" width=\"347\" height=\"347\" \/><\/p>\n<p><strong>Produkty Growatt<\/strong>\u00a0podr\u00f3\u017cuj\u0105 do Pa\u0144stwa ubezpieczonym transportem. Przesy\u0142ki s\u0105 pakowane z du\u017c\u0105 staranno\u015bci\u0105 w taki spos\u00f3b aby\u00a0inwerter dojecha\u0142 do miejsca przeznaczenia w formie nie naruszonej.\u00a0 Pakowanie odbywa si\u0119 pod nadzorem kamer. Je\u017celi jednak wyst\u0105pi problem prosimy o spisanie protoko\u0142u z kurierem, zaznaczenie co dok\u0142adnie jest uszkodzone i na tym odpowiedzialno\u015b\u0107 klienta si\u0119 ko\u0144czy. PVGroup.pl dosy\u0142a nowy towar.\u00a0<a href=\"https:\/\/pvgroup.pl\/index.php\/zasady-wysylki\/\">Zasady wysy\u0142ek znajdziesz tutaj.<\/a><\/p>\n<p>&nbsp;<\/p>\n<h3><\/h3>\n<h3 style=\"text-align: center\"><strong>Podstawowe dane techniczne GROWATT Shine GPRS-X:<\/strong><\/h3>\n<p>&nbsp;<\/p>\n<ul>\n<li>Typ sieci: GSM\/GPRS<\/li>\n<li>Zakres cz\u0119stotliwo\u015bci GSM\/GPRS\/EDGE: 850\/900\/1800\/1900MHZ<\/li>\n<li>Moc nadawania: GSM850\/GSM900\uff1a2W DCS1800\/PCS1900\uff1a1W<\/li>\n<li>Pr\u0119dko\u015b\u0107 portu szeregowego: 9600bps\/115200bps<\/li>\n<li>Pr\u0105d roboczy: 2A<\/li>\n<li>Wy\u015bwietlacz: LED<\/li>\n<li>Temperatura pracy: -30 do 65 \u00b0C<\/li>\n<\/ul>\n<h4><a href=\"https:\/\/pvgroup.pl\/index.php\/inwertery-growatt-inverters-growatt\/\">Pe\u0142n\u0105 dokumentacj\u0119, certyfikaty oraz instrukcje obs\u0142ugi znajdziesz tutaj.<\/a><\/h4>\n<p>&nbsp;<\/p>\n<h4>Falownik fotowoltaiczny z oficjalnej dystrybucji \/ gwarancji firmy Growatt w Polsce \u2013 <span role=\"gridcell\"><a class=\"x1i10hfl xjbqb8w x6umtig x1b1mbwd xaqea5y xav7gou x9f619 x1ypdohk xt0psk2 xe8uvvx xdj266r x11i5rnm xat24cr x1mh8g0r xexx8yu x4uap5 x18d9i69 xkhd6sd x16tdsg8 xggy1nq x1a2a7pz xt0b8zv x1heor9g x1bvjpef\" role=\"link\" href=\"https:\/\/www.ginverter.com\/?fbclid=IwAR0UicS8ztPPAjSp3VqxwEyrh2jqrhELY75s1Ra-u6s9NzZoBJfjv0YgTSM\" target=\"_blank\" rel=\"nofollow noopener\">https:\/\/www.ginverter.com\/<\/a><\/span><\/h4>\n<p>&nbsp;<\/p>\n<h4>Wi\u0119cej informacji znajdziesz na stronie producenta: <a href=\"https:\/\/www.ginverter.com\/\">tutaj.<\/a><\/h4>\n<p>&nbsp;<\/p>\n<h4><img loading=\"lazy\" decoding=\"async\" class=\"aligncenter wp-image-1570 size-medium\" src=\"https:\/\/pvgroup.pl\/wp-content\/uploads\/2019\/10\/cropped-PVGroup-logotyp_RGB-kolor-01-300x100.png\" alt=\"\" width=\"300\" height=\"100\" srcset=\"https:\/\/pvgroup.pl\/wp-content\/uploads\/2019\/10\/cropped-PVGroup-logotyp_RGB-kolor-01-300x100.png 300w, https:\/\/pvgroup.pl\/wp-content\/uploads\/2019\/10\/cropped-PVGroup-logotyp_RGB-kolor-01-768x256.png 768w, https:\/\/pvgroup.pl\/wp-content\/uploads\/2019\/10\/cropped-PVGroup-logotyp_RGB-kolor-01-1024x341.png 1024w, https:\/\/pvgroup.pl\/wp-content\/uploads\/2019\/10\/cropped-PVGroup-logotyp_RGB-kolor-01-20x7.png 20w, https:\/\/pvgroup.pl\/wp-content\/uploads\/2019\/10\/cropped-PVGroup-logotyp_RGB-kolor-01-600x200.png 600w\" sizes=\"auto, (max-width: 300px) 100vw, 300px\" \/><\/h4>\n<h3 style=\"text-align: center\"><strong>Pytania? Kontakt:<\/strong><\/h3>\n<h3 style=\"text-align: center\"><a href=\"mailto:info@pvgroup.pl\">info@pvgroup.pl\u00a0<\/a><\/h3>\n<h3 style=\"text-align: center\"><strong>telefon:<\/strong><\/h3>\n<h3 style=\"text-align: center\"><strong>+48 516758 217<\/strong><\/h3>\n<h3 style=\"text-align: center\"><strong>+48 737 185 830<\/strong><\/h3>\n<h3 style=\"text-align: center\"><strong>+48 532 268 607<\/strong><\/h3>\n","protected":false},"excerpt":{"rendered":"<p><strong>GROWATT Shine GPRS-X<\/strong>. Bezprzewodowa, \u0142atwa instalacja, port komunikacyjny USB, wbudowana pami\u0119\u0107, 1 miesi\u0105c danych, monitorowanie i zarz\u0105dzanie online.<\/p>\n","protected":false},"featured_media":29143,"template":"","meta":{"site-sidebar-layout":"default","site-content-layout":"default","ast-site-content-layout":"default","site-content-style":"default","site-sidebar-style":"default","ast-global-header-display":"","ast-banner-title-visibility":"","ast-main-header-display":"","ast-hfb-above-header-display":"","ast-hfb-below-header-display":"","ast-hfb-mobile-header-display":"","site-post-title":"","ast-breadcrumbs-content":"","ast-featured-img":"","footer-sml-layout":"","ast-disable-related-posts":"","theme-transparent-header-meta":"default","adv-header-id-meta":"","stick-header-meta":"","header-above-stick-meta":"","header-main-stick-meta":"","header-below-stick-meta":"","astra-migrate-meta-layouts":"default","ast-page-background-enabled":"default","ast-page-background-meta":{"desktop":{"background-color":"","background-image":"","background-repeat":"repeat","background-position":"center center","background-size":"auto","background-attachment":"scroll","background-type":"","background-media":"","overlay-type":"","overlay-color":"","overlay-opacity":"","overlay-gradient":""},"tablet":{"background-color":"","background-image":"","background-repeat":"repeat","background-position":"center center","background-size":"auto","background-attachment":"scroll","background-type":"","background-media":"","overlay-type":"","overlay-color":"","overlay-opacity":"","overlay-gradient":""},"mobile":{"background-color":"","background-image":"","background-repeat":"repeat","background-position":"center center","background-size":"auto","background-attachment":"scroll","background-type":"","background-media":"","overlay-type":"","overlay-color":"","overlay-opacity":"","overlay-gradient":""}},"ast-content-background-meta":{"desktop":{"background-color":"var(--ast-global-color-5)","background-image":"","background-repeat":"repeat","background-position":"center center","background-size":"auto","background-attachment":"scroll","background-type":"","background-media":"","overlay-type":"","overlay-color":"","overlay-opacity":"","overlay-gradient":""},"tablet":{"background-color":"var(--ast-global-color-5)","background-image":"","background-repeat":"repeat","background-position":"center center","background-size":"auto","background-attachment":"scroll","background-type":"","background-media":"","overlay-type":"","overlay-color":"","overlay-opacity":"","overlay-gradient":""},"mobile":{"background-color":"var(--ast-global-color-5)","background-image":"","background-repeat":"repeat","background-position":"center center","background-size":"auto","background-attachment":"scroll","background-type":"","background-media":"","overlay-type":"","overlay-color":"","overlay-opacity":"","overlay-gradient":""}}},"product_brand":[],"product_cat":[153,168],"product_tag":[],"woo-feed-brand":[],"class_list":{"0":"post-29055","1":"product","2":"type-product","3":"status-publish","4":"has-post-thumbnail","6":"product_cat-falowniki-3-fazowe-growatt-2","7":"product_cat-inwertery-hybrydowe-growatt","8":"product_shipping_class-paczka-do-30kg","9":"desktop-align-left","10":"tablet-align-left","11":"mobile-align-left","12":"ast-product-gallery-layout-horizontal-slider","13":"ast-product-gallery-with-no-image","14":"ast-product-tabs-layout-horizontal","16":"first","17":"outofstock","18":"taxable","19":"shipping-taxable","20":"purchasable","21":"product-type-simple"},"yoast_head":"<!-- This site is optimized with the Yoast SEO plugin v23.1 - https:\/\/yoast.com\/wordpress\/plugins\/seo\/ -->\n<title>Growatt Shine GPRS-X - PVGroup.pl - Wszystko do fotowoltaiki<\/title>\n<meta name=\"description\" content=\"GROWATT Shine GPRS-X. Bezprzewodowa, \u0142atwa instalacja, port komunikacyjny USB, wbudowana pami\u0119\u0107, 1 miesi\u0105c danych, monitorowanie i zarz\u0105dzanie online.\" \/>\n<meta name=\"robots\" content=\"index, follow, max-snippet:-1, max-image-preview:large, max-video-preview:-1\" \/>\n<link rel=\"canonical\" href=\"https:\/\/pvgroup.pl\/index.php\/produkt\/growatt-shine-gprs-x\/\" \/>\n<meta property=\"og:locale\" content=\"pl_PL\" \/>\n<meta property=\"og:type\" content=\"article\" \/>\n<meta property=\"og:title\" content=\"Growatt Shine GPRS-X - PVGroup.pl - Wszystko do fotowoltaiki\" \/>\n<meta property=\"og:description\" content=\"GROWATT Shine GPRS-X. Bezprzewodowa, \u0142atwa instalacja, port komunikacyjny USB, wbudowana pami\u0119\u0107, 1 miesi\u0105c danych, monitorowanie i zarz\u0105dzanie online.\" \/>\n<meta property=\"og:url\" content=\"https:\/\/pvgroup.pl\/index.php\/produkt\/growatt-shine-gprs-x\/\" \/>\n<meta property=\"og:site_name\" content=\"PVGroup.pl - Wszystko do fotowoltaiki\" \/>\n<meta property=\"article:publisher\" content=\"https:\/\/www.facebook.com\/pvgrouppl\/\" \/>\n<meta property=\"article:modified_time\" content=\"2026-04-10T09:17:10+00:00\" \/>\n<meta property=\"og:image\" content=\"https:\/\/pvgroup.pl\/wp-content\/uploads\/2023\/08\/Growatt-Shine-Wifi-X.webp\" \/>\n\t<meta property=\"og:image:width\" content=\"461\" \/>\n\t<meta property=\"og:image:height\" content=\"435\" \/>\n\t<meta property=\"og:image:type\" content=\"image\/webp\" \/>\n<meta name=\"twitter:card\" content=\"summary_large_image\" \/>\n<meta name=\"twitter:label1\" content=\"Szacowany czas czytania\" \/>\n\t<meta name=\"twitter:data1\" content=\"3 minuty\" \/>\n<script type=\"application\/ld+json\" class=\"yoast-schema-graph\">{\"@context\":\"https:\/\/schema.org\",\"@graph\":[{\"@type\":\"WebPage\",\"@id\":\"https:\/\/pvgroup.pl\/index.php\/produkt\/growatt-shine-gprs-x\/\",\"url\":\"https:\/\/pvgroup.pl\/index.php\/produkt\/growatt-shine-gprs-x\/\",\"name\":\"Growatt Shine GPRS-X - PVGroup.pl - Wszystko do fotowoltaiki\",\"isPartOf\":{\"@id\":\"https:\/\/pvgroup.pl\/#website\"},\"primaryImageOfPage\":{\"@id\":\"https:\/\/pvgroup.pl\/index.php\/produkt\/growatt-shine-gprs-x\/#primaryimage\"},\"image\":{\"@id\":\"https:\/\/pvgroup.pl\/index.php\/produkt\/growatt-shine-gprs-x\/#primaryimage\"},\"thumbnailUrl\":\"https:\/\/pvgroup.pl\/wp-content\/uploads\/2023\/08\/Growatt-Shine-Wifi-X.webp\",\"datePublished\":\"2023-08-30T09:09:44+00:00\",\"dateModified\":\"2026-04-10T09:17:10+00:00\",\"description\":\"GROWATT Shine GPRS-X. Bezprzewodowa, \u0142atwa instalacja, port komunikacyjny USB, wbudowana pami\u0119\u0107, 1 miesi\u0105c danych, monitorowanie i zarz\u0105dzanie online.\",\"breadcrumb\":{\"@id\":\"https:\/\/pvgroup.pl\/index.php\/produkt\/growatt-shine-gprs-x\/#breadcrumb\"},\"inLanguage\":\"pl-PL\",\"potentialAction\":[{\"@type\":\"ReadAction\",\"target\":[\"https:\/\/pvgroup.pl\/index.php\/produkt\/growatt-shine-gprs-x\/\"]}]},{\"@type\":\"ImageObject\",\"inLanguage\":\"pl-PL\",\"@id\":\"https:\/\/pvgroup.pl\/index.php\/produkt\/growatt-shine-gprs-x\/#primaryimage\",\"url\":\"https:\/\/pvgroup.pl\/wp-content\/uploads\/2023\/08\/Growatt-Shine-Wifi-X.webp\",\"contentUrl\":\"https:\/\/pvgroup.pl\/wp-content\/uploads\/2023\/08\/Growatt-Shine-Wifi-X.webp\",\"width\":461,\"height\":435,\"caption\":\"Growatt Shine Wifi-X\"},{\"@type\":\"BreadcrumbList\",\"@id\":\"https:\/\/pvgroup.pl\/index.php\/produkt\/growatt-shine-gprs-x\/#breadcrumb\",\"itemListElement\":[{\"@type\":\"ListItem\",\"position\":1,\"name\":\"Strona g\u0142\u00f3wna\",\"item\":\"https:\/\/pvgroup.pl\/\"},{\"@type\":\"ListItem\",\"position\":2,\"name\":\"Sklep\",\"item\":\"https:\/\/pvgroup.pl\/index.php\/sklep\/\"},{\"@type\":\"ListItem\",\"position\":3,\"name\":\"Growatt Shine GPRS-X\"}]},{\"@type\":\"WebSite\",\"@id\":\"https:\/\/pvgroup.pl\/#website\",\"url\":\"https:\/\/pvgroup.pl\/\",\"name\":\"PVGroup.pl - Wszystko do fotowoltaiki\",\"description\":\"Zestawy fotowoltaiczne , Panele s\u0142oneczne,  Fotowoltaika. Zestawy fotowoltaiki,  sklep stacjonarny i OnLine\",\"publisher\":{\"@id\":\"https:\/\/pvgroup.pl\/#organization\"},\"potentialAction\":[{\"@type\":\"SearchAction\",\"target\":{\"@type\":\"EntryPoint\",\"urlTemplate\":\"https:\/\/pvgroup.pl\/?s={search_term_string}\"},\"query-input\":\"required name=search_term_string\"}],\"inLanguage\":\"pl-PL\"},{\"@type\":\"Organization\",\"@id\":\"https:\/\/pvgroup.pl\/#organization\",\"name\":\"PVGroup.pl\",\"url\":\"https:\/\/pvgroup.pl\/\",\"logo\":{\"@type\":\"ImageObject\",\"inLanguage\":\"pl-PL\",\"@id\":\"https:\/\/pvgroup.pl\/#\/schema\/logo\/image\/\",\"url\":\"https:\/\/pvgroup.pl\/wp-content\/uploads\/2019\/10\/PVGroup-logotyp_RGB-kolor-01.png\",\"contentUrl\":\"https:\/\/pvgroup.pl\/wp-content\/uploads\/2019\/10\/PVGroup-logotyp_RGB-kolor-01.png\",\"width\":2415,\"height\":1002,\"caption\":\"PVGroup.pl\"},\"image\":{\"@id\":\"https:\/\/pvgroup.pl\/#\/schema\/logo\/image\/\"},\"sameAs\":[\"https:\/\/www.facebook.com\/pvgrouppl\/\"]}]}<\/script>\n<!-- \/ Yoast SEO plugin. -->","yoast_head_json":{"title":"Growatt Shine GPRS-X - PVGroup.pl - Wszystko do fotowoltaiki","description":"GROWATT Shine GPRS-X. Bezprzewodowa, \u0142atwa instalacja, port komunikacyjny USB, wbudowana pami\u0119\u0107, 1 miesi\u0105c danych, monitorowanie i zarz\u0105dzanie online.","robots":{"index":"index","follow":"follow","max-snippet":"max-snippet:-1","max-image-preview":"max-image-preview:large","max-video-preview":"max-video-preview:-1"},"canonical":"https:\/\/pvgroup.pl\/index.php\/produkt\/growatt-shine-gprs-x\/","og_locale":"pl_PL","og_type":"article","og_title":"Growatt Shine GPRS-X - PVGroup.pl - Wszystko do fotowoltaiki","og_description":"GROWATT Shine GPRS-X. Bezprzewodowa, \u0142atwa instalacja, port komunikacyjny USB, wbudowana pami\u0119\u0107, 1 miesi\u0105c danych, monitorowanie i zarz\u0105dzanie online.","og_url":"https:\/\/pvgroup.pl\/index.php\/produkt\/growatt-shine-gprs-x\/","og_site_name":"PVGroup.pl - Wszystko do fotowoltaiki","article_publisher":"https:\/\/www.facebook.com\/pvgrouppl\/","article_modified_time":"2026-04-10T09:17:10+00:00","og_image":[{"width":461,"height":435,"url":"https:\/\/pvgroup.pl\/wp-content\/uploads\/2023\/08\/Growatt-Shine-Wifi-X.webp","type":"image\/webp"}],"twitter_card":"summary_large_image","twitter_misc":{"Szacowany czas czytania":"3 minuty"},"schema":{"@context":"https:\/\/schema.org","@graph":[{"@type":"WebPage","@id":"https:\/\/pvgroup.pl\/index.php\/produkt\/growatt-shine-gprs-x\/","url":"https:\/\/pvgroup.pl\/index.php\/produkt\/growatt-shine-gprs-x\/","name":"Growatt Shine GPRS-X - PVGroup.pl - Wszystko do fotowoltaiki","isPartOf":{"@id":"https:\/\/pvgroup.pl\/#website"},"primaryImageOfPage":{"@id":"https:\/\/pvgroup.pl\/index.php\/produkt\/growatt-shine-gprs-x\/#primaryimage"},"image":{"@id":"https:\/\/pvgroup.pl\/index.php\/produkt\/growatt-shine-gprs-x\/#primaryimage"},"thumbnailUrl":"https:\/\/pvgroup.pl\/wp-content\/uploads\/2023\/08\/Growatt-Shine-Wifi-X.webp","datePublished":"2023-08-30T09:09:44+00:00","dateModified":"2026-04-10T09:17:10+00:00","description":"GROWATT Shine GPRS-X. Bezprzewodowa, \u0142atwa instalacja, port komunikacyjny USB, wbudowana pami\u0119\u0107, 1 miesi\u0105c danych, monitorowanie i zarz\u0105dzanie online.","breadcrumb":{"@id":"https:\/\/pvgroup.pl\/index.php\/produkt\/growatt-shine-gprs-x\/#breadcrumb"},"inLanguage":"pl-PL","potentialAction":[{"@type":"ReadAction","target":["https:\/\/pvgroup.pl\/index.php\/produkt\/growatt-shine-gprs-x\/"]}]},{"@type":"ImageObject","inLanguage":"pl-PL","@id":"https:\/\/pvgroup.pl\/index.php\/produkt\/growatt-shine-gprs-x\/#primaryimage","url":"https:\/\/pvgroup.pl\/wp-content\/uploads\/2023\/08\/Growatt-Shine-Wifi-X.webp","contentUrl":"https:\/\/pvgroup.pl\/wp-content\/uploads\/2023\/08\/Growatt-Shine-Wifi-X.webp","width":461,"height":435,"caption":"Growatt Shine Wifi-X"},{"@type":"BreadcrumbList","@id":"https:\/\/pvgroup.pl\/index.php\/produkt\/growatt-shine-gprs-x\/#breadcrumb","itemListElement":[{"@type":"ListItem","position":1,"name":"Strona g\u0142\u00f3wna","item":"https:\/\/pvgroup.pl\/"},{"@type":"ListItem","position":2,"name":"Sklep","item":"https:\/\/pvgroup.pl\/index.php\/sklep\/"},{"@type":"ListItem","position":3,"name":"Growatt Shine GPRS-X"}]},{"@type":"WebSite","@id":"https:\/\/pvgroup.pl\/#website","url":"https:\/\/pvgroup.pl\/","name":"PVGroup.pl - Wszystko do fotowoltaiki","description":"Zestawy fotowoltaiczne , Panele s\u0142oneczne,  Fotowoltaika. Zestawy fotowoltaiki,  sklep stacjonarny i OnLine","publisher":{"@id":"https:\/\/pvgroup.pl\/#organization"},"potentialAction":[{"@type":"SearchAction","target":{"@type":"EntryPoint","urlTemplate":"https:\/\/pvgroup.pl\/?s={search_term_string}"},"query-input":"required name=search_term_string"}],"inLanguage":"pl-PL"},{"@type":"Organization","@id":"https:\/\/pvgroup.pl\/#organization","name":"PVGroup.pl","url":"https:\/\/pvgroup.pl\/","logo":{"@type":"ImageObject","inLanguage":"pl-PL","@id":"https:\/\/pvgroup.pl\/#\/schema\/logo\/image\/","url":"https:\/\/pvgroup.pl\/wp-content\/uploads\/2019\/10\/PVGroup-logotyp_RGB-kolor-01.png","contentUrl":"https:\/\/pvgroup.pl\/wp-content\/uploads\/2019\/10\/PVGroup-logotyp_RGB-kolor-01.png","width":2415,"height":1002,"caption":"PVGroup.pl"},"image":{"@id":"https:\/\/pvgroup.pl\/#\/schema\/logo\/image\/"},"sameAs":["https:\/\/www.facebook.com\/pvgrouppl\/"]}]}},"_links":{"self":[{"href":"https:\/\/pvgroup.pl\/index.php\/wp-json\/wp\/v2\/product\/29055","targetHints":{"allow":["GET"]}}],"collection":[{"href":"https:\/\/pvgroup.pl\/index.php\/wp-json\/wp\/v2\/product"}],"about":[{"href":"https:\/\/pvgroup.pl\/index.php\/wp-json\/wp\/v2\/types\/product"}],"wp:featuredmedia":[{"embeddable":true,"href":"https:\/\/pvgroup.pl\/index.php\/wp-json\/wp\/v2\/media\/29143"}],"wp:attachment":[{"href":"https:\/\/pvgroup.pl\/index.php\/wp-json\/wp\/v2\/media?parent=29055"}],"wp:term":[{"taxonomy":"product_brand","embeddable":true,"href":"https:\/\/pvgroup.pl\/index.php\/wp-json\/wp\/v2\/product_brand?post=29055"},{"taxonomy":"product_cat","embeddable":true,"href":"https:\/\/pvgroup.pl\/index.php\/wp-json\/wp\/v2\/product_cat?post=29055"},{"taxonomy":"product_tag","embeddable":true,"href":"https:\/\/pvgroup.pl\/index.php\/wp-json\/wp\/v2\/product_tag?post=29055"},{"taxonomy":"woo-feed-brand","embeddable":true,"href":"https:\/\/pvgroup.pl\/index.php\/wp-json\/wp\/v2\/woo-feed-brand?post=29055"}],"curies":[{"name":"wp","href":"https:\/\/api.w.org\/{rel}","templated":true}]}}