{"id":29082,"date":"2023-08-30T11:22:27","date_gmt":"2023-08-30T09:22:27","guid":{"rendered":"https:\/\/pvgroup.pl\/index.php\/produkt\/growatt-mod-4000-tl3-xh-bp\/"},"modified":"2026-04-10T11:18:11","modified_gmt":"2026-04-10T09:18:11","slug":"growatt-mod-4000-tl3-xh-bp","status":"publish","type":"product","link":"https:\/\/pvgroup.pl\/index.php\/produkt\/growatt-mod-4000-tl3-xh-bp\/","title":{"rendered":"Growatt MOD 4000 TL3-XH BP"},"content":{"rendered":"<h1 style=\"text-align: center;\"><strong>INWERTER <\/strong><strong>3-FAZOWY GROWATT MOD 4000 TL3-XH BP<\/strong><strong>\u00a0<\/strong><\/h1>\n<p>&nbsp;<\/p>\n<h2 style=\"text-align: center;\">Inwerter renomowanej marki GROWATT z Polskiej dystrybucji &#8211; 10 lat gwarancji<\/h2>\n<p>&nbsp;<\/p>\n<h3 style=\"text-align: center;\"><strong>Zapytaj o dost\u0119pno\u015b\u0107 wybranego modelu<\/strong><strong>\u00a0<a href=\"mailto:wholesale@pvgroup.pl\">tutaj.<\/a><\/strong><\/h3>\n<p>&nbsp;<\/p>\n<p>&nbsp;<\/p>\n<h4 style=\"text-align: center;\">\u00a0Autoryzowany partner handlowy:<\/h4>\n<p><a href=\"https:\/\/pvgroup.pl\/wp-content\/uploads\/2022\/10\/pvgrouppllogo.png\"><img loading=\"lazy\" decoding=\"async\" class=\"aligncenter size-full wp-image-19346\" src=\"https:\/\/pvgroup.pl\/wp-content\/uploads\/2022\/10\/pvgrouppllogo.png\" alt=\"pvgrouppllogo\" width=\"400\" height=\"133\" srcset=\"https:\/\/pvgroup.pl\/wp-content\/uploads\/2022\/10\/pvgrouppllogo.png 400w, https:\/\/pvgroup.pl\/wp-content\/uploads\/2022\/10\/pvgrouppllogo-300x100.png 300w\" sizes=\"auto, (max-width: 400px) 100vw, 400px\" \/><\/a><\/p>\n<p>&nbsp;<\/p>\n<p style=\"text-align: center;\"><strong>Je\u015bli jeste\u015b zainteresowany kupnem wybranego inwertera w ilo\u015bciach hurtowych skontaktuj si\u0119 z naszym zespo\u0142em <a href=\"mailto:wholesale@pvgroup.pl\">tutaj<em>.<\/em><\/a><\/strong><\/p>\n<p><img loading=\"lazy\" decoding=\"async\" class=\"aligncenter wp-image-6394 size-full\" src=\"https:\/\/pvgroup.pl\/wp-content\/uploads\/2020\/02\/Growatt-logo.png\" alt=\"Growatt logo\" width=\"444\" height=\"444\" srcset=\"https:\/\/pvgroup.pl\/wp-content\/uploads\/2020\/02\/Growatt-logo.png 444w, https:\/\/pvgroup.pl\/wp-content\/uploads\/2020\/02\/Growatt-logo-150x150.png 150w, https:\/\/pvgroup.pl\/wp-content\/uploads\/2020\/02\/Growatt-logo-300x300.png 300w, https:\/\/pvgroup.pl\/wp-content\/uploads\/2020\/02\/Growatt-logo-20x20.png 20w, https:\/\/pvgroup.pl\/wp-content\/uploads\/2020\/02\/Growatt-logo-100x100.png 100w\" sizes=\"auto, (max-width: 444px) 100vw, 444px\" \/><\/p>\n<p><strong>Inwerter GROWATT MOD 4000 TL3-XH BP<\/strong>\u00a0cechuje przyst\u0119pna cena i wysoka jako\u015b\u0107. Posiada certyfikat na rynek polski i jest cz\u0119sto stosowany w instalacjach prokonsumenckich. Producent posiada w Polsce przedstawicielstwo co gwarantuje dost\u0119pno\u015b\u0107 serwisow\u0105 i \u015bwiadczy o mocnej pozycji na polskim rynku.<\/p>\n<p>&nbsp;<\/p>\n<h3 style=\"text-align: center;\">I<strong>nwerter Growatt MOD 4KTL3-XH BP<\/strong><\/h3>\n<p>&nbsp;<\/p>\n<p><a href=\"https:\/\/pvgroup.pl\/wp-content\/uploads\/2023\/08\/Growatt-MOD-XH-BP.webp\"><img loading=\"lazy\" decoding=\"async\" class=\"aligncenter size-full wp-image-29816\" src=\"https:\/\/pvgroup.pl\/wp-content\/uploads\/2023\/08\/Growatt-MOD-XH-BP.webp\" alt=\"Growatt MOD XH BP\" width=\"529\" height=\"471\" srcset=\"https:\/\/pvgroup.pl\/wp-content\/uploads\/2023\/08\/Growatt-MOD-XH-BP.webp 529w, https:\/\/pvgroup.pl\/wp-content\/uploads\/2023\/08\/Growatt-MOD-XH-BP-300x267.webp 300w\" sizes=\"auto, (max-width: 529px) 100vw, 529px\" \/><\/a><\/p>\n<p>&nbsp;<\/p>\n<p>&nbsp;<\/p>\n<p>&nbsp;<\/p>\n<div class=\"flex-1 overflow-hidden\">\n<div class=\"react-scroll-to-bottom--css-kwqmr-79elbk h-full dark:bg-gray-800\">\n<div class=\"react-scroll-to-bottom--css-kwqmr-1n7m0yu\">\n<div class=\"flex flex-col text-sm dark:bg-gray-800\">\n<div class=\"group w-full text-token-text-primary border-b border-black\/10 gizmo:border-0 dark:border-gray-900\/50 gizmo:dark:border-0 bg-gray-50 gizmo:bg-transparent dark:bg-[#444654] gizmo:dark:bg-transparent\" data-testid=\"conversation-turn-3\">\n<div class=\"p-4 justify-center text-base md:gap-6 md:py-6 m-auto\">\n<div class=\"flex flex-1 gap-4 text-base mx-auto md:gap-6 gizmo:gap-3 gizmo:md:px-5 gizmo:lg:px-1 gizmo:xl:px-5 md:max-w-2xl lg:max-w-[38rem] gizmo:md:max-w-3xl gizmo:lg:max-w-[40rem] gizmo:xl:max-w-[48rem] xl:max-w-3xl }\">\n<div class=\"relative flex w-[calc(100%-50px)] flex-col gap-1 gizmo:w-full md:gap-3 lg:w-[calc(100%-115px)] agent-turn\">\n<div class=\"flex flex-grow flex-col gap-3 max-w-full\">\n<div class=\"min-h-[20px] flex flex-col items-start gap-3 whitespace-pre-wrap break-words overflow-x-auto\">\n<div class=\"markdown prose w-full break-words dark:prose-invert dark\">\n<p>Falownik GROWATT MOD 4000 TL3-XH BP to zaawansowane urz\u0105dzenie do magazynowania energii, cechuj\u0105ce si\u0119 atrakcyjn\u0105 cen\u0105 i doskona\u0142\u0105 jako\u015bci\u0105. Posiada mi\u0119dzynarodowe certyfikaty, co potwierdza jego wysok\u0105 jako\u015b\u0107, dlatego cz\u0119sto wybierany jest w instalacjach przeznaczonych dla indywidualnych u\u017cytkownik\u00f3w. Ten tr\u00f3jfazowy falownik jest idealny zar\u00f3wno do zastosowa\u0144 domowych, jak i ma\u0142ych przemys\u0142owych. Dost\u0119pne moce falownika wahaj\u0105 si\u0119 od 3 kW do 10 kW, co pozwala dostosowa\u0107 go do r\u00f3\u017cnych potrzeb.<\/p>\n<p>&nbsp;<\/p>\n<h3 style=\"text-align: center;\">Kompatybilno\u015b\u0107 z bateriami<\/h3>\n<p>&nbsp;<\/p>\n<p>Co wi\u0119cej, falownik GROWATT MOD 4000 TL3-XH BP jest kompatybilny z magazynami energii APX o pojemno\u015bci od 5 do 30 kWh. Dzi\u0119ki temu rozwi\u0105zaniu, mo\u017cesz nie tylko maksymalizowa\u0107 zu\u017cycie wyprodukowanej energii, ale tak\u017ce korzysta\u0107 z funkcji back up. To oznacza, \u017ce energia, kt\u00f3r\u0105 wytworzysz, mo\u017ce by\u0107 przechowywana w akumulatorach zamiast by\u0107 wysy\u0142ana z powrotem do sieci, co pozwala na wi\u0119ksz\u0105 niezale\u017cno\u015b\u0107 od cen energii oferowanej przez dostawc\u0119.<\/p>\n<p>Dodatkowo gdy zakupisz dodatkowo back up box <a href=\"https:\/\/pvgroup.pl\/index.php\/produkt\/growatt-syn-50-xh-30-backup-box\/\" target=\"_blank\" rel=\"noopener\">Growatt SYN-50-XH-30<\/a> umo\u017cliwia p\u0142ynne przej\u015bcie na zasilanie akumulatorowe w przypadku awarii zasilania. Ta skrzynka zapasowa zapewnia nieprzerwane zasilanie domu lub firmy, utrzymuj\u0105c dzia\u0142anie niezb\u0119dnych urz\u0105dze\u0144 i urz\u0105dze\u0144, gdy g\u0142\u00f3wne \u017ar\u00f3d\u0142o zasilania ulegnie awarii.<\/p>\n<p>Dodatkowo, falownik ten jest wyposa\u017cony w zaawansowane funkcje u\u0142atwiaj\u0105ce zar\u00f3wno jego instalacj\u0119, jak i u\u017cytkowanie. Posiada przyjazny interfejs u\u017cytkownika, kt\u00f3ry umo\u017cliwia monitorowanie wydajno\u015bci systemu i dostosowywanie ustawie\u0144 w zale\u017cno\u015bci od potrzeb. Jest r\u00f3wnie\u017c kompatybilny z r\u00f3\u017cnymi systemami monitorowania, takimi jak WiFi, Ethernet i RS485, co daje wi\u0119ksz\u0105 kontrol\u0119 nad dzia\u0142aniem systemu.<\/p>\n<p>W rezultacie, korzystaj\u0105c z falownika GROWATT MOD 4000 TL3-XH BP oraz magazyn\u00f3w energii APX, mo\u017cesz bardziej efektywnie zarz\u0105dza\u0107 energi\u0105 i uniezale\u017cni\u0107 si\u0119 od cen energii oferowanych przez dostawc\u0119 energii elektrycznej.<\/p>\n<p>&nbsp;<\/p>\n<\/div>\n<\/div>\n<\/div>\n<\/div>\n<\/div>\n<\/div>\n<\/div>\n<\/div>\n<\/div>\n<\/div>\n<\/div>\n<div class=\"first-section-boxes general-info\">\n<h2>INFORMACJE OG\u00d3LNE<\/h2>\n<p>\u2022 System battery ready &#8211; wsp\u00f3\u0142praca z\u00a0akumulatorami Growatt<\/p>\n<p>\u2022 Dwa wej\u015bcia MPPT<\/p>\n<p>\u2022 Zabezpieczenia, kt\u00f3re chroni\u0105 przed uderzeniem pioruna \u2013 AC\/DC typu II<\/p>\n<p>\u2022 Wbudowane zabezpieczenia chroni\u0105ce przed usterkami spowodowanymi zu\u017cyciem materia\u0142u oraz przed wyst\u0119powaniem zjawiska \u0142uku elektrycznego (AFCI)<\/p>\n<p>\u2022 Klasa ochrony inwertera \u2013 IP66. Inwerter mo\u017cna bez obaw montowa\u0107 na zewn\u0105trz<\/p>\n<p>\u2022 Dzia\u0142 techniczny dost\u0119pny 7 dni w\u00a0tygodniu od godziny 8 do 20<\/p>\n<p>\u2022 Mo\u017cliwe zdalne sprawdzania parametr\u00f3w pracy paneli fotowoltaicznych oraz sieci energetycznej przez wykwalifikowanych monter\u00f3w<\/p>\n<p>\u2022 W pe\u0142ni spolszczona aplikacja ShinePhone pozwalaj\u0105ca na zarz\u0105dzanie instalacj\u0105 fotowoltaiczn\u0105<\/p>\n<p>\u2022 Ekran dotykowy, za pomoc\u0105 kt\u00f3rego w\u00a0prosty i\u00a0szybki spos\u00f3b odczytasz parametry pracy falownika. Gwarantowana trwa\u0142o\u015b\u0107 nawet po minimum 20 000 klikni\u0119ciach<\/p>\n<\/div>\n<p>&nbsp;<\/p>\n<p>&nbsp;<\/p>\n<p>&nbsp;<\/p>\n<h5 style=\"text-align: center;\">Za bezpiecze\u0144stwo przesy\u0142ek inwerter\u00f3w odpowiada:<\/h5>\n<p>&nbsp;<\/p>\n<p><a href=\"https:\/\/pvgroup.pl\/wp-content\/uploads\/2022\/02\/Logo-Raben-PVGroup.pl-mi-e1644249674757-1.jpg\"><img loading=\"lazy\" decoding=\"async\" class=\"aligncenter size-full wp-image-17286\" src=\"https:\/\/pvgroup.pl\/wp-content\/uploads\/2022\/02\/Logo-Raben-PVGroup.pl-mi-e1644249674757-1.jpg\" alt=\"Raben - transport\" width=\"446\" height=\"184\" srcset=\"https:\/\/pvgroup.pl\/wp-content\/uploads\/2022\/02\/Logo-Raben-PVGroup.pl-mi-e1644249674757-1.jpg 446w, https:\/\/pvgroup.pl\/wp-content\/uploads\/2022\/02\/Logo-Raben-PVGroup.pl-mi-e1644249674757-1-300x124.jpg 300w\" sizes=\"auto, (max-width: 446px) 100vw, 446px\" \/><\/a><\/p>\n<p>&nbsp;<\/p>\n<p>&nbsp;<\/p>\n<p><strong>Inwertery Growatt<\/strong> podr\u00f3\u017cuj\u0105 do Pa\u0144stwa ubezpieczonym transportem. Przesy\u0142ki s\u0105 pakowane z du\u017c\u0105 staranno\u015bci\u0105 w taki spos\u00f3b aby <strong>inwerter <\/strong>dojecha\u0142 do miejsca przeznaczenia w formie nie naruszonej.\u00a0 Pakowanie odbywa si\u0119 pod nadzorem kamer. Je\u017celi jednak wyst\u0105pi problem prosimy o spisanie protoko\u0142u z kurierem, zaznaczenie co dok\u0142adnie jest uszkodzone i na tym odpowiedzialno\u015b\u0107 klienta si\u0119 ko\u0144czy. PVGroup.pl dosy\u0142a nowy towar. <a href=\"https:\/\/pvgroup.pl\/index.php\/zasady-wysylki\/\">Zasady wysy\u0142ek znajdziesz tutaj.<\/a><\/p>\n<p>&nbsp;<\/p>\n<h2 style=\"text-align: left;\"><strong>Podstawowe dane techniczne GROWATT MOD 4000 TL3-XH BP<\/strong><strong>:<\/strong><\/h2>\n<ul>\n<li>Cz\u0119stotliwo\u015b\u0107 nominalna[Hz]: 50\/ 60 +-5<\/li>\n<li>Moc nominalna [W]: 4000<\/li>\n<li>Maksymalna moc wyj\u015bciowa [VA]: 4400<\/li>\n<li>Maksymalna sprawno\u015b\u0107 inwertera [%]: 98,6<\/li>\n<li>Pr\u0105d wyj\u015bciowy AC [A]: 6,7<\/li>\n<li>Maksymalny pr\u0105d wej\u015bciowy na 1 tracker MPP [A]: 16<\/li>\n<li>Maksymalne napi\u0119cie wej\u015bciowe [V]: 1100<\/li>\n<li>Wy\u015bwietlacz: OLED+LED<\/li>\n<li>Komunikacja: USB\/RS485\/WiFi\/4G\/GPRS\/RF<\/li>\n<li>Temperatura otoczenia inwertera[C]: -25 do +60<\/li>\n<li>Waga [kg]: 12,5<\/li>\n<li>Stopie\u0144 ochrony: IP66<\/li>\n<li>Wymiary [mm]: 425\/387\/178<\/li>\n<\/ul>\n<p>&nbsp;<\/p>\n<h4><strong>Dokumenty do pobrania:<\/strong><\/h4>\n<p>&nbsp;<\/p>\n<h4>Falowniki z oficjalnej dystrybucji \/ gwarancji\u00a0 firmy Growatt w Polsce\u00a0&#8211;\u00a0<strong><a href=\"https:\/\/www.ginverter.com\/\">https:\/\/www.ginverter.com\/<\/a><\/strong><\/h4>\n<h4><\/h4>\n<h4><strong><a href=\"https:\/\/pvgroup.pl\/index.php\/dokumentacja-do-pobrania-documentation-to-downland\/\">Pe\u0142n\u0105 dokumentacj\u0119, certyfikaty oraz instrukcje obs\u0142ugi znajdziesz tutaj.<\/a><\/strong><\/h4>\n<h4><\/h4>\n<h4><strong><a href=\"https:\/\/pvgroup.pl\/index.php\/sklep\/\" target=\"_blank\" rel=\"noopener noreferrer\">Akcesoria oraz inne elementy dost\u0119pne tutaj.<\/a><\/strong><\/h4>\n<p><img loading=\"lazy\" decoding=\"async\" class=\"aligncenter wp-image-1570\" src=\"https:\/\/pvgroup.pl\/wp-content\/uploads\/2019\/10\/cropped-PVGroup-logotyp_RGB-kolor-01-300x100.png\" alt=\"logo PVGroup\" width=\"279\" height=\"93\" srcset=\"https:\/\/pvgroup.pl\/wp-content\/uploads\/2019\/10\/cropped-PVGroup-logotyp_RGB-kolor-01-300x100.png 300w, https:\/\/pvgroup.pl\/wp-content\/uploads\/2019\/10\/cropped-PVGroup-logotyp_RGB-kolor-01-768x256.png 768w, https:\/\/pvgroup.pl\/wp-content\/uploads\/2019\/10\/cropped-PVGroup-logotyp_RGB-kolor-01-1024x341.png 1024w, https:\/\/pvgroup.pl\/wp-content\/uploads\/2019\/10\/cropped-PVGroup-logotyp_RGB-kolor-01-20x7.png 20w, https:\/\/pvgroup.pl\/wp-content\/uploads\/2019\/10\/cropped-PVGroup-logotyp_RGB-kolor-01-600x200.png 600w\" sizes=\"auto, (max-width: 279px) 100vw, 279px\" \/><\/p>\n<h3 style=\"text-align: center;\"><strong>Pytania? Kontakt:<\/strong><\/h3>\n<h3 style=\"text-align: center;\"><a href=\"mailto:info@pvgroup.pl\">info@pvgroup.pl <\/a><strong>, telefon:<\/strong><\/h3>\n<h3 style=\"text-align: center;\"><strong>+48 516758 217<\/strong><\/h3>\n<h3 style=\"text-align: center;\"><strong>+48 737 185 830<\/strong><\/h3>\n<h3 style=\"text-align: center;\"><strong>+48 532 268 607<\/strong><\/h3>\n<p>&nbsp;<\/p>\n<p>&nbsp;<\/p>\n<p>&nbsp;<\/p>\n<p>&nbsp;<\/p>\n","protected":false},"excerpt":{"rendered":"<p>Kupuj bezpo\u015brednio u dystrybutora marki i b\u0105d\u017a pewny solidnej gwarancji. Inwertery marki Growatt wysy\u0142amy z magazynu w Polsce ubezpieczonymi przesy\u0142kami DPD.<\/p>\n","protected":false},"featured_media":29819,"template":"","meta":{"site-sidebar-layout":"default","site-content-layout":"","ast-site-content-layout":"default","site-content-style":"default","site-sidebar-style":"default","ast-global-header-display":"","ast-banner-title-visibility":"","ast-main-header-display":"","ast-hfb-above-header-display":"","ast-hfb-below-header-display":"","ast-hfb-mobile-header-display":"","site-post-title":"","ast-breadcrumbs-content":"","ast-featured-img":"","footer-sml-layout":"","ast-disable-related-posts":"","theme-transparent-header-meta":"default","adv-header-id-meta":"","stick-header-meta":"default","header-above-stick-meta":"","header-main-stick-meta":"","header-below-stick-meta":"","astra-migrate-meta-layouts":"set","ast-page-background-enabled":"default","ast-page-background-meta":{"desktop":{"background-color":"","background-image":"","background-repeat":"repeat","background-position":"center center","background-size":"auto","background-attachment":"scroll","background-type":"","background-media":"","overlay-type":"","overlay-color":"","overlay-opacity":"","overlay-gradient":""},"tablet":{"background-color":"","background-image":"","background-repeat":"repeat","background-position":"center center","background-size":"auto","background-attachment":"scroll","background-type":"","background-media":"","overlay-type":"","overlay-color":"","overlay-opacity":"","overlay-gradient":""},"mobile":{"background-color":"","background-image":"","background-repeat":"repeat","background-position":"center center","background-size":"auto","background-attachment":"scroll","background-type":"","background-media":"","overlay-type":"","overlay-color":"","overlay-opacity":"","overlay-gradient":""}},"ast-content-background-meta":{"desktop":{"background-color":"var(--ast-global-color-5)","background-image":"","background-repeat":"repeat","background-position":"center center","background-size":"auto","background-attachment":"scroll","background-type":"","background-media":"","overlay-type":"","overlay-color":"","overlay-opacity":"","overlay-gradient":""},"tablet":{"background-color":"var(--ast-global-color-5)","background-image":"","background-repeat":"repeat","background-position":"center center","background-size":"auto","background-attachment":"scroll","background-type":"","background-media":"","overlay-type":"","overlay-color":"","overlay-opacity":"","overlay-gradient":""},"mobile":{"background-color":"var(--ast-global-color-5)","background-image":"","background-repeat":"repeat","background-position":"center center","background-size":"auto","background-attachment":"scroll","background-type":"","background-media":"","overlay-type":"","overlay-color":"","overlay-opacity":"","overlay-gradient":""}}},"product_brand":[],"product_cat":[153,168],"product_tag":[],"woo-feed-brand":[],"class_list":{"0":"post-29082","1":"product","2":"type-product","3":"status-publish","4":"has-post-thumbnail","6":"product_cat-falowniki-3-fazowe-growatt-2","7":"product_cat-inwertery-hybrydowe-growatt","8":"product_shipping_class-paczka-do-30kg","9":"desktop-align-left","10":"tablet-align-left","11":"mobile-align-left","12":"ast-product-gallery-layout-horizontal-slider","13":"ast-product-gallery-with-no-image","14":"ast-product-tabs-layout-horizontal","16":"first","17":"outofstock","18":"taxable","19":"shipping-taxable","20":"purchasable","21":"product-type-simple"},"yoast_head":"<!-- This site is optimized with the Yoast SEO plugin v23.1 - https:\/\/yoast.com\/wordpress\/plugins\/seo\/ -->\n<title>Growatt MOD 4000 TL3-XH BP - PVGroup.pl - Wszystko do fotowoltaiki<\/title>\n<meta name=\"description\" content=\"GROWATT MOD 4000 TL3-XH BP- Hurtownia PVGroup.pl. Dystrybutor firmy Growatt na terenie Polski . Gwarancja 10 lat. Szybka dostawa.\" \/>\n<meta name=\"robots\" content=\"index, follow, max-snippet:-1, max-image-preview:large, max-video-preview:-1\" \/>\n<link rel=\"canonical\" href=\"https:\/\/pvgroup.pl\/index.php\/produkt\/growatt-mod-4000-tl3-xh-bp\/\" \/>\n<meta property=\"og:locale\" content=\"pl_PL\" \/>\n<meta property=\"og:type\" content=\"article\" \/>\n<meta property=\"og:title\" content=\"Growatt MOD 4000 TL3-XH BP - PVGroup.pl - Wszystko do fotowoltaiki\" \/>\n<meta property=\"og:description\" content=\"GROWATT MOD 4000 TL3-XH BP- Hurtownia PVGroup.pl. Dystrybutor firmy Growatt na terenie Polski . Gwarancja 10 lat. Szybka dostawa.\" \/>\n<meta property=\"og:url\" content=\"https:\/\/pvgroup.pl\/index.php\/produkt\/growatt-mod-4000-tl3-xh-bp\/\" \/>\n<meta property=\"og:site_name\" content=\"PVGroup.pl - Wszystko do fotowoltaiki\" \/>\n<meta property=\"article:publisher\" content=\"https:\/\/www.facebook.com\/pvgrouppl\/\" \/>\n<meta property=\"article:modified_time\" content=\"2026-04-10T09:18:11+00:00\" \/>\n<meta property=\"og:image\" content=\"https:\/\/pvgroup.pl\/wp-content\/uploads\/2023\/08\/Growatt-MOD-XH-BP-1.webp\" \/>\n\t<meta property=\"og:image:width\" content=\"529\" \/>\n\t<meta property=\"og:image:height\" content=\"471\" \/>\n\t<meta property=\"og:image:type\" content=\"image\/webp\" \/>\n<meta name=\"twitter:card\" content=\"summary_large_image\" \/>\n<meta name=\"twitter:label1\" content=\"Szacowany czas czytania\" \/>\n\t<meta name=\"twitter:data1\" content=\"5 minut\" \/>\n<script type=\"application\/ld+json\" class=\"yoast-schema-graph\">{\"@context\":\"https:\/\/schema.org\",\"@graph\":[{\"@type\":\"WebPage\",\"@id\":\"https:\/\/pvgroup.pl\/index.php\/produkt\/growatt-mod-4000-tl3-xh-bp\/\",\"url\":\"https:\/\/pvgroup.pl\/index.php\/produkt\/growatt-mod-4000-tl3-xh-bp\/\",\"name\":\"Growatt MOD 4000 TL3-XH BP - PVGroup.pl - Wszystko do fotowoltaiki\",\"isPartOf\":{\"@id\":\"https:\/\/pvgroup.pl\/#website\"},\"primaryImageOfPage\":{\"@id\":\"https:\/\/pvgroup.pl\/index.php\/produkt\/growatt-mod-4000-tl3-xh-bp\/#primaryimage\"},\"image\":{\"@id\":\"https:\/\/pvgroup.pl\/index.php\/produkt\/growatt-mod-4000-tl3-xh-bp\/#primaryimage\"},\"thumbnailUrl\":\"https:\/\/pvgroup.pl\/wp-content\/uploads\/2023\/08\/Growatt-MOD-XH-BP-1.webp\",\"datePublished\":\"2023-08-30T09:22:27+00:00\",\"dateModified\":\"2026-04-10T09:18:11+00:00\",\"description\":\"GROWATT MOD 4000 TL3-XH BP- Hurtownia PVGroup.pl. Dystrybutor firmy Growatt na terenie Polski . Gwarancja 10 lat. Szybka dostawa.\",\"breadcrumb\":{\"@id\":\"https:\/\/pvgroup.pl\/index.php\/produkt\/growatt-mod-4000-tl3-xh-bp\/#breadcrumb\"},\"inLanguage\":\"pl-PL\",\"potentialAction\":[{\"@type\":\"ReadAction\",\"target\":[\"https:\/\/pvgroup.pl\/index.php\/produkt\/growatt-mod-4000-tl3-xh-bp\/\"]}]},{\"@type\":\"ImageObject\",\"inLanguage\":\"pl-PL\",\"@id\":\"https:\/\/pvgroup.pl\/index.php\/produkt\/growatt-mod-4000-tl3-xh-bp\/#primaryimage\",\"url\":\"https:\/\/pvgroup.pl\/wp-content\/uploads\/2023\/08\/Growatt-MOD-XH-BP-1.webp\",\"contentUrl\":\"https:\/\/pvgroup.pl\/wp-content\/uploads\/2023\/08\/Growatt-MOD-XH-BP-1.webp\",\"width\":529,\"height\":471,\"caption\":\"Growatt MOD XH BP\"},{\"@type\":\"BreadcrumbList\",\"@id\":\"https:\/\/pvgroup.pl\/index.php\/produkt\/growatt-mod-4000-tl3-xh-bp\/#breadcrumb\",\"itemListElement\":[{\"@type\":\"ListItem\",\"position\":1,\"name\":\"Strona g\u0142\u00f3wna\",\"item\":\"https:\/\/pvgroup.pl\/\"},{\"@type\":\"ListItem\",\"position\":2,\"name\":\"Sklep\",\"item\":\"https:\/\/pvgroup.pl\/index.php\/sklep\/\"},{\"@type\":\"ListItem\",\"position\":3,\"name\":\"Growatt MOD 4000 TL3-XH BP\"}]},{\"@type\":\"WebSite\",\"@id\":\"https:\/\/pvgroup.pl\/#website\",\"url\":\"https:\/\/pvgroup.pl\/\",\"name\":\"PVGroup.pl - Wszystko do fotowoltaiki\",\"description\":\"Zestawy fotowoltaiczne , Panele s\u0142oneczne,  Fotowoltaika. Zestawy fotowoltaiki,  sklep stacjonarny i OnLine\",\"publisher\":{\"@id\":\"https:\/\/pvgroup.pl\/#organization\"},\"potentialAction\":[{\"@type\":\"SearchAction\",\"target\":{\"@type\":\"EntryPoint\",\"urlTemplate\":\"https:\/\/pvgroup.pl\/?s={search_term_string}\"},\"query-input\":\"required name=search_term_string\"}],\"inLanguage\":\"pl-PL\"},{\"@type\":\"Organization\",\"@id\":\"https:\/\/pvgroup.pl\/#organization\",\"name\":\"PVGroup.pl\",\"url\":\"https:\/\/pvgroup.pl\/\",\"logo\":{\"@type\":\"ImageObject\",\"inLanguage\":\"pl-PL\",\"@id\":\"https:\/\/pvgroup.pl\/#\/schema\/logo\/image\/\",\"url\":\"https:\/\/pvgroup.pl\/wp-content\/uploads\/2019\/10\/PVGroup-logotyp_RGB-kolor-01.png\",\"contentUrl\":\"https:\/\/pvgroup.pl\/wp-content\/uploads\/2019\/10\/PVGroup-logotyp_RGB-kolor-01.png\",\"width\":2415,\"height\":1002,\"caption\":\"PVGroup.pl\"},\"image\":{\"@id\":\"https:\/\/pvgroup.pl\/#\/schema\/logo\/image\/\"},\"sameAs\":[\"https:\/\/www.facebook.com\/pvgrouppl\/\"]}]}<\/script>\n<!-- \/ Yoast SEO plugin. -->","yoast_head_json":{"title":"Growatt MOD 4000 TL3-XH BP - PVGroup.pl - Wszystko do fotowoltaiki","description":"GROWATT MOD 4000 TL3-XH BP- Hurtownia PVGroup.pl. Dystrybutor firmy Growatt na terenie Polski . Gwarancja 10 lat. Szybka dostawa.","robots":{"index":"index","follow":"follow","max-snippet":"max-snippet:-1","max-image-preview":"max-image-preview:large","max-video-preview":"max-video-preview:-1"},"canonical":"https:\/\/pvgroup.pl\/index.php\/produkt\/growatt-mod-4000-tl3-xh-bp\/","og_locale":"pl_PL","og_type":"article","og_title":"Growatt MOD 4000 TL3-XH BP - PVGroup.pl - Wszystko do fotowoltaiki","og_description":"GROWATT MOD 4000 TL3-XH BP- Hurtownia PVGroup.pl. Dystrybutor firmy Growatt na terenie Polski . Gwarancja 10 lat. Szybka dostawa.","og_url":"https:\/\/pvgroup.pl\/index.php\/produkt\/growatt-mod-4000-tl3-xh-bp\/","og_site_name":"PVGroup.pl - Wszystko do fotowoltaiki","article_publisher":"https:\/\/www.facebook.com\/pvgrouppl\/","article_modified_time":"2026-04-10T09:18:11+00:00","og_image":[{"width":529,"height":471,"url":"https:\/\/pvgroup.pl\/wp-content\/uploads\/2023\/08\/Growatt-MOD-XH-BP-1.webp","type":"image\/webp"}],"twitter_card":"summary_large_image","twitter_misc":{"Szacowany czas czytania":"5 minut"},"schema":{"@context":"https:\/\/schema.org","@graph":[{"@type":"WebPage","@id":"https:\/\/pvgroup.pl\/index.php\/produkt\/growatt-mod-4000-tl3-xh-bp\/","url":"https:\/\/pvgroup.pl\/index.php\/produkt\/growatt-mod-4000-tl3-xh-bp\/","name":"Growatt MOD 4000 TL3-XH BP - PVGroup.pl - Wszystko do fotowoltaiki","isPartOf":{"@id":"https:\/\/pvgroup.pl\/#website"},"primaryImageOfPage":{"@id":"https:\/\/pvgroup.pl\/index.php\/produkt\/growatt-mod-4000-tl3-xh-bp\/#primaryimage"},"image":{"@id":"https:\/\/pvgroup.pl\/index.php\/produkt\/growatt-mod-4000-tl3-xh-bp\/#primaryimage"},"thumbnailUrl":"https:\/\/pvgroup.pl\/wp-content\/uploads\/2023\/08\/Growatt-MOD-XH-BP-1.webp","datePublished":"2023-08-30T09:22:27+00:00","dateModified":"2026-04-10T09:18:11+00:00","description":"GROWATT MOD 4000 TL3-XH BP- Hurtownia PVGroup.pl. Dystrybutor firmy Growatt na terenie Polski . Gwarancja 10 lat. Szybka dostawa.","breadcrumb":{"@id":"https:\/\/pvgroup.pl\/index.php\/produkt\/growatt-mod-4000-tl3-xh-bp\/#breadcrumb"},"inLanguage":"pl-PL","potentialAction":[{"@type":"ReadAction","target":["https:\/\/pvgroup.pl\/index.php\/produkt\/growatt-mod-4000-tl3-xh-bp\/"]}]},{"@type":"ImageObject","inLanguage":"pl-PL","@id":"https:\/\/pvgroup.pl\/index.php\/produkt\/growatt-mod-4000-tl3-xh-bp\/#primaryimage","url":"https:\/\/pvgroup.pl\/wp-content\/uploads\/2023\/08\/Growatt-MOD-XH-BP-1.webp","contentUrl":"https:\/\/pvgroup.pl\/wp-content\/uploads\/2023\/08\/Growatt-MOD-XH-BP-1.webp","width":529,"height":471,"caption":"Growatt MOD XH BP"},{"@type":"BreadcrumbList","@id":"https:\/\/pvgroup.pl\/index.php\/produkt\/growatt-mod-4000-tl3-xh-bp\/#breadcrumb","itemListElement":[{"@type":"ListItem","position":1,"name":"Strona g\u0142\u00f3wna","item":"https:\/\/pvgroup.pl\/"},{"@type":"ListItem","position":2,"name":"Sklep","item":"https:\/\/pvgroup.pl\/index.php\/sklep\/"},{"@type":"ListItem","position":3,"name":"Growatt MOD 4000 TL3-XH BP"}]},{"@type":"WebSite","@id":"https:\/\/pvgroup.pl\/#website","url":"https:\/\/pvgroup.pl\/","name":"PVGroup.pl - Wszystko do fotowoltaiki","description":"Zestawy fotowoltaiczne , Panele s\u0142oneczne,  Fotowoltaika. Zestawy fotowoltaiki,  sklep stacjonarny i OnLine","publisher":{"@id":"https:\/\/pvgroup.pl\/#organization"},"potentialAction":[{"@type":"SearchAction","target":{"@type":"EntryPoint","urlTemplate":"https:\/\/pvgroup.pl\/?s={search_term_string}"},"query-input":"required name=search_term_string"}],"inLanguage":"pl-PL"},{"@type":"Organization","@id":"https:\/\/pvgroup.pl\/#organization","name":"PVGroup.pl","url":"https:\/\/pvgroup.pl\/","logo":{"@type":"ImageObject","inLanguage":"pl-PL","@id":"https:\/\/pvgroup.pl\/#\/schema\/logo\/image\/","url":"https:\/\/pvgroup.pl\/wp-content\/uploads\/2019\/10\/PVGroup-logotyp_RGB-kolor-01.png","contentUrl":"https:\/\/pvgroup.pl\/wp-content\/uploads\/2019\/10\/PVGroup-logotyp_RGB-kolor-01.png","width":2415,"height":1002,"caption":"PVGroup.pl"},"image":{"@id":"https:\/\/pvgroup.pl\/#\/schema\/logo\/image\/"},"sameAs":["https:\/\/www.facebook.com\/pvgrouppl\/"]}]}},"_links":{"self":[{"href":"https:\/\/pvgroup.pl\/index.php\/wp-json\/wp\/v2\/product\/29082","targetHints":{"allow":["GET"]}}],"collection":[{"href":"https:\/\/pvgroup.pl\/index.php\/wp-json\/wp\/v2\/product"}],"about":[{"href":"https:\/\/pvgroup.pl\/index.php\/wp-json\/wp\/v2\/types\/product"}],"wp:featuredmedia":[{"embeddable":true,"href":"https:\/\/pvgroup.pl\/index.php\/wp-json\/wp\/v2\/media\/29819"}],"wp:attachment":[{"href":"https:\/\/pvgroup.pl\/index.php\/wp-json\/wp\/v2\/media?parent=29082"}],"wp:term":[{"taxonomy":"product_brand","embeddable":true,"href":"https:\/\/pvgroup.pl\/index.php\/wp-json\/wp\/v2\/product_brand?post=29082"},{"taxonomy":"product_cat","embeddable":true,"href":"https:\/\/pvgroup.pl\/index.php\/wp-json\/wp\/v2\/product_cat?post=29082"},{"taxonomy":"product_tag","embeddable":true,"href":"https:\/\/pvgroup.pl\/index.php\/wp-json\/wp\/v2\/product_tag?post=29082"},{"taxonomy":"woo-feed-brand","embeddable":true,"href":"https:\/\/pvgroup.pl\/index.php\/wp-json\/wp\/v2\/woo-feed-brand?post=29082"}],"curies":[{"name":"wp","href":"https:\/\/api.w.org\/{rel}","templated":true}]}}