{"id":29195,"date":"2023-08-31T14:59:51","date_gmt":"2023-08-31T12:59:51","guid":{"rendered":"https:\/\/pvgroup.pl\/index.php\/produkt\/kabel-solarny-6mm2-polska-produkcja-czerwony-50m\/"},"modified":"2026-04-02T14:50:34","modified_gmt":"2026-04-02T12:50:34","slug":"kabel-solarny-6mm2-polska-produkcja-czerwony-50m","status":"publish","type":"product","link":"https:\/\/pvgroup.pl\/index.php\/produkt\/kabel-solarny-6mm2-polska-produkcja-czerwony-50m\/","title":{"rendered":"KABEL SOLARNY 6mm2 Polska produkcja (CZERWONY) 50m"},"content":{"rendered":"<h1 style=\"text-align: center\">KABEL SOLARNY 6mm2 Polska produkcja, cena za 50 metr\u00f3w bie\u017c\u0105cych, polska produkcja<\/h1>\n<p><img loading=\"lazy\" decoding=\"async\" class=\"aligncenter\" src=\"https:\/\/pvgroup.pl\/wp-content\/uploads\/2019\/10\/PVGroup-logotyp_RGB-kolor-01.png\" alt=\"PVGroup.pl | Panele Fotowoltaiczne | Elektrownie s\u0142oneczne\" width=\"473\" height=\"196\" \/><\/p>\n<h4 style=\"text-align: center\"><a href=\"https:\/\/pvgroup.pl\/index.php\/fotowoltaika-pytania-i-odpowiedzi\/\" target=\"_blank\" rel=\"noopener noreferrer\"><strong>Fotowoltaika pytania i odpowiedzi kliknij tutaj.<\/strong><\/a><\/h4>\n<h4 style=\"text-align: center\"><\/h4>\n<h4 style=\"text-align: center\"><a href=\"https:\/\/www.gramwzielone.pl\/energia-sloneczna\/103518\/growatt-i-pvgrouppl-zbadaja-efektywnosc-instalacji-pv\" target=\"_blank\" rel=\"noopener noreferrer\">Badania wydajno\u015bci elektrowni fotowoltaicznych prowadzone przez PVGroup.pl i Growatt link tutaj<\/a><\/h4>\n<p>&nbsp;<\/p>\n<h2 style=\"text-align: center\">KABEL SOLARNY 6mm2 Polska produkcja<\/h2>\n<p>&nbsp;<\/p>\n<h3><img loading=\"lazy\" decoding=\"async\" class=\"aligncenter wp-image-2344\" src=\"https:\/\/pvgroup.pl\/wp-content\/uploads\/2019\/10\/kabel_solarny-11-min.jpg\" alt=\"kabel solarny\" width=\"250\" height=\"205\" \/><\/h3>\n<p>&nbsp;<\/p>\n<p>KABEL SOLARNY 6mm2 Polska produkcja jest specjalnie zaprojektowany do po\u0142\u0105cze\u0144 system\u00f3w fotowoltaicznych. Jego \u015brednica wynosi 6mm, co pozwala na przesy\u0142anie wysokiego nat\u0119\u017cenia pr\u0105du przy jednoczesnym zachowaniu niskiej rezystancji. Kabel jest wykonany z odpornych na warunki atmosferyczne i UV materia\u0142\u00f3w, dzi\u0119ki czemu jest trwa\u0142y i niezawodny. Jego izolacja jest wykonana z PCV i jest odporna na wysokie temperatury. Kabel jest dost\u0119pny w kilku d\u0142ugo\u015bciach, co umo\u017cliwia dostosowanie do indywidualnych potrzeb systemu.<\/p>\n<h3>Podstawowe parametry:<\/h3>\n<ul>\n<li>Temperatura pracy: od -40C do +80C<\/li>\n<li>Niska emisyjno\u015b\u0107 oraz toksyczno\u015b\u0107 dym\u00f3w<\/li>\n<li>Bardzo dobra odporno\u015b\u0107 na promieniowanie UV<\/li>\n<li>Niska ch\u0142onno\u015b\u0107 wody<\/li>\n<li>Bardzo dobre w\u0142asno\u015bci mechaniczne<\/li>\n<li>Napi\u0119cie pracy: 450\/750V; 0,6\/1kV<\/li>\n<li>Pr\u00f3ba napi\u0119ciowa: 3500V<\/li>\n<li>kolor czerwony<\/li>\n<\/ul>\n<h3 style=\"text-align: left\">UWAGA:<\/h3>\n<h6>Przew\u00f3d sprzedajemy w odcinkach po 50 metr\u00f3w. Kupuj\u0105c np. 4 szt.\u00a0 otrzymasz przew\u00f3d o d\u0142ugo\u015bci 200m. Kable ci\u0119te na wymiar nie podlegaj\u0105 zwrotom<\/h6>\n<p>&nbsp;<\/p>\n<h5><\/h5>\n<h5 style=\"text-align: center\">Za bezpiecze\u0144stwo przesy\u0142ek paletowych odpowiada :<\/h5>\n<p>&nbsp;<\/p>\n<p><img loading=\"lazy\" decoding=\"async\" class=\"aligncenter size-full wp-image-13452\" src=\"https:\/\/pvgroup.pl\/wp-content\/uploads\/2020\/11\/Logo-Raben-PVGroup.pl-mi-e1644249674757.jpg\" alt=\"Logo Raben - transport\" width=\"446\" height=\"184\" srcset=\"https:\/\/pvgroup.pl\/wp-content\/uploads\/2020\/11\/Logo-Raben-PVGroup.pl-mi-e1644249674757.jpg 446w, https:\/\/pvgroup.pl\/wp-content\/uploads\/2020\/11\/Logo-Raben-PVGroup.pl-mi-e1644249674757-300x124.jpg 300w\" sizes=\"auto, (max-width: 446px) 100vw, 446px\" \/><\/p>\n<p>&nbsp;<\/p>\n<p><strong>Nasze elementy monta\u017cowe<\/strong>\u00a0podr\u00f3\u017cuj\u0105 do Pa\u0144stwa ubezpieczonym transportem. Przesy\u0142ki s\u0105 pakowane z du\u017c\u0105 staranno\u015bci\u0105 w taki spos\u00f3b aby towar dojecha\u0142 do miejsca przeznaczenia w formie nie naruszonej.\u00a0 Pakowanie odbywa si\u0119 pod nadzorem kamer. Je\u017celi jednak wyst\u0105pi problem prosimy o spisanie protoko\u0142u z kurierem, zaznaczenie co dok\u0142adnie jest uszkodzone i na tym odpowiedzialno\u015b\u0107 klienta si\u0119 ko\u0144czy. PVGroup.pl dosy\u0142a nowy towar.\u00a0<a href=\"https:\/\/pvgroup.pl\/index.php\/zasady-wysylki\/\">Zasady wysy\u0142ek znajdziesz tutaj.<\/a><\/p>\n<p>&nbsp;<\/p>\n<h3 style=\"text-align: center\"><a href=\"https:\/\/pvgroup.pl\/index.php\/kategoria-produktu\/elementy-montazowe\/\">Odwied\u017a nasz\u0105 stron\u0119 i sprawd\u017a pozosta\u0142e cz\u0119\u015bci monta\u017cowe do fotowoltaiki !<\/a><\/h3>\n<h3 style=\"text-align: center\"><\/h3>\n<h3 style=\"text-align: center\"><strong><a href=\"https:\/\/pvgroup.pl\/index.php\/sklep\/\" target=\"_blank\" rel=\"noopener noreferrer\">Akcesoria oraz inne elementy dost\u0119pne tutaj.<\/a><\/strong><\/h3>\n<div class=\"pr-overview__information-col\">\n<p><img loading=\"lazy\" decoding=\"async\" class=\"aligncenter\" src=\"https:\/\/pvgroup.pl\/wp-content\/uploads\/2019\/10\/cropped-PVGroup-logotyp_RGB-kolor-01-300x100.png\" alt=\"logo pvgroup\" width=\"300\" height=\"100\" \/><\/p>\n<\/div>\n<h3 style=\"text-align: center\"><strong>Pytania? Kontakt:<\/strong><\/h3>\n<h3 style=\"text-align: center\"><a href=\"mailto:info@pvgroup.pl\">info@pvgroup.pl\u00a0<\/a><strong>, telefon:<\/strong><\/h3>\n<h3 style=\"text-align: center\"><strong>+48 516758 217<\/strong><\/h3>\n<h3 style=\"text-align: center\"><strong>+48 737 185 830<\/strong><\/h3>\n<h3 style=\"text-align: center\"><strong>+48 532 268 607<\/strong><\/h3>\n<p>&nbsp;<\/p>\n","protected":false},"excerpt":{"rendered":"<p>KABEL SOLARNY 6mm2 Polska produkcja jest specjalnie zaprojektowany do po\u0142\u0105cze\u0144 system\u00f3w fotowoltaicznych. Jego \u015brednica wynosi 6mm, co pozwala na przesy\u0142anie wysokiego nat\u0119\u017cenia pr\u0105du przy jednoczesnym zachowaniu niskiej rezystancji.<\/p>\n","protected":false},"featured_media":730,"template":"","meta":{"site-sidebar-layout":"default","site-content-layout":"default","ast-site-content-layout":"default","site-content-style":"default","site-sidebar-style":"default","ast-global-header-display":"","ast-banner-title-visibility":"","ast-main-header-display":"","ast-hfb-above-header-display":"","ast-hfb-below-header-display":"","ast-hfb-mobile-header-display":"","site-post-title":"","ast-breadcrumbs-content":"","ast-featured-img":"","footer-sml-layout":"","ast-disable-related-posts":"","theme-transparent-header-meta":"default","adv-header-id-meta":"","stick-header-meta":"","header-above-stick-meta":"","header-main-stick-meta":"","header-below-stick-meta":"","astra-migrate-meta-layouts":"default","ast-page-background-enabled":"default","ast-page-background-meta":{"desktop":{"background-color":"","background-image":"","background-repeat":"repeat","background-position":"center center","background-size":"auto","background-attachment":"scroll","background-type":"","background-media":"","overlay-type":"","overlay-color":"","overlay-opacity":"","overlay-gradient":""},"tablet":{"background-color":"","background-image":"","background-repeat":"repeat","background-position":"center center","background-size":"auto","background-attachment":"scroll","background-type":"","background-media":"","overlay-type":"","overlay-color":"","overlay-opacity":"","overlay-gradient":""},"mobile":{"background-color":"","background-image":"","background-repeat":"repeat","background-position":"center center","background-size":"auto","background-attachment":"scroll","background-type":"","background-media":"","overlay-type":"","overlay-color":"","overlay-opacity":"","overlay-gradient":""}},"ast-content-background-meta":{"desktop":{"background-color":"var(--ast-global-color-5)","background-image":"","background-repeat":"repeat","background-position":"center center","background-size":"auto","background-attachment":"scroll","background-type":"","background-media":"","overlay-type":"","overlay-color":"","overlay-opacity":"","overlay-gradient":""},"tablet":{"background-color":"var(--ast-global-color-5)","background-image":"","background-repeat":"repeat","background-position":"center center","background-size":"auto","background-attachment":"scroll","background-type":"","background-media":"","overlay-type":"","overlay-color":"","overlay-opacity":"","overlay-gradient":""},"mobile":{"background-color":"var(--ast-global-color-5)","background-image":"","background-repeat":"repeat","background-position":"center center","background-size":"auto","background-attachment":"scroll","background-type":"","background-media":"","overlay-type":"","overlay-color":"","overlay-opacity":"","overlay-gradient":""}}},"product_brand":[],"product_cat":[361],"product_tag":[],"woo-feed-brand":[],"class_list":{"0":"post-29195","1":"product","2":"type-product","3":"status-publish","4":"has-post-thumbnail","6":"product_cat-kable-oraz-przewody","7":"product_shipping_class-mala-paleta","8":"desktop-align-left","9":"tablet-align-left","10":"mobile-align-left","11":"ast-product-gallery-layout-horizontal-slider","12":"ast-product-gallery-with-no-image","13":"ast-product-tabs-layout-horizontal","15":"first","16":"outofstock","17":"taxable","18":"shipping-taxable","19":"purchasable","20":"product-type-simple"},"yoast_head":"<!-- This site is optimized with the Yoast SEO plugin v23.1 - https:\/\/yoast.com\/wordpress\/plugins\/seo\/ -->\n<title>KABEL SOLARNY 6mm2 Polska produkcja (CZERWONY) 50m - PVGroup.pl - Wszystko do fotowoltaiki<\/title>\n<meta name=\"description\" content=\"KABEL SOLARNY 6mm2 Polska produkcja jest specjalnie zaprojektowany do po\u0142\u0105cze\u0144 system\u00f3w fotowoltaicznych. Hurtownia fotowoltaiczna PVGroup.pl\" \/>\n<meta name=\"robots\" content=\"index, follow, max-snippet:-1, max-image-preview:large, max-video-preview:-1\" \/>\n<link rel=\"canonical\" href=\"https:\/\/pvgroup.pl\/index.php\/produkt\/kabel-solarny-6mm2-polska-produkcja-czerwony-50m\/\" \/>\n<meta property=\"og:locale\" content=\"pl_PL\" \/>\n<meta property=\"og:type\" content=\"article\" \/>\n<meta property=\"og:title\" content=\"KABEL SOLARNY 6mm2 Polska produkcja (CZERWONY) 50m - PVGroup.pl - Wszystko do fotowoltaiki\" \/>\n<meta property=\"og:description\" content=\"KABEL SOLARNY 6mm2 Polska produkcja jest specjalnie zaprojektowany do po\u0142\u0105cze\u0144 system\u00f3w fotowoltaicznych. Hurtownia fotowoltaiczna PVGroup.pl\" \/>\n<meta property=\"og:url\" content=\"https:\/\/pvgroup.pl\/index.php\/produkt\/kabel-solarny-6mm2-polska-produkcja-czerwony-50m\/\" \/>\n<meta property=\"og:site_name\" content=\"PVGroup.pl - Wszystko do fotowoltaiki\" \/>\n<meta property=\"article:publisher\" content=\"https:\/\/www.facebook.com\/pvgrouppl\/\" \/>\n<meta property=\"article:modified_time\" content=\"2026-04-02T12:50:34+00:00\" \/>\n<meta property=\"og:image\" content=\"https:\/\/pvgroup.pl\/wp-content\/uploads\/2019\/10\/kabel_solarny-11-min-2.jpg\" \/>\n\t<meta property=\"og:image:width\" content=\"160\" \/>\n\t<meta property=\"og:image:height\" content=\"131\" \/>\n\t<meta property=\"og:image:type\" content=\"image\/jpeg\" \/>\n<meta name=\"twitter:card\" content=\"summary_large_image\" \/>\n<meta name=\"twitter:label1\" content=\"Szacowany czas czytania\" \/>\n\t<meta name=\"twitter:data1\" content=\"3 minuty\" \/>\n<script type=\"application\/ld+json\" class=\"yoast-schema-graph\">{\"@context\":\"https:\/\/schema.org\",\"@graph\":[{\"@type\":\"WebPage\",\"@id\":\"https:\/\/pvgroup.pl\/index.php\/produkt\/kabel-solarny-6mm2-polska-produkcja-czerwony-50m\/\",\"url\":\"https:\/\/pvgroup.pl\/index.php\/produkt\/kabel-solarny-6mm2-polska-produkcja-czerwony-50m\/\",\"name\":\"KABEL SOLARNY 6mm2 Polska produkcja (CZERWONY) 50m - PVGroup.pl - Wszystko do fotowoltaiki\",\"isPartOf\":{\"@id\":\"https:\/\/pvgroup.pl\/#website\"},\"primaryImageOfPage\":{\"@id\":\"https:\/\/pvgroup.pl\/index.php\/produkt\/kabel-solarny-6mm2-polska-produkcja-czerwony-50m\/#primaryimage\"},\"image\":{\"@id\":\"https:\/\/pvgroup.pl\/index.php\/produkt\/kabel-solarny-6mm2-polska-produkcja-czerwony-50m\/#primaryimage\"},\"thumbnailUrl\":\"https:\/\/pvgroup.pl\/wp-content\/uploads\/2019\/10\/kabel_solarny-11-min-2.jpg\",\"datePublished\":\"2023-08-31T12:59:51+00:00\",\"dateModified\":\"2026-04-02T12:50:34+00:00\",\"description\":\"KABEL SOLARNY 6mm2 Polska produkcja jest specjalnie zaprojektowany do po\u0142\u0105cze\u0144 system\u00f3w fotowoltaicznych. Hurtownia fotowoltaiczna PVGroup.pl\",\"breadcrumb\":{\"@id\":\"https:\/\/pvgroup.pl\/index.php\/produkt\/kabel-solarny-6mm2-polska-produkcja-czerwony-50m\/#breadcrumb\"},\"inLanguage\":\"pl-PL\",\"potentialAction\":[{\"@type\":\"ReadAction\",\"target\":[\"https:\/\/pvgroup.pl\/index.php\/produkt\/kabel-solarny-6mm2-polska-produkcja-czerwony-50m\/\"]}]},{\"@type\":\"ImageObject\",\"inLanguage\":\"pl-PL\",\"@id\":\"https:\/\/pvgroup.pl\/index.php\/produkt\/kabel-solarny-6mm2-polska-produkcja-czerwony-50m\/#primaryimage\",\"url\":\"https:\/\/pvgroup.pl\/wp-content\/uploads\/2019\/10\/kabel_solarny-11-min-2.jpg\",\"contentUrl\":\"https:\/\/pvgroup.pl\/wp-content\/uploads\/2019\/10\/kabel_solarny-11-min-2.jpg\",\"width\":160,\"height\":131},{\"@type\":\"BreadcrumbList\",\"@id\":\"https:\/\/pvgroup.pl\/index.php\/produkt\/kabel-solarny-6mm2-polska-produkcja-czerwony-50m\/#breadcrumb\",\"itemListElement\":[{\"@type\":\"ListItem\",\"position\":1,\"name\":\"Strona g\u0142\u00f3wna\",\"item\":\"https:\/\/pvgroup.pl\/\"},{\"@type\":\"ListItem\",\"position\":2,\"name\":\"Sklep\",\"item\":\"https:\/\/pvgroup.pl\/index.php\/sklep\/\"},{\"@type\":\"ListItem\",\"position\":3,\"name\":\"KABEL SOLARNY 6mm2 Polska produkcja (CZERWONY) 50m\"}]},{\"@type\":\"WebSite\",\"@id\":\"https:\/\/pvgroup.pl\/#website\",\"url\":\"https:\/\/pvgroup.pl\/\",\"name\":\"PVGroup.pl - Wszystko do fotowoltaiki\",\"description\":\"Zestawy fotowoltaiczne , Panele s\u0142oneczne,  Fotowoltaika. Zestawy fotowoltaiki,  sklep stacjonarny i OnLine\",\"publisher\":{\"@id\":\"https:\/\/pvgroup.pl\/#organization\"},\"potentialAction\":[{\"@type\":\"SearchAction\",\"target\":{\"@type\":\"EntryPoint\",\"urlTemplate\":\"https:\/\/pvgroup.pl\/?s={search_term_string}\"},\"query-input\":\"required name=search_term_string\"}],\"inLanguage\":\"pl-PL\"},{\"@type\":\"Organization\",\"@id\":\"https:\/\/pvgroup.pl\/#organization\",\"name\":\"PVGroup.pl\",\"url\":\"https:\/\/pvgroup.pl\/\",\"logo\":{\"@type\":\"ImageObject\",\"inLanguage\":\"pl-PL\",\"@id\":\"https:\/\/pvgroup.pl\/#\/schema\/logo\/image\/\",\"url\":\"https:\/\/pvgroup.pl\/wp-content\/uploads\/2019\/10\/PVGroup-logotyp_RGB-kolor-01.png\",\"contentUrl\":\"https:\/\/pvgroup.pl\/wp-content\/uploads\/2019\/10\/PVGroup-logotyp_RGB-kolor-01.png\",\"width\":2415,\"height\":1002,\"caption\":\"PVGroup.pl\"},\"image\":{\"@id\":\"https:\/\/pvgroup.pl\/#\/schema\/logo\/image\/\"},\"sameAs\":[\"https:\/\/www.facebook.com\/pvgrouppl\/\"]}]}<\/script>\n<!-- \/ Yoast SEO plugin. -->","yoast_head_json":{"title":"KABEL SOLARNY 6mm2 Polska produkcja (CZERWONY) 50m - PVGroup.pl - Wszystko do fotowoltaiki","description":"KABEL SOLARNY 6mm2 Polska produkcja jest specjalnie zaprojektowany do po\u0142\u0105cze\u0144 system\u00f3w fotowoltaicznych. Hurtownia fotowoltaiczna PVGroup.pl","robots":{"index":"index","follow":"follow","max-snippet":"max-snippet:-1","max-image-preview":"max-image-preview:large","max-video-preview":"max-video-preview:-1"},"canonical":"https:\/\/pvgroup.pl\/index.php\/produkt\/kabel-solarny-6mm2-polska-produkcja-czerwony-50m\/","og_locale":"pl_PL","og_type":"article","og_title":"KABEL SOLARNY 6mm2 Polska produkcja (CZERWONY) 50m - PVGroup.pl - Wszystko do fotowoltaiki","og_description":"KABEL SOLARNY 6mm2 Polska produkcja jest specjalnie zaprojektowany do po\u0142\u0105cze\u0144 system\u00f3w fotowoltaicznych. Hurtownia fotowoltaiczna PVGroup.pl","og_url":"https:\/\/pvgroup.pl\/index.php\/produkt\/kabel-solarny-6mm2-polska-produkcja-czerwony-50m\/","og_site_name":"PVGroup.pl - Wszystko do fotowoltaiki","article_publisher":"https:\/\/www.facebook.com\/pvgrouppl\/","article_modified_time":"2026-04-02T12:50:34+00:00","og_image":[{"width":160,"height":131,"url":"https:\/\/pvgroup.pl\/wp-content\/uploads\/2019\/10\/kabel_solarny-11-min-2.jpg","type":"image\/jpeg"}],"twitter_card":"summary_large_image","twitter_misc":{"Szacowany czas czytania":"3 minuty"},"schema":{"@context":"https:\/\/schema.org","@graph":[{"@type":"WebPage","@id":"https:\/\/pvgroup.pl\/index.php\/produkt\/kabel-solarny-6mm2-polska-produkcja-czerwony-50m\/","url":"https:\/\/pvgroup.pl\/index.php\/produkt\/kabel-solarny-6mm2-polska-produkcja-czerwony-50m\/","name":"KABEL SOLARNY 6mm2 Polska produkcja (CZERWONY) 50m - PVGroup.pl - Wszystko do fotowoltaiki","isPartOf":{"@id":"https:\/\/pvgroup.pl\/#website"},"primaryImageOfPage":{"@id":"https:\/\/pvgroup.pl\/index.php\/produkt\/kabel-solarny-6mm2-polska-produkcja-czerwony-50m\/#primaryimage"},"image":{"@id":"https:\/\/pvgroup.pl\/index.php\/produkt\/kabel-solarny-6mm2-polska-produkcja-czerwony-50m\/#primaryimage"},"thumbnailUrl":"https:\/\/pvgroup.pl\/wp-content\/uploads\/2019\/10\/kabel_solarny-11-min-2.jpg","datePublished":"2023-08-31T12:59:51+00:00","dateModified":"2026-04-02T12:50:34+00:00","description":"KABEL SOLARNY 6mm2 Polska produkcja jest specjalnie zaprojektowany do po\u0142\u0105cze\u0144 system\u00f3w fotowoltaicznych. Hurtownia fotowoltaiczna PVGroup.pl","breadcrumb":{"@id":"https:\/\/pvgroup.pl\/index.php\/produkt\/kabel-solarny-6mm2-polska-produkcja-czerwony-50m\/#breadcrumb"},"inLanguage":"pl-PL","potentialAction":[{"@type":"ReadAction","target":["https:\/\/pvgroup.pl\/index.php\/produkt\/kabel-solarny-6mm2-polska-produkcja-czerwony-50m\/"]}]},{"@type":"ImageObject","inLanguage":"pl-PL","@id":"https:\/\/pvgroup.pl\/index.php\/produkt\/kabel-solarny-6mm2-polska-produkcja-czerwony-50m\/#primaryimage","url":"https:\/\/pvgroup.pl\/wp-content\/uploads\/2019\/10\/kabel_solarny-11-min-2.jpg","contentUrl":"https:\/\/pvgroup.pl\/wp-content\/uploads\/2019\/10\/kabel_solarny-11-min-2.jpg","width":160,"height":131},{"@type":"BreadcrumbList","@id":"https:\/\/pvgroup.pl\/index.php\/produkt\/kabel-solarny-6mm2-polska-produkcja-czerwony-50m\/#breadcrumb","itemListElement":[{"@type":"ListItem","position":1,"name":"Strona g\u0142\u00f3wna","item":"https:\/\/pvgroup.pl\/"},{"@type":"ListItem","position":2,"name":"Sklep","item":"https:\/\/pvgroup.pl\/index.php\/sklep\/"},{"@type":"ListItem","position":3,"name":"KABEL SOLARNY 6mm2 Polska produkcja (CZERWONY) 50m"}]},{"@type":"WebSite","@id":"https:\/\/pvgroup.pl\/#website","url":"https:\/\/pvgroup.pl\/","name":"PVGroup.pl - Wszystko do fotowoltaiki","description":"Zestawy fotowoltaiczne , Panele s\u0142oneczne,  Fotowoltaika. Zestawy fotowoltaiki,  sklep stacjonarny i OnLine","publisher":{"@id":"https:\/\/pvgroup.pl\/#organization"},"potentialAction":[{"@type":"SearchAction","target":{"@type":"EntryPoint","urlTemplate":"https:\/\/pvgroup.pl\/?s={search_term_string}"},"query-input":"required name=search_term_string"}],"inLanguage":"pl-PL"},{"@type":"Organization","@id":"https:\/\/pvgroup.pl\/#organization","name":"PVGroup.pl","url":"https:\/\/pvgroup.pl\/","logo":{"@type":"ImageObject","inLanguage":"pl-PL","@id":"https:\/\/pvgroup.pl\/#\/schema\/logo\/image\/","url":"https:\/\/pvgroup.pl\/wp-content\/uploads\/2019\/10\/PVGroup-logotyp_RGB-kolor-01.png","contentUrl":"https:\/\/pvgroup.pl\/wp-content\/uploads\/2019\/10\/PVGroup-logotyp_RGB-kolor-01.png","width":2415,"height":1002,"caption":"PVGroup.pl"},"image":{"@id":"https:\/\/pvgroup.pl\/#\/schema\/logo\/image\/"},"sameAs":["https:\/\/www.facebook.com\/pvgrouppl\/"]}]}},"_links":{"self":[{"href":"https:\/\/pvgroup.pl\/index.php\/wp-json\/wp\/v2\/product\/29195","targetHints":{"allow":["GET"]}}],"collection":[{"href":"https:\/\/pvgroup.pl\/index.php\/wp-json\/wp\/v2\/product"}],"about":[{"href":"https:\/\/pvgroup.pl\/index.php\/wp-json\/wp\/v2\/types\/product"}],"wp:featuredmedia":[{"embeddable":true,"href":"https:\/\/pvgroup.pl\/index.php\/wp-json\/wp\/v2\/media\/730"}],"wp:attachment":[{"href":"https:\/\/pvgroup.pl\/index.php\/wp-json\/wp\/v2\/media?parent=29195"}],"wp:term":[{"taxonomy":"product_brand","embeddable":true,"href":"https:\/\/pvgroup.pl\/index.php\/wp-json\/wp\/v2\/product_brand?post=29195"},{"taxonomy":"product_cat","embeddable":true,"href":"https:\/\/pvgroup.pl\/index.php\/wp-json\/wp\/v2\/product_cat?post=29195"},{"taxonomy":"product_tag","embeddable":true,"href":"https:\/\/pvgroup.pl\/index.php\/wp-json\/wp\/v2\/product_tag?post=29195"},{"taxonomy":"woo-feed-brand","embeddable":true,"href":"https:\/\/pvgroup.pl\/index.php\/wp-json\/wp\/v2\/woo-feed-brand?post=29195"}],"curies":[{"name":"wp","href":"https:\/\/api.w.org\/{rel}","templated":true}]}}