{"id":33944,"date":"2024-04-10T12:47:21","date_gmt":"2024-04-10T10:47:21","guid":{"rendered":"https:\/\/pvgroup.pl\/index.php\/produkt\/growatt-mid-25ktl3-xh\/"},"modified":"2026-04-10T11:18:32","modified_gmt":"2026-04-10T09:18:32","slug":"growatt-mid-25ktl3-xh","status":"publish","type":"product","link":"https:\/\/pvgroup.pl\/index.php\/produkt\/growatt-mid-25ktl3-xh\/","title":{"rendered":"GROWATT MID 25KTL3-XH"},"content":{"rendered":"<h1 style=\"text-align: center\">GROWATT MID 25KTL3-XH<\/h1>\n<h3 style=\"text-align: center\"><\/h3>\n<p>&nbsp;<\/p>\n<p>&nbsp;<\/p>\n<p><a href=\"https:\/\/pvgroup.pl\/wp-content\/uploads\/2023\/09\/GROWATT-POWERING-TOMORROW-1024x248-removebg-preview.png\"><img loading=\"lazy\" decoding=\"async\" class=\"aligncenter size-full wp-image-29526\" src=\"https:\/\/pvgroup.pl\/wp-content\/uploads\/2023\/09\/GROWATT-POWERING-TOMORROW-1024x248-removebg-preview.png\" alt=\"GROWATT-POWERING-TOMORRO\" width=\"328\" height=\"79\" srcset=\"https:\/\/pvgroup.pl\/wp-content\/uploads\/2023\/09\/GROWATT-POWERING-TOMORROW-1024x248-removebg-preview.png 328w, https:\/\/pvgroup.pl\/wp-content\/uploads\/2023\/09\/GROWATT-POWERING-TOMORROW-1024x248-removebg-preview-300x72.png 300w\" sizes=\"auto, (max-width: 328px) 100vw, 328px\" \/><\/a><\/p>\n<p>&nbsp;<\/p>\n<p>&nbsp;<\/p>\n<h3 style=\"text-align: center\">Je\u015bli jeste\u015b zainteresowany zakupem wybranego falownika w ilo\u015bciach hurtowych, skontaktuj si\u0119 z naszym zespo\u0142em<\/h3>\n<h3 style=\"text-align: center\"><a href=\"mailto:wholesale@pvgroup.pl\">wholesale@pvgroup.pl<\/a><\/h3>\n<p>&nbsp;<\/p>\n<p><a href=\"https:\/\/pvgroup.pl\/wp-content\/uploads\/2022\/10\/pvgrouppllogo.png\"><img loading=\"lazy\" decoding=\"async\" class=\"aligncenter size-full wp-image-19346\" src=\"https:\/\/pvgroup.pl\/wp-content\/uploads\/2022\/10\/pvgrouppllogo.png\" alt=\"pvgrouppllogo\" width=\"400\" height=\"133\" srcset=\"https:\/\/pvgroup.pl\/wp-content\/uploads\/2022\/10\/pvgrouppllogo.png 400w, https:\/\/pvgroup.pl\/wp-content\/uploads\/2022\/10\/pvgrouppllogo-300x100.png 300w\" sizes=\"auto, (max-width: 400px) 100vw, 400px\" \/><\/a><\/p>\n<p>&nbsp;<\/p>\n<h3 style=\"text-align: center\">GROWATT MID 25KTL3-XH<\/h3>\n<p><a href=\"https:\/\/pvgroup.pl\/wp-content\/uploads\/2024\/04\/Growatt-MID-XH.webp\"><img loading=\"lazy\" decoding=\"async\" class=\"aligncenter size-full wp-image-33948\" src=\"https:\/\/pvgroup.pl\/wp-content\/uploads\/2024\/04\/Growatt-MID-XH.webp\" alt=\"Growatt MID XH\" width=\"544\" height=\"459\" srcset=\"https:\/\/pvgroup.pl\/wp-content\/uploads\/2024\/04\/Growatt-MID-XH.webp 544w, https:\/\/pvgroup.pl\/wp-content\/uploads\/2024\/04\/Growatt-MID-XH-300x253.webp 300w\" sizes=\"auto, (max-width: 544px) 100vw, 544px\" \/><\/a><\/p>\n<p>&nbsp;<\/p>\n<h3 style=\"text-align: center\">Inwerter Growatt MID 25KTL3-XH: przysz\u0142o\u015bciowe rozwi\u0105zanie do zr\u00f3wnowa\u017conego zarz\u0105dzania energi\u0105<\/h3>\n<p>Podnie\u015b poziom swoich rozwi\u0105za\u0144 energetycznych dzi\u0119ki serii Growatt MID 25KTL3-XH, b\u0119d\u0105cej szczytem innowacji w dziedzinie ma\u0142ych falownik\u00f3w komercyjnych i przemys\u0142owych (C&amp;I). Zaprojektowany z my\u015bl\u0105 o przysz\u0142o\u015bci, ten najnowszy model oferuje wydajny i skalowalny spos\u00f3b zarz\u0105dzania potrzebami energetycznymi, obs\u0142uguj\u0105c do 60 kWh dzi\u0119ki integracji system\u00f3w magazynowania energii APX. Poznaj idealn\u0105 r\u00f3wnowag\u0119 mi\u0119dzy wydajno\u015bci\u0105 a inwestycj\u0105.<\/p>\n<h3>Kluczowe cechy:<\/h3>\n<ol>\n<li><strong>Wszechstronna kompatybilno\u015b\u0107:<\/strong> Bezproblemowe po\u0142\u0105czenie z systemem magazynowania energii APX o maksymalnej pojemno\u015bci 60 kWh, aby zaspokoi\u0107 zmieniaj\u0105ce si\u0119 zapotrzebowanie na energi\u0119.<\/li>\n<li><strong>Ekonomiczna inwestycja:<\/strong> Seria MID 25KTL3-XH wyr\u00f3\u017cnia si\u0119 ekonomicznym podej\u015bciem do zarz\u0105dzania energi\u0105. Pozwalaj\u0105c na nisk\u0105 pocz\u0105tkow\u0105 inwestycj\u0119, otwiera drzwi do zr\u00f3wnowa\u017conych rozwi\u0105za\u0144 energetycznych bez wysokich koszt\u00f3w pocz\u0105tkowych.<\/li>\n<li><strong>Przysz\u0142o\u015bciowa konstrukcja:<\/strong> Wyposa\u017cony w dwa interfejsy baterii, falownik ten zosta\u0142 zaprojektowany tak, aby rosn\u0105\u0107 wraz z Twoimi potrzebami. Pozwala to na \u0142atw\u0105 rozbudow\u0119 systemu magazynowania energii w przysz\u0142o\u015bci bez konieczno\u015bci stosowania dodatkowych urz\u0105dze\u0144 lub ponoszenia koszt\u00f3w modernizacji. Ta funkcja zapewnia, \u017ce system energetyczny pozostaje na bie\u017c\u0105co z najnowszymi osi\u0105gni\u0119ciami technologicznymi i wymaganiami dotycz\u0105cymi pojemno\u015bci.<\/li>\n<li><strong>Zr\u00f3wnowa\u017cony rozw\u00f3j i wydajno\u015b\u0107:<\/strong> Umo\u017cliwiaj\u0105c przej\u015bcie na odnawialne \u017ar\u00f3d\u0142a energii, falownik MID 25KTL3-XH przyczynia si\u0119 do bardziej zr\u00f3wnowa\u017conego i przyjaznego dla \u015brodowiska krajobrazu energetycznego. Jego konstrukcja nadaje priorytet efektywno\u015bci energetycznej, zapewniaj\u0105c maksymalne wykorzystanie inwestycji.<\/li>\n<\/ol>\n<p><a href=\"https:\/\/pvgroup.pl\/wp-content\/uploads\/2024\/04\/GROWATT-MID-XH-scheme.webp\"><img loading=\"lazy\" decoding=\"async\" class=\"aligncenter size-full wp-image-33947\" src=\"https:\/\/pvgroup.pl\/wp-content\/uploads\/2024\/04\/GROWATT-MID-XH-scheme.webp\" alt=\"GROWATT MID XH scheme\" width=\"585\" height=\"471\" srcset=\"https:\/\/pvgroup.pl\/wp-content\/uploads\/2024\/04\/GROWATT-MID-XH-scheme.webp 585w, https:\/\/pvgroup.pl\/wp-content\/uploads\/2024\/04\/GROWATT-MID-XH-scheme-300x242.webp 300w\" sizes=\"auto, (max-width: 585px) 100vw, 585px\" \/><\/a><\/p>\n<p>&nbsp;<\/p>\n<p>&nbsp;<\/p>\n<h4>Zainwestuj w jutro<\/h4>\n<p>Wyb\u00f3r serii Growatt MID XH oznacza wyb\u00f3r falownika, kt\u00f3ry nie tylko spe\u0142nia dzisiejsze potrzeby energetyczne, ale tak\u017ce przewiduje wymagania jutra. Niezale\u017cnie od tego, czy chcesz obni\u017cy\u0107 koszty operacyjne, zwi\u0119kszy\u0107 efektywno\u015b\u0107 energetyczn\u0105, czy wywrze\u0107 pozytywny wp\u0142yw na \u015brodowisko, ten falownik jest Twoim partnerem w osi\u0105ganiu cel\u00f3w. Dowiedz si\u0119, jak Growatt MID XH mo\u017ce zrewolucjonizowa\u0107 zarz\u0105dzanie energi\u0105, odwiedzaj\u0105c nasz sklep ju\u017c dzi\u015b.<\/p>\n<div class=\"first-section-boxes general-info\">\n<h3>INFORMACJE OG\u00d3LNE<\/h3>\n<ul>\n<li>Future proof Battery Ready &#8211; wsp\u00f3\u0142pracuje z magazynem energii APX<\/li>\n<li>Dotykowy wy\u015bwietlacz OLED<\/li>\n<li>Maks. wydajno\u015b\u0107 98,6%<\/li>\n<li>Podw\u00f3jne MPPT<\/li>\n<li>DC\/AC do 2.0<\/li>\n<li>SPD typu II po stronie AC&amp;DC<\/li>\n<li>Obs\u0142uga ogranicze\u0144 eksportu<\/li>\n<li>Opcjonalna funkcja AFCI<\/li>\n<li>Stopie\u0144 ochrony IP66<\/li>\n<li>Kompleksowy plan gwarancyjny Growatt<\/li>\n<li>10 lat gwarancji<\/li>\n<li>Funkcja podtrzymania z akumulatorami APX i prze\u0142\u0105cznikiem SYN-100<\/li>\n<\/ul>\n<\/div>\n<div class=\"first-section-boxes general-info\">\n<p>&nbsp;<\/p>\n<\/div>\n<h3 class=\"first-section-boxes general-info\" style=\"text-align: center\">Za bezpiecze\u0144stwo przesy\u0142ek falownik\u00f3w odpowiada firma:<\/h3>\n<p>&nbsp;<\/p>\n<p style=\"text-align: center\"><a href=\"https:\/\/pvgroup.pl\/wp-content\/uploads\/2022\/02\/Logo-Raben-PVGroup.pl-mi-e1644249674757-1.jpg\"><img loading=\"lazy\" decoding=\"async\" class=\"aligncenter size-full wp-image-17286\" src=\"https:\/\/pvgroup.pl\/wp-content\/uploads\/2022\/02\/Logo-Raben-PVGroup.pl-mi-e1644249674757-1.jpg\" alt=\"Raben - transport\" width=\"446\" height=\"184\" srcset=\"https:\/\/pvgroup.pl\/wp-content\/uploads\/2022\/02\/Logo-Raben-PVGroup.pl-mi-e1644249674757-1.jpg 446w, https:\/\/pvgroup.pl\/wp-content\/uploads\/2022\/02\/Logo-Raben-PVGroup.pl-mi-e1644249674757-1-300x124.jpg 300w\" sizes=\"auto, (max-width: 446px) 100vw, 446px\" \/><\/a><\/p>\n<p>&nbsp;<\/p>\n<p style=\"text-align: center\">Falowniki Growatt s\u0105 dostarczane ubezpieczonym transportem. Przesy\u0142ki s\u0105 pakowane z wielk\u0105 staranno\u015bci\u0105 w taki spos\u00f3b, aby falownik dotar\u0142 do miejsca przeznaczenia nieuszkodzony.<\/p>\n<p>&nbsp;<\/p>\n<p>&nbsp;<\/p>\n<div class=\"first-section-boxes general-info\" style=\"text-align: center\">\n<div class=\"first-section-boxes general-info\" style=\"text-align: center\">\n<div class=\"first-section-boxes general-info\" style=\"text-align: center\">\n<h3 style=\"text-align: left\">Podstawowe specyfikacje falownika GROWATT MID 25KTL3-XH:<\/h3>\n<ul>\n<li style=\"text-align: left\">Maksymalna zalecana moc PV (dla modu\u0142u STC) [W]: 50000<\/li>\n<li style=\"text-align: left\">Maks. Napi\u0119cie DC: 1100V<\/li>\n<li style=\"text-align: left\">Napi\u0119cie nominalne: 600V<\/li>\n<li style=\"text-align: left\">Moc nominalna AC [W]: 25000<\/li>\n<li style=\"text-align: left\">Maksymalna moc \u0142adowania [W]: 15000<\/li>\n<li style=\"text-align: left\">Maksymalna moc roz\u0142adowania [W]: 25000<\/li>\n<li style=\"text-align: left\">Maks. pr\u0105d wyj\u015bciowy [A]: 41,6<\/li>\n<li style=\"text-align: left\">Wymiary (szer. \/ wys. \/ g\u0142.) [mm] : 580\/435\/230<\/li>\n<li style=\"text-align: left\">Waga [kg] : 31<\/li>\n<li style=\"text-align: left\">MAX. wydajno\u015b\u0107 [%] : 98,3<\/li>\n<li style=\"text-align: left\">Stopie\u0144 ochrony: IP66<\/li>\n<li style=\"text-align: left\">Interfejsy: RS232\/RS485\/CAN\/USB<\/li>\n<li style=\"text-align: left\">Ch\u0142odzenie: konwekcja naturalna<\/li>\n<li style=\"text-align: left\">Topologia: Bez transformacji<\/li>\n<\/ul>\n<h3 style=\"text-align: center\"><img loading=\"lazy\" decoding=\"async\" class=\"alignnone wp-image-8938\" style=\"font-size: 16px\" src=\"https:\/\/growatt.tech\/wp-content\/uploads\/2023\/02\/linia.png\" alt=\"\" width=\"8492\" height=\"100\" \/><\/h3>\n<\/div>\n<\/div>\n<\/div>\n<div class=\"first-section-boxes general-info\" style=\"text-align: center\">\n<h3>Dokumenty do pobrania:<\/h3>\n<p>&nbsp;<\/p>\n<h3 class=\"wp-block-image\"><a href=\"https:\/\/growatt.tech\/wp-content\/uploads\/shared-files\/MID_1130KTL3-XH_Datasheet_202307.pdf\">Karta katalogowa<\/a><\/h3>\n<p>&nbsp;<\/p>\n<h3 class=\"wp-block-image\"><a href=\"https:\/\/growatt.tech\/wp-content\/uploads\/shared-files\/MID_11-30KTL3-XH_EN50549-1.pdf\">Certyfikat<\/a><\/h3>\n<p>&nbsp;<\/p>\n<h3 class=\"wp-block-image\"><a href=\"https:\/\/growatt.tech\/wp-content\/uploads\/shared-files\/MID_11-30KTL3-XH_User_Manual_EN_202307.pdf\">Instrukcja obs\u0142ugi<\/a><\/h3>\n<\/div>\n","protected":false},"excerpt":{"rendered":"<p>Podnie\u015b poziom swoich rozwi\u0105za\u0144 energetycznych dzi\u0119ki serii <strong>Growatt MID 25KTL3-XH<\/strong>, b\u0119d\u0105cej szczytem innowacji w dziedzinie ma\u0142ych falownik\u00f3w komercyjnych i przemys\u0142owych (C&amp;I).<\/p>\n","protected":false},"featured_media":33948,"template":"","meta":{"site-sidebar-layout":"default","site-content-layout":"","ast-site-content-layout":"default","site-content-style":"default","site-sidebar-style":"default","ast-global-header-display":"","ast-banner-title-visibility":"","ast-main-header-display":"","ast-hfb-above-header-display":"","ast-hfb-below-header-display":"","ast-hfb-mobile-header-display":"","site-post-title":"","ast-breadcrumbs-content":"","ast-featured-img":"","footer-sml-layout":"","ast-disable-related-posts":"","theme-transparent-header-meta":"default","adv-header-id-meta":"","stick-header-meta":"default","header-above-stick-meta":"","header-main-stick-meta":"","header-below-stick-meta":"","astra-migrate-meta-layouts":"set","ast-page-background-enabled":"default","ast-page-background-meta":{"desktop":{"background-color":"","background-image":"","background-repeat":"repeat","background-position":"center center","background-size":"auto","background-attachment":"scroll","background-type":"","background-media":"","overlay-type":"","overlay-color":"","overlay-opacity":"","overlay-gradient":""},"tablet":{"background-color":"","background-image":"","background-repeat":"repeat","background-position":"center center","background-size":"auto","background-attachment":"scroll","background-type":"","background-media":"","overlay-type":"","overlay-color":"","overlay-opacity":"","overlay-gradient":""},"mobile":{"background-color":"","background-image":"","background-repeat":"repeat","background-position":"center center","background-size":"auto","background-attachment":"scroll","background-type":"","background-media":"","overlay-type":"","overlay-color":"","overlay-opacity":"","overlay-gradient":""}},"ast-content-background-meta":{"desktop":{"background-color":"var(--ast-global-color-5)","background-image":"","background-repeat":"repeat","background-position":"center center","background-size":"auto","background-attachment":"scroll","background-type":"","background-media":"","overlay-type":"","overlay-color":"","overlay-opacity":"","overlay-gradient":""},"tablet":{"background-color":"var(--ast-global-color-5)","background-image":"","background-repeat":"repeat","background-position":"center center","background-size":"auto","background-attachment":"scroll","background-type":"","background-media":"","overlay-type":"","overlay-color":"","overlay-opacity":"","overlay-gradient":""},"mobile":{"background-color":"var(--ast-global-color-5)","background-image":"","background-repeat":"repeat","background-position":"center center","background-size":"auto","background-attachment":"scroll","background-type":"","background-media":"","overlay-type":"","overlay-color":"","overlay-opacity":"","overlay-gradient":""}}},"product_brand":[],"product_cat":[168],"product_tag":[],"woo-feed-brand":[],"class_list":{"0":"post-33944","1":"product","2":"type-product","3":"status-publish","4":"has-post-thumbnail","6":"product_cat-inwertery-hybrydowe-growatt","7":"product_shipping_class-mala-paleta","8":"desktop-align-left","9":"tablet-align-left","10":"mobile-align-left","11":"ast-product-gallery-layout-horizontal-slider","12":"ast-product-gallery-with-no-image","13":"ast-product-tabs-layout-horizontal","15":"first","16":"outofstock","17":"taxable","18":"shipping-taxable","19":"purchasable","20":"product-type-simple"},"yoast_head":"<!-- This site is optimized with the Yoast SEO plugin v23.1 - https:\/\/yoast.com\/wordpress\/plugins\/seo\/ -->\n<title>GROWATT MID 25KTL3-XH - PVGroup.pl - Wszystko do fotowoltaiki<\/title>\n<meta name=\"description\" content=\"Podnie\u015b poziom rozwi\u0105za\u0144 energetycznych dzi\u0119ki serii Growatt MID 25KTL3-XH, szczytowi innowacji w ma\u0142ych falownikach komercyjnych i przemys\u0142owych (C&amp;I)\" \/>\n<meta name=\"robots\" content=\"index, follow, max-snippet:-1, max-image-preview:large, max-video-preview:-1\" \/>\n<link rel=\"canonical\" href=\"https:\/\/pvgroup.pl\/index.php\/produkt\/growatt-mid-25ktl3-xh\/\" \/>\n<meta property=\"og:locale\" content=\"pl_PL\" \/>\n<meta property=\"og:type\" content=\"article\" \/>\n<meta property=\"og:title\" content=\"GROWATT MID 25KTL3-XH - PVGroup.pl - Wszystko do fotowoltaiki\" \/>\n<meta property=\"og:description\" content=\"Podnie\u015b poziom rozwi\u0105za\u0144 energetycznych dzi\u0119ki serii Growatt MID 25KTL3-XH, szczytowi innowacji w ma\u0142ych falownikach komercyjnych i przemys\u0142owych (C&amp;I)\" \/>\n<meta property=\"og:url\" content=\"https:\/\/pvgroup.pl\/index.php\/produkt\/growatt-mid-25ktl3-xh\/\" \/>\n<meta property=\"og:site_name\" content=\"PVGroup.pl - Wszystko do fotowoltaiki\" \/>\n<meta property=\"article:publisher\" content=\"https:\/\/www.facebook.com\/pvgrouppl\/\" \/>\n<meta property=\"article:modified_time\" content=\"2026-04-10T09:18:32+00:00\" \/>\n<meta property=\"og:image\" content=\"https:\/\/pvgroup.pl\/wp-content\/uploads\/2024\/04\/Growatt-MID-XH.webp\" \/>\n\t<meta property=\"og:image:width\" content=\"544\" \/>\n\t<meta property=\"og:image:height\" content=\"459\" \/>\n\t<meta property=\"og:image:type\" content=\"image\/webp\" \/>\n<meta name=\"twitter:card\" content=\"summary_large_image\" \/>\n<meta name=\"twitter:label1\" content=\"Szacowany czas czytania\" \/>\n\t<meta name=\"twitter:data1\" content=\"4 minuty\" \/>\n<script type=\"application\/ld+json\" class=\"yoast-schema-graph\">{\"@context\":\"https:\/\/schema.org\",\"@graph\":[{\"@type\":\"WebPage\",\"@id\":\"https:\/\/pvgroup.pl\/index.php\/produkt\/growatt-mid-25ktl3-xh\/\",\"url\":\"https:\/\/pvgroup.pl\/index.php\/produkt\/growatt-mid-25ktl3-xh\/\",\"name\":\"GROWATT MID 25KTL3-XH - PVGroup.pl - Wszystko do fotowoltaiki\",\"isPartOf\":{\"@id\":\"https:\/\/pvgroup.pl\/#website\"},\"primaryImageOfPage\":{\"@id\":\"https:\/\/pvgroup.pl\/index.php\/produkt\/growatt-mid-25ktl3-xh\/#primaryimage\"},\"image\":{\"@id\":\"https:\/\/pvgroup.pl\/index.php\/produkt\/growatt-mid-25ktl3-xh\/#primaryimage\"},\"thumbnailUrl\":\"https:\/\/pvgroup.pl\/wp-content\/uploads\/2024\/04\/Growatt-MID-XH.webp\",\"datePublished\":\"2024-04-10T10:47:21+00:00\",\"dateModified\":\"2026-04-10T09:18:32+00:00\",\"description\":\"Podnie\u015b poziom rozwi\u0105za\u0144 energetycznych dzi\u0119ki serii Growatt MID 25KTL3-XH, szczytowi innowacji w ma\u0142ych falownikach komercyjnych i przemys\u0142owych (C&I)\",\"breadcrumb\":{\"@id\":\"https:\/\/pvgroup.pl\/index.php\/produkt\/growatt-mid-25ktl3-xh\/#breadcrumb\"},\"inLanguage\":\"pl-PL\",\"potentialAction\":[{\"@type\":\"ReadAction\",\"target\":[\"https:\/\/pvgroup.pl\/index.php\/produkt\/growatt-mid-25ktl3-xh\/\"]}]},{\"@type\":\"ImageObject\",\"inLanguage\":\"pl-PL\",\"@id\":\"https:\/\/pvgroup.pl\/index.php\/produkt\/growatt-mid-25ktl3-xh\/#primaryimage\",\"url\":\"https:\/\/pvgroup.pl\/wp-content\/uploads\/2024\/04\/Growatt-MID-XH.webp\",\"contentUrl\":\"https:\/\/pvgroup.pl\/wp-content\/uploads\/2024\/04\/Growatt-MID-XH.webp\",\"width\":544,\"height\":459,\"caption\":\"Growatt MID XH\"},{\"@type\":\"BreadcrumbList\",\"@id\":\"https:\/\/pvgroup.pl\/index.php\/produkt\/growatt-mid-25ktl3-xh\/#breadcrumb\",\"itemListElement\":[{\"@type\":\"ListItem\",\"position\":1,\"name\":\"Strona g\u0142\u00f3wna\",\"item\":\"https:\/\/pvgroup.pl\/\"},{\"@type\":\"ListItem\",\"position\":2,\"name\":\"Sklep\",\"item\":\"https:\/\/pvgroup.pl\/index.php\/sklep\/\"},{\"@type\":\"ListItem\",\"position\":3,\"name\":\"GROWATT MID 25KTL3-XH\"}]},{\"@type\":\"WebSite\",\"@id\":\"https:\/\/pvgroup.pl\/#website\",\"url\":\"https:\/\/pvgroup.pl\/\",\"name\":\"PVGroup.pl - Wszystko do fotowoltaiki\",\"description\":\"Zestawy fotowoltaiczne , Panele s\u0142oneczne,  Fotowoltaika. Zestawy fotowoltaiki,  sklep stacjonarny i OnLine\",\"publisher\":{\"@id\":\"https:\/\/pvgroup.pl\/#organization\"},\"potentialAction\":[{\"@type\":\"SearchAction\",\"target\":{\"@type\":\"EntryPoint\",\"urlTemplate\":\"https:\/\/pvgroup.pl\/?s={search_term_string}\"},\"query-input\":\"required name=search_term_string\"}],\"inLanguage\":\"pl-PL\"},{\"@type\":\"Organization\",\"@id\":\"https:\/\/pvgroup.pl\/#organization\",\"name\":\"PVGroup.pl\",\"url\":\"https:\/\/pvgroup.pl\/\",\"logo\":{\"@type\":\"ImageObject\",\"inLanguage\":\"pl-PL\",\"@id\":\"https:\/\/pvgroup.pl\/#\/schema\/logo\/image\/\",\"url\":\"https:\/\/pvgroup.pl\/wp-content\/uploads\/2019\/10\/PVGroup-logotyp_RGB-kolor-01.png\",\"contentUrl\":\"https:\/\/pvgroup.pl\/wp-content\/uploads\/2019\/10\/PVGroup-logotyp_RGB-kolor-01.png\",\"width\":2415,\"height\":1002,\"caption\":\"PVGroup.pl\"},\"image\":{\"@id\":\"https:\/\/pvgroup.pl\/#\/schema\/logo\/image\/\"},\"sameAs\":[\"https:\/\/www.facebook.com\/pvgrouppl\/\"]}]}<\/script>\n<!-- \/ Yoast SEO plugin. -->","yoast_head_json":{"title":"GROWATT MID 25KTL3-XH - PVGroup.pl - Wszystko do fotowoltaiki","description":"Podnie\u015b poziom rozwi\u0105za\u0144 energetycznych dzi\u0119ki serii Growatt MID 25KTL3-XH, szczytowi innowacji w ma\u0142ych falownikach komercyjnych i przemys\u0142owych (C&I)","robots":{"index":"index","follow":"follow","max-snippet":"max-snippet:-1","max-image-preview":"max-image-preview:large","max-video-preview":"max-video-preview:-1"},"canonical":"https:\/\/pvgroup.pl\/index.php\/produkt\/growatt-mid-25ktl3-xh\/","og_locale":"pl_PL","og_type":"article","og_title":"GROWATT MID 25KTL3-XH - PVGroup.pl - Wszystko do fotowoltaiki","og_description":"Podnie\u015b poziom rozwi\u0105za\u0144 energetycznych dzi\u0119ki serii Growatt MID 25KTL3-XH, szczytowi innowacji w ma\u0142ych falownikach komercyjnych i przemys\u0142owych (C&I)","og_url":"https:\/\/pvgroup.pl\/index.php\/produkt\/growatt-mid-25ktl3-xh\/","og_site_name":"PVGroup.pl - Wszystko do fotowoltaiki","article_publisher":"https:\/\/www.facebook.com\/pvgrouppl\/","article_modified_time":"2026-04-10T09:18:32+00:00","og_image":[{"width":544,"height":459,"url":"https:\/\/pvgroup.pl\/wp-content\/uploads\/2024\/04\/Growatt-MID-XH.webp","type":"image\/webp"}],"twitter_card":"summary_large_image","twitter_misc":{"Szacowany czas czytania":"4 minuty"},"schema":{"@context":"https:\/\/schema.org","@graph":[{"@type":"WebPage","@id":"https:\/\/pvgroup.pl\/index.php\/produkt\/growatt-mid-25ktl3-xh\/","url":"https:\/\/pvgroup.pl\/index.php\/produkt\/growatt-mid-25ktl3-xh\/","name":"GROWATT MID 25KTL3-XH - PVGroup.pl - Wszystko do fotowoltaiki","isPartOf":{"@id":"https:\/\/pvgroup.pl\/#website"},"primaryImageOfPage":{"@id":"https:\/\/pvgroup.pl\/index.php\/produkt\/growatt-mid-25ktl3-xh\/#primaryimage"},"image":{"@id":"https:\/\/pvgroup.pl\/index.php\/produkt\/growatt-mid-25ktl3-xh\/#primaryimage"},"thumbnailUrl":"https:\/\/pvgroup.pl\/wp-content\/uploads\/2024\/04\/Growatt-MID-XH.webp","datePublished":"2024-04-10T10:47:21+00:00","dateModified":"2026-04-10T09:18:32+00:00","description":"Podnie\u015b poziom rozwi\u0105za\u0144 energetycznych dzi\u0119ki serii Growatt MID 25KTL3-XH, szczytowi innowacji w ma\u0142ych falownikach komercyjnych i przemys\u0142owych (C&I)","breadcrumb":{"@id":"https:\/\/pvgroup.pl\/index.php\/produkt\/growatt-mid-25ktl3-xh\/#breadcrumb"},"inLanguage":"pl-PL","potentialAction":[{"@type":"ReadAction","target":["https:\/\/pvgroup.pl\/index.php\/produkt\/growatt-mid-25ktl3-xh\/"]}]},{"@type":"ImageObject","inLanguage":"pl-PL","@id":"https:\/\/pvgroup.pl\/index.php\/produkt\/growatt-mid-25ktl3-xh\/#primaryimage","url":"https:\/\/pvgroup.pl\/wp-content\/uploads\/2024\/04\/Growatt-MID-XH.webp","contentUrl":"https:\/\/pvgroup.pl\/wp-content\/uploads\/2024\/04\/Growatt-MID-XH.webp","width":544,"height":459,"caption":"Growatt MID XH"},{"@type":"BreadcrumbList","@id":"https:\/\/pvgroup.pl\/index.php\/produkt\/growatt-mid-25ktl3-xh\/#breadcrumb","itemListElement":[{"@type":"ListItem","position":1,"name":"Strona g\u0142\u00f3wna","item":"https:\/\/pvgroup.pl\/"},{"@type":"ListItem","position":2,"name":"Sklep","item":"https:\/\/pvgroup.pl\/index.php\/sklep\/"},{"@type":"ListItem","position":3,"name":"GROWATT MID 25KTL3-XH"}]},{"@type":"WebSite","@id":"https:\/\/pvgroup.pl\/#website","url":"https:\/\/pvgroup.pl\/","name":"PVGroup.pl - Wszystko do fotowoltaiki","description":"Zestawy fotowoltaiczne , Panele s\u0142oneczne,  Fotowoltaika. Zestawy fotowoltaiki,  sklep stacjonarny i OnLine","publisher":{"@id":"https:\/\/pvgroup.pl\/#organization"},"potentialAction":[{"@type":"SearchAction","target":{"@type":"EntryPoint","urlTemplate":"https:\/\/pvgroup.pl\/?s={search_term_string}"},"query-input":"required name=search_term_string"}],"inLanguage":"pl-PL"},{"@type":"Organization","@id":"https:\/\/pvgroup.pl\/#organization","name":"PVGroup.pl","url":"https:\/\/pvgroup.pl\/","logo":{"@type":"ImageObject","inLanguage":"pl-PL","@id":"https:\/\/pvgroup.pl\/#\/schema\/logo\/image\/","url":"https:\/\/pvgroup.pl\/wp-content\/uploads\/2019\/10\/PVGroup-logotyp_RGB-kolor-01.png","contentUrl":"https:\/\/pvgroup.pl\/wp-content\/uploads\/2019\/10\/PVGroup-logotyp_RGB-kolor-01.png","width":2415,"height":1002,"caption":"PVGroup.pl"},"image":{"@id":"https:\/\/pvgroup.pl\/#\/schema\/logo\/image\/"},"sameAs":["https:\/\/www.facebook.com\/pvgrouppl\/"]}]}},"_links":{"self":[{"href":"https:\/\/pvgroup.pl\/index.php\/wp-json\/wp\/v2\/product\/33944","targetHints":{"allow":["GET"]}}],"collection":[{"href":"https:\/\/pvgroup.pl\/index.php\/wp-json\/wp\/v2\/product"}],"about":[{"href":"https:\/\/pvgroup.pl\/index.php\/wp-json\/wp\/v2\/types\/product"}],"wp:featuredmedia":[{"embeddable":true,"href":"https:\/\/pvgroup.pl\/index.php\/wp-json\/wp\/v2\/media\/33948"}],"wp:attachment":[{"href":"https:\/\/pvgroup.pl\/index.php\/wp-json\/wp\/v2\/media?parent=33944"}],"wp:term":[{"taxonomy":"product_brand","embeddable":true,"href":"https:\/\/pvgroup.pl\/index.php\/wp-json\/wp\/v2\/product_brand?post=33944"},{"taxonomy":"product_cat","embeddable":true,"href":"https:\/\/pvgroup.pl\/index.php\/wp-json\/wp\/v2\/product_cat?post=33944"},{"taxonomy":"product_tag","embeddable":true,"href":"https:\/\/pvgroup.pl\/index.php\/wp-json\/wp\/v2\/product_tag?post=33944"},{"taxonomy":"woo-feed-brand","embeddable":true,"href":"https:\/\/pvgroup.pl\/index.php\/wp-json\/wp\/v2\/woo-feed-brand?post=33944"}],"curies":[{"name":"wp","href":"https:\/\/api.w.org\/{rel}","templated":true}]}}