{"id":34190,"date":"2024-06-10T09:13:05","date_gmt":"2024-06-10T07:13:05","guid":{"rendered":"https:\/\/pvgroup.pl\/index.php\/produkt\/growatt-spf6000es\/"},"modified":"2026-04-10T11:19:02","modified_gmt":"2026-04-10T09:19:02","slug":"growatt-spf6000es","status":"publish","type":"product","link":"https:\/\/pvgroup.pl\/index.php\/produkt\/growatt-spf6000es\/","title":{"rendered":"GROWATT SPF6000ES"},"content":{"rendered":"<h1 style=\"text-align: center\"><strong>FALOWNIK WYSPOWY<\/strong> GROWATT SPF 6000 ES PLUS 1 FAZA<\/h1>\n<p>&nbsp;<\/p>\n<p><a href=\"https:\/\/pvgroup.pl\/wp-content\/uploads\/2023\/08\/GROWATT-POWERING-TOMORROW.png\"><img loading=\"lazy\" decoding=\"async\" class=\"aligncenter wp-image-29152 size-large\" src=\"https:\/\/pvgroup.pl\/wp-content\/uploads\/2023\/08\/GROWATT-POWERING-TOMORROW-1024x248.png\" alt=\"GROWATT-POWERING-TOMORROW\" width=\"1024\" height=\"248\" srcset=\"https:\/\/pvgroup.pl\/wp-content\/uploads\/2023\/08\/GROWATT-POWERING-TOMORROW-1024x248.png 1024w, https:\/\/pvgroup.pl\/wp-content\/uploads\/2023\/08\/GROWATT-POWERING-TOMORROW-300x73.png 300w, https:\/\/pvgroup.pl\/wp-content\/uploads\/2023\/08\/GROWATT-POWERING-TOMORROW-768x186.png 768w, https:\/\/pvgroup.pl\/wp-content\/uploads\/2023\/08\/GROWATT-POWERING-TOMORROW-1536x373.png 1536w, https:\/\/pvgroup.pl\/wp-content\/uploads\/2023\/08\/GROWATT-POWERING-TOMORROW-600x146.png 600w, https:\/\/pvgroup.pl\/wp-content\/uploads\/2023\/08\/GROWATT-POWERING-TOMORROW.png 2008w\" sizes=\"auto, (max-width: 1024px) 100vw, 1024px\" \/><\/a><\/p>\n<p>&nbsp;<\/p>\n<p>&nbsp;<\/p>\n<p style=\"text-align: center\">Je\u015bli jeste\u015b zainteresowany zakupem wybranego falownika w ilo\u015bciach hurtowych, skontaktuj si\u0119 z naszym zespo\u0142em info@pvgroup.pl<\/p>\n<p>&nbsp;<\/p>\n<h2 style=\"text-align: center\"><strong>FALOWNIK WYSPOWY<\/strong> GROWATT SPF 6000 ES PLUS 1 FAZA<\/h2>\n<p>&nbsp;<\/p>\n<p><a href=\"https:\/\/pvgroup.pl\/wp-content\/uploads\/2024\/06\/SPF-6000-ES-Plus-03-1-1.webp\"><img loading=\"lazy\" decoding=\"async\" class=\"aligncenter wp-image-34374 size-full\" src=\"https:\/\/pvgroup.pl\/wp-content\/uploads\/2024\/06\/SPF-6000-ES-Plus-03-1-1.webp\" alt=\"\" width=\"400\" height=\"400\" srcset=\"https:\/\/pvgroup.pl\/wp-content\/uploads\/2024\/06\/SPF-6000-ES-Plus-03-1-1.webp 400w, https:\/\/pvgroup.pl\/wp-content\/uploads\/2024\/06\/SPF-6000-ES-Plus-03-1-1-300x300.webp 300w, https:\/\/pvgroup.pl\/wp-content\/uploads\/2024\/06\/SPF-6000-ES-Plus-03-1-1-150x150.webp 150w, https:\/\/pvgroup.pl\/wp-content\/uploads\/2024\/06\/SPF-6000-ES-Plus-03-1-1-100x100.webp 100w\" sizes=\"auto, (max-width: 400px) 100vw, 400px\" \/><\/a><\/p>\n<p>&nbsp;<\/p>\n<p><strong>Growatt SPF 6000 ES PLUS<\/strong> (Solar Power Frequency) to rodzaj hybrydowego falownika solarnego przeznaczonego do u\u017cytku w domowych i komercyjnych systemach solarnych. Jest to po\u0142\u0105czenie falownika, \u0142adowarki akumulator\u00f3w i prze\u0142\u0105cznika, kt\u00f3ry zarz\u0105dza przep\u0142ywem energii mi\u0119dzy panelami s\u0142onecznymi, akumulatorami i sieci\u0105 elektryczn\u0105. Falownik Growatt SPF jest znany z wysokiej wydajno\u015bci, niezawodno\u015bci i elastyczno\u015bci. Mo\u017ce wsp\u00f3\u0142pracowa\u0107 zar\u00f3wno z systemami solarnymi on-grid, jak i off-grid i mo\u017ce by\u0107 u\u017cywany do zasilania awaryjnego podczas przerw w dostawie pr\u0105du. Posiada r\u00f3wnie\u017c szereg funkcji, takich jak wbudowany kontroler \u0142adowania MPPT, wy\u015bwietlacz LCD i mo\u017cliwo\u015bci zdalnego monitorowania za po\u015brednictwem aplikacji mobilnej.<\/p>\n<p><strong>Jednofazowy inwerter off-grid<\/strong> przeznaczony do zastosowa\u0144 domowych i ma\u0142ych zastosowa\u0144 przemys\u0142owych. Dost\u0119pne moce: 6kW, 18kW(tr\u00f3jfazowy), 36kW (tr\u00f3jfazowy). Falownik jest r\u00f3wnie\u017c wyposa\u017cony w szereg zaawansowanych funkcji, kt\u00f3re u\u0142atwiaj\u0105 jego instalacj\u0119 i u\u017cytkowanie. Posiada przyjazny dla u\u017cytkownika interfejs, kt\u00f3ry pozwala w\u0142a\u015bcicielom dom\u00f3w i instalatorom monitorowa\u0107 wydajno\u015b\u0107 systemu i dostosowywa\u0107 ustawienia w razie potrzeby. Falownik jest r\u00f3wnie\u017c kompatybilny z szeregiem system\u00f3w monitorowania, w tym WiFi, Ethernet i GPRS.<\/p>\n<p>&nbsp;<\/p>\n<p><strong>INFORMACJE OG\u00d3LNE:<\/strong><\/p>\n<ul>\n<li>Stosunek DC\/AC do 1,2<\/li>\n<li>2 razy wi\u0119ksza moc szczytowa<\/li>\n<li>Wsp\u00f3\u0142czynnik mocy wyj\u015bciowej do 1,0<\/li>\n<li>Do 6 jednostek r\u00f3wnolegle w celu zwi\u0119kszenia wydajno\u015bci<\/li>\n<li>Wiele tryb\u00f3w dostosowanych do r\u00f3\u017cnych scenariuszy<\/li>\n<li>Kompatybilno\u015b\u0107 z akumulatorami litowymi, kwasowo-o\u0142owiowymi i \u017celowymi<\/li>\n<li>Obs\u0142uga zdalnego monitorowania przez WiFi i GPRS<\/li>\n<li>Platforma PVkeeper do lokalnego uruchamiania<\/li>\n<li>\u0141adowanie czasowe i kontrola mocy wyj\u015bciowej<\/li>\n<li>Kompleksowy plan gwarancyjny Growatt<\/li>\n<li>2 lata gwarancji<\/li>\n<\/ul>\n<p>&nbsp;<\/p>\n<p>&nbsp;<\/p>\n<p style=\"text-align: center\">Za bezpiecze\u0144stwo przesy\u0142ek falownik\u00f3w odpowiada firma:<\/p>\n<p><a href=\"https:\/\/pvgroup.pl\/wp-content\/uploads\/2023\/08\/DPD-LOGO-300x133-1.png\"><img loading=\"lazy\" decoding=\"async\" class=\"size-full wp-image-29181 aligncenter\" src=\"https:\/\/pvgroup.pl\/wp-content\/uploads\/2023\/08\/DPD-LOGO-300x133-1.png\" alt=\"DPD-LOGO-300x133\" width=\"300\" height=\"133\" \/><\/a><\/p>\n<p>&nbsp;<\/p>\n<p style=\"text-align: center\">Falowniki Growatt s\u0105 dostarczane ubezpieczonym transportem. Przesy\u0142ki s\u0105 pakowane z wielk\u0105 staranno\u015bci\u0105 w taki spos\u00f3b, aby falownik dotar\u0142 do miejsca przeznaczenia nieuszkodzony.<\/p>\n<p><strong>Podstawowe dane techniczne falownika wyspowego Growatt SPF 6000 ES PLUS:<\/strong><\/p>\n<p>Moc znamionowa [W]: 6000<br \/>\nNapi\u0119cie akumulatora [VDC]: 48<br \/>\nMaks. Moc paneli fotowoltaicznych [W]: 8000<br \/>\nZakres napi\u0119cia roboczego MPPT &#8211; 120 VDC &#8211; 460 VDC<br \/>\nLiczba niezale\u017cnych MPP Tracker\u00f3w\/ci\u0105g\u00f3w na MPP Tracker: 2\/1<br \/>\nMo\u017cliwo\u015b\u0107 pracy r\u00f3wnoleg\u0142ej: Do 6 jednostek<br \/>\nPr\u0105d \u0142adowania [A]: 100<br \/>\nWymiary (szer. \/ wys. \/ g\u0142.) [mm] : 395\/460\/132<br \/>\nWaga [kg] : 13,5<br \/>\nMAX. wydajno\u015b\u0107 [%] : 93<br \/>\nStopie\u0144 ochrony: IP20<\/p>\n<h3 style=\"text-align: center\">Dokumenty do pobrania:<\/h3>\n<h3 class=\"wp-block-image\" style=\"text-align: center\"><a href=\"https:\/\/growatt.tech\/%20\/wp-content\/uploads\/shared-files\/11396\/?SPF_6000_ES_Plus_Datasheet_EN_202211%20(1).pdf\">Karta katalogowa<\/a><\/h3>\n<h3 class=\"wp-block-image\" style=\"text-align: center\"><a href=\"https:\/\/growatt.tech\/\/wp-content\/uploads\/shared-files\/11397\/?SPF_6000_ES_Plus_CE_LVD%20(1).pdf\" target=\"_blank\" rel=\"noopener\">Certyfikat<\/a><\/h3>\n<h3 class=\"wp-block-image\" style=\"text-align: center\"><a href=\"https:\/\/growatt.tech\/wp-content\/uploads\/2023\/02\/SPF-3500-5000-ES-User-Manual-EN-202109.pdf\">Instrukcja obs\u0142ugi<\/a><\/h3>\n<p>&nbsp;<\/p>\n","protected":false},"excerpt":{"rendered":"<p>FALOWNIK WYSPOWY GROWATT SPF 6000 ES PLUS 1 FAZA &nbsp; &nbsp; &nbsp; Je\u015bli jeste\u015b zainteresowany zakupem wybranego falownika w ilo\u015bciach hurtowych, skontaktuj si\u0119 z naszym zespo\u0142em info@pvgroup.pl &nbsp; FALOWNIK WYSPOWY GROWATT SPF 6000 ES PLUS 1 FAZA &nbsp; &nbsp; Growatt SPF 6000 ES PLUS (Solar Power Frequency) to rodzaj hybrydowego falownika solarnego przeznaczonego do u\u017cytku [&hellip;]<\/p>\n","protected":false},"featured_media":34374,"template":"","meta":{"site-sidebar-layout":"default","site-content-layout":"","ast-site-content-layout":"default","site-content-style":"default","site-sidebar-style":"default","ast-global-header-display":"","ast-banner-title-visibility":"","ast-main-header-display":"","ast-hfb-above-header-display":"","ast-hfb-below-header-display":"","ast-hfb-mobile-header-display":"","site-post-title":"","ast-breadcrumbs-content":"","ast-featured-img":"","footer-sml-layout":"","ast-disable-related-posts":"","theme-transparent-header-meta":"default","adv-header-id-meta":"","stick-header-meta":"default","header-above-stick-meta":"","header-main-stick-meta":"","header-below-stick-meta":"","astra-migrate-meta-layouts":"set","ast-page-background-enabled":"default","ast-page-background-meta":{"desktop":{"background-color":"","background-image":"","background-repeat":"repeat","background-position":"center center","background-size":"auto","background-attachment":"scroll","background-type":"","background-media":"","overlay-type":"","overlay-color":"","overlay-opacity":"","overlay-gradient":""},"tablet":{"background-color":"","background-image":"","background-repeat":"repeat","background-position":"center center","background-size":"auto","background-attachment":"scroll","background-type":"","background-media":"","overlay-type":"","overlay-color":"","overlay-opacity":"","overlay-gradient":""},"mobile":{"background-color":"","background-image":"","background-repeat":"repeat","background-position":"center center","background-size":"auto","background-attachment":"scroll","background-type":"","background-media":"","overlay-type":"","overlay-color":"","overlay-opacity":"","overlay-gradient":""}},"ast-content-background-meta":{"desktop":{"background-color":"var(--ast-global-color-5)","background-image":"","background-repeat":"repeat","background-position":"center center","background-size":"auto","background-attachment":"scroll","background-type":"","background-media":"","overlay-type":"","overlay-color":"","overlay-opacity":"","overlay-gradient":""},"tablet":{"background-color":"var(--ast-global-color-5)","background-image":"","background-repeat":"repeat","background-position":"center center","background-size":"auto","background-attachment":"scroll","background-type":"","background-media":"","overlay-type":"","overlay-color":"","overlay-opacity":"","overlay-gradient":""},"mobile":{"background-color":"var(--ast-global-color-5)","background-image":"","background-repeat":"repeat","background-position":"center center","background-size":"auto","background-attachment":"scroll","background-type":"","background-media":"","overlay-type":"","overlay-color":"","overlay-opacity":"","overlay-gradient":""}}},"product_brand":[],"product_cat":[153],"product_tag":[],"woo-feed-brand":[],"class_list":{"0":"post-34190","1":"product","2":"type-product","3":"status-publish","4":"has-post-thumbnail","6":"product_cat-falowniki-3-fazowe-growatt-2","7":"desktop-align-left","8":"tablet-align-left","9":"mobile-align-left","10":"ast-product-gallery-layout-horizontal-slider","11":"ast-product-tabs-layout-horizontal","13":"first","14":"outofstock","15":"taxable","16":"shipping-taxable","17":"purchasable","18":"product-type-simple"},"yoast_head":"<!-- This site is optimized with the Yoast SEO plugin v23.1 - https:\/\/yoast.com\/wordpress\/plugins\/seo\/ -->\n<title>FALOWNIK WYSPOWY GROWATT SPF 6000 ES PLUS 1 FAZA<\/title>\n<meta name=\"description\" content=\"FALOWNIK WYSPOWY GROWATT SPF 6000 ES PLUS 1 FAZA. Falownik dla zastosowa\u0144 domowych oraz przemys\u0142owych. Mo\u017cliwo\u015b\u0107 pod\u0142\u0105czenia ka\u017cdej baterii.\" \/>\n<meta name=\"robots\" content=\"index, follow, max-snippet:-1, max-image-preview:large, max-video-preview:-1\" \/>\n<link rel=\"canonical\" href=\"https:\/\/pvgroup.pl\/index.php\/produkt\/growatt-spf6000es\/\" \/>\n<meta property=\"og:locale\" content=\"pl_PL\" \/>\n<meta property=\"og:type\" content=\"article\" \/>\n<meta property=\"og:title\" content=\"FALOWNIK WYSPOWY GROWATT SPF 6000 ES PLUS 1 FAZA\" \/>\n<meta property=\"og:description\" content=\"FALOWNIK WYSPOWY GROWATT SPF 6000 ES PLUS 1 FAZA. Falownik dla zastosowa\u0144 domowych oraz przemys\u0142owych. Mo\u017cliwo\u015b\u0107 pod\u0142\u0105czenia ka\u017cdej baterii.\" \/>\n<meta property=\"og:url\" content=\"https:\/\/pvgroup.pl\/index.php\/produkt\/growatt-spf6000es\/\" \/>\n<meta property=\"og:site_name\" content=\"PVGroup.pl - Wszystko do fotowoltaiki\" \/>\n<meta property=\"article:publisher\" content=\"https:\/\/www.facebook.com\/pvgrouppl\/\" \/>\n<meta property=\"article:modified_time\" content=\"2026-04-10T09:19:02+00:00\" \/>\n<meta property=\"og:image\" content=\"https:\/\/pvgroup.pl\/wp-content\/uploads\/2024\/06\/SPF-6000-ES-Plus-03-1-1.webp\" \/>\n\t<meta property=\"og:image:width\" content=\"400\" \/>\n\t<meta property=\"og:image:height\" content=\"400\" \/>\n\t<meta property=\"og:image:type\" content=\"image\/webp\" \/>\n<meta name=\"twitter:card\" content=\"summary_large_image\" \/>\n<meta name=\"twitter:label1\" content=\"Szacowany czas czytania\" \/>\n\t<meta name=\"twitter:data1\" content=\"3 minuty\" \/>\n<script type=\"application\/ld+json\" class=\"yoast-schema-graph\">{\"@context\":\"https:\/\/schema.org\",\"@graph\":[{\"@type\":\"WebPage\",\"@id\":\"https:\/\/pvgroup.pl\/index.php\/produkt\/growatt-spf6000es\/\",\"url\":\"https:\/\/pvgroup.pl\/index.php\/produkt\/growatt-spf6000es\/\",\"name\":\"FALOWNIK WYSPOWY GROWATT SPF 6000 ES PLUS 1 FAZA\",\"isPartOf\":{\"@id\":\"https:\/\/pvgroup.pl\/#website\"},\"primaryImageOfPage\":{\"@id\":\"https:\/\/pvgroup.pl\/index.php\/produkt\/growatt-spf6000es\/#primaryimage\"},\"image\":{\"@id\":\"https:\/\/pvgroup.pl\/index.php\/produkt\/growatt-spf6000es\/#primaryimage\"},\"thumbnailUrl\":\"https:\/\/pvgroup.pl\/wp-content\/uploads\/2024\/06\/SPF-6000-ES-Plus-03-1-1.webp\",\"datePublished\":\"2024-06-10T07:13:05+00:00\",\"dateModified\":\"2026-04-10T09:19:02+00:00\",\"description\":\"FALOWNIK WYSPOWY GROWATT SPF 6000 ES PLUS 1 FAZA. Falownik dla zastosowa\u0144 domowych oraz przemys\u0142owych. Mo\u017cliwo\u015b\u0107 pod\u0142\u0105czenia ka\u017cdej baterii.\",\"breadcrumb\":{\"@id\":\"https:\/\/pvgroup.pl\/index.php\/produkt\/growatt-spf6000es\/#breadcrumb\"},\"inLanguage\":\"pl-PL\",\"potentialAction\":[{\"@type\":\"ReadAction\",\"target\":[\"https:\/\/pvgroup.pl\/index.php\/produkt\/growatt-spf6000es\/\"]}]},{\"@type\":\"ImageObject\",\"inLanguage\":\"pl-PL\",\"@id\":\"https:\/\/pvgroup.pl\/index.php\/produkt\/growatt-spf6000es\/#primaryimage\",\"url\":\"https:\/\/pvgroup.pl\/wp-content\/uploads\/2024\/06\/SPF-6000-ES-Plus-03-1-1.webp\",\"contentUrl\":\"https:\/\/pvgroup.pl\/wp-content\/uploads\/2024\/06\/SPF-6000-ES-Plus-03-1-1.webp\",\"width\":400,\"height\":400},{\"@type\":\"BreadcrumbList\",\"@id\":\"https:\/\/pvgroup.pl\/index.php\/produkt\/growatt-spf6000es\/#breadcrumb\",\"itemListElement\":[{\"@type\":\"ListItem\",\"position\":1,\"name\":\"Strona g\u0142\u00f3wna\",\"item\":\"https:\/\/pvgroup.pl\/\"},{\"@type\":\"ListItem\",\"position\":2,\"name\":\"Sklep\",\"item\":\"https:\/\/pvgroup.pl\/index.php\/sklep\/\"},{\"@type\":\"ListItem\",\"position\":3,\"name\":\"GROWATT SPF6000ES\"}]},{\"@type\":\"WebSite\",\"@id\":\"https:\/\/pvgroup.pl\/#website\",\"url\":\"https:\/\/pvgroup.pl\/\",\"name\":\"PVGroup.pl - Wszystko do fotowoltaiki\",\"description\":\"Zestawy fotowoltaiczne , Panele s\u0142oneczne,  Fotowoltaika. Zestawy fotowoltaiki,  sklep stacjonarny i OnLine\",\"publisher\":{\"@id\":\"https:\/\/pvgroup.pl\/#organization\"},\"potentialAction\":[{\"@type\":\"SearchAction\",\"target\":{\"@type\":\"EntryPoint\",\"urlTemplate\":\"https:\/\/pvgroup.pl\/?s={search_term_string}\"},\"query-input\":\"required name=search_term_string\"}],\"inLanguage\":\"pl-PL\"},{\"@type\":\"Organization\",\"@id\":\"https:\/\/pvgroup.pl\/#organization\",\"name\":\"PVGroup.pl\",\"url\":\"https:\/\/pvgroup.pl\/\",\"logo\":{\"@type\":\"ImageObject\",\"inLanguage\":\"pl-PL\",\"@id\":\"https:\/\/pvgroup.pl\/#\/schema\/logo\/image\/\",\"url\":\"https:\/\/pvgroup.pl\/wp-content\/uploads\/2019\/10\/PVGroup-logotyp_RGB-kolor-01.png\",\"contentUrl\":\"https:\/\/pvgroup.pl\/wp-content\/uploads\/2019\/10\/PVGroup-logotyp_RGB-kolor-01.png\",\"width\":2415,\"height\":1002,\"caption\":\"PVGroup.pl\"},\"image\":{\"@id\":\"https:\/\/pvgroup.pl\/#\/schema\/logo\/image\/\"},\"sameAs\":[\"https:\/\/www.facebook.com\/pvgrouppl\/\"]}]}<\/script>\n<!-- \/ Yoast SEO plugin. -->","yoast_head_json":{"title":"FALOWNIK WYSPOWY GROWATT SPF 6000 ES PLUS 1 FAZA","description":"FALOWNIK WYSPOWY GROWATT SPF 6000 ES PLUS 1 FAZA. Falownik dla zastosowa\u0144 domowych oraz przemys\u0142owych. Mo\u017cliwo\u015b\u0107 pod\u0142\u0105czenia ka\u017cdej baterii.","robots":{"index":"index","follow":"follow","max-snippet":"max-snippet:-1","max-image-preview":"max-image-preview:large","max-video-preview":"max-video-preview:-1"},"canonical":"https:\/\/pvgroup.pl\/index.php\/produkt\/growatt-spf6000es\/","og_locale":"pl_PL","og_type":"article","og_title":"FALOWNIK WYSPOWY GROWATT SPF 6000 ES PLUS 1 FAZA","og_description":"FALOWNIK WYSPOWY GROWATT SPF 6000 ES PLUS 1 FAZA. Falownik dla zastosowa\u0144 domowych oraz przemys\u0142owych. Mo\u017cliwo\u015b\u0107 pod\u0142\u0105czenia ka\u017cdej baterii.","og_url":"https:\/\/pvgroup.pl\/index.php\/produkt\/growatt-spf6000es\/","og_site_name":"PVGroup.pl - Wszystko do fotowoltaiki","article_publisher":"https:\/\/www.facebook.com\/pvgrouppl\/","article_modified_time":"2026-04-10T09:19:02+00:00","og_image":[{"width":400,"height":400,"url":"https:\/\/pvgroup.pl\/wp-content\/uploads\/2024\/06\/SPF-6000-ES-Plus-03-1-1.webp","type":"image\/webp"}],"twitter_card":"summary_large_image","twitter_misc":{"Szacowany czas czytania":"3 minuty"},"schema":{"@context":"https:\/\/schema.org","@graph":[{"@type":"WebPage","@id":"https:\/\/pvgroup.pl\/index.php\/produkt\/growatt-spf6000es\/","url":"https:\/\/pvgroup.pl\/index.php\/produkt\/growatt-spf6000es\/","name":"FALOWNIK WYSPOWY GROWATT SPF 6000 ES PLUS 1 FAZA","isPartOf":{"@id":"https:\/\/pvgroup.pl\/#website"},"primaryImageOfPage":{"@id":"https:\/\/pvgroup.pl\/index.php\/produkt\/growatt-spf6000es\/#primaryimage"},"image":{"@id":"https:\/\/pvgroup.pl\/index.php\/produkt\/growatt-spf6000es\/#primaryimage"},"thumbnailUrl":"https:\/\/pvgroup.pl\/wp-content\/uploads\/2024\/06\/SPF-6000-ES-Plus-03-1-1.webp","datePublished":"2024-06-10T07:13:05+00:00","dateModified":"2026-04-10T09:19:02+00:00","description":"FALOWNIK WYSPOWY GROWATT SPF 6000 ES PLUS 1 FAZA. Falownik dla zastosowa\u0144 domowych oraz przemys\u0142owych. Mo\u017cliwo\u015b\u0107 pod\u0142\u0105czenia ka\u017cdej baterii.","breadcrumb":{"@id":"https:\/\/pvgroup.pl\/index.php\/produkt\/growatt-spf6000es\/#breadcrumb"},"inLanguage":"pl-PL","potentialAction":[{"@type":"ReadAction","target":["https:\/\/pvgroup.pl\/index.php\/produkt\/growatt-spf6000es\/"]}]},{"@type":"ImageObject","inLanguage":"pl-PL","@id":"https:\/\/pvgroup.pl\/index.php\/produkt\/growatt-spf6000es\/#primaryimage","url":"https:\/\/pvgroup.pl\/wp-content\/uploads\/2024\/06\/SPF-6000-ES-Plus-03-1-1.webp","contentUrl":"https:\/\/pvgroup.pl\/wp-content\/uploads\/2024\/06\/SPF-6000-ES-Plus-03-1-1.webp","width":400,"height":400},{"@type":"BreadcrumbList","@id":"https:\/\/pvgroup.pl\/index.php\/produkt\/growatt-spf6000es\/#breadcrumb","itemListElement":[{"@type":"ListItem","position":1,"name":"Strona g\u0142\u00f3wna","item":"https:\/\/pvgroup.pl\/"},{"@type":"ListItem","position":2,"name":"Sklep","item":"https:\/\/pvgroup.pl\/index.php\/sklep\/"},{"@type":"ListItem","position":3,"name":"GROWATT SPF6000ES"}]},{"@type":"WebSite","@id":"https:\/\/pvgroup.pl\/#website","url":"https:\/\/pvgroup.pl\/","name":"PVGroup.pl - Wszystko do fotowoltaiki","description":"Zestawy fotowoltaiczne , Panele s\u0142oneczne,  Fotowoltaika. Zestawy fotowoltaiki,  sklep stacjonarny i OnLine","publisher":{"@id":"https:\/\/pvgroup.pl\/#organization"},"potentialAction":[{"@type":"SearchAction","target":{"@type":"EntryPoint","urlTemplate":"https:\/\/pvgroup.pl\/?s={search_term_string}"},"query-input":"required name=search_term_string"}],"inLanguage":"pl-PL"},{"@type":"Organization","@id":"https:\/\/pvgroup.pl\/#organization","name":"PVGroup.pl","url":"https:\/\/pvgroup.pl\/","logo":{"@type":"ImageObject","inLanguage":"pl-PL","@id":"https:\/\/pvgroup.pl\/#\/schema\/logo\/image\/","url":"https:\/\/pvgroup.pl\/wp-content\/uploads\/2019\/10\/PVGroup-logotyp_RGB-kolor-01.png","contentUrl":"https:\/\/pvgroup.pl\/wp-content\/uploads\/2019\/10\/PVGroup-logotyp_RGB-kolor-01.png","width":2415,"height":1002,"caption":"PVGroup.pl"},"image":{"@id":"https:\/\/pvgroup.pl\/#\/schema\/logo\/image\/"},"sameAs":["https:\/\/www.facebook.com\/pvgrouppl\/"]}]}},"_links":{"self":[{"href":"https:\/\/pvgroup.pl\/index.php\/wp-json\/wp\/v2\/product\/34190","targetHints":{"allow":["GET"]}}],"collection":[{"href":"https:\/\/pvgroup.pl\/index.php\/wp-json\/wp\/v2\/product"}],"about":[{"href":"https:\/\/pvgroup.pl\/index.php\/wp-json\/wp\/v2\/types\/product"}],"wp:featuredmedia":[{"embeddable":true,"href":"https:\/\/pvgroup.pl\/index.php\/wp-json\/wp\/v2\/media\/34374"}],"wp:attachment":[{"href":"https:\/\/pvgroup.pl\/index.php\/wp-json\/wp\/v2\/media?parent=34190"}],"wp:term":[{"taxonomy":"product_brand","embeddable":true,"href":"https:\/\/pvgroup.pl\/index.php\/wp-json\/wp\/v2\/product_brand?post=34190"},{"taxonomy":"product_cat","embeddable":true,"href":"https:\/\/pvgroup.pl\/index.php\/wp-json\/wp\/v2\/product_cat?post=34190"},{"taxonomy":"product_tag","embeddable":true,"href":"https:\/\/pvgroup.pl\/index.php\/wp-json\/wp\/v2\/product_tag?post=34190"},{"taxonomy":"woo-feed-brand","embeddable":true,"href":"https:\/\/pvgroup.pl\/index.php\/wp-json\/wp\/v2\/woo-feed-brand?post=34190"}],"curies":[{"name":"wp","href":"https:\/\/api.w.org\/{rel}","templated":true}]}}