{"id":34341,"date":"2024-09-19T13:54:43","date_gmt":"2024-09-19T11:54:43","guid":{"rendered":"https:\/\/pvgroup.pl\/index.php\/produkt\/growatt-zestaw-spf6000es-zestaw-baterii-ark-l-5kwh\/"},"modified":"2026-04-10T11:19:31","modified_gmt":"2026-04-10T09:19:31","slug":"inwerter-spf-6000-es-bateria-axe-5kwh","status":"publish","type":"product","link":"https:\/\/pvgroup.pl\/index.php\/produkt\/inwerter-spf-6000-es-bateria-axe-5kwh\/","title":{"rendered":"Inwerter SPF 6000 ES + Bateria AXE 5kWh"},"content":{"rendered":"<h1 style=\"text-align: center\">Inwerter SPF 6000 ES + Bateria AXE 5kWh<\/h1>\n<h3><\/h3>\n<p>&nbsp;<\/p>\n<p>&nbsp;<\/p>\n<p><img loading=\"lazy\" decoding=\"async\" class=\"aligncenter wp-image-8940\" src=\"https:\/\/growatt.tech\/wp-content\/uploads\/2023\/02\/GROWATT-POWERING-TOMORROW.png\" alt=\"Growatt powering tomorrow\" width=\"600\" height=\"146\" \/><\/p>\n<p>&nbsp;<\/p>\n<p>&nbsp;<\/p>\n<p>&nbsp;<\/p>\n<h3>Je\u015bli jeste\u015b zainteresowany zakupem wybranego falownika w ilo\u015bciach hurtowych, skontaktuj si\u0119 z naszym zespo\u0142em <a href=\"mailto:info@pvgroup.pl\">info@pvgroup.pl<\/a><\/h3>\n<p>&nbsp;<\/p>\n<p>&nbsp;<\/p>\n<h2 style=\"text-align: center\">Inwerter SPF 6000 ES + Bateria AXE 5kWh<\/h2>\n<p><a href=\"https:\/\/pvgroup.pl\/wp-content\/uploads\/2024\/09\/Untitled-design-1.png\"><img loading=\"lazy\" decoding=\"async\" class=\"aligncenter wp-image-34563 size-full\" src=\"https:\/\/pvgroup.pl\/wp-content\/uploads\/2024\/09\/Untitled-design-1.png\" alt=\"Inwerter SPF 6000 ES + Bateria AXE 5kWh\" width=\"537\" height=\"992\" srcset=\"https:\/\/pvgroup.pl\/wp-content\/uploads\/2024\/09\/Untitled-design-1.png 537w, https:\/\/pvgroup.pl\/wp-content\/uploads\/2024\/09\/Untitled-design-1-162x300.png 162w\" sizes=\"auto, (max-width: 537px) 100vw, 537px\" \/><\/a><\/p>\n<p>&nbsp;<\/p>\n<p>&nbsp;<\/p>\n<p>&nbsp;<\/p>\n<p><strong>Growatt SPF 6000 ES PLUS (Solar Power Frequency)<\/strong> to rodzaj wyspowego falownika solarnego przeznaczonego do u\u017cytku w domowych i komercyjnych systemach solarnych. Jest to po\u0142\u0105czenie falownika, \u0142adowarki akumulator\u00f3w i prze\u0142\u0105cznika, kt\u00f3ry zarz\u0105dza przep\u0142ywem energii mi\u0119dzy panelami s\u0142onecznymi, akumulatorami i sieci\u0105 elektryczn\u0105. Falownik Growatt SPF jest znany ze swojej wysokiej wydajno\u015bci, niezawodno\u015bci i elastyczno\u015bci.\u00a0 Posiada r\u00f3wnie\u017c szereg funkcji, takich jak wbudowany kontroler \u0142adowania MPPT, wy\u015bwietlacz LCD i mo\u017cliwo\u015bci zdalnego monitorowania za po\u015brednictwem aplikacji mobilnej.<\/p>\n<p><strong>Jednofazowy falownik off-grid<\/strong> przeznaczony do zastosowa\u0144 domowych i ma\u0142ych zastosowa\u0144 przemys\u0142owych. Dost\u0119pne moce: 6kW, 18kW(tr\u00f3jfazowy), 36kW (tr\u00f3jfazowy). Inwerter jest r\u00f3wnie\u017c wyposa\u017cony w szereg zaawansowanych funkcji, kt\u00f3re u\u0142atwiaj\u0105 jego instalacj\u0119 i u\u017cytkowanie. Posiada przyjazny dla u\u017cytkownika interfejs, kt\u00f3ry pozwala w\u0142a\u015bcicielom dom\u00f3w i instalatorom monitorowa\u0107 wydajno\u015b\u0107 systemu i dostosowywa\u0107 ustawienia w razie potrzeby. Falownik jest r\u00f3wnie\u017c kompatybilny z szeregiem system\u00f3w monitorowania, w tym WiFi, Ethernet i GPRS.<\/p>\n<p>&nbsp;<\/p>\n<div class=\"first-section-boxes general-info\">\n<h3>INFORMACJE OG\u00d3LNE<\/h3>\n<ul>\n<li>Stosunek DC\/AC do 1,2<\/li>\n<li>2 razy wi\u0119ksza moc szczytowa<\/li>\n<li>Wsp\u00f3\u0142czynnik mocy wyj\u015bciowej do 1,0<\/li>\n<li>Do 6 jednostek r\u00f3wnolegle w celu zwi\u0119kszenia wydajno\u015bci<\/li>\n<li>Wiele tryb\u00f3w dostosowanych do r\u00f3\u017cnych scenariuszy<\/li>\n<li>Kompatybilno\u015b\u0107 z akumulatorami litowymi, kwasowo-o\u0142owiowymi i \u017celowymi<\/li>\n<li>Obs\u0142uga zdalnego monitorowania przez WiFi i GPRS<\/li>\n<li>Platforma PVkeeper do lokalnego uruchamiania<\/li>\n<li>\u0141adowanie czasowe i kontrola mocy wyj\u015bciowej<\/li>\n<li>Kompleksowy plan gwarancyjny Growatt<\/li>\n<li>2 lata gwarancji<\/li>\n<\/ul>\n<\/div>\n<div class=\"first-section-boxes general-info\">\n<h3>Podstawowe specyfikacje inwertera off-grid Growatt SPF 6000 ES PLUS:<\/h3>\n<ul>\n<li>Moc znamionowa [W]: 6000<\/li>\n<li>Napi\u0119cie akumulatora [VDC]: 48<\/li>\n<li>Maks. Moc macierzy fotowoltaicznej [W]: 8000<\/li>\n<li>Zakres napi\u0119cia roboczego MPPT &#8211; 120 VDC &#8211; 460 VDC<\/li>\n<li>Liczba niezale\u017cnych MPP Tracker\u00f3w\/ci\u0105g\u00f3w na MPP Tracker: 2\/1<\/li>\n<li>Mo\u017cliwo\u015b\u0107 pracy r\u00f3wnoleg\u0142ej: Do 6 jednostek<\/li>\n<li>Pr\u0105d \u0142adowania [A]: 100<\/li>\n<li>Wymiary (szer. \/ wys. \/ g\u0142.) [mm] : 330\/485\/135<\/li>\n<li>Waga [kg] : 11,5<\/li>\n<li>MAX. wydajno\u015b\u0107 [%] : 93<\/li>\n<li>Stopie\u0144 ochrony: IP20<\/li>\n<\/ul>\n<div class=\"first-section-boxes general-info\">\n<h3>Zestaw akumulator\u00f3w GROWATT ARK 5 kWh dla SPF obejmuje:<\/h3>\n<p>Konfiguracja dla jednego falownika SPF:<\/p>\n<ul>\n<li>1 x akumulatory AXE LV 5 kWh<br \/>\n1 x Kable do pod\u0142\u0105czenia do falownika i podstawa pod bateri\u0119<\/li>\n<\/ul>\n<hr \/>\n<p>INFORMACJE OG\u00d3LNE<\/p>\n<div class=\"first-section-boxes general-info\">\n<ul>\n<li>Wsp\u00f3\u0142pracuje z 1-fazowymi falownikami serii SPF<\/li>\n<li>Baterie LFP (litowo-\u017celazowo-fosforanowe) firmy ARK nie zawieraj\u0105 kobaltu i zapewniaj\u0105 doskona\u0142y poziom bezpiecze\u0144stwa i niezawodno\u015bci.<\/li>\n<li>\u0141atwa instalacja dzi\u0119ki modu\u0142owej, sztaplowanej konstrukcji<\/li>\n<li>Zdalna aktualizacja oprogramowania sprz\u0119towego<\/li>\n<li>D\u0142uga \u017cywotno\u015b\u0107, 10 lat gwarancji<\/li>\n<li>Do uruchomienia wymagane s\u0105 2 akumulatory do falownik\u00f3w 1-fazowych.<\/li>\n<li>Akumulatory ARK maj\u0105 stopie\u0144 ochrony IP65, co zapewnia ich bezawaryjn\u0105 prac\u0119 zar\u00f3wno w pomieszczeniach, jak i na zewn\u0105trz.<\/li>\n<li>Akumulatory maj\u0105 kompaktow\u0105 obudow\u0119 (650*260*180 mm) i wa\u017c\u0105 tylko 30 kg ka\u017cdy.<\/li>\n<li>ARK monitoruj\u0105 nie tylko ca\u0142kowity stan baterii, ale tak\u017ce poszczeg\u00f3lne ogniwa i zapewniaj\u0105 pe\u0142n\u0105 ochron\u0119 systemu baterii.<\/li>\n<li>R\u00f3wnowa\u017cenie napi\u0119cia ogniw pozwala na d\u0142u\u017csz\u0105 \u017cywotno\u015b\u0107 baterii.<\/li>\n<li>Plan gwarancji Growatt<\/li>\n<\/ul>\n<\/div>\n<div class=\"first-section-boxes general-info\"><\/div>\n<\/div>\n<\/div>\n<div class=\"first-section-boxes general-info\">\n<figure class=\"wp-block-image\"><img loading=\"lazy\" decoding=\"async\" class=\"alignnone wp-image-8938\" src=\"https:\/\/growatt.tech\/wp-content\/uploads\/2023\/02\/linia.png\" alt=\"linia\" width=\"8492\" height=\"100\" \/><\/figure>\n<h3 style=\"text-align: center\">Dokumenty do pobrania:<\/h3>\n<h3 class=\"wp-block-image\" style=\"text-align: center\"><a href=\"https:\/\/growatt.tech\/%20\/wp-content\/uploads\/shared-files\/11396\/?SPF_6000_ES_Plus_Datasheet_EN_202211%20(1).pdf\">Karta katalogowa<\/a><\/h3>\n<h3 class=\"wp-block-image\" style=\"text-align: center\"><a href=\"https:\/\/growatt.tech\/\/wp-content\/uploads\/shared-files\/11397\/?SPF_6000_ES_Plus_CE_LVD%20(1).pdf\">Certyfikat<\/a><\/h3>\n<h3 class=\"wp-block-image\" style=\"text-align: center\"><a href=\"https:\/\/growatt.tech\/wp-content\/uploads\/2023\/02\/SPF-3500-5000-ES-User-Manual-EN-202109.pdf\">Instrukcja obslugi<\/a><\/h3>\n<\/div>\n","protected":false},"excerpt":{"rendered":"<p>Inwerter SPF 6000 ES + Bateria AXE 5kWh &nbsp; &nbsp; &nbsp; &nbsp; &nbsp; Je\u015bli jeste\u015b zainteresowany zakupem wybranego falownika w ilo\u015bciach hurtowych, skontaktuj si\u0119 z naszym zespo\u0142em info@pvgroup.pl &nbsp; &nbsp; Inwerter SPF 6000 ES + Bateria AXE 5kWh &nbsp; &nbsp; &nbsp; Growatt SPF 6000 ES PLUS (Solar Power Frequency) to rodzaj wyspowego falownika solarnego przeznaczonego [&hellip;]<\/p>\n","protected":false},"featured_media":34569,"template":"","meta":{"site-sidebar-layout":"default","site-content-layout":"","ast-site-content-layout":"default","site-content-style":"default","site-sidebar-style":"default","ast-global-header-display":"","ast-banner-title-visibility":"","ast-main-header-display":"","ast-hfb-above-header-display":"","ast-hfb-below-header-display":"","ast-hfb-mobile-header-display":"","site-post-title":"","ast-breadcrumbs-content":"","ast-featured-img":"","footer-sml-layout":"","ast-disable-related-posts":"","theme-transparent-header-meta":"default","adv-header-id-meta":"","stick-header-meta":"default","header-above-stick-meta":"","header-main-stick-meta":"","header-below-stick-meta":"","astra-migrate-meta-layouts":"set","ast-page-background-enabled":"default","ast-page-background-meta":{"desktop":{"background-color":"","background-image":"","background-repeat":"repeat","background-position":"center center","background-size":"auto","background-attachment":"scroll","background-type":"","background-media":"","overlay-type":"","overlay-color":"","overlay-opacity":"","overlay-gradient":""},"tablet":{"background-color":"","background-image":"","background-repeat":"repeat","background-position":"center center","background-size":"auto","background-attachment":"scroll","background-type":"","background-media":"","overlay-type":"","overlay-color":"","overlay-opacity":"","overlay-gradient":""},"mobile":{"background-color":"","background-image":"","background-repeat":"repeat","background-position":"center center","background-size":"auto","background-attachment":"scroll","background-type":"","background-media":"","overlay-type":"","overlay-color":"","overlay-opacity":"","overlay-gradient":""}},"ast-content-background-meta":{"desktop":{"background-color":"var(--ast-global-color-5)","background-image":"","background-repeat":"repeat","background-position":"center center","background-size":"auto","background-attachment":"scroll","background-type":"","background-media":"","overlay-type":"","overlay-color":"","overlay-opacity":"","overlay-gradient":""},"tablet":{"background-color":"var(--ast-global-color-5)","background-image":"","background-repeat":"repeat","background-position":"center center","background-size":"auto","background-attachment":"scroll","background-type":"","background-media":"","overlay-type":"","overlay-color":"","overlay-opacity":"","overlay-gradient":""},"mobile":{"background-color":"var(--ast-global-color-5)","background-image":"","background-repeat":"repeat","background-position":"center center","background-size":"auto","background-attachment":"scroll","background-type":"","background-media":"","overlay-type":"","overlay-color":"","overlay-opacity":"","overlay-gradient":""}}},"product_brand":[],"product_cat":[15,167,168],"product_tag":[],"woo-feed-brand":[],"class_list":{"0":"post-34341","1":"product","2":"type-product","3":"status-publish","4":"has-post-thumbnail","6":"product_cat-bez-kategorii","7":"product_cat-fotowoltaika-hybrydowa","8":"product_cat-inwertery-hybrydowe-growatt","9":"product_shipping_class-paleta-euro","10":"desktop-align-left","11":"tablet-align-left","12":"mobile-align-left","13":"ast-product-gallery-layout-horizontal-slider","14":"ast-product-gallery-with-no-image","15":"ast-product-tabs-layout-horizontal","17":"first","18":"outofstock","19":"taxable","20":"shipping-taxable","21":"purchasable","22":"product-type-simple"},"yoast_head":"<!-- This site is optimized with the Yoast SEO plugin v23.1 - https:\/\/yoast.com\/wordpress\/plugins\/seo\/ -->\n<title>Inwerter SPF 6000 ES + Bateria 5kWh<\/title>\n<meta name=\"description\" content=\"Inwerter SPF 6000 ES + Bateria 5kWh Profesjonalny zestaw przeznaczony dla instalacji wyspowych. Atrakcyjne ceny. Sprawd\u017a nasz\u0105 ofert\u0119\" \/>\n<meta name=\"robots\" content=\"index, follow, max-snippet:-1, max-image-preview:large, max-video-preview:-1\" \/>\n<link rel=\"canonical\" href=\"https:\/\/pvgroup.pl\/index.php\/produkt\/inwerter-spf-6000-es-bateria-axe-5kwh\/\" \/>\n<meta property=\"og:locale\" content=\"pl_PL\" \/>\n<meta property=\"og:type\" content=\"article\" \/>\n<meta property=\"og:title\" content=\"Inwerter SPF 6000 ES + Bateria 5kWh\" \/>\n<meta property=\"og:description\" content=\"Inwerter SPF 6000 ES + Bateria 5kWh Profesjonalny zestaw przeznaczony dla instalacji wyspowych. Atrakcyjne ceny. Sprawd\u017a nasz\u0105 ofert\u0119\" \/>\n<meta property=\"og:url\" content=\"https:\/\/pvgroup.pl\/index.php\/produkt\/inwerter-spf-6000-es-bateria-axe-5kwh\/\" \/>\n<meta property=\"og:site_name\" content=\"PVGroup.pl - Wszystko do fotowoltaiki\" \/>\n<meta property=\"article:publisher\" content=\"https:\/\/www.facebook.com\/pvgrouppl\/\" \/>\n<meta property=\"article:modified_time\" content=\"2026-04-10T09:19:31+00:00\" \/>\n<meta property=\"og:image\" content=\"https:\/\/pvgroup.pl\/wp-content\/uploads\/2024\/09\/Untitled-design-6.png\" \/>\n\t<meta property=\"og:image:width\" content=\"778\" \/>\n\t<meta property=\"og:image:height\" content=\"402\" \/>\n\t<meta property=\"og:image:type\" content=\"image\/png\" \/>\n<meta name=\"twitter:card\" content=\"summary_large_image\" \/>\n<meta name=\"twitter:label1\" content=\"Szacowany czas czytania\" \/>\n\t<meta name=\"twitter:data1\" content=\"4 minuty\" \/>\n<script type=\"application\/ld+json\" class=\"yoast-schema-graph\">{\"@context\":\"https:\/\/schema.org\",\"@graph\":[{\"@type\":\"WebPage\",\"@id\":\"https:\/\/pvgroup.pl\/index.php\/produkt\/inwerter-spf-6000-es-bateria-axe-5kwh\/\",\"url\":\"https:\/\/pvgroup.pl\/index.php\/produkt\/inwerter-spf-6000-es-bateria-axe-5kwh\/\",\"name\":\"Inwerter SPF 6000 ES + Bateria 5kWh\",\"isPartOf\":{\"@id\":\"https:\/\/pvgroup.pl\/#website\"},\"primaryImageOfPage\":{\"@id\":\"https:\/\/pvgroup.pl\/index.php\/produkt\/inwerter-spf-6000-es-bateria-axe-5kwh\/#primaryimage\"},\"image\":{\"@id\":\"https:\/\/pvgroup.pl\/index.php\/produkt\/inwerter-spf-6000-es-bateria-axe-5kwh\/#primaryimage\"},\"thumbnailUrl\":\"https:\/\/pvgroup.pl\/wp-content\/uploads\/2024\/09\/Untitled-design-6.png\",\"datePublished\":\"2024-09-19T11:54:43+00:00\",\"dateModified\":\"2026-04-10T09:19:31+00:00\",\"description\":\"Inwerter SPF 6000 ES + Bateria 5kWh Profesjonalny zestaw przeznaczony dla instalacji wyspowych. Atrakcyjne ceny. Sprawd\u017a nasz\u0105 ofert\u0119\",\"breadcrumb\":{\"@id\":\"https:\/\/pvgroup.pl\/index.php\/produkt\/inwerter-spf-6000-es-bateria-axe-5kwh\/#breadcrumb\"},\"inLanguage\":\"pl-PL\",\"potentialAction\":[{\"@type\":\"ReadAction\",\"target\":[\"https:\/\/pvgroup.pl\/index.php\/produkt\/inwerter-spf-6000-es-bateria-axe-5kwh\/\"]}]},{\"@type\":\"ImageObject\",\"inLanguage\":\"pl-PL\",\"@id\":\"https:\/\/pvgroup.pl\/index.php\/produkt\/inwerter-spf-6000-es-bateria-axe-5kwh\/#primaryimage\",\"url\":\"https:\/\/pvgroup.pl\/wp-content\/uploads\/2024\/09\/Untitled-design-6.png\",\"contentUrl\":\"https:\/\/pvgroup.pl\/wp-content\/uploads\/2024\/09\/Untitled-design-6.png\",\"width\":778,\"height\":402,\"caption\":\"Inwerter SPF 6000 ES + Bateria AXE 5kWh\"},{\"@type\":\"BreadcrumbList\",\"@id\":\"https:\/\/pvgroup.pl\/index.php\/produkt\/inwerter-spf-6000-es-bateria-axe-5kwh\/#breadcrumb\",\"itemListElement\":[{\"@type\":\"ListItem\",\"position\":1,\"name\":\"Strona g\u0142\u00f3wna\",\"item\":\"https:\/\/pvgroup.pl\/\"},{\"@type\":\"ListItem\",\"position\":2,\"name\":\"Sklep\",\"item\":\"https:\/\/pvgroup.pl\/index.php\/sklep\/\"},{\"@type\":\"ListItem\",\"position\":3,\"name\":\"Inwerter SPF 6000 ES + Bateria AXE 5kWh\"}]},{\"@type\":\"WebSite\",\"@id\":\"https:\/\/pvgroup.pl\/#website\",\"url\":\"https:\/\/pvgroup.pl\/\",\"name\":\"PVGroup.pl - Wszystko do fotowoltaiki\",\"description\":\"Zestawy fotowoltaiczne , Panele s\u0142oneczne,  Fotowoltaika. Zestawy fotowoltaiki,  sklep stacjonarny i OnLine\",\"publisher\":{\"@id\":\"https:\/\/pvgroup.pl\/#organization\"},\"potentialAction\":[{\"@type\":\"SearchAction\",\"target\":{\"@type\":\"EntryPoint\",\"urlTemplate\":\"https:\/\/pvgroup.pl\/?s={search_term_string}\"},\"query-input\":\"required name=search_term_string\"}],\"inLanguage\":\"pl-PL\"},{\"@type\":\"Organization\",\"@id\":\"https:\/\/pvgroup.pl\/#organization\",\"name\":\"PVGroup.pl\",\"url\":\"https:\/\/pvgroup.pl\/\",\"logo\":{\"@type\":\"ImageObject\",\"inLanguage\":\"pl-PL\",\"@id\":\"https:\/\/pvgroup.pl\/#\/schema\/logo\/image\/\",\"url\":\"https:\/\/pvgroup.pl\/wp-content\/uploads\/2019\/10\/PVGroup-logotyp_RGB-kolor-01.png\",\"contentUrl\":\"https:\/\/pvgroup.pl\/wp-content\/uploads\/2019\/10\/PVGroup-logotyp_RGB-kolor-01.png\",\"width\":2415,\"height\":1002,\"caption\":\"PVGroup.pl\"},\"image\":{\"@id\":\"https:\/\/pvgroup.pl\/#\/schema\/logo\/image\/\"},\"sameAs\":[\"https:\/\/www.facebook.com\/pvgrouppl\/\"]}]}<\/script>\n<!-- \/ Yoast SEO plugin. -->","yoast_head_json":{"title":"Inwerter SPF 6000 ES + Bateria 5kWh","description":"Inwerter SPF 6000 ES + Bateria 5kWh Profesjonalny zestaw przeznaczony dla instalacji wyspowych. Atrakcyjne ceny. Sprawd\u017a nasz\u0105 ofert\u0119","robots":{"index":"index","follow":"follow","max-snippet":"max-snippet:-1","max-image-preview":"max-image-preview:large","max-video-preview":"max-video-preview:-1"},"canonical":"https:\/\/pvgroup.pl\/index.php\/produkt\/inwerter-spf-6000-es-bateria-axe-5kwh\/","og_locale":"pl_PL","og_type":"article","og_title":"Inwerter SPF 6000 ES + Bateria 5kWh","og_description":"Inwerter SPF 6000 ES + Bateria 5kWh Profesjonalny zestaw przeznaczony dla instalacji wyspowych. Atrakcyjne ceny. Sprawd\u017a nasz\u0105 ofert\u0119","og_url":"https:\/\/pvgroup.pl\/index.php\/produkt\/inwerter-spf-6000-es-bateria-axe-5kwh\/","og_site_name":"PVGroup.pl - Wszystko do fotowoltaiki","article_publisher":"https:\/\/www.facebook.com\/pvgrouppl\/","article_modified_time":"2026-04-10T09:19:31+00:00","og_image":[{"width":778,"height":402,"url":"https:\/\/pvgroup.pl\/wp-content\/uploads\/2024\/09\/Untitled-design-6.png","type":"image\/png"}],"twitter_card":"summary_large_image","twitter_misc":{"Szacowany czas czytania":"4 minuty"},"schema":{"@context":"https:\/\/schema.org","@graph":[{"@type":"WebPage","@id":"https:\/\/pvgroup.pl\/index.php\/produkt\/inwerter-spf-6000-es-bateria-axe-5kwh\/","url":"https:\/\/pvgroup.pl\/index.php\/produkt\/inwerter-spf-6000-es-bateria-axe-5kwh\/","name":"Inwerter SPF 6000 ES + Bateria 5kWh","isPartOf":{"@id":"https:\/\/pvgroup.pl\/#website"},"primaryImageOfPage":{"@id":"https:\/\/pvgroup.pl\/index.php\/produkt\/inwerter-spf-6000-es-bateria-axe-5kwh\/#primaryimage"},"image":{"@id":"https:\/\/pvgroup.pl\/index.php\/produkt\/inwerter-spf-6000-es-bateria-axe-5kwh\/#primaryimage"},"thumbnailUrl":"https:\/\/pvgroup.pl\/wp-content\/uploads\/2024\/09\/Untitled-design-6.png","datePublished":"2024-09-19T11:54:43+00:00","dateModified":"2026-04-10T09:19:31+00:00","description":"Inwerter SPF 6000 ES + Bateria 5kWh Profesjonalny zestaw przeznaczony dla instalacji wyspowych. Atrakcyjne ceny. Sprawd\u017a nasz\u0105 ofert\u0119","breadcrumb":{"@id":"https:\/\/pvgroup.pl\/index.php\/produkt\/inwerter-spf-6000-es-bateria-axe-5kwh\/#breadcrumb"},"inLanguage":"pl-PL","potentialAction":[{"@type":"ReadAction","target":["https:\/\/pvgroup.pl\/index.php\/produkt\/inwerter-spf-6000-es-bateria-axe-5kwh\/"]}]},{"@type":"ImageObject","inLanguage":"pl-PL","@id":"https:\/\/pvgroup.pl\/index.php\/produkt\/inwerter-spf-6000-es-bateria-axe-5kwh\/#primaryimage","url":"https:\/\/pvgroup.pl\/wp-content\/uploads\/2024\/09\/Untitled-design-6.png","contentUrl":"https:\/\/pvgroup.pl\/wp-content\/uploads\/2024\/09\/Untitled-design-6.png","width":778,"height":402,"caption":"Inwerter SPF 6000 ES + Bateria AXE 5kWh"},{"@type":"BreadcrumbList","@id":"https:\/\/pvgroup.pl\/index.php\/produkt\/inwerter-spf-6000-es-bateria-axe-5kwh\/#breadcrumb","itemListElement":[{"@type":"ListItem","position":1,"name":"Strona g\u0142\u00f3wna","item":"https:\/\/pvgroup.pl\/"},{"@type":"ListItem","position":2,"name":"Sklep","item":"https:\/\/pvgroup.pl\/index.php\/sklep\/"},{"@type":"ListItem","position":3,"name":"Inwerter SPF 6000 ES + Bateria AXE 5kWh"}]},{"@type":"WebSite","@id":"https:\/\/pvgroup.pl\/#website","url":"https:\/\/pvgroup.pl\/","name":"PVGroup.pl - Wszystko do fotowoltaiki","description":"Zestawy fotowoltaiczne , Panele s\u0142oneczne,  Fotowoltaika. Zestawy fotowoltaiki,  sklep stacjonarny i OnLine","publisher":{"@id":"https:\/\/pvgroup.pl\/#organization"},"potentialAction":[{"@type":"SearchAction","target":{"@type":"EntryPoint","urlTemplate":"https:\/\/pvgroup.pl\/?s={search_term_string}"},"query-input":"required name=search_term_string"}],"inLanguage":"pl-PL"},{"@type":"Organization","@id":"https:\/\/pvgroup.pl\/#organization","name":"PVGroup.pl","url":"https:\/\/pvgroup.pl\/","logo":{"@type":"ImageObject","inLanguage":"pl-PL","@id":"https:\/\/pvgroup.pl\/#\/schema\/logo\/image\/","url":"https:\/\/pvgroup.pl\/wp-content\/uploads\/2019\/10\/PVGroup-logotyp_RGB-kolor-01.png","contentUrl":"https:\/\/pvgroup.pl\/wp-content\/uploads\/2019\/10\/PVGroup-logotyp_RGB-kolor-01.png","width":2415,"height":1002,"caption":"PVGroup.pl"},"image":{"@id":"https:\/\/pvgroup.pl\/#\/schema\/logo\/image\/"},"sameAs":["https:\/\/www.facebook.com\/pvgrouppl\/"]}]}},"_links":{"self":[{"href":"https:\/\/pvgroup.pl\/index.php\/wp-json\/wp\/v2\/product\/34341","targetHints":{"allow":["GET"]}}],"collection":[{"href":"https:\/\/pvgroup.pl\/index.php\/wp-json\/wp\/v2\/product"}],"about":[{"href":"https:\/\/pvgroup.pl\/index.php\/wp-json\/wp\/v2\/types\/product"}],"wp:featuredmedia":[{"embeddable":true,"href":"https:\/\/pvgroup.pl\/index.php\/wp-json\/wp\/v2\/media\/34569"}],"wp:attachment":[{"href":"https:\/\/pvgroup.pl\/index.php\/wp-json\/wp\/v2\/media?parent=34341"}],"wp:term":[{"taxonomy":"product_brand","embeddable":true,"href":"https:\/\/pvgroup.pl\/index.php\/wp-json\/wp\/v2\/product_brand?post=34341"},{"taxonomy":"product_cat","embeddable":true,"href":"https:\/\/pvgroup.pl\/index.php\/wp-json\/wp\/v2\/product_cat?post=34341"},{"taxonomy":"product_tag","embeddable":true,"href":"https:\/\/pvgroup.pl\/index.php\/wp-json\/wp\/v2\/product_tag?post=34341"},{"taxonomy":"woo-feed-brand","embeddable":true,"href":"https:\/\/pvgroup.pl\/index.php\/wp-json\/wp\/v2\/woo-feed-brand?post=34341"}],"curies":[{"name":"wp","href":"https:\/\/api.w.org\/{rel}","templated":true}]}}