{"id":34519,"date":"2025-02-06T09:54:06","date_gmt":"2025-02-06T08:54:06","guid":{"rendered":"https:\/\/pvgroup.pl\/index.php\/produkt\/growatt-wit-4kw-x-hu\/"},"modified":"2026-04-10T11:19:39","modified_gmt":"2026-04-10T09:19:39","slug":"growatt-wit-4kw-hu","status":"publish","type":"product","link":"https:\/\/pvgroup.pl\/index.php\/produkt\/growatt-wit-4kw-hu\/","title":{"rendered":"GROWATT WIT 4kW-HU"},"content":{"rendered":"<h1 style=\"text-align: center;\">Growatt WIT 4kW-HU 3-fazowy falownik hybrydowy+ Growatt SHINE WIFI &#8211; X<\/h1>\n<h2 style=\"text-align: center;\"><span style=\"color: #ff0000;\">Produkt wsp\u00f3\u0142pracuj\u0105cy z BATERIAMI NISKIEGO NAPI\u0118CIA (48V) GROWATT AXE 5.1kWh<\/span><\/h2>\n<p>&nbsp;<\/p>\n<p>&nbsp;<\/p>\n<p><img loading=\"lazy\" decoding=\"async\" class=\"aligncenter wp-image-8940\" src=\"https:\/\/growatt.tech\/wp-content\/uploads\/2023\/02\/GROWATT-POWERING-TOMORROW.png\" alt=\"Growatt powering tomorrow\" width=\"600\" height=\"146\" \/><\/p>\n<p>&nbsp;<\/p>\n<p>&nbsp;<\/p>\n<h3 style=\"text-align: center;\">Je\u015bli jeste\u015b zainteresowany zakupem wybranego falownika w ilo\u015bciach hurtowych, skontaktuj si\u0119 z naszym zespo\u0142em <a href=\"mailto:info@pvgroup.pl\">info@pvgroup.pl<\/a><\/h3>\n<p>&nbsp;<\/p>\n<p>&nbsp;<\/p>\n<h3 style=\"text-align: center;\">Falownik hybrydowy Growatt WIT 4KW-HU<\/h3>\n<p><a href=\"https:\/\/growatt.tech\/wp-content\/uploads\/2024\/08\/Growatt-WIT-8kW-X-HU.png\"><img loading=\"lazy\" decoding=\"async\" class=\"aligncenter wp-image-11570 size-full\" src=\"https:\/\/growatt.tech\/wp-content\/uploads\/2024\/08\/Growatt-WIT-8kW-X-HU.png\" alt=\"\" width=\"428\" height=\"583\" \/><\/a><\/p>\n<p>Falownik Growatt WIT 4kW-HU to tr\u00f3jfazowy falownik hybrydowy przeznaczony do zastosowa\u0144 domowych i ma\u0142ych zastosowa\u0144 przemys\u0142owych. Jest znany z przyst\u0119pnej ceny i wysokiej jako\u015bci. Falownik jest certyfikowany na rynek globalny i jest powszechnie stosowany w instalacjach prokonsumenckich. Dost\u0119pny jest w r\u00f3\u017cnych mocach od 4 kW do 15 kW.<\/p>\n<p>Jedn\u0105 z kluczowych cech falownika WIT jest jego wyj\u015bcie zapasowe dla obwod\u00f3w EPS (Emergency Power Supply) oraz <span style=\"color: #ff0000;\">mo\u017cliwo\u015b\u0107 pracy z akumulatorami o NISKIM NAPI\u0118CIU (48V)<\/span><\/p>\n<p>Wyj\u015bcie to mo\u017ce pracowa\u0107 w dw\u00f3ch trybach:<\/p>\n<ul>\n<li><strong>Tryb Bypass<\/strong>, w kt\u00f3rym zasilanie jest stale dostarczane do wyj\u015bcia EPS,<\/li>\n<li><strong>Tryb UPS (Uninterruptible Power Supply)<\/strong>, w kt\u00f3rym zasilanie jest dost\u0119pne po awarii zasilania, umo\u017cliwiaj\u0105c<strong> prac\u0119 poza sieci\u0105<\/strong>.<\/li>\n<\/ul>\n<p>Aby jeszcze bardziej zwi\u0119kszy\u0107 jego funkcjonalno\u015b\u0107, Growatt oferuje mo\u017cliwo\u015b\u0107 sparowania falownika WIT z systemami magazynowania energii AXE. Te rozwi\u0105zania magazynowania energii maj\u0105 pojemno\u015b\u0107 <strong>od 5,1 kWh do 30,6 kWh<\/strong>. \u0141\u0105cz\u0105c <strong>falownik WIT firmy Growatt z magazynem energii AXE<\/strong>, u\u017cytkownicy mog\u0105 zmaksymalizowa\u0107 zu\u017cycie wytworzonej energii. Zamiast wysy\u0142a\u0107 nadmiar energii do sieci, jest ona przechowywana w akumulatorach, co zmniejsza zale\u017cno\u015b\u0107 od cen energii ustalanych przez firm\u0119 dystrybucyjn\u0105. Taka konfiguracja promuje wi\u0119ksz\u0105 niezale\u017cno\u015b\u0107 energetyczn\u0105.<\/p>\n<p>Falowniki Growatt WIT s\u0105 <strong>kompatybilne z akumulatorami LiFePo4<\/strong> i systemami zasilania awaryjnego, zapewniaj\u0105c elastyczno\u015b\u0107 dla r\u00f3\u017cnych konfiguracji magazynowania energii. Dodatkowo, w po\u0142\u0105czeniu z licznikiem energii, falowniki WIT mog\u0105 aktywowa\u0107 funkcj\u0119 limitu eksportu, umo\u017cliwiaj\u0105c u\u017cytkownikom <strong>regulacj\u0119 ilo\u015bci energii eksportowanej do sieci<\/strong>. Funkcja ta umo\u017cliwia generowanie bilans\u00f3w energetycznych dla ca\u0142ego budynku, promuj\u0105c efektywne zarz\u0105dzanie energi\u0105.<\/p>\n<p>Og\u00f3lnie rzecz bior\u0105c, inwerter <strong>Growatt WIT 4kW-HU<\/strong> oferuje op\u0142acalne i wysokiej jako\u015bci rozwi\u0105zanie do zastosowa\u0144 domowych i ma\u0142ych zastosowa\u0144 przemys\u0142owych. Jego mo\u017cliwo\u015bci hybrydowe, wyj\u015bcie zapasowe EPS, kompatybilno\u015b\u0107 z magazynowaniem energii ARK i mo\u017cliwo\u015b\u0107 aktywacji limit\u00f3w eksportu sprawiaj\u0105, \u017ce jest to wszechstronny wyb\u00f3r dla os\u00f3b poszukuj\u0105cych efektywnego zarz\u0105dzania energi\u0105 i wi\u0119kszej niezale\u017cno\u015bci energetycznej.<\/p>\n<div class=\"first-section-boxes general-info\">\n<h3>INFORMACJE OG\u00d3LNE<\/h3>\n<p>&nbsp;<\/p>\n<ul>\n<li>Funkcja UPS, prze\u0142\u0105czanie 10 ms<\/li>\n<li>Kompaktowa konstrukcja u\u0142atwiaj\u0105ca instalacj\u0119<\/li>\n<li>Wyj\u015bcie 3-fazowe w 100% niezr\u00f3wnowa\u017cone fazowo<\/li>\n<li>Zarz\u0105dzanie asymetrycznym fazowym przep\u0142ywem mocy<\/li>\n<li>Wy\u015bwietlacz LCD z czterema przyciskami<\/li>\n<li>Regulowane czasy \u0142adowania i roz\u0142adowania<\/li>\n<li>Inteligentny serwis online<\/li>\n<li>System zarz\u0105dzania bateri\u0105 zapewniaj\u0105cy bezpieczn\u0105 prac\u0119<\/li>\n<li>Monitorowanie stanu na\u0142adowania akumulatora<\/li>\n<li>Stopie\u0144 ochrony IP65<\/li>\n<li>Kompleksowy plan gwarancyjny Growatt<\/li>\n<li>10 lat gwarancji<\/li>\n<li>Mo\u017ce wsp\u00f3\u0142pracowa\u0107 z niskonapi\u0119ciowymi akumulatorami 48V<\/li>\n<\/ul>\n<\/div>\n<div class=\"first-section-boxes general-info\">\n<p>&nbsp;<\/p>\n<\/div>\n<h3 class=\"first-section-boxes general-info\" style=\"text-align: center;\">Za bezpiecze\u0144stwo przesy\u0142ek falownik\u00f3w odpowiada firma:<\/h3>\n<p>&nbsp;<\/p>\n<p style=\"text-align: center;\"><img loading=\"lazy\" decoding=\"async\" class=\"aligncenter wp-image-8939\" src=\"https:\/\/growatt.tech\/wp-content\/uploads\/2023\/02\/DPD-LOGO-300x133.png\" alt=\"DPD logo\" width=\"300\" height=\"133\" \/><\/p>\n<p>&nbsp;<\/p>\n<p style=\"text-align: center;\">Falowniki Growatt s\u0105 dostarczane ubezpieczonym transportem. Przesy\u0142ki s\u0105 pakowane z wielk\u0105 staranno\u015bci\u0105 w taki spos\u00f3b, aby falownik dotar\u0142 do miejsca przeznaczenia nieuszkodzony.<\/p>\n<p>&nbsp;<\/p>\n<p>&nbsp;<\/p>\n<div class=\"first-section-boxes general-info\" style=\"text-align: center;\">\n<h3 style=\"text-align: left;\">Podstawowe dane techniczne falownika hybrydowego Growatt WIT 4kW-HU:<\/h3>\n<p>&nbsp;<\/p>\n<ul>\n<li style=\"text-align: left;\">Maks. zalecana moc PV (dla modu\u0142u STC) [W] : 6400<\/li>\n<li style=\"text-align: left;\">Maks. Napi\u0119cie DC: 1000<\/li>\n<li style=\"text-align: left;\">Maks. pr\u0105d \u0142adowania i roz\u0142adowania [A]: 110A<\/li>\n<li style=\"text-align: left;\">Moc nominalna AC [W] : 4000<\/li>\n<li style=\"text-align: left;\">Maks. pr\u0105d wyj\u015bciowy [A] : 6,7<\/li>\n<li style=\"text-align: left;\">Wymiary (szer. \/ wys. \/ g\u0142.) [mm] : 475\/698\/240<\/li>\n<li style=\"text-align: left;\">Waga [kg] : 43<\/li>\n<li style=\"text-align: left;\">MAX. sprawno\u015b\u0107 [%] : 97,60<\/li>\n<li style=\"text-align: left;\">Stopie\u0144 ochrony: IP66<\/li>\n<li style=\"text-align: left;\">Interfejsy: RS232\/RS485\/CAN\/USB<\/li>\n<li style=\"text-align: left;\">Ch\u0142odzenie: konwekcja naturalna z inteligentnym ch\u0142odzeniem powietrzem<\/li>\n<li style=\"text-align: left;\">Topologia: beztransformatorowa<\/li>\n<\/ul>\n<\/div>\n<div class=\"first-section-boxes general-info\" style=\"text-align: center;\">\n<figure class=\"wp-block-image\"><img loading=\"lazy\" decoding=\"async\" class=\"alignnone wp-image-8938\" src=\"https:\/\/growatt.tech\/wp-content\/uploads\/2023\/02\/linia.png\" alt=\"\" width=\"8492\" height=\"100\" \/><\/figure>\n<h3>Dokumenty do pobrania:<\/h3>\n<p>&nbsp;<\/p>\n<h3 class=\"wp-block-image\"><a href=\"https:\/\/growatt.tech\/wp-content\/uploads\/2025\/01\/WIT_4-15K-HU_Datasheet_EN_202412-1.pdf\">Dokumenty do pobrania<\/a><\/h3>\n<p>&nbsp;<\/p>\n<h3 class=\"wp-block-image\"><a href=\"https:\/\/growatt.tech\/wp-content\/uploads\/2025\/01\/WIT_4-15K-HU_IEC6211661727-1.pdf\">Certyfikaty<\/a><\/h3>\n<p>&nbsp;<\/p>\n<h3 class=\"wp-block-image\"><a href=\"https:\/\/growatt.tech\/wp-content\/uploads\/2025\/01\/WIT_4-15K_HU_Quick_Guide_EN_202412-2.pdf\">Instrukcja obs\u0142ugi<\/a><\/h3>\n<p>&nbsp;<\/p>\n<\/div>\n<div class=\"first-section-boxes general-info\" style=\"text-align: center;\"><\/div>\n","protected":false},"excerpt":{"rendered":"<p><a href=\"https:\/\/pvgroup.pl\/wp-content\/uploads\/2025\/02\/Growatt-WIT-8kW-X-HU.png\"><img loading=\"lazy\" decoding=\"async\" class=\"alignnone size-medium wp-image-34526\" src=\"https:\/\/pvgroup.pl\/wp-content\/uploads\/2025\/02\/Growatt-WIT-8kW-X-HU-220x300.png\" alt=\"\" width=\"220\" height=\"300\" srcset=\"https:\/\/pvgroup.pl\/wp-content\/uploads\/2025\/02\/Growatt-WIT-8kW-X-HU-220x300.png 220w, https:\/\/pvgroup.pl\/wp-content\/uploads\/2025\/02\/Growatt-WIT-8kW-X-HU.png 428w\" sizes=\"auto, (max-width: 220px) 100vw, 220px\" \/><\/a><\/p>\n","protected":false},"featured_media":34526,"template":"","meta":{"site-sidebar-layout":"default","site-content-layout":"","ast-site-content-layout":"default","site-content-style":"default","site-sidebar-style":"default","ast-global-header-display":"","ast-banner-title-visibility":"","ast-main-header-display":"","ast-hfb-above-header-display":"","ast-hfb-below-header-display":"","ast-hfb-mobile-header-display":"","site-post-title":"","ast-breadcrumbs-content":"","ast-featured-img":"","footer-sml-layout":"","ast-disable-related-posts":"","theme-transparent-header-meta":"default","adv-header-id-meta":"","stick-header-meta":"default","header-above-stick-meta":"","header-main-stick-meta":"","header-below-stick-meta":"","astra-migrate-meta-layouts":"set","ast-page-background-enabled":"default","ast-page-background-meta":{"desktop":{"background-color":"","background-image":"","background-repeat":"repeat","background-position":"center center","background-size":"auto","background-attachment":"scroll","background-type":"","background-media":"","overlay-type":"","overlay-color":"","overlay-opacity":"","overlay-gradient":""},"tablet":{"background-color":"","background-image":"","background-repeat":"repeat","background-position":"center center","background-size":"auto","background-attachment":"scroll","background-type":"","background-media":"","overlay-type":"","overlay-color":"","overlay-opacity":"","overlay-gradient":""},"mobile":{"background-color":"","background-image":"","background-repeat":"repeat","background-position":"center center","background-size":"auto","background-attachment":"scroll","background-type":"","background-media":"","overlay-type":"","overlay-color":"","overlay-opacity":"","overlay-gradient":""}},"ast-content-background-meta":{"desktop":{"background-color":"var(--ast-global-color-5)","background-image":"","background-repeat":"repeat","background-position":"center center","background-size":"auto","background-attachment":"scroll","background-type":"","background-media":"","overlay-type":"","overlay-color":"","overlay-opacity":"","overlay-gradient":""},"tablet":{"background-color":"var(--ast-global-color-5)","background-image":"","background-repeat":"repeat","background-position":"center center","background-size":"auto","background-attachment":"scroll","background-type":"","background-media":"","overlay-type":"","overlay-color":"","overlay-opacity":"","overlay-gradient":""},"mobile":{"background-color":"var(--ast-global-color-5)","background-image":"","background-repeat":"repeat","background-position":"center center","background-size":"auto","background-attachment":"scroll","background-type":"","background-media":"","overlay-type":"","overlay-color":"","overlay-opacity":"","overlay-gradient":""}}},"product_brand":[],"product_cat":[168],"product_tag":[],"woo-feed-brand":[],"class_list":{"0":"post-34519","1":"product","2":"type-product","3":"status-publish","4":"has-post-thumbnail","6":"product_cat-inwertery-hybrydowe-growatt","7":"desktop-align-left","8":"tablet-align-left","9":"mobile-align-left","10":"ast-product-gallery-layout-horizontal-slider","11":"ast-product-gallery-with-no-image","12":"ast-product-tabs-layout-horizontal","14":"first","15":"outofstock","16":"taxable","17":"shipping-taxable","18":"purchasable","19":"product-type-simple"},"yoast_head":"<!-- This site is optimized with the Yoast SEO plugin v23.1 - https:\/\/yoast.com\/wordpress\/plugins\/seo\/ -->\n<title>Growatt WIT 4kW-X-HU<\/title>\n<meta name=\"description\" content=\"Growatt WIT 4kW-X-HU Inwerter hybrydowy wsp\u00f3\u0142pracuj\u0105cy z niskonapi\u0119ciowymi akumulatorami 48V. Atrakcyjna cena za ca\u0142y zestaw falownik + akumulatory.\" \/>\n<meta name=\"robots\" content=\"index, follow, max-snippet:-1, max-image-preview:large, max-video-preview:-1\" \/>\n<link rel=\"canonical\" href=\"https:\/\/pvgroup.pl\/index.php\/produkt\/growatt-wit-4kw-hu\/\" \/>\n<meta property=\"og:locale\" content=\"pl_PL\" \/>\n<meta property=\"og:type\" content=\"article\" \/>\n<meta property=\"og:title\" content=\"Growatt WIT 4kW-X-HU\" \/>\n<meta property=\"og:description\" content=\"Growatt WIT 4kW-X-HU Inwerter hybrydowy wsp\u00f3\u0142pracuj\u0105cy z niskonapi\u0119ciowymi akumulatorami 48V. Atrakcyjna cena za ca\u0142y zestaw falownik + akumulatory.\" \/>\n<meta property=\"og:url\" content=\"https:\/\/pvgroup.pl\/index.php\/produkt\/growatt-wit-4kw-hu\/\" \/>\n<meta property=\"og:site_name\" content=\"PVGroup.pl - Wszystko do fotowoltaiki\" \/>\n<meta property=\"article:publisher\" content=\"https:\/\/www.facebook.com\/pvgrouppl\/\" \/>\n<meta property=\"article:modified_time\" content=\"2026-04-10T09:19:39+00:00\" \/>\n<meta property=\"og:image\" content=\"https:\/\/pvgroup.pl\/wp-content\/uploads\/2025\/02\/Growatt-WIT-8kW-X-HU.png\" \/>\n\t<meta property=\"og:image:width\" content=\"428\" \/>\n\t<meta property=\"og:image:height\" content=\"583\" \/>\n\t<meta property=\"og:image:type\" content=\"image\/png\" \/>\n<meta name=\"twitter:card\" content=\"summary_large_image\" \/>\n<meta name=\"twitter:label1\" content=\"Szacowany czas czytania\" \/>\n\t<meta name=\"twitter:data1\" content=\"4 minuty\" \/>\n<script type=\"application\/ld+json\" class=\"yoast-schema-graph\">{\"@context\":\"https:\/\/schema.org\",\"@graph\":[{\"@type\":\"WebPage\",\"@id\":\"https:\/\/pvgroup.pl\/index.php\/produkt\/growatt-wit-4kw-hu\/\",\"url\":\"https:\/\/pvgroup.pl\/index.php\/produkt\/growatt-wit-4kw-hu\/\",\"name\":\"Growatt WIT 4kW-X-HU\",\"isPartOf\":{\"@id\":\"https:\/\/pvgroup.pl\/#website\"},\"primaryImageOfPage\":{\"@id\":\"https:\/\/pvgroup.pl\/index.php\/produkt\/growatt-wit-4kw-hu\/#primaryimage\"},\"image\":{\"@id\":\"https:\/\/pvgroup.pl\/index.php\/produkt\/growatt-wit-4kw-hu\/#primaryimage\"},\"thumbnailUrl\":\"https:\/\/pvgroup.pl\/wp-content\/uploads\/2025\/02\/Growatt-WIT-8kW-X-HU.png\",\"datePublished\":\"2025-02-06T08:54:06+00:00\",\"dateModified\":\"2026-04-10T09:19:39+00:00\",\"description\":\"Growatt WIT 4kW-X-HU Inwerter hybrydowy wsp\u00f3\u0142pracuj\u0105cy z niskonapi\u0119ciowymi akumulatorami 48V. Atrakcyjna cena za ca\u0142y zestaw falownik + akumulatory.\",\"breadcrumb\":{\"@id\":\"https:\/\/pvgroup.pl\/index.php\/produkt\/growatt-wit-4kw-hu\/#breadcrumb\"},\"inLanguage\":\"pl-PL\",\"potentialAction\":[{\"@type\":\"ReadAction\",\"target\":[\"https:\/\/pvgroup.pl\/index.php\/produkt\/growatt-wit-4kw-hu\/\"]}]},{\"@type\":\"ImageObject\",\"inLanguage\":\"pl-PL\",\"@id\":\"https:\/\/pvgroup.pl\/index.php\/produkt\/growatt-wit-4kw-hu\/#primaryimage\",\"url\":\"https:\/\/pvgroup.pl\/wp-content\/uploads\/2025\/02\/Growatt-WIT-8kW-X-HU.png\",\"contentUrl\":\"https:\/\/pvgroup.pl\/wp-content\/uploads\/2025\/02\/Growatt-WIT-8kW-X-HU.png\",\"width\":428,\"height\":583},{\"@type\":\"BreadcrumbList\",\"@id\":\"https:\/\/pvgroup.pl\/index.php\/produkt\/growatt-wit-4kw-hu\/#breadcrumb\",\"itemListElement\":[{\"@type\":\"ListItem\",\"position\":1,\"name\":\"Strona g\u0142\u00f3wna\",\"item\":\"https:\/\/pvgroup.pl\/\"},{\"@type\":\"ListItem\",\"position\":2,\"name\":\"Sklep\",\"item\":\"https:\/\/pvgroup.pl\/index.php\/sklep\/\"},{\"@type\":\"ListItem\",\"position\":3,\"name\":\"GROWATT WIT 4kW-HU\"}]},{\"@type\":\"WebSite\",\"@id\":\"https:\/\/pvgroup.pl\/#website\",\"url\":\"https:\/\/pvgroup.pl\/\",\"name\":\"PVGroup.pl - Wszystko do fotowoltaiki\",\"description\":\"Zestawy fotowoltaiczne , Panele s\u0142oneczne,  Fotowoltaika. Zestawy fotowoltaiki,  sklep stacjonarny i OnLine\",\"publisher\":{\"@id\":\"https:\/\/pvgroup.pl\/#organization\"},\"potentialAction\":[{\"@type\":\"SearchAction\",\"target\":{\"@type\":\"EntryPoint\",\"urlTemplate\":\"https:\/\/pvgroup.pl\/?s={search_term_string}\"},\"query-input\":\"required name=search_term_string\"}],\"inLanguage\":\"pl-PL\"},{\"@type\":\"Organization\",\"@id\":\"https:\/\/pvgroup.pl\/#organization\",\"name\":\"PVGroup.pl\",\"url\":\"https:\/\/pvgroup.pl\/\",\"logo\":{\"@type\":\"ImageObject\",\"inLanguage\":\"pl-PL\",\"@id\":\"https:\/\/pvgroup.pl\/#\/schema\/logo\/image\/\",\"url\":\"https:\/\/pvgroup.pl\/wp-content\/uploads\/2019\/10\/PVGroup-logotyp_RGB-kolor-01.png\",\"contentUrl\":\"https:\/\/pvgroup.pl\/wp-content\/uploads\/2019\/10\/PVGroup-logotyp_RGB-kolor-01.png\",\"width\":2415,\"height\":1002,\"caption\":\"PVGroup.pl\"},\"image\":{\"@id\":\"https:\/\/pvgroup.pl\/#\/schema\/logo\/image\/\"},\"sameAs\":[\"https:\/\/www.facebook.com\/pvgrouppl\/\"]}]}<\/script>\n<!-- \/ Yoast SEO plugin. -->","yoast_head_json":{"title":"Growatt WIT 4kW-X-HU","description":"Growatt WIT 4kW-X-HU Inwerter hybrydowy wsp\u00f3\u0142pracuj\u0105cy z niskonapi\u0119ciowymi akumulatorami 48V. Atrakcyjna cena za ca\u0142y zestaw falownik + akumulatory.","robots":{"index":"index","follow":"follow","max-snippet":"max-snippet:-1","max-image-preview":"max-image-preview:large","max-video-preview":"max-video-preview:-1"},"canonical":"https:\/\/pvgroup.pl\/index.php\/produkt\/growatt-wit-4kw-hu\/","og_locale":"pl_PL","og_type":"article","og_title":"Growatt WIT 4kW-X-HU","og_description":"Growatt WIT 4kW-X-HU Inwerter hybrydowy wsp\u00f3\u0142pracuj\u0105cy z niskonapi\u0119ciowymi akumulatorami 48V. Atrakcyjna cena za ca\u0142y zestaw falownik + akumulatory.","og_url":"https:\/\/pvgroup.pl\/index.php\/produkt\/growatt-wit-4kw-hu\/","og_site_name":"PVGroup.pl - Wszystko do fotowoltaiki","article_publisher":"https:\/\/www.facebook.com\/pvgrouppl\/","article_modified_time":"2026-04-10T09:19:39+00:00","og_image":[{"width":428,"height":583,"url":"https:\/\/pvgroup.pl\/wp-content\/uploads\/2025\/02\/Growatt-WIT-8kW-X-HU.png","type":"image\/png"}],"twitter_card":"summary_large_image","twitter_misc":{"Szacowany czas czytania":"4 minuty"},"schema":{"@context":"https:\/\/schema.org","@graph":[{"@type":"WebPage","@id":"https:\/\/pvgroup.pl\/index.php\/produkt\/growatt-wit-4kw-hu\/","url":"https:\/\/pvgroup.pl\/index.php\/produkt\/growatt-wit-4kw-hu\/","name":"Growatt WIT 4kW-X-HU","isPartOf":{"@id":"https:\/\/pvgroup.pl\/#website"},"primaryImageOfPage":{"@id":"https:\/\/pvgroup.pl\/index.php\/produkt\/growatt-wit-4kw-hu\/#primaryimage"},"image":{"@id":"https:\/\/pvgroup.pl\/index.php\/produkt\/growatt-wit-4kw-hu\/#primaryimage"},"thumbnailUrl":"https:\/\/pvgroup.pl\/wp-content\/uploads\/2025\/02\/Growatt-WIT-8kW-X-HU.png","datePublished":"2025-02-06T08:54:06+00:00","dateModified":"2026-04-10T09:19:39+00:00","description":"Growatt WIT 4kW-X-HU Inwerter hybrydowy wsp\u00f3\u0142pracuj\u0105cy z niskonapi\u0119ciowymi akumulatorami 48V. Atrakcyjna cena za ca\u0142y zestaw falownik + akumulatory.","breadcrumb":{"@id":"https:\/\/pvgroup.pl\/index.php\/produkt\/growatt-wit-4kw-hu\/#breadcrumb"},"inLanguage":"pl-PL","potentialAction":[{"@type":"ReadAction","target":["https:\/\/pvgroup.pl\/index.php\/produkt\/growatt-wit-4kw-hu\/"]}]},{"@type":"ImageObject","inLanguage":"pl-PL","@id":"https:\/\/pvgroup.pl\/index.php\/produkt\/growatt-wit-4kw-hu\/#primaryimage","url":"https:\/\/pvgroup.pl\/wp-content\/uploads\/2025\/02\/Growatt-WIT-8kW-X-HU.png","contentUrl":"https:\/\/pvgroup.pl\/wp-content\/uploads\/2025\/02\/Growatt-WIT-8kW-X-HU.png","width":428,"height":583},{"@type":"BreadcrumbList","@id":"https:\/\/pvgroup.pl\/index.php\/produkt\/growatt-wit-4kw-hu\/#breadcrumb","itemListElement":[{"@type":"ListItem","position":1,"name":"Strona g\u0142\u00f3wna","item":"https:\/\/pvgroup.pl\/"},{"@type":"ListItem","position":2,"name":"Sklep","item":"https:\/\/pvgroup.pl\/index.php\/sklep\/"},{"@type":"ListItem","position":3,"name":"GROWATT WIT 4kW-HU"}]},{"@type":"WebSite","@id":"https:\/\/pvgroup.pl\/#website","url":"https:\/\/pvgroup.pl\/","name":"PVGroup.pl - Wszystko do fotowoltaiki","description":"Zestawy fotowoltaiczne , Panele s\u0142oneczne,  Fotowoltaika. Zestawy fotowoltaiki,  sklep stacjonarny i OnLine","publisher":{"@id":"https:\/\/pvgroup.pl\/#organization"},"potentialAction":[{"@type":"SearchAction","target":{"@type":"EntryPoint","urlTemplate":"https:\/\/pvgroup.pl\/?s={search_term_string}"},"query-input":"required name=search_term_string"}],"inLanguage":"pl-PL"},{"@type":"Organization","@id":"https:\/\/pvgroup.pl\/#organization","name":"PVGroup.pl","url":"https:\/\/pvgroup.pl\/","logo":{"@type":"ImageObject","inLanguage":"pl-PL","@id":"https:\/\/pvgroup.pl\/#\/schema\/logo\/image\/","url":"https:\/\/pvgroup.pl\/wp-content\/uploads\/2019\/10\/PVGroup-logotyp_RGB-kolor-01.png","contentUrl":"https:\/\/pvgroup.pl\/wp-content\/uploads\/2019\/10\/PVGroup-logotyp_RGB-kolor-01.png","width":2415,"height":1002,"caption":"PVGroup.pl"},"image":{"@id":"https:\/\/pvgroup.pl\/#\/schema\/logo\/image\/"},"sameAs":["https:\/\/www.facebook.com\/pvgrouppl\/"]}]}},"_links":{"self":[{"href":"https:\/\/pvgroup.pl\/index.php\/wp-json\/wp\/v2\/product\/34519","targetHints":{"allow":["GET"]}}],"collection":[{"href":"https:\/\/pvgroup.pl\/index.php\/wp-json\/wp\/v2\/product"}],"about":[{"href":"https:\/\/pvgroup.pl\/index.php\/wp-json\/wp\/v2\/types\/product"}],"wp:featuredmedia":[{"embeddable":true,"href":"https:\/\/pvgroup.pl\/index.php\/wp-json\/wp\/v2\/media\/34526"}],"wp:attachment":[{"href":"https:\/\/pvgroup.pl\/index.php\/wp-json\/wp\/v2\/media?parent=34519"}],"wp:term":[{"taxonomy":"product_brand","embeddable":true,"href":"https:\/\/pvgroup.pl\/index.php\/wp-json\/wp\/v2\/product_brand?post=34519"},{"taxonomy":"product_cat","embeddable":true,"href":"https:\/\/pvgroup.pl\/index.php\/wp-json\/wp\/v2\/product_cat?post=34519"},{"taxonomy":"product_tag","embeddable":true,"href":"https:\/\/pvgroup.pl\/index.php\/wp-json\/wp\/v2\/product_tag?post=34519"},{"taxonomy":"woo-feed-brand","embeddable":true,"href":"https:\/\/pvgroup.pl\/index.php\/wp-json\/wp\/v2\/woo-feed-brand?post=34519"}],"curies":[{"name":"wp","href":"https:\/\/api.w.org\/{rel}","templated":true}]}}