{"id":612,"date":"2019-10-22T09:47:42","date_gmt":"2019-10-22T07:47:42","guid":{"rendered":"https:\/\/pvgroup.pl\/index.php\/produkt\/praska-zaciskarka-krepownica-do-zlacz-solarnych-mc4\/"},"modified":"2026-04-02T14:46:24","modified_gmt":"2026-04-02T12:46:24","slug":"praska-zaciskarka-krepownica-do-zlacz-solarnych-mc4","status":"publish","type":"product","link":"https:\/\/pvgroup.pl\/index.php\/produkt\/praska-zaciskarka-krepownica-do-zlacz-solarnych-mc4\/","title":{"rendered":"Praska, zaciskarka, kr\u0119pownica do z\u0142\u0105cz solarnych MC4"},"content":{"rendered":"<h1 style=\"text-align: center\"><b>Praska, Kr\u0119pownica, Zaciskarka do wtyk\u00f3w solarnych MC4<\/b><\/h1>\n<p>&nbsp;<\/p>\n<p>Praska do wtyk\u00f3w solarnych MC4 to narz\u0119dzie, kt\u00f3re pozwala na szybki i \u0142atwy monta\u017c oraz konserwacj\u0119 system\u00f3w fotowoltaicznych. Wtyki MC4 s\u0105 standardowymi wtykami stosowanymi w systemach fotowoltaicznych, s\u0142u\u017c\u0105 do \u0142\u0105czenia paneli fotowoltaicznych z innymi elementami systemu, takimi jak inwerter czy falownik.<\/p>\n<p>Zaciskarka ta jest wykonana z wysokiej jako\u015bci materia\u0142\u00f3w, co zapewnia jej trwa\u0142o\u015b\u0107 i odporno\u015b\u0107 na uszkodzenia. Posiada precyzyjn\u0105 regulacj\u0119 si\u0142y zacisku, co pozwala na dostosowanie jej do r\u00f3\u017cnych rodzaj\u00f3w wtyk\u00f3w i po\u0142\u0105cze\u0144, jak r\u00f3wnie\u017c ergonomiczny uchwyt, kt\u00f3ry zapewnia wygod\u0119 i komfort pracy.<\/p>\n<p>U\u017cycie zaciskarki MC4 pozwala na zwi\u0119kszenie bezpiecze\u0144stwa systemu oraz zapewnienie trwa\u0142o\u015bci po\u0142\u0105cze\u0144, co jest niezb\u0119dne dla prawid\u0142owego funkcjonowanie systemu fotowoltaicznego. Jest to narz\u0119dzie, kt\u00f3re powinno znale\u017a\u0107 si\u0119 w wyposa\u017ceniu ka\u017cdego, kto pracuje z systemami fotowoltaicznymi i chce zapewni\u0107 najwy\u017csz\u0105 jako\u015b\u0107 swoich prac.<\/p>\n<p>&nbsp;<\/p>\n<h3 style=\"text-align: left\"><b>Najwa\u017cniejsze cechy:<\/b><\/h3>\n<p>&#8211; zaciskarka profesjonalna wyposa\u017cona w pozycjoner pinu z\u0142\u0105cza<br \/>\n&#8211; ergonomiczne r\u0119koje\u015bci<br \/>\n&#8211; wsp\u00f3\u0142osiowy przesuw ruchomej matrycy zaciskaj\u0105cej zwi\u0119ksza jako\u015b\u0107 docisku<br \/>\n&#8211; do zaciskania zestyk\u00f3w z\u0142\u0105czy solarnych typu MC4<br \/>\n&#8211; przeznaczenie: kable solarne wielodrutowe miedziane<br \/>\n&#8211; 3 gniazda do zaciskania kabli o przekrojach 2,5 \/ 4 \/ 6 mm2<\/p>\n","protected":false},"excerpt":{"rendered":"<p>Zaciskarka do wtyk\u00f3w solarnych MC4 to profesjonalne narz\u0119dzie przeznaczone do monta\u017cu i konserwacji system\u00f3w fotowoltaicznych. S\u0142u\u017cy do zaciskania wtyk\u00f3w solarnych MC4, kt\u00f3re s\u0105 standardowymi wtykami stosowanymi w systemach fotowoltaicznych. Wtyki te s\u0142u\u017c\u0105 do \u0142\u0105czenia paneli fotowoltaicznych z innymi elementami systemu, takimi jak inwerter czy falownik.<\/p>\n","protected":false},"featured_media":613,"template":"","meta":{"site-sidebar-layout":"default","site-content-layout":"default","ast-site-content-layout":"default","site-content-style":"default","site-sidebar-style":"default","ast-global-header-display":"","ast-banner-title-visibility":"","ast-main-header-display":"","ast-hfb-above-header-display":"","ast-hfb-below-header-display":"","ast-hfb-mobile-header-display":"","site-post-title":"","ast-breadcrumbs-content":"","ast-featured-img":"","footer-sml-layout":"","ast-disable-related-posts":"","theme-transparent-header-meta":"default","adv-header-id-meta":"","stick-header-meta":"default","header-above-stick-meta":"","header-main-stick-meta":"","header-below-stick-meta":"","astra-migrate-meta-layouts":"set","ast-page-background-enabled":"default","ast-page-background-meta":{"desktop":{"background-color":"","background-image":"","background-repeat":"repeat","background-position":"center center","background-size":"auto","background-attachment":"scroll","background-type":"","background-media":"","overlay-type":"","overlay-color":"","overlay-opacity":"","overlay-gradient":""},"tablet":{"background-color":"","background-image":"","background-repeat":"repeat","background-position":"center center","background-size":"auto","background-attachment":"scroll","background-type":"","background-media":"","overlay-type":"","overlay-color":"","overlay-opacity":"","overlay-gradient":""},"mobile":{"background-color":"","background-image":"","background-repeat":"repeat","background-position":"center center","background-size":"auto","background-attachment":"scroll","background-type":"","background-media":"","overlay-type":"","overlay-color":"","overlay-opacity":"","overlay-gradient":""}},"ast-content-background-meta":{"desktop":{"background-color":"var(--ast-global-color-5)","background-image":"","background-repeat":"repeat","background-position":"center center","background-size":"auto","background-attachment":"scroll","background-type":"","background-media":"","overlay-type":"","overlay-color":"","overlay-opacity":"","overlay-gradient":""},"tablet":{"background-color":"var(--ast-global-color-5)","background-image":"","background-repeat":"repeat","background-position":"center center","background-size":"auto","background-attachment":"scroll","background-type":"","background-media":"","overlay-type":"","overlay-color":"","overlay-opacity":"","overlay-gradient":""},"mobile":{"background-color":"var(--ast-global-color-5)","background-image":"","background-repeat":"repeat","background-position":"center center","background-size":"auto","background-attachment":"scroll","background-type":"","background-media":"","overlay-type":"","overlay-color":"","overlay-opacity":"","overlay-gradient":""}}},"product_brand":[],"product_cat":[15],"product_tag":[155,98,97,156],"woo-feed-brand":[],"class_list":{"0":"post-612","1":"product","2":"type-product","3":"status-publish","4":"has-post-thumbnail","6":"product_cat-bez-kategorii","7":"product_tag-koncowki","8":"product_tag-materialy-elektryczne-gt","9":"product_tag-sprzet-gt","10":"product_tag-zaciski-i-zlaczki","11":"desktop-align-left","12":"tablet-align-left","13":"mobile-align-left","14":"ast-product-gallery-layout-horizontal-slider","15":"ast-product-gallery-with-no-image","16":"ast-product-tabs-layout-horizontal","18":"first","19":"outofstock","20":"taxable","21":"shipping-taxable","22":"purchasable","23":"product-type-simple"},"yoast_head":"<!-- This site is optimized with the Yoast SEO plugin v23.1 - https:\/\/yoast.com\/wordpress\/plugins\/seo\/ -->\n<title>Zaciskarka do wtyk\u00f3w solarnych MC4 - PVGroup.pl<\/title>\n<meta name=\"description\" content=\"Zaciskarka do wtyk\u00f3w solarnych MC4 s\u0142u\u017cy do zaciskania wtyk\u00f3w solarnych MC4, kt\u00f3re s\u0105 standardowymi wtykami stosowanymi w systemach fotowoltaicznych.\" \/>\n<meta name=\"robots\" content=\"index, follow, max-snippet:-1, max-image-preview:large, max-video-preview:-1\" \/>\n<link rel=\"canonical\" href=\"https:\/\/pvgroup.pl\/index.php\/produkt\/praska-zaciskarka-krepownica-do-zlacz-solarnych-mc4\/\" \/>\n<meta property=\"og:locale\" content=\"pl_PL\" \/>\n<meta property=\"og:type\" content=\"article\" \/>\n<meta property=\"og:title\" content=\"Zaciskarka do wtyk\u00f3w solarnych MC4 - PVGroup.pl\" \/>\n<meta property=\"og:description\" content=\"Zaciskarka do wtyk\u00f3w solarnych MC4 s\u0142u\u017cy do zaciskania wtyk\u00f3w solarnych MC4, kt\u00f3re s\u0105 standardowymi wtykami stosowanymi w systemach fotowoltaicznych.\" \/>\n<meta property=\"og:url\" content=\"https:\/\/pvgroup.pl\/index.php\/produkt\/praska-zaciskarka-krepownica-do-zlacz-solarnych-mc4\/\" \/>\n<meta property=\"og:site_name\" content=\"PVGroup.pl - Wszystko do fotowoltaiki\" \/>\n<meta property=\"article:publisher\" content=\"https:\/\/www.facebook.com\/pvgrouppl\/\" \/>\n<meta property=\"article:modified_time\" content=\"2026-04-02T12:46:24+00:00\" \/>\n<meta property=\"og:image\" content=\"https:\/\/pvgroup.pl\/wp-content\/uploads\/2019\/10\/zaciskarka_LY2546B.jpg\" \/>\n\t<meta property=\"og:image:width\" content=\"600\" \/>\n\t<meta property=\"og:image:height\" content=\"600\" \/>\n\t<meta property=\"og:image:type\" content=\"image\/jpeg\" \/>\n<meta name=\"twitter:card\" content=\"summary_large_image\" \/>\n<meta name=\"twitter:label1\" content=\"Szacowany czas czytania\" \/>\n\t<meta name=\"twitter:data1\" content=\"2 minuty\" \/>\n<script type=\"application\/ld+json\" class=\"yoast-schema-graph\">{\"@context\":\"https:\/\/schema.org\",\"@graph\":[{\"@type\":\"WebPage\",\"@id\":\"https:\/\/pvgroup.pl\/index.php\/produkt\/praska-zaciskarka-krepownica-do-zlacz-solarnych-mc4\/\",\"url\":\"https:\/\/pvgroup.pl\/index.php\/produkt\/praska-zaciskarka-krepownica-do-zlacz-solarnych-mc4\/\",\"name\":\"Zaciskarka do wtyk\u00f3w solarnych MC4 - PVGroup.pl\",\"isPartOf\":{\"@id\":\"https:\/\/pvgroup.pl\/#website\"},\"primaryImageOfPage\":{\"@id\":\"https:\/\/pvgroup.pl\/index.php\/produkt\/praska-zaciskarka-krepownica-do-zlacz-solarnych-mc4\/#primaryimage\"},\"image\":{\"@id\":\"https:\/\/pvgroup.pl\/index.php\/produkt\/praska-zaciskarka-krepownica-do-zlacz-solarnych-mc4\/#primaryimage\"},\"thumbnailUrl\":\"https:\/\/pvgroup.pl\/wp-content\/uploads\/2019\/10\/zaciskarka_LY2546B.jpg\",\"datePublished\":\"2019-10-22T07:47:42+00:00\",\"dateModified\":\"2026-04-02T12:46:24+00:00\",\"description\":\"Zaciskarka do wtyk\u00f3w solarnych MC4 s\u0142u\u017cy do zaciskania wtyk\u00f3w solarnych MC4, kt\u00f3re s\u0105 standardowymi wtykami stosowanymi w systemach fotowoltaicznych.\",\"breadcrumb\":{\"@id\":\"https:\/\/pvgroup.pl\/index.php\/produkt\/praska-zaciskarka-krepownica-do-zlacz-solarnych-mc4\/#breadcrumb\"},\"inLanguage\":\"pl-PL\",\"potentialAction\":[{\"@type\":\"ReadAction\",\"target\":[\"https:\/\/pvgroup.pl\/index.php\/produkt\/praska-zaciskarka-krepownica-do-zlacz-solarnych-mc4\/\"]}]},{\"@type\":\"ImageObject\",\"inLanguage\":\"pl-PL\",\"@id\":\"https:\/\/pvgroup.pl\/index.php\/produkt\/praska-zaciskarka-krepownica-do-zlacz-solarnych-mc4\/#primaryimage\",\"url\":\"https:\/\/pvgroup.pl\/wp-content\/uploads\/2019\/10\/zaciskarka_LY2546B.jpg\",\"contentUrl\":\"https:\/\/pvgroup.pl\/wp-content\/uploads\/2019\/10\/zaciskarka_LY2546B.jpg\",\"width\":600,\"height\":600},{\"@type\":\"BreadcrumbList\",\"@id\":\"https:\/\/pvgroup.pl\/index.php\/produkt\/praska-zaciskarka-krepownica-do-zlacz-solarnych-mc4\/#breadcrumb\",\"itemListElement\":[{\"@type\":\"ListItem\",\"position\":1,\"name\":\"Strona g\u0142\u00f3wna\",\"item\":\"https:\/\/pvgroup.pl\/\"},{\"@type\":\"ListItem\",\"position\":2,\"name\":\"Sklep\",\"item\":\"https:\/\/pvgroup.pl\/index.php\/sklep\/\"},{\"@type\":\"ListItem\",\"position\":3,\"name\":\"Praska, zaciskarka, kr\u0119pownica do z\u0142\u0105cz solarnych MC4\"}]},{\"@type\":\"WebSite\",\"@id\":\"https:\/\/pvgroup.pl\/#website\",\"url\":\"https:\/\/pvgroup.pl\/\",\"name\":\"PVGroup.pl - Wszystko do fotowoltaiki\",\"description\":\"Zestawy fotowoltaiczne , Panele s\u0142oneczne,  Fotowoltaika. Zestawy fotowoltaiki,  sklep stacjonarny i OnLine\",\"publisher\":{\"@id\":\"https:\/\/pvgroup.pl\/#organization\"},\"potentialAction\":[{\"@type\":\"SearchAction\",\"target\":{\"@type\":\"EntryPoint\",\"urlTemplate\":\"https:\/\/pvgroup.pl\/?s={search_term_string}\"},\"query-input\":\"required name=search_term_string\"}],\"inLanguage\":\"pl-PL\"},{\"@type\":\"Organization\",\"@id\":\"https:\/\/pvgroup.pl\/#organization\",\"name\":\"PVGroup.pl\",\"url\":\"https:\/\/pvgroup.pl\/\",\"logo\":{\"@type\":\"ImageObject\",\"inLanguage\":\"pl-PL\",\"@id\":\"https:\/\/pvgroup.pl\/#\/schema\/logo\/image\/\",\"url\":\"https:\/\/pvgroup.pl\/wp-content\/uploads\/2019\/10\/PVGroup-logotyp_RGB-kolor-01.png\",\"contentUrl\":\"https:\/\/pvgroup.pl\/wp-content\/uploads\/2019\/10\/PVGroup-logotyp_RGB-kolor-01.png\",\"width\":2415,\"height\":1002,\"caption\":\"PVGroup.pl\"},\"image\":{\"@id\":\"https:\/\/pvgroup.pl\/#\/schema\/logo\/image\/\"},\"sameAs\":[\"https:\/\/www.facebook.com\/pvgrouppl\/\"]}]}<\/script>\n<!-- \/ Yoast SEO plugin. -->","yoast_head_json":{"title":"Zaciskarka do wtyk\u00f3w solarnych MC4 - PVGroup.pl","description":"Zaciskarka do wtyk\u00f3w solarnych MC4 s\u0142u\u017cy do zaciskania wtyk\u00f3w solarnych MC4, kt\u00f3re s\u0105 standardowymi wtykami stosowanymi w systemach fotowoltaicznych.","robots":{"index":"index","follow":"follow","max-snippet":"max-snippet:-1","max-image-preview":"max-image-preview:large","max-video-preview":"max-video-preview:-1"},"canonical":"https:\/\/pvgroup.pl\/index.php\/produkt\/praska-zaciskarka-krepownica-do-zlacz-solarnych-mc4\/","og_locale":"pl_PL","og_type":"article","og_title":"Zaciskarka do wtyk\u00f3w solarnych MC4 - PVGroup.pl","og_description":"Zaciskarka do wtyk\u00f3w solarnych MC4 s\u0142u\u017cy do zaciskania wtyk\u00f3w solarnych MC4, kt\u00f3re s\u0105 standardowymi wtykami stosowanymi w systemach fotowoltaicznych.","og_url":"https:\/\/pvgroup.pl\/index.php\/produkt\/praska-zaciskarka-krepownica-do-zlacz-solarnych-mc4\/","og_site_name":"PVGroup.pl - Wszystko do fotowoltaiki","article_publisher":"https:\/\/www.facebook.com\/pvgrouppl\/","article_modified_time":"2026-04-02T12:46:24+00:00","og_image":[{"width":600,"height":600,"url":"https:\/\/pvgroup.pl\/wp-content\/uploads\/2019\/10\/zaciskarka_LY2546B.jpg","type":"image\/jpeg"}],"twitter_card":"summary_large_image","twitter_misc":{"Szacowany czas czytania":"2 minuty"},"schema":{"@context":"https:\/\/schema.org","@graph":[{"@type":"WebPage","@id":"https:\/\/pvgroup.pl\/index.php\/produkt\/praska-zaciskarka-krepownica-do-zlacz-solarnych-mc4\/","url":"https:\/\/pvgroup.pl\/index.php\/produkt\/praska-zaciskarka-krepownica-do-zlacz-solarnych-mc4\/","name":"Zaciskarka do wtyk\u00f3w solarnych MC4 - PVGroup.pl","isPartOf":{"@id":"https:\/\/pvgroup.pl\/#website"},"primaryImageOfPage":{"@id":"https:\/\/pvgroup.pl\/index.php\/produkt\/praska-zaciskarka-krepownica-do-zlacz-solarnych-mc4\/#primaryimage"},"image":{"@id":"https:\/\/pvgroup.pl\/index.php\/produkt\/praska-zaciskarka-krepownica-do-zlacz-solarnych-mc4\/#primaryimage"},"thumbnailUrl":"https:\/\/pvgroup.pl\/wp-content\/uploads\/2019\/10\/zaciskarka_LY2546B.jpg","datePublished":"2019-10-22T07:47:42+00:00","dateModified":"2026-04-02T12:46:24+00:00","description":"Zaciskarka do wtyk\u00f3w solarnych MC4 s\u0142u\u017cy do zaciskania wtyk\u00f3w solarnych MC4, kt\u00f3re s\u0105 standardowymi wtykami stosowanymi w systemach fotowoltaicznych.","breadcrumb":{"@id":"https:\/\/pvgroup.pl\/index.php\/produkt\/praska-zaciskarka-krepownica-do-zlacz-solarnych-mc4\/#breadcrumb"},"inLanguage":"pl-PL","potentialAction":[{"@type":"ReadAction","target":["https:\/\/pvgroup.pl\/index.php\/produkt\/praska-zaciskarka-krepownica-do-zlacz-solarnych-mc4\/"]}]},{"@type":"ImageObject","inLanguage":"pl-PL","@id":"https:\/\/pvgroup.pl\/index.php\/produkt\/praska-zaciskarka-krepownica-do-zlacz-solarnych-mc4\/#primaryimage","url":"https:\/\/pvgroup.pl\/wp-content\/uploads\/2019\/10\/zaciskarka_LY2546B.jpg","contentUrl":"https:\/\/pvgroup.pl\/wp-content\/uploads\/2019\/10\/zaciskarka_LY2546B.jpg","width":600,"height":600},{"@type":"BreadcrumbList","@id":"https:\/\/pvgroup.pl\/index.php\/produkt\/praska-zaciskarka-krepownica-do-zlacz-solarnych-mc4\/#breadcrumb","itemListElement":[{"@type":"ListItem","position":1,"name":"Strona g\u0142\u00f3wna","item":"https:\/\/pvgroup.pl\/"},{"@type":"ListItem","position":2,"name":"Sklep","item":"https:\/\/pvgroup.pl\/index.php\/sklep\/"},{"@type":"ListItem","position":3,"name":"Praska, zaciskarka, kr\u0119pownica do z\u0142\u0105cz solarnych MC4"}]},{"@type":"WebSite","@id":"https:\/\/pvgroup.pl\/#website","url":"https:\/\/pvgroup.pl\/","name":"PVGroup.pl - Wszystko do fotowoltaiki","description":"Zestawy fotowoltaiczne , Panele s\u0142oneczne,  Fotowoltaika. Zestawy fotowoltaiki,  sklep stacjonarny i OnLine","publisher":{"@id":"https:\/\/pvgroup.pl\/#organization"},"potentialAction":[{"@type":"SearchAction","target":{"@type":"EntryPoint","urlTemplate":"https:\/\/pvgroup.pl\/?s={search_term_string}"},"query-input":"required name=search_term_string"}],"inLanguage":"pl-PL"},{"@type":"Organization","@id":"https:\/\/pvgroup.pl\/#organization","name":"PVGroup.pl","url":"https:\/\/pvgroup.pl\/","logo":{"@type":"ImageObject","inLanguage":"pl-PL","@id":"https:\/\/pvgroup.pl\/#\/schema\/logo\/image\/","url":"https:\/\/pvgroup.pl\/wp-content\/uploads\/2019\/10\/PVGroup-logotyp_RGB-kolor-01.png","contentUrl":"https:\/\/pvgroup.pl\/wp-content\/uploads\/2019\/10\/PVGroup-logotyp_RGB-kolor-01.png","width":2415,"height":1002,"caption":"PVGroup.pl"},"image":{"@id":"https:\/\/pvgroup.pl\/#\/schema\/logo\/image\/"},"sameAs":["https:\/\/www.facebook.com\/pvgrouppl\/"]}]}},"_links":{"self":[{"href":"https:\/\/pvgroup.pl\/index.php\/wp-json\/wp\/v2\/product\/612","targetHints":{"allow":["GET"]}}],"collection":[{"href":"https:\/\/pvgroup.pl\/index.php\/wp-json\/wp\/v2\/product"}],"about":[{"href":"https:\/\/pvgroup.pl\/index.php\/wp-json\/wp\/v2\/types\/product"}],"wp:featuredmedia":[{"embeddable":true,"href":"https:\/\/pvgroup.pl\/index.php\/wp-json\/wp\/v2\/media\/613"}],"wp:attachment":[{"href":"https:\/\/pvgroup.pl\/index.php\/wp-json\/wp\/v2\/media?parent=612"}],"wp:term":[{"taxonomy":"product_brand","embeddable":true,"href":"https:\/\/pvgroup.pl\/index.php\/wp-json\/wp\/v2\/product_brand?post=612"},{"taxonomy":"product_cat","embeddable":true,"href":"https:\/\/pvgroup.pl\/index.php\/wp-json\/wp\/v2\/product_cat?post=612"},{"taxonomy":"product_tag","embeddable":true,"href":"https:\/\/pvgroup.pl\/index.php\/wp-json\/wp\/v2\/product_tag?post=612"},{"taxonomy":"woo-feed-brand","embeddable":true,"href":"https:\/\/pvgroup.pl\/index.php\/wp-json\/wp\/v2\/woo-feed-brand?post=612"}],"curies":[{"name":"wp","href":"https:\/\/api.w.org\/{rel}","templated":true}]}}